{"id":9974,"date":"2023-05-29T04:54:47","date_gmt":"2023-05-29T04:54:47","guid":{"rendered":"https:\/\/pumagolf.dscgolf.com\/?post_type=product&#038;p=9974"},"modified":"2023-05-29T04:57:22","modified_gmt":"2023-05-29T04:57:22","slug":"essential-lowcut-3-pairs","status":"publish","type":"product","link":"https:\/\/pumagolf.dscgolf.com\/index.php\/product\/essential-lowcut-3-pairs\/","title":{"rendered":"T\u1ea5t C\u1ed5 Th\u1ea5p Essential G\u00f3i 3 \u0110\u00f4i"},"content":{"rendered":"\t\t<div data-elementor-type=\"wp-post\" data-elementor-id=\"9974\" class=\"elementor elementor-9974\">\n\t\t\t\t\t\t<section class=\"ob-is-breaking-bad elementor-section elementor-top-section elementor-element elementor-element-6f9bde5 elementor-section-boxed elementor-section-height-default elementor-section-height-default\" data-id=\"6f9bde5\" data-element_type=\"section\" data-settings=\"{&quot;_ob_bbad_use_it&quot;:&quot;yes&quot;,&quot;_ob_bbad_sssic_use&quot;:&quot;no&quot;,&quot;_ob_glider_is_slider&quot;:&quot;no&quot;}\">\n\t\t\t\t\t\t<div class=\"elementor-container elementor-column-gap-default\">\n\t\t\t\t\t<div class=\"elementor-column elementor-col-100 elementor-top-column elementor-element elementor-element-19ede83\" data-id=\"19ede83\" data-element_type=\"column\" data-settings=\"{&quot;_ob_bbad_is_stalker&quot;:&quot;no&quot;,&quot;_ob_teleporter_use&quot;:false,&quot;_ob_column_hoveranimator&quot;:&quot;no&quot;,&quot;_ob_column_has_pseudo&quot;:&quot;no&quot;}\">\n\t\t\t<div class=\"elementor-widget-wrap elementor-element-populated\">\n\t\t\t\t\t\t<div class=\"elementor-element elementor-element-116ebd6 elementor-widget-divider--view-line ob-has-background-overlay elementor-widget elementor-widget-divider\" data-id=\"116ebd6\" data-element_type=\"widget\" data-settings=\"{&quot;_ob_perspektive_use&quot;:&quot;no&quot;,&quot;_ob_poopart_use&quot;:&quot;yes&quot;,&quot;_ob_shadough_use&quot;:&quot;no&quot;,&quot;_ob_allow_hoveranimator&quot;:&quot;no&quot;,&quot;_ob_widget_stalker_use&quot;:&quot;no&quot;}\" data-widget_type=\"divider.default\">\n\t\t\t\t<div class=\"elementor-widget-container\">\n\t\t\t\t\t\t\t<div class=\"elementor-divider\">\n\t\t\t<span class=\"elementor-divider-separator\">\n\t\t\t\t\t\t<\/span>\n\t\t<\/div>\n\t\t\t\t\t\t<\/div>\n\t\t\t\t<\/div>\n\t\t\t\t<div class=\"elementor-element elementor-element-5959d35 ob-harakiri-inherit ob-has-background-overlay elementor-widget elementor-widget-heading\" data-id=\"5959d35\" data-element_type=\"widget\" data-settings=\"{&quot;_ob_use_harakiri&quot;:&quot;yes&quot;,&quot;_ob_harakiri_writing_mode&quot;:&quot;inherit&quot;,&quot;_ob_harakiri_text_clip&quot;:&quot;none&quot;,&quot;_ob_perspektive_use&quot;:&quot;no&quot;,&quot;_ob_poopart_use&quot;:&quot;yes&quot;,&quot;_ob_shadough_use&quot;:&quot;no&quot;,&quot;_ob_allow_hoveranimator&quot;:&quot;no&quot;,&quot;_ob_widget_stalker_use&quot;:&quot;no&quot;}\" data-widget_type=\"heading.default\">\n\t\t\t\t<div class=\"elementor-widget-container\">\n\t\t\t\t\t<h2 class=\"elementor-heading-title elementor-size-default\">TH\u00d4NG S\u1ed0 CHI TI\u1ebeT<\/h2>\t\t\t\t<\/div>\n\t\t\t\t<\/div>\n\t\t\t\t<div class=\"elementor-element elementor-element-7b1d8b5 ob-harakiri-inherit ob-has-background-overlay elementor-widget elementor-widget-text-editor\" data-id=\"7b1d8b5\" data-element_type=\"widget\" data-settings=\"{&quot;_ob_use_harakiri&quot;:&quot;yes&quot;,&quot;_ob_harakiri_writing_mode&quot;:&quot;inherit&quot;,&quot;_ob_postman_use&quot;:&quot;no&quot;,&quot;_ob_perspektive_use&quot;:&quot;no&quot;,&quot;_ob_poopart_use&quot;:&quot;yes&quot;,&quot;_ob_shadough_use&quot;:&quot;no&quot;,&quot;_ob_allow_hoveranimator&quot;:&quot;no&quot;,&quot;_ob_widget_stalker_use&quot;:&quot;no&quot;}\" data-widget_type=\"text-editor.default\">\n\t\t\t\t<div class=\"elementor-widget-container\">\n\t\t\t\t\t\t\t\t\t<ul style=\"margin-bottom: 0px; margin-left: 0px; list-style-type: none; color: #6a6a6a; font-family: Roboto, sans-serif; font-size: 16px; font-style: normal; font-weight: 400;\">\n<li style=\"margin-top: 0rem;\">\n<div data-role=\"content\">\n<div>\n<div>\n<ul>\n<li style=\"box-sizing: inherit; list-style: inherit;\">Ch\u1ea5t li\u1ec7u: 61% Coolmax Polyester 32% Polyester 5% Cotton 2% LYCRA SPANDEX<\/li><li style=\"box-sizing: inherit; list-style: inherit;\">Ki\u1ec3u d\u00e1ng c\u1ed5 th\u1ea5p<\/li><li style=\"box-sizing: inherit; list-style: inherit;\">B\u00e1n theo g\u00f3i 3 \u0111\u00f4i<\/li><li style=\"box-sizing: inherit; list-style: inherit;\">C\u00f4ng ngh\u1ec7 R&amp;L<\/li><li style=\"box-sizing: inherit; list-style: inherit;\">Tho\u00e1ng kh\u00ed mu b\u00e0n ch\u00e2n<\/li><li style=\"box-sizing: inherit; list-style: inherit;\">\u0110\u1ec7m h\u1ed7 tr\u1ee3 g\u00f3t v\u00e0 ng\u00f3n ch\u00e2n<\/li><li style=\"box-sizing: inherit; list-style: inherit;\">C\u00f4ng ngh\u1ec7 Cool Max<\/li><li style=\"box-sizing: inherit; list-style: inherit;\">Lycra Spandex<\/li><li style=\"box-sizing: inherit; list-style: inherit;\">Ph\u1ea7n ng\u00f3n ch\u00e2n kh\u00f4ng \u0111\u01b0\u1eddng may<\/li><li style=\"box-sizing: inherit; list-style: inherit;\">Logo b\u00e1o PUMA \u1edf ph\u00eda tr\u00ean<\/li>\n<\/ul>\n<\/div>\n<\/div>\n<\/div>\n<\/li>\n<\/ul>\t\t\t\t\t\t\t\t<\/div>\n\t\t\t\t<\/div>\n\t\t\t\t\t<\/div>\n\t\t<\/div>\n\t\t\t\t\t<\/div>\n\t\t<\/section>\n\t\t\t\t<\/div>\n\t\t","protected":false},"excerpt":{"rendered":"<p>Kh\u00f4ng c\u1ea7n ph\u1ea3i t\u00ecm ki\u1ebfm th\u00eam cho t\u1ee7 t\u1ea5t golf c\u1ee7a b\u1ea1n n\u1eefa. V\u1edbi g\u00f3i 3 \u0111\u00f4i t\u1ea5t Puma Essential c\u1ed5 th\u1ea5p v\u1edbi c\u00f4ng ngh\u1ec7 Cool Max, Lycra v\u00e0 \u0111\u1ec7m h\u1ed7 tr\u1ee3 t\u1ed1i \u0111a, b\u1ea1n s\u1ebd kh\u00f4ng c\u1ea7n m\u1ed9t \u0111\u00f4i t\u1ea5t n\u00e0o kh\u00e1c \u0111\u1ec3 mang l\u00ean s\u00e2n. <\/p>\n","protected":false},"featured_media":9981,"comment_status":"open","ping_status":"closed","template":"","meta":{"_uag_custom_page_level_css":"","site-sidebar-layout":"no-sidebar","site-content-layout":"plain-container","ast-global-header-display":"","ast-main-header-display":"","ast-hfb-above-header-display":"","ast-hfb-below-header-display":"","ast-hfb-mobile-header-display":"","site-post-title":"disabled","ast-breadcrumbs-content":"","ast-featured-img":"disabled","footer-sml-layout":"","theme-transparent-header-meta":"default","adv-header-id-meta":"","stick-header-meta":"","header-above-stick-meta":"","header-main-stick-meta":"","header-below-stick-meta":""},"product_brand":[],"product_cat":[38,386,110],"product_tag":[849,387],"class_list":{"0":"post-9974","1":"product","2":"type-product","3":"status-publish","4":"has-post-thumbnail","6":"product_cat-accessories","7":"product_cat-socks","8":"product_cat-unisex","9":"product_tag-low-cut","10":"product_tag-socks","11":"pa_color-bright-white-pureed-pumpkin-essential-low-cut-3-pairs","12":"pa_color-bright-white-essential-low-cut-3-pairs","13":"pa_color-multi-essential-low-cut-3-pairs","14":"pa_color-puma-black-essential-low-cut-3-pairs","15":"desktop-align-left","16":"tablet-align-left","17":"mobile-align-left","19":"first","20":"instock","21":"shipping-taxable","22":"purchasable","23":"product-type-variable"},"uagb_featured_image_src":{"full":["https:\/\/i0.wp.com\/pumagolf.dscgolf.com\/wp-content\/uploads\/2023\/05\/5a4431e7fb2eff3ed5a0d04953e8b0a499fba8e1_750x.webp?fit=750%2C750&ssl=1",750,750,false],"thumbnail":["https:\/\/i0.wp.com\/pumagolf.dscgolf.com\/wp-content\/uploads\/2023\/05\/5a4431e7fb2eff3ed5a0d04953e8b0a499fba8e1_750x.webp?resize=150%2C150&ssl=1",150,150,true],"medium":["https:\/\/i0.wp.com\/pumagolf.dscgolf.com\/wp-content\/uploads\/2023\/05\/5a4431e7fb2eff3ed5a0d04953e8b0a499fba8e1_750x.webp?fit=300%2C300&ssl=1",300,300,true],"medium_large":["https:\/\/i0.wp.com\/pumagolf.dscgolf.com\/wp-content\/uploads\/2023\/05\/5a4431e7fb2eff3ed5a0d04953e8b0a499fba8e1_750x.webp?fit=750%2C750&ssl=1",750,750,true],"large":["https:\/\/i0.wp.com\/pumagolf.dscgolf.com\/wp-content\/uploads\/2023\/05\/5a4431e7fb2eff3ed5a0d04953e8b0a499fba8e1_750x.webp?fit=750%2C750&ssl=1",750,750,true],"1536x1536":["https:\/\/i0.wp.com\/pumagolf.dscgolf.com\/wp-content\/uploads\/2023\/05\/5a4431e7fb2eff3ed5a0d04953e8b0a499fba8e1_750x.webp?fit=750%2C750&ssl=1",750,750,true],"2048x2048":["https:\/\/i0.wp.com\/pumagolf.dscgolf.com\/wp-content\/uploads\/2023\/05\/5a4431e7fb2eff3ed5a0d04953e8b0a499fba8e1_750x.webp?fit=750%2C750&ssl=1",750,750,true],"woocommerce_thumbnail":["https:\/\/i0.wp.com\/pumagolf.dscgolf.com\/wp-content\/uploads\/2023\/05\/5a4431e7fb2eff3ed5a0d04953e8b0a499fba8e1_750x.webp?resize=300%2C300&ssl=1",300,300,true],"woocommerce_single":["https:\/\/i0.wp.com\/pumagolf.dscgolf.com\/wp-content\/uploads\/2023\/05\/5a4431e7fb2eff3ed5a0d04953e8b0a499fba8e1_750x.webp?fit=600%2C600&ssl=1",600,600,true],"woocommerce_gallery_thumbnail":["https:\/\/i0.wp.com\/pumagolf.dscgolf.com\/wp-content\/uploads\/2023\/05\/5a4431e7fb2eff3ed5a0d04953e8b0a499fba8e1_750x.webp?resize=100%2C100&ssl=1",100,100,true]},"uagb_author_info":{"display_name":"pumagolfvn","author_link":"https:\/\/pumagolf.dscgolf.com\/index.php\/author\/"},"uagb_comment_info":0,"uagb_excerpt":"Kh\u00f4ng c\u1ea7n ph\u1ea3i t\u00ecm ki\u1ebfm th\u00eam cho t\u1ee7 t\u1ea5t golf c\u1ee7a b\u1ea1n n\u1eefa. V\u1edbi g\u00f3i 3 \u0111\u00f4i t\u1ea5t Puma Essential c\u1ed5 th\u1ea5p v\u1edbi c\u00f4ng ngh\u1ec7 Cool Max, Lycra v\u00e0 \u0111\u1ec7m h\u1ed7 tr\u1ee3 t\u1ed1i \u0111a, b\u1ea1n s\u1ebd kh\u00f4ng c\u1ea7n m\u1ed9t \u0111\u00f4i t\u1ea5t n\u00e0o kh\u00e1c \u0111\u1ec3 mang l\u00ean s\u00e2n.","_links":{"self":[{"href":"https:\/\/pumagolf.dscgolf.com\/index.php\/wp-json\/wp\/v2\/product\/9974","targetHints":{"allow":["GET"]}}],"collection":[{"href":"https:\/\/pumagolf.dscgolf.com\/index.php\/wp-json\/wp\/v2\/product"}],"about":[{"href":"https:\/\/pumagolf.dscgolf.com\/index.php\/wp-json\/wp\/v2\/types\/product"}],"replies":[{"embeddable":true,"href":"https:\/\/pumagolf.dscgolf.com\/index.php\/wp-json\/wp\/v2\/comments?post=9974"}],"version-history":[{"count":4,"href":"https:\/\/pumagolf.dscgolf.com\/index.php\/wp-json\/wp\/v2\/product\/9974\/revisions"}],"predecessor-version":[{"id":9989,"href":"https:\/\/pumagolf.dscgolf.com\/index.php\/wp-json\/wp\/v2\/product\/9974\/revisions\/9989"}],"wp:featuredmedia":[{"embeddable":true,"href":"https:\/\/pumagolf.dscgolf.com\/index.php\/wp-json\/wp\/v2\/media\/9981"}],"wp:attachment":[{"href":"https:\/\/pumagolf.dscgolf.com\/index.php\/wp-json\/wp\/v2\/media?parent=9974"}],"wp:term":[{"taxonomy":"product_brand","embeddable":true,"href":"https:\/\/pumagolf.dscgolf.com\/index.php\/wp-json\/wp\/v2\/product_brand?post=9974"},{"taxonomy":"product_cat","embeddable":true,"href":"https:\/\/pumagolf.dscgolf.com\/index.php\/wp-json\/wp\/v2\/product_cat?post=9974"},{"taxonomy":"product_tag","embeddable":true,"href":"https:\/\/pumagolf.dscgolf.com\/index.php\/wp-json\/wp\/v2\/product_tag?post=9974"}],"curies":[{"name":"wp","href":"https:\/\/api.w.org\/{rel}","templated":true}]}}