{"id":9573,"date":"2023-05-23T09:49:39","date_gmt":"2023-05-23T09:49:39","guid":{"rendered":"https:\/\/pumagolf.dscgolf.com\/?post_type=product&#038;p=9573"},"modified":"2024-09-13T08:02:58","modified_gmt":"2024-09-13T08:02:58","slug":"wild-west-trucker-cap","status":"publish","type":"product","link":"https:\/\/pumagolf.dscgolf.com\/index.php\/product\/wild-west-trucker-cap\/","title":{"rendered":"M\u0169 Trucker P Wild West"},"content":{"rendered":"\t\t<div data-elementor-type=\"wp-post\" data-elementor-id=\"9573\" class=\"elementor elementor-9573\">\n\t\t\t\t\t\t<section class=\"ob-is-breaking-bad elementor-section elementor-top-section elementor-element elementor-element-6f9bde5 elementor-section-boxed elementor-section-height-default elementor-section-height-default\" data-id=\"6f9bde5\" data-element_type=\"section\" data-settings=\"{&quot;_ob_bbad_use_it&quot;:&quot;yes&quot;,&quot;_ob_bbad_sssic_use&quot;:&quot;no&quot;,&quot;_ob_glider_is_slider&quot;:&quot;no&quot;}\">\n\t\t\t\t\t\t<div class=\"elementor-container elementor-column-gap-default\">\n\t\t\t\t\t<div class=\"elementor-column elementor-col-100 elementor-top-column elementor-element elementor-element-19ede83\" data-id=\"19ede83\" data-element_type=\"column\" data-settings=\"{&quot;_ob_bbad_is_stalker&quot;:&quot;no&quot;,&quot;_ob_teleporter_use&quot;:false,&quot;_ob_column_hoveranimator&quot;:&quot;no&quot;,&quot;_ob_column_has_pseudo&quot;:&quot;no&quot;}\">\n\t\t\t<div class=\"elementor-widget-wrap elementor-element-populated\">\n\t\t\t\t\t\t<div class=\"elementor-element elementor-element-116ebd6 elementor-widget-divider--view-line ob-has-background-overlay elementor-widget elementor-widget-divider\" data-id=\"116ebd6\" data-element_type=\"widget\" data-settings=\"{&quot;_ob_perspektive_use&quot;:&quot;no&quot;,&quot;_ob_poopart_use&quot;:&quot;yes&quot;,&quot;_ob_shadough_use&quot;:&quot;no&quot;,&quot;_ob_allow_hoveranimator&quot;:&quot;no&quot;,&quot;_ob_widget_stalker_use&quot;:&quot;no&quot;}\" data-widget_type=\"divider.default\">\n\t\t\t\t<div class=\"elementor-widget-container\">\n\t\t\t\t\t\t\t<div class=\"elementor-divider\">\n\t\t\t<span class=\"elementor-divider-separator\">\n\t\t\t\t\t\t<\/span>\n\t\t<\/div>\n\t\t\t\t\t\t<\/div>\n\t\t\t\t<\/div>\n\t\t\t\t<div class=\"elementor-element elementor-element-5959d35 ob-harakiri-inherit ob-has-background-overlay elementor-widget elementor-widget-heading\" data-id=\"5959d35\" data-element_type=\"widget\" data-settings=\"{&quot;_ob_use_harakiri&quot;:&quot;yes&quot;,&quot;_ob_harakiri_writing_mode&quot;:&quot;inherit&quot;,&quot;_ob_harakiri_text_clip&quot;:&quot;none&quot;,&quot;_ob_perspektive_use&quot;:&quot;no&quot;,&quot;_ob_poopart_use&quot;:&quot;yes&quot;,&quot;_ob_shadough_use&quot;:&quot;no&quot;,&quot;_ob_allow_hoveranimator&quot;:&quot;no&quot;,&quot;_ob_widget_stalker_use&quot;:&quot;no&quot;}\" data-widget_type=\"heading.default\">\n\t\t\t\t<div class=\"elementor-widget-container\">\n\t\t\t\t\t<h2 class=\"elementor-heading-title elementor-size-default\">TH\u00d4NG S\u1ed0 CHI TI\u1ebeT<\/h2>\t\t\t\t<\/div>\n\t\t\t\t<\/div>\n\t\t\t\t<div class=\"elementor-element elementor-element-7b1d8b5 ob-harakiri-inherit ob-has-background-overlay elementor-widget elementor-widget-text-editor\" data-id=\"7b1d8b5\" data-element_type=\"widget\" data-settings=\"{&quot;_ob_use_harakiri&quot;:&quot;yes&quot;,&quot;_ob_harakiri_writing_mode&quot;:&quot;inherit&quot;,&quot;_ob_postman_use&quot;:&quot;no&quot;,&quot;_ob_perspektive_use&quot;:&quot;no&quot;,&quot;_ob_poopart_use&quot;:&quot;yes&quot;,&quot;_ob_shadough_use&quot;:&quot;no&quot;,&quot;_ob_allow_hoveranimator&quot;:&quot;no&quot;,&quot;_ob_widget_stalker_use&quot;:&quot;no&quot;}\" data-widget_type=\"text-editor.default\">\n\t\t\t\t<div class=\"elementor-widget-container\">\n\t\t\t\t\t\t\t\t\t<ul style=\"margin-bottom: 0px; margin-left: 0px; list-style-type: none; color: #6a6a6a; font-family: Roboto, sans-serif; font-size: 16px; font-style: normal; font-weight: 400;\">\n<li style=\"margin-top: 0rem;\">\n<div data-role=\"content\">\n<div>\n<div>\n<ul>\n<li style=\"box-sizing: inherit; list-style: inherit;\">Ch\u1ea5t li\u1ec7u m\u00fai tr\u01b0\u1edbc : 95% POLYESTER 5% ELASTINE<\/li>\n<li style=\"box-sizing: inherit; list-style: inherit;\">Ch\u1ea5t li\u1ec7u m\u00fai sau\/ hai b\u00ean: 100% POLYESTER<\/li>\n<li style=\"box-sizing: inherit; list-style: inherit;\">Ch\u1ea5t li\u1ec7u \u0111\u01b0\u1eddng n\u1ed1i tr\u01b0\u1edbc: 100% POLYESTER<\/li>\n<li style=\"box-sizing: inherit; list-style: inherit;\">Ch\u1ea5t li\u1ec7u b\u1ec1 m\u1eb7t l\u01b0\u1ee1i trai ph\u00eda tr\u00ean: 95% POLYESTER 5% ELASTINE<\/li>\n<li style=\"box-sizing: inherit; font-size: 16px; list-style: inherit;\">Ch\u1ea5t li\u1ec7u b\u1ec1 m\u1eb7t l\u01b0\u1ee1i trai ph\u00eda d\u01b0\u1edbi: 100% POLYESTER<\/li>\n<\/ul>\n<\/div>\n<\/div>\n<\/div>\n<\/li>\n<\/ul>\t\t\t\t\t\t\t\t<\/div>\n\t\t\t\t<\/div>\n\t\t\t\t\t<\/div>\n\t\t<\/div>\n\t\t\t\t\t<\/div>\n\t\t<\/section>\n\t\t\t\t<\/div>\n\t\t","protected":false},"excerpt":{"rendered":"<p>M\u0169 PUMA Trucker P Wild West c\u00f3 h\u1ecda ti\u1ebft tr\u1ea3i kh\u1eafp \u0111\u01b0\u1ee3c l\u1ea5y c\u1ea3m h\u1ee9ng t\u1eeb sa m\u1ea1c \u1edf Scottsdale, Arizona. Kh\u00f3a snapback t\u00f9y ch\u1ec9nh cho ph\u00e9p m\u0169 v\u1eeba kh\u00edt v\u1edbi b\u1ea1n v\u00e0 \u0111\u01b0\u1ee3c ho\u00e0n thi\u1ec7n b\u1edfi m\u1eb7t sau ki\u1ec3u trucker v\u1edbi ch\u1ea5t li\u1ec7u l\u01b0\u1edbi, cho ph\u00e9p b\u1ea1n tho\u00e1ng m\u00e1t v\u00e0 tho\u1ea3i m\u00e1i.<\/p>\n","protected":false},"featured_media":9576,"comment_status":"open","ping_status":"closed","template":"","meta":{"_uag_custom_page_level_css":"","site-sidebar-layout":"no-sidebar","site-content-layout":"plain-container","ast-global-header-display":"","ast-main-header-display":"","ast-hfb-above-header-display":"","ast-hfb-below-header-display":"","ast-hfb-mobile-header-display":"","site-post-title":"disabled","ast-breadcrumbs-content":"","ast-featured-img":"disabled","footer-sml-layout":"","theme-transparent-header-meta":"default","adv-header-id-meta":"","stick-header-meta":"","header-above-stick-meta":"","header-main-stick-meta":"","header-below-stick-meta":""},"product_brand":[],"product_cat":[38,327,49],"product_tag":[328,537],"class_list":{"0":"post-9573","1":"product","2":"type-product","3":"status-publish","4":"has-post-thumbnail","6":"product_cat-accessories","7":"product_cat-caps","8":"product_cat-men","9":"product_tag-caps","10":"product_tag-wild-west","11":"pa_color-puma-black-dusty-green","12":"desktop-align-left","13":"tablet-align-left","14":"mobile-align-left","16":"first","17":"outofstock","18":"shipping-taxable","19":"purchasable","20":"product-type-variable","21":"has-default-attributes"},"uagb_featured_image_src":{"full":["https:\/\/i0.wp.com\/pumagolf.dscgolf.com\/wp-content\/uploads\/2023\/05\/PUM-024456_pum-024456-01_image_front.jpg?fit=1024%2C1024&ssl=1",1024,1024,false],"thumbnail":["https:\/\/i0.wp.com\/pumagolf.dscgolf.com\/wp-content\/uploads\/2023\/05\/PUM-024456_pum-024456-01_image_front.jpg?resize=150%2C150&ssl=1",150,150,true],"medium":["https:\/\/i0.wp.com\/pumagolf.dscgolf.com\/wp-content\/uploads\/2023\/05\/PUM-024456_pum-024456-01_image_front.jpg?fit=300%2C300&ssl=1",300,300,true],"medium_large":["https:\/\/i0.wp.com\/pumagolf.dscgolf.com\/wp-content\/uploads\/2023\/05\/PUM-024456_pum-024456-01_image_front.jpg?fit=768%2C768&ssl=1",768,768,true],"large":["https:\/\/i0.wp.com\/pumagolf.dscgolf.com\/wp-content\/uploads\/2023\/05\/PUM-024456_pum-024456-01_image_front.jpg?fit=1024%2C1024&ssl=1",1024,1024,true],"1536x1536":["https:\/\/i0.wp.com\/pumagolf.dscgolf.com\/wp-content\/uploads\/2023\/05\/PUM-024456_pum-024456-01_image_front.jpg?fit=1024%2C1024&ssl=1",1024,1024,true],"2048x2048":["https:\/\/i0.wp.com\/pumagolf.dscgolf.com\/wp-content\/uploads\/2023\/05\/PUM-024456_pum-024456-01_image_front.jpg?fit=1024%2C1024&ssl=1",1024,1024,true],"woocommerce_thumbnail":["https:\/\/i0.wp.com\/pumagolf.dscgolf.com\/wp-content\/uploads\/2023\/05\/PUM-024456_pum-024456-01_image_front.jpg?resize=300%2C300&ssl=1",300,300,true],"woocommerce_single":["https:\/\/i0.wp.com\/pumagolf.dscgolf.com\/wp-content\/uploads\/2023\/05\/PUM-024456_pum-024456-01_image_front.jpg?fit=600%2C600&ssl=1",600,600,true],"woocommerce_gallery_thumbnail":["https:\/\/i0.wp.com\/pumagolf.dscgolf.com\/wp-content\/uploads\/2023\/05\/PUM-024456_pum-024456-01_image_front.jpg?resize=100%2C100&ssl=1",100,100,true]},"uagb_author_info":{"display_name":"pumagolfvn","author_link":"https:\/\/pumagolf.dscgolf.com\/index.php\/author\/"},"uagb_comment_info":0,"uagb_excerpt":"M\u0169 PUMA Trucker P Wild West c\u00f3 h\u1ecda ti\u1ebft tr\u1ea3i kh\u1eafp \u0111\u01b0\u1ee3c l\u1ea5y c\u1ea3m h\u1ee9ng t\u1eeb sa m\u1ea1c \u1edf Scottsdale, Arizona. Kh\u00f3a snapback t\u00f9y ch\u1ec9nh cho ph\u00e9p m\u0169 v\u1eeba kh\u00edt v\u1edbi b\u1ea1n v\u00e0 \u0111\u01b0\u1ee3c ho\u00e0n thi\u1ec7n b\u1edfi m\u1eb7t sau ki\u1ec3u trucker v\u1edbi ch\u1ea5t li\u1ec7u l\u01b0\u1edbi, cho ph\u00e9p b\u1ea1n tho\u00e1ng m\u00e1t v\u00e0 tho\u1ea3i m\u00e1i.","_links":{"self":[{"href":"https:\/\/pumagolf.dscgolf.com\/index.php\/wp-json\/wp\/v2\/product\/9573","targetHints":{"allow":["GET"]}}],"collection":[{"href":"https:\/\/pumagolf.dscgolf.com\/index.php\/wp-json\/wp\/v2\/product"}],"about":[{"href":"https:\/\/pumagolf.dscgolf.com\/index.php\/wp-json\/wp\/v2\/types\/product"}],"replies":[{"embeddable":true,"href":"https:\/\/pumagolf.dscgolf.com\/index.php\/wp-json\/wp\/v2\/comments?post=9573"}],"version-history":[{"count":5,"href":"https:\/\/pumagolf.dscgolf.com\/index.php\/wp-json\/wp\/v2\/product\/9573\/revisions"}],"predecessor-version":[{"id":9583,"href":"https:\/\/pumagolf.dscgolf.com\/index.php\/wp-json\/wp\/v2\/product\/9573\/revisions\/9583"}],"wp:featuredmedia":[{"embeddable":true,"href":"https:\/\/pumagolf.dscgolf.com\/index.php\/wp-json\/wp\/v2\/media\/9576"}],"wp:attachment":[{"href":"https:\/\/pumagolf.dscgolf.com\/index.php\/wp-json\/wp\/v2\/media?parent=9573"}],"wp:term":[{"taxonomy":"product_brand","embeddable":true,"href":"https:\/\/pumagolf.dscgolf.com\/index.php\/wp-json\/wp\/v2\/product_brand?post=9573"},{"taxonomy":"product_cat","embeddable":true,"href":"https:\/\/pumagolf.dscgolf.com\/index.php\/wp-json\/wp\/v2\/product_cat?post=9573"},{"taxonomy":"product_tag","embeddable":true,"href":"https:\/\/pumagolf.dscgolf.com\/index.php\/wp-json\/wp\/v2\/product_tag?post=9573"}],"curies":[{"name":"wp","href":"https:\/\/api.w.org\/{rel}","templated":true}]}}