{"id":9404,"date":"2023-05-23T06:19:02","date_gmt":"2023-05-23T06:19:02","guid":{"rendered":"https:\/\/pumagolf.dscgolf.com\/?post_type=product&#038;p=9404"},"modified":"2024-09-13T09:26:06","modified_gmt":"2024-09-13T09:26:06","slug":"gs-softride","status":"publish","type":"product","link":"https:\/\/pumagolf.dscgolf.com\/index.php\/product\/gs-softride\/","title":{"rendered":"D\u00e9p GS-Softride"},"content":{"rendered":"\t\t<div data-elementor-type=\"wp-post\" data-elementor-id=\"9404\" class=\"elementor elementor-9404\">\n\t\t\t\t\t\t<section class=\"ob-is-breaking-bad elementor-section elementor-top-section elementor-element elementor-element-6f9bde5 elementor-section-boxed elementor-section-height-default elementor-section-height-default\" data-id=\"6f9bde5\" data-element_type=\"section\" data-settings=\"{&quot;_ob_bbad_use_it&quot;:&quot;yes&quot;,&quot;_ob_bbad_sssic_use&quot;:&quot;no&quot;,&quot;_ob_glider_is_slider&quot;:&quot;no&quot;}\">\n\t\t\t\t\t\t<div class=\"elementor-container elementor-column-gap-default\">\n\t\t\t\t\t<div class=\"elementor-column elementor-col-100 elementor-top-column elementor-element elementor-element-19ede83\" data-id=\"19ede83\" data-element_type=\"column\" data-settings=\"{&quot;_ob_bbad_is_stalker&quot;:&quot;no&quot;,&quot;_ob_teleporter_use&quot;:false,&quot;_ob_column_hoveranimator&quot;:&quot;no&quot;,&quot;_ob_column_has_pseudo&quot;:&quot;no&quot;}\">\n\t\t\t<div class=\"elementor-widget-wrap elementor-element-populated\">\n\t\t\t\t\t\t<div class=\"elementor-element elementor-element-116ebd6 elementor-widget-divider--view-line ob-has-background-overlay elementor-widget elementor-widget-divider\" data-id=\"116ebd6\" data-element_type=\"widget\" data-settings=\"{&quot;_ob_perspektive_use&quot;:&quot;no&quot;,&quot;_ob_poopart_use&quot;:&quot;yes&quot;,&quot;_ob_shadough_use&quot;:&quot;no&quot;,&quot;_ob_allow_hoveranimator&quot;:&quot;no&quot;,&quot;_ob_widget_stalker_use&quot;:&quot;no&quot;}\" data-widget_type=\"divider.default\">\n\t\t\t\t<div class=\"elementor-widget-container\">\n\t\t\t\t\t\t\t<div class=\"elementor-divider\">\n\t\t\t<span class=\"elementor-divider-separator\">\n\t\t\t\t\t\t<\/span>\n\t\t<\/div>\n\t\t\t\t\t\t<\/div>\n\t\t\t\t<\/div>\n\t\t\t\t<div class=\"elementor-element elementor-element-5959d35 ob-harakiri-inherit ob-has-background-overlay elementor-widget elementor-widget-heading\" data-id=\"5959d35\" data-element_type=\"widget\" data-settings=\"{&quot;_ob_use_harakiri&quot;:&quot;yes&quot;,&quot;_ob_harakiri_writing_mode&quot;:&quot;inherit&quot;,&quot;_ob_harakiri_text_clip&quot;:&quot;none&quot;,&quot;_ob_perspektive_use&quot;:&quot;no&quot;,&quot;_ob_poopart_use&quot;:&quot;yes&quot;,&quot;_ob_shadough_use&quot;:&quot;no&quot;,&quot;_ob_allow_hoveranimator&quot;:&quot;no&quot;,&quot;_ob_widget_stalker_use&quot;:&quot;no&quot;}\" data-widget_type=\"heading.default\">\n\t\t\t\t<div class=\"elementor-widget-container\">\n\t\t\t\t\t<h2 class=\"elementor-heading-title elementor-size-default\">TH\u00d4NG S\u1ed0 CHI TI\u1ebeT<\/h2>\t\t\t\t<\/div>\n\t\t\t\t<\/div>\n\t\t\t\t<div class=\"elementor-element elementor-element-7b1d8b5 ob-harakiri-inherit ob-has-background-overlay elementor-widget elementor-widget-text-editor\" data-id=\"7b1d8b5\" data-element_type=\"widget\" data-settings=\"{&quot;_ob_use_harakiri&quot;:&quot;yes&quot;,&quot;_ob_harakiri_writing_mode&quot;:&quot;inherit&quot;,&quot;_ob_postman_use&quot;:&quot;no&quot;,&quot;_ob_perspektive_use&quot;:&quot;no&quot;,&quot;_ob_poopart_use&quot;:&quot;yes&quot;,&quot;_ob_shadough_use&quot;:&quot;no&quot;,&quot;_ob_allow_hoveranimator&quot;:&quot;no&quot;,&quot;_ob_widget_stalker_use&quot;:&quot;no&quot;}\" data-widget_type=\"text-editor.default\">\n\t\t\t\t<div class=\"elementor-widget-container\">\n\t\t\t\t\t\t\t\t\t<ul><li>\u0110ai da nh\u00e2n t\u1ea1o \u0111\u1ed9 b\u1ec1n cao c\u00f9ng v\u1edbi l\u1edbp \u0111\u1ec7m si\u00eau m\u1ec1m<\/li><li>\u0110\u1ebf softride m\u1ec1m m\u1ea1i kh\u00f3 tin<\/li><li>Ph\u1ea7n \u0111\u1ebf ngo\u00e0i ch\u1ebf t\u1ea1o t\u1eeb EVA \u00e9p khu\u00f4n cho tr\u1ecdng l\u01b0\u1ee3ng nh\u1eb9<\/li><\/ul>\t\t\t\t\t\t\t\t<\/div>\n\t\t\t\t<\/div>\n\t\t\t\t\t<\/div>\n\t\t<\/div>\n\t\t\t\t\t<\/div>\n\t\t<\/section>\n\t\t\t\t<\/div>\n\t\t","protected":false},"excerpt":{"rendered":"<p>Softride Slide l\u00e0 \u0111\u00f4i d\u00e9p tho\u1ea3i m\u00e1i, ho\u00e0n to\u00e0n ph\u00f9 h\u1ee3p cho nh\u1eefng gi\u00e2y ph\u00fat sau c\u00e1c v\u00f2ng \u0111\u1ea5u. Ph\u1ea7n l\u00f2ng d\u00e9p \u0111\u01b0\u1ee3c l\u00e0m t\u1eeb v\u1eadt li\u1ec7u Softride \u0111\u01b0\u1ee3c s\u1eed d\u1ee5ng trong nh\u1eefng \u0111\u00f4i gi\u00e0y th\u1ec3 thao c\u1ee7a ch\u00fang t\u00f4i. \u0110ai da nh\u00e2n t\u1ea1o c\u00f3 ph\u1ea7n \u0111\u1ec7m m\u1ec1m m\u1ea1i, t\u0103ng c\u1ea3m gi\u00e1c tho\u1ea3i m\u00e1i v\u00e0 v\u1eeba v\u1eb7n.<\/p>\n","protected":false},"featured_media":9405,"comment_status":"open","ping_status":"closed","template":"","meta":{"_uag_custom_page_level_css":"","site-sidebar-layout":"no-sidebar","site-content-layout":"plain-container","ast-global-header-display":"","ast-main-header-display":"","ast-hfb-above-header-display":"","ast-hfb-below-header-display":"","ast-hfb-mobile-header-display":"","site-post-title":"disabled","ast-breadcrumbs-content":"","ast-featured-img":"disabled","footer-sml-layout":"","theme-transparent-header-meta":"default","adv-header-id-meta":"","stick-header-meta":"","header-above-stick-meta":"","header-main-stick-meta":"","header-below-stick-meta":""},"product_brand":[],"product_cat":[38,627,142,110],"product_tag":[114,710],"class_list":{"0":"post-9404","1":"product","2":"type-product","3":"status-publish","4":"has-post-thumbnail","6":"product_cat-accessories","7":"product_cat-dress","8":"product_cat-shoes","9":"product_cat-unisex","10":"product_tag-accessories","11":"product_tag-gs-softride","12":"pa_color-puma-black-puma-white-gs-softride","13":"desktop-align-left","14":"tablet-align-left","15":"mobile-align-left","17":"first","18":"outofstock","19":"shipping-taxable","20":"purchasable","21":"product-type-variable"},"uagb_featured_image_src":{"full":["https:\/\/i0.wp.com\/pumagolf.dscgolf.com\/wp-content\/uploads\/2023\/05\/75281ce739c69060d9c6f63806faee32590594c6_750x.webp?fit=750%2C750&ssl=1",750,750,false],"thumbnail":["https:\/\/i0.wp.com\/pumagolf.dscgolf.com\/wp-content\/uploads\/2023\/05\/75281ce739c69060d9c6f63806faee32590594c6_750x.webp?resize=150%2C150&ssl=1",150,150,true],"medium":["https:\/\/i0.wp.com\/pumagolf.dscgolf.com\/wp-content\/uploads\/2023\/05\/75281ce739c69060d9c6f63806faee32590594c6_750x.webp?fit=300%2C300&ssl=1",300,300,true],"medium_large":["https:\/\/i0.wp.com\/pumagolf.dscgolf.com\/wp-content\/uploads\/2023\/05\/75281ce739c69060d9c6f63806faee32590594c6_750x.webp?fit=750%2C750&ssl=1",750,750,true],"large":["https:\/\/i0.wp.com\/pumagolf.dscgolf.com\/wp-content\/uploads\/2023\/05\/75281ce739c69060d9c6f63806faee32590594c6_750x.webp?fit=750%2C750&ssl=1",750,750,true],"1536x1536":["https:\/\/i0.wp.com\/pumagolf.dscgolf.com\/wp-content\/uploads\/2023\/05\/75281ce739c69060d9c6f63806faee32590594c6_750x.webp?fit=750%2C750&ssl=1",750,750,true],"2048x2048":["https:\/\/i0.wp.com\/pumagolf.dscgolf.com\/wp-content\/uploads\/2023\/05\/75281ce739c69060d9c6f63806faee32590594c6_750x.webp?fit=750%2C750&ssl=1",750,750,true],"woocommerce_thumbnail":["https:\/\/i0.wp.com\/pumagolf.dscgolf.com\/wp-content\/uploads\/2023\/05\/75281ce739c69060d9c6f63806faee32590594c6_750x.webp?resize=300%2C300&ssl=1",300,300,true],"woocommerce_single":["https:\/\/i0.wp.com\/pumagolf.dscgolf.com\/wp-content\/uploads\/2023\/05\/75281ce739c69060d9c6f63806faee32590594c6_750x.webp?fit=600%2C600&ssl=1",600,600,true],"woocommerce_gallery_thumbnail":["https:\/\/i0.wp.com\/pumagolf.dscgolf.com\/wp-content\/uploads\/2023\/05\/75281ce739c69060d9c6f63806faee32590594c6_750x.webp?resize=100%2C100&ssl=1",100,100,true]},"uagb_author_info":{"display_name":"pumagolfvn","author_link":"https:\/\/pumagolf.dscgolf.com\/index.php\/author\/"},"uagb_comment_info":0,"uagb_excerpt":"Softride Slide l\u00e0 \u0111\u00f4i d\u00e9p tho\u1ea3i m\u00e1i, ho\u00e0n to\u00e0n ph\u00f9 h\u1ee3p cho nh\u1eefng gi\u00e2y ph\u00fat sau c\u00e1c v\u00f2ng \u0111\u1ea5u. Ph\u1ea7n l\u00f2ng d\u00e9p \u0111\u01b0\u1ee3c l\u00e0m t\u1eeb v\u1eadt li\u1ec7u Softride \u0111\u01b0\u1ee3c s\u1eed d\u1ee5ng trong nh\u1eefng \u0111\u00f4i gi\u00e0y th\u1ec3 thao c\u1ee7a ch\u00fang t\u00f4i. \u0110ai da nh\u00e2n t\u1ea1o c\u00f3 ph\u1ea7n \u0111\u1ec7m m\u1ec1m m\u1ea1i, t\u0103ng c\u1ea3m gi\u00e1c tho\u1ea3i m\u00e1i v\u00e0&hellip;","_links":{"self":[{"href":"https:\/\/pumagolf.dscgolf.com\/index.php\/wp-json\/wp\/v2\/product\/9404","targetHints":{"allow":["GET"]}}],"collection":[{"href":"https:\/\/pumagolf.dscgolf.com\/index.php\/wp-json\/wp\/v2\/product"}],"about":[{"href":"https:\/\/pumagolf.dscgolf.com\/index.php\/wp-json\/wp\/v2\/types\/product"}],"replies":[{"embeddable":true,"href":"https:\/\/pumagolf.dscgolf.com\/index.php\/wp-json\/wp\/v2\/comments?post=9404"}],"version-history":[{"count":4,"href":"https:\/\/pumagolf.dscgolf.com\/index.php\/wp-json\/wp\/v2\/product\/9404\/revisions"}],"predecessor-version":[{"id":9412,"href":"https:\/\/pumagolf.dscgolf.com\/index.php\/wp-json\/wp\/v2\/product\/9404\/revisions\/9412"}],"wp:featuredmedia":[{"embeddable":true,"href":"https:\/\/pumagolf.dscgolf.com\/index.php\/wp-json\/wp\/v2\/media\/9405"}],"wp:attachment":[{"href":"https:\/\/pumagolf.dscgolf.com\/index.php\/wp-json\/wp\/v2\/media?parent=9404"}],"wp:term":[{"taxonomy":"product_brand","embeddable":true,"href":"https:\/\/pumagolf.dscgolf.com\/index.php\/wp-json\/wp\/v2\/product_brand?post=9404"},{"taxonomy":"product_cat","embeddable":true,"href":"https:\/\/pumagolf.dscgolf.com\/index.php\/wp-json\/wp\/v2\/product_cat?post=9404"},{"taxonomy":"product_tag","embeddable":true,"href":"https:\/\/pumagolf.dscgolf.com\/index.php\/wp-json\/wp\/v2\/product_tag?post=9404"}],"curies":[{"name":"wp","href":"https:\/\/api.w.org\/{rel}","templated":true}]}}