{"id":8295,"date":"2023-04-28T06:48:40","date_gmt":"2023-04-28T06:48:40","guid":{"rendered":"https:\/\/pumagolf.dscgolf.com\/?post_type=product&#038;p=8295"},"modified":"2024-09-13T06:56:48","modified_gmt":"2024-09-13T06:56:48","slug":"mattr-grind-polo","status":"publish","type":"product","link":"https:\/\/pumagolf.dscgolf.com\/index.php\/product\/mattr-grind-polo\/","title":{"rendered":"MATTR Grind Golf Polo"},"content":{"rendered":"\t\t<div data-elementor-type=\"wp-post\" data-elementor-id=\"8295\" class=\"elementor elementor-8295\">\n\t\t\t\t\t\t<section class=\"ob-is-breaking-bad elementor-section elementor-top-section elementor-element elementor-element-79fc4942 elementor-section-boxed elementor-section-height-default elementor-section-height-default\" data-id=\"79fc4942\" data-element_type=\"section\" data-settings=\"{&quot;_ob_bbad_use_it&quot;:&quot;yes&quot;,&quot;_ob_bbad_sssic_use&quot;:&quot;no&quot;,&quot;_ob_glider_is_slider&quot;:&quot;no&quot;}\">\n\t\t\t\t\t\t<div class=\"elementor-container elementor-column-gap-default\">\n\t\t\t\t\t<div class=\"elementor-column elementor-col-100 elementor-top-column elementor-element elementor-element-1546d30b\" data-id=\"1546d30b\" data-element_type=\"column\" data-settings=\"{&quot;_ob_bbad_is_stalker&quot;:&quot;no&quot;,&quot;_ob_teleporter_use&quot;:false,&quot;_ob_column_hoveranimator&quot;:&quot;no&quot;,&quot;_ob_column_has_pseudo&quot;:&quot;no&quot;}\">\n\t\t\t<div class=\"elementor-widget-wrap elementor-element-populated\">\n\t\t\t\t\t\t<div class=\"elementor-element elementor-element-71fa40bf ob-harakiri-inherit ob-has-background-overlay elementor-widget elementor-widget-text-editor\" data-id=\"71fa40bf\" data-element_type=\"widget\" data-settings=\"{&quot;_ob_use_harakiri&quot;:&quot;yes&quot;,&quot;_ob_harakiri_writing_mode&quot;:&quot;inherit&quot;,&quot;_ob_postman_use&quot;:&quot;no&quot;,&quot;_ob_perspektive_use&quot;:&quot;no&quot;,&quot;_ob_poopart_use&quot;:&quot;yes&quot;,&quot;_ob_shadough_use&quot;:&quot;no&quot;,&quot;_ob_allow_hoveranimator&quot;:&quot;no&quot;,&quot;_ob_widget_stalker_use&quot;:&quot;no&quot;}\" data-widget_type=\"text-editor.default\">\n\t\t\t\t<div class=\"elementor-widget-container\">\n\t\t\t\t\t\t\t\t\tMATTR (Materials, Technology &#038; Research) l\u00e0 lo\u1ea1i v\u1ea3i th\u1ec3 thao \u0111\u01b0\u1ee3c thi\u1ebft k\u1ebf cho \u0111\u1ed9 tho\u1ea3i m\u00e1i t\u1ed1i \u0111a b\u1ea5t k\u1ec3 \u0111i\u1ec1u ki\u1ec7n th\u1eddi ti\u1ebft. V\u1edbi v\u1ea3i k\u1ef9 thu\u1eadt h\u00fat \u1ea9m, kh\u00f4 nhanh, tho\u00e1ng kh\u00ed, co gi\u00e3n 4 chi\u1ec1u v\u00e0 nh\u1eb9, ch\u1ea5t li\u1ec7u n\u00e0y mang l\u1ea1i t\u1ea5t c\u1ea3 nh\u1eefng g\u00ec b\u1ea1n c\u1ea7n \u0111\u1ec3 c\u00f3 s\u1ef1 t\u1ef1 tin t\u1ed1i \u0111a. If performance MATTRs to you, it MATTRs to us!\n\n<div><\/div>\n<ul>\n \t<li>H\u00fat \u1ea9m<\/li>\n \t<li>Tho\u00e1ng kh\u00ed<\/li>\n \t<li>V\u1ea3i kh\u00f4 nhanh<\/li>\n \t<li>UPF 40<\/li>\n \t<li>92% polyester t\u00e1i ch\u1ebf, 8% elastane<\/li>\n<\/ul>\t\t\t\t\t\t\t\t<\/div>\n\t\t\t\t<\/div>\n\t\t\t\t\t<\/div>\n\t\t<\/div>\n\t\t\t\t\t<\/div>\n\t\t<\/section>\n\t\t\t\t<\/div>\n\t\t","protected":false},"excerpt":{"rendered":"<p style=\"font-family:\"FF DIN VN'; font-weight: 500\">\u00c1o polo Grind s\u1ebd mang l\u1ea1i cho b\u1ea1n m\u1ed9t phong c\u00e1ch \u0111\u1ed9c \u0111\u00e1o \u1edf v\u00f2ng ch\u01a1i ti\u1ebfp theo. V\u1edbi c\u00f4ng ngh\u1ec7 v\u1ea3i MATTR, chi\u1ebfc \u00e1o n\u00e0y \u0111\u01b0\u1ee3c thi\u1ebft k\u1ebf \u0111\u1ec3 gi\u00fap b\u1ea1n ch\u1ed1ng l\u1ea1i m\u1ecdi kh\u00f3 kh\u0103n t\u1eeb m\u00f4i tr\u01b0\u1eddng. Th\u1eddi ti\u1ebft kh\u1eafc nhi\u1ec7t kh\u00f4ng l\u00e0 g\u00ec so v\u1edbi ch\u1ea5t v\u1ea3i t\u00e1n \u1ea9m hi\u1ec7n \u0111\u1ea1i.<\/p>\n","protected":false},"featured_media":8298,"comment_status":"open","ping_status":"closed","template":"","meta":{"_uag_custom_page_level_css":"","site-sidebar-layout":"default","site-content-layout":"plain-container","ast-global-header-display":"","ast-main-header-display":"","ast-hfb-above-header-display":"","ast-hfb-below-header-display":"","ast-hfb-mobile-header-display":"","site-post-title":"","ast-breadcrumbs-content":"","ast-featured-img":"","footer-sml-layout":"","theme-transparent-header-meta":"default","adv-header-id-meta":"","stick-header-meta":"","header-above-stick-meta":"","header-main-stick-meta":"","header-below-stick-meta":""},"product_brand":[],"product_cat":[64,49,70],"product_tag":[431,66,65],"class_list":{"0":"post-8295","1":"product","2":"type-product","3":"status-publish","4":"has-post-thumbnail","6":"product_cat-mattr","7":"product_cat-men","8":"product_cat-polo","9":"product_tag-grind","10":"product_tag-mattr","11":"product_tag-polo","12":"pa_color-grind-bright-white-heartfelt","13":"pa_color-grind-bright-white-lake-blue","14":"pa_color-grind-dark-sage-navy-blazer","15":"pa_color-grind-eucalyptus-green-fog-polo","16":"pa_color-grind-evening-sky-high-rise","17":"pa_color-grind-heartfelt-day-dream","18":"pa_color-grind-white-glow-festive-blue-polo","19":"desktop-align-left","20":"tablet-align-left","21":"mobile-align-left","23":"first","24":"instock","25":"sold-individually","26":"shipping-taxable","27":"purchasable","28":"product-type-variable","29":"has-default-attributes"},"uagb_featured_image_src":{"full":["https:\/\/i0.wp.com\/pumagolf.dscgolf.com\/wp-content\/uploads\/2023\/04\/ommbderqqhjpqueuhi3q_750x.webp?fit=750%2C750&ssl=1",750,750,false],"thumbnail":["https:\/\/i0.wp.com\/pumagolf.dscgolf.com\/wp-content\/uploads\/2023\/04\/ommbderqqhjpqueuhi3q_750x.webp?resize=150%2C150&ssl=1",150,150,true],"medium":["https:\/\/i0.wp.com\/pumagolf.dscgolf.com\/wp-content\/uploads\/2023\/04\/ommbderqqhjpqueuhi3q_750x.webp?fit=300%2C300&ssl=1",300,300,true],"medium_large":["https:\/\/i0.wp.com\/pumagolf.dscgolf.com\/wp-content\/uploads\/2023\/04\/ommbderqqhjpqueuhi3q_750x.webp?fit=750%2C750&ssl=1",750,750,true],"large":["https:\/\/i0.wp.com\/pumagolf.dscgolf.com\/wp-content\/uploads\/2023\/04\/ommbderqqhjpqueuhi3q_750x.webp?fit=750%2C750&ssl=1",750,750,true],"1536x1536":["https:\/\/i0.wp.com\/pumagolf.dscgolf.com\/wp-content\/uploads\/2023\/04\/ommbderqqhjpqueuhi3q_750x.webp?fit=750%2C750&ssl=1",750,750,true],"2048x2048":["https:\/\/i0.wp.com\/pumagolf.dscgolf.com\/wp-content\/uploads\/2023\/04\/ommbderqqhjpqueuhi3q_750x.webp?fit=750%2C750&ssl=1",750,750,true],"woocommerce_thumbnail":["https:\/\/i0.wp.com\/pumagolf.dscgolf.com\/wp-content\/uploads\/2023\/04\/ommbderqqhjpqueuhi3q_750x.webp?resize=300%2C300&ssl=1",300,300,true],"woocommerce_single":["https:\/\/i0.wp.com\/pumagolf.dscgolf.com\/wp-content\/uploads\/2023\/04\/ommbderqqhjpqueuhi3q_750x.webp?fit=600%2C600&ssl=1",600,600,true],"woocommerce_gallery_thumbnail":["https:\/\/i0.wp.com\/pumagolf.dscgolf.com\/wp-content\/uploads\/2023\/04\/ommbderqqhjpqueuhi3q_750x.webp?resize=100%2C100&ssl=1",100,100,true]},"uagb_author_info":{"display_name":"pumagolfvn","author_link":"https:\/\/pumagolf.dscgolf.com\/index.php\/author\/"},"uagb_comment_info":0,"uagb_excerpt":null,"_links":{"self":[{"href":"https:\/\/pumagolf.dscgolf.com\/index.php\/wp-json\/wp\/v2\/product\/8295","targetHints":{"allow":["GET"]}}],"collection":[{"href":"https:\/\/pumagolf.dscgolf.com\/index.php\/wp-json\/wp\/v2\/product"}],"about":[{"href":"https:\/\/pumagolf.dscgolf.com\/index.php\/wp-json\/wp\/v2\/types\/product"}],"replies":[{"embeddable":true,"href":"https:\/\/pumagolf.dscgolf.com\/index.php\/wp-json\/wp\/v2\/comments?post=8295"}],"version-history":[{"count":13,"href":"https:\/\/pumagolf.dscgolf.com\/index.php\/wp-json\/wp\/v2\/product\/8295\/revisions"}],"predecessor-version":[{"id":11768,"href":"https:\/\/pumagolf.dscgolf.com\/index.php\/wp-json\/wp\/v2\/product\/8295\/revisions\/11768"}],"wp:featuredmedia":[{"embeddable":true,"href":"https:\/\/pumagolf.dscgolf.com\/index.php\/wp-json\/wp\/v2\/media\/8298"}],"wp:attachment":[{"href":"https:\/\/pumagolf.dscgolf.com\/index.php\/wp-json\/wp\/v2\/media?parent=8295"}],"wp:term":[{"taxonomy":"product_brand","embeddable":true,"href":"https:\/\/pumagolf.dscgolf.com\/index.php\/wp-json\/wp\/v2\/product_brand?post=8295"},{"taxonomy":"product_cat","embeddable":true,"href":"https:\/\/pumagolf.dscgolf.com\/index.php\/wp-json\/wp\/v2\/product_cat?post=8295"},{"taxonomy":"product_tag","embeddable":true,"href":"https:\/\/pumagolf.dscgolf.com\/index.php\/wp-json\/wp\/v2\/product_tag?post=8295"}],"curies":[{"name":"wp","href":"https:\/\/api.w.org\/{rel}","templated":true}]}}