{"id":7605,"date":"2022-11-30T08:20:15","date_gmt":"2022-11-30T08:20:15","guid":{"rendered":"https:\/\/pumagolf.dscgolf.com\/?post_type=product&#038;p=7605"},"modified":"2022-11-30T08:36:03","modified_gmt":"2022-11-30T08:36:03","slug":"boston-bag","status":"publish","type":"product","link":"https:\/\/pumagolf.dscgolf.com\/index.php\/product\/boston-bag\/","title":{"rendered":"T\u00fai Golf PUMA Boston"},"content":{"rendered":"\t\t<div data-elementor-type=\"wp-post\" data-elementor-id=\"7605\" class=\"elementor elementor-7605\">\n\t\t\t\t\t\t<section class=\"ob-is-breaking-bad elementor-section elementor-top-section elementor-element elementor-element-6f9bde5 elementor-section-boxed elementor-section-height-default elementor-section-height-default\" data-id=\"6f9bde5\" data-element_type=\"section\" data-settings=\"{&quot;_ob_bbad_use_it&quot;:&quot;yes&quot;,&quot;_ob_bbad_sssic_use&quot;:&quot;no&quot;,&quot;_ob_glider_is_slider&quot;:&quot;no&quot;}\">\n\t\t\t\t\t\t<div class=\"elementor-container elementor-column-gap-default\">\n\t\t\t\t\t<div class=\"elementor-column elementor-col-100 elementor-top-column elementor-element elementor-element-19ede83\" data-id=\"19ede83\" data-element_type=\"column\" data-settings=\"{&quot;_ob_bbad_is_stalker&quot;:&quot;no&quot;,&quot;_ob_teleporter_use&quot;:false,&quot;_ob_column_hoveranimator&quot;:&quot;no&quot;,&quot;_ob_column_has_pseudo&quot;:&quot;no&quot;}\">\n\t\t\t<div class=\"elementor-widget-wrap elementor-element-populated\">\n\t\t\t\t\t\t<div class=\"elementor-element elementor-element-9d6585b elementor-align-center ob-has-background-overlay elementor-widget elementor-widget-button\" data-id=\"9d6585b\" data-element_type=\"widget\" data-settings=\"{&quot;_ob_perspektive_use&quot;:&quot;no&quot;,&quot;_ob_poopart_use&quot;:&quot;yes&quot;,&quot;_ob_shadough_use&quot;:&quot;no&quot;,&quot;_ob_allow_hoveranimator&quot;:&quot;no&quot;,&quot;_ob_widget_stalker_use&quot;:&quot;no&quot;}\" data-widget_type=\"button.default\">\n\t\t\t\t<div class=\"elementor-widget-container\">\n\t\t\t\t\t\t\t\t\t<div class=\"elementor-button-wrapper\">\n\t\t\t\t\t<a class=\"elementor-button elementor-button-link elementor-size-xl\" href=\"https:\/\/dynamicsportsvn.com\/search-product?search=boston\">\n\t\t\t\t\t\t<span class=\"elementor-button-content-wrapper\">\n\t\t\t\t\t\t\t\t\t<span class=\"elementor-button-text\">\u0110\u1eb6T MUA NGAY<\/span>\n\t\t\t\t\t<\/span>\n\t\t\t\t\t<\/a>\n\t\t\t\t<\/div>\n\t\t\t\t\t\t\t\t<\/div>\n\t\t\t\t<\/div>\n\t\t\t\t<div class=\"elementor-element elementor-element-116ebd6 elementor-widget-divider--view-line ob-has-background-overlay elementor-widget elementor-widget-divider\" data-id=\"116ebd6\" data-element_type=\"widget\" data-settings=\"{&quot;_ob_perspektive_use&quot;:&quot;no&quot;,&quot;_ob_poopart_use&quot;:&quot;yes&quot;,&quot;_ob_shadough_use&quot;:&quot;no&quot;,&quot;_ob_allow_hoveranimator&quot;:&quot;no&quot;,&quot;_ob_widget_stalker_use&quot;:&quot;no&quot;}\" data-widget_type=\"divider.default\">\n\t\t\t\t<div class=\"elementor-widget-container\">\n\t\t\t\t\t\t\t<div class=\"elementor-divider\">\n\t\t\t<span class=\"elementor-divider-separator\">\n\t\t\t\t\t\t<\/span>\n\t\t<\/div>\n\t\t\t\t\t\t<\/div>\n\t\t\t\t<\/div>\n\t\t\t\t<div class=\"elementor-element elementor-element-5959d35 ob-harakiri-inherit ob-has-background-overlay elementor-widget elementor-widget-heading\" data-id=\"5959d35\" data-element_type=\"widget\" data-settings=\"{&quot;_ob_use_harakiri&quot;:&quot;yes&quot;,&quot;_ob_harakiri_writing_mode&quot;:&quot;inherit&quot;,&quot;_ob_harakiri_text_clip&quot;:&quot;none&quot;,&quot;_ob_perspektive_use&quot;:&quot;no&quot;,&quot;_ob_poopart_use&quot;:&quot;yes&quot;,&quot;_ob_shadough_use&quot;:&quot;no&quot;,&quot;_ob_allow_hoveranimator&quot;:&quot;no&quot;,&quot;_ob_widget_stalker_use&quot;:&quot;no&quot;}\" data-widget_type=\"heading.default\">\n\t\t\t\t<div class=\"elementor-widget-container\">\n\t\t\t\t\t<h2 class=\"elementor-heading-title elementor-size-default\">TH\u00d4NG S\u1ed0 CHI TI\u1ebeT<\/h2>\t\t\t\t<\/div>\n\t\t\t\t<\/div>\n\t\t\t\t<div class=\"elementor-element elementor-element-7b1d8b5 ob-harakiri-inherit ob-has-background-overlay elementor-widget elementor-widget-text-editor\" data-id=\"7b1d8b5\" data-element_type=\"widget\" data-settings=\"{&quot;_ob_use_harakiri&quot;:&quot;yes&quot;,&quot;_ob_harakiri_writing_mode&quot;:&quot;inherit&quot;,&quot;_ob_postman_use&quot;:&quot;no&quot;,&quot;_ob_perspektive_use&quot;:&quot;no&quot;,&quot;_ob_poopart_use&quot;:&quot;yes&quot;,&quot;_ob_shadough_use&quot;:&quot;no&quot;,&quot;_ob_allow_hoveranimator&quot;:&quot;no&quot;,&quot;_ob_widget_stalker_use&quot;:&quot;no&quot;}\" data-widget_type=\"text-editor.default\">\n\t\t\t\t<div class=\"elementor-widget-container\">\n\t\t\t\t\t\t\t\t\t<ul style=\"margin-bottom: 0px; margin-left: 0px; list-style-type: none; color: #6a6a6a; font-family: Roboto, sans-serif; font-size: 16px; font-style: normal; font-weight: 400;\">\n<li style=\"margin-top: 0rem;\">\n<div data-role=\"content\">\n<div>\n<div>\n<div><span style=\"color: rgb(51, 51, 51); font-family: Roboto;\">M\u1ed9t chi\u1ebfc t\u00fai Boston c\u01a1 b\u1ea3n v\u1edbi \u0111i\u1ec3m nh\u1ea5n l\u00e0 logo th\u01b0\u01a1ng hi\u1ec7u,&nbsp;h\u00ecnh b\u00e1o Puma tr\u00ean phom d\u00e1ng t\u1ed1i gi\u1ea3n v\u1edbi \u0111\u01b0\u1eddng vi\u1ec1n m\u00e0u \u1edf c\u00e1c c\u1ea1nh.&nbsp;Ng\u0103n ch\u00ednh c\u00f3 thi\u1ebft k\u1ebf d\u00e2y k\u00e9o zip \u0111\u00f4i v\u00e0 m\u1edf r\u1ed9ng gi\u00fap \u0111\u1ef1ng \u0111\u01b0\u1ee3c nhi\u1ec1u qu\u1ea7n \u00e1o, kh\u0103n t\u1eafm, d\u1ec5 d\u00e0ng cho v\u00e0o v\u00e0 l\u1ea5y ra.&nbsp;T\u00fai ti\u1ec7n l\u1ee3i \u0111\u1ec3 s\u1eafp x\u1ebfp c\u00e1c v\u1eadt d\u1ee5ng nh\u1ecf, tay c\u1ea7m c\u00f3 bao \u0111\u1eady \u0111\u1eb7c bi\u1ec7t, v.v.<\/span><\/div><ul><li style=\"margin-bottom: 0.5em;\">Ch\u1ea5t li\u1ec7u: Da t\u1ed5ng h\u1ee3p<\/li>\n<li style=\"margin-bottom: 0.5em;\">K\u00edch th\u01b0\u1edbc (W x H x D): 18,1 x 12,6 x 9,4 inch<\/li>\n<li style=\"margin-bottom: 0.5em;\">S\u1ee9c ch\u1ee9a: kho\u1ea3ng 35l&nbsp;&nbsp;(9,8 gal)<\/li>\n<li style=\"margin-bottom: 0.5em;\">T\u00fai \u0111\u1ef1ng gi\u00e0y kh\u00f3a&nbsp;zip b\u00ean h\u00f4ng<\/li>\n<\/ul>\n<\/div>\n<\/div>\n<\/div>\n<\/li><li style=\"margin-top: 0rem;\"><div><span style=\"color: rgb(51, 51, 51); font-family: Roboto;\"><br><\/span><\/div><\/li><li style=\"margin-top: 0rem;\"><div><span style=\"color: rgb(51, 51, 51); font-family: Roboto;\"><br><\/span><\/div><\/li>\n<\/ul>\t\t\t\t\t\t\t\t<\/div>\n\t\t\t\t<\/div>\n\t\t\t\t\t<\/div>\n\t\t<\/div>\n\t\t\t\t\t<\/div>\n\t\t<\/section>\n\t\t\t\t<\/div>\n\t\t","protected":false},"excerpt":{"rendered":"<p>M\u1ed9t chi\u1ebfc t\u00fai Boston c\u01a1 b\u1ea3n c\u1ee7a PUMA v\u1edbi ki\u1ec3u d\u00e1ng t\u1ed1i gi\u1ea3n v\u1edbi \u0111\u01b0\u1eddng vi\u1ec1n m\u00e0u \u1edf c\u00e1c c\u1ea1nh.<\/p>\n","protected":false},"featured_media":7609,"comment_status":"open","ping_status":"closed","template":"","meta":{"_uag_custom_page_level_css":"","site-sidebar-layout":"no-sidebar","site-content-layout":"plain-container","ast-global-header-display":"","ast-main-header-display":"","ast-hfb-above-header-display":"","ast-hfb-below-header-display":"","ast-hfb-mobile-header-display":"","site-post-title":"disabled","ast-breadcrumbs-content":"","ast-featured-img":"disabled","footer-sml-layout":"","theme-transparent-header-meta":"default","adv-header-id-meta":"","stick-header-meta":"","header-above-stick-meta":"","header-main-stick-meta":"","header-below-stick-meta":""},"product_brand":[],"product_cat":[38,367],"product_tag":[114,382],"class_list":{"0":"post-7605","1":"product","2":"type-product","3":"status-publish","4":"has-post-thumbnail","6":"product_cat-accessories","7":"product_cat-bag","8":"product_tag-accessories","9":"product_tag-bag","10":"pa_color-navy-blazer","11":"pa_color-puma-black","12":"pa_color-puma-white","13":"desktop-align-left","14":"tablet-align-left","15":"mobile-align-left","17":"first","18":"instock","19":"shipping-taxable","20":"purchasable","21":"product-type-variable"},"uagb_featured_image_src":{"full":["https:\/\/i0.wp.com\/pumagolf.dscgolf.com\/wp-content\/uploads\/2022\/11\/719d5LnCM9L._AC_UY695_.jpg?fit=565%2C695&ssl=1",565,695,false],"thumbnail":["https:\/\/i0.wp.com\/pumagolf.dscgolf.com\/wp-content\/uploads\/2022\/11\/719d5LnCM9L._AC_UY695_.jpg?resize=150%2C150&ssl=1",150,150,true],"medium":["https:\/\/i0.wp.com\/pumagolf.dscgolf.com\/wp-content\/uploads\/2022\/11\/719d5LnCM9L._AC_UY695_.jpg?fit=244%2C300&ssl=1",244,300,true],"medium_large":["https:\/\/i0.wp.com\/pumagolf.dscgolf.com\/wp-content\/uploads\/2022\/11\/719d5LnCM9L._AC_UY695_.jpg?fit=565%2C695&ssl=1",565,695,true],"large":["https:\/\/i0.wp.com\/pumagolf.dscgolf.com\/wp-content\/uploads\/2022\/11\/719d5LnCM9L._AC_UY695_.jpg?fit=565%2C695&ssl=1",565,695,true],"1536x1536":["https:\/\/i0.wp.com\/pumagolf.dscgolf.com\/wp-content\/uploads\/2022\/11\/719d5LnCM9L._AC_UY695_.jpg?fit=565%2C695&ssl=1",565,695,true],"2048x2048":["https:\/\/i0.wp.com\/pumagolf.dscgolf.com\/wp-content\/uploads\/2022\/11\/719d5LnCM9L._AC_UY695_.jpg?fit=565%2C695&ssl=1",565,695,true],"woocommerce_thumbnail":["https:\/\/i0.wp.com\/pumagolf.dscgolf.com\/wp-content\/uploads\/2022\/11\/719d5LnCM9L._AC_UY695_.jpg?resize=300%2C300&ssl=1",300,300,true],"woocommerce_single":["https:\/\/i0.wp.com\/pumagolf.dscgolf.com\/wp-content\/uploads\/2022\/11\/719d5LnCM9L._AC_UY695_.jpg?fit=565%2C695&ssl=1",565,695,true],"woocommerce_gallery_thumbnail":["https:\/\/i0.wp.com\/pumagolf.dscgolf.com\/wp-content\/uploads\/2022\/11\/719d5LnCM9L._AC_UY695_.jpg?resize=100%2C100&ssl=1",100,100,true]},"uagb_author_info":{"display_name":"pumagolfvn","author_link":"https:\/\/pumagolf.dscgolf.com\/index.php\/author\/"},"uagb_comment_info":0,"uagb_excerpt":"M\u1ed9t chi\u1ebfc t\u00fai Boston c\u01a1 b\u1ea3n c\u1ee7a PUMA v\u1edbi ki\u1ec3u d\u00e1ng t\u1ed1i gi\u1ea3n v\u1edbi \u0111\u01b0\u1eddng vi\u1ec1n m\u00e0u \u1edf c\u00e1c c\u1ea1nh.","_links":{"self":[{"href":"https:\/\/pumagolf.dscgolf.com\/index.php\/wp-json\/wp\/v2\/product\/7605","targetHints":{"allow":["GET"]}}],"collection":[{"href":"https:\/\/pumagolf.dscgolf.com\/index.php\/wp-json\/wp\/v2\/product"}],"about":[{"href":"https:\/\/pumagolf.dscgolf.com\/index.php\/wp-json\/wp\/v2\/types\/product"}],"replies":[{"embeddable":true,"href":"https:\/\/pumagolf.dscgolf.com\/index.php\/wp-json\/wp\/v2\/comments?post=7605"}],"version-history":[{"count":8,"href":"https:\/\/pumagolf.dscgolf.com\/index.php\/wp-json\/wp\/v2\/product\/7605\/revisions"}],"predecessor-version":[{"id":7624,"href":"https:\/\/pumagolf.dscgolf.com\/index.php\/wp-json\/wp\/v2\/product\/7605\/revisions\/7624"}],"wp:featuredmedia":[{"embeddable":true,"href":"https:\/\/pumagolf.dscgolf.com\/index.php\/wp-json\/wp\/v2\/media\/7609"}],"wp:attachment":[{"href":"https:\/\/pumagolf.dscgolf.com\/index.php\/wp-json\/wp\/v2\/media?parent=7605"}],"wp:term":[{"taxonomy":"product_brand","embeddable":true,"href":"https:\/\/pumagolf.dscgolf.com\/index.php\/wp-json\/wp\/v2\/product_brand?post=7605"},{"taxonomy":"product_cat","embeddable":true,"href":"https:\/\/pumagolf.dscgolf.com\/index.php\/wp-json\/wp\/v2\/product_cat?post=7605"},{"taxonomy":"product_tag","embeddable":true,"href":"https:\/\/pumagolf.dscgolf.com\/index.php\/wp-json\/wp\/v2\/product_tag?post=7605"}],"curies":[{"name":"wp","href":"https:\/\/api.w.org\/{rel}","templated":true}]}}