{"id":6455,"date":"2022-10-04T04:17:37","date_gmt":"2022-10-04T04:17:37","guid":{"rendered":"https:\/\/pumagolf.dscgolf.com\/?post_type=product&#038;p=6455"},"modified":"2024-04-02T06:20:20","modified_gmt":"2024-04-02T06:20:20","slug":"boys-stretch-short","status":"publish","type":"product","link":"https:\/\/pumagolf.dscgolf.com\/index.php\/product\/boys-stretch-short\/","title":{"rendered":"Qu\u1ea7n Short B\u00e9 Trai Stretch"},"content":{"rendered":"\t\t<div data-elementor-type=\"wp-post\" data-elementor-id=\"6455\" class=\"elementor elementor-6455\">\n\t\t\t\t\t\t<section class=\"ob-is-breaking-bad elementor-section elementor-top-section elementor-element elementor-element-6f9bde5 elementor-section-boxed elementor-section-height-default elementor-section-height-default\" data-id=\"6f9bde5\" data-element_type=\"section\" data-settings=\"{&quot;_ob_bbad_use_it&quot;:&quot;yes&quot;,&quot;_ob_bbad_sssic_use&quot;:&quot;no&quot;,&quot;_ob_glider_is_slider&quot;:&quot;no&quot;}\">\n\t\t\t\t\t\t<div class=\"elementor-container elementor-column-gap-default\">\n\t\t\t\t\t<div class=\"elementor-column elementor-col-100 elementor-top-column elementor-element elementor-element-19ede83\" data-id=\"19ede83\" data-element_type=\"column\" data-settings=\"{&quot;_ob_bbad_is_stalker&quot;:&quot;no&quot;,&quot;_ob_teleporter_use&quot;:false,&quot;_ob_column_hoveranimator&quot;:&quot;no&quot;,&quot;_ob_column_has_pseudo&quot;:&quot;no&quot;}\">\n\t\t\t<div class=\"elementor-widget-wrap elementor-element-populated\">\n\t\t\t\t\t\t<div class=\"elementor-element elementor-element-116ebd6 elementor-widget-divider--view-line ob-has-background-overlay elementor-widget elementor-widget-divider\" data-id=\"116ebd6\" data-element_type=\"widget\" data-settings=\"{&quot;_ob_perspektive_use&quot;:&quot;no&quot;,&quot;_ob_poopart_use&quot;:&quot;yes&quot;,&quot;_ob_shadough_use&quot;:&quot;no&quot;,&quot;_ob_allow_hoveranimator&quot;:&quot;no&quot;,&quot;_ob_widget_stalker_use&quot;:&quot;no&quot;}\" data-widget_type=\"divider.default\">\n\t\t\t\t<div class=\"elementor-widget-container\">\n\t\t\t\t\t\t\t<div class=\"elementor-divider\">\n\t\t\t<span class=\"elementor-divider-separator\">\n\t\t\t\t\t\t<\/span>\n\t\t<\/div>\n\t\t\t\t\t\t<\/div>\n\t\t\t\t<\/div>\n\t\t\t\t<div class=\"elementor-element elementor-element-501deb4 ob-harakiri-inherit ob-has-background-overlay elementor-widget elementor-widget-text-editor\" data-id=\"501deb4\" data-element_type=\"widget\" data-settings=\"{&quot;_ob_use_harakiri&quot;:&quot;yes&quot;,&quot;_ob_harakiri_writing_mode&quot;:&quot;inherit&quot;,&quot;_ob_postman_use&quot;:&quot;no&quot;,&quot;_ob_perspektive_use&quot;:&quot;no&quot;,&quot;_ob_poopart_use&quot;:&quot;yes&quot;,&quot;_ob_shadough_use&quot;:&quot;no&quot;,&quot;_ob_allow_hoveranimator&quot;:&quot;no&quot;,&quot;_ob_widget_stalker_use&quot;:&quot;no&quot;}\" data-widget_type=\"text-editor.default\">\n\t\t\t\t<div class=\"elementor-widget-container\">\n\t\t\t\t\t\t\t\t\t<p><span style=\"font-style: inherit; font-weight: inherit; color: var(--ast-global-color-3);\">\u0110\u01b0\u1ee3c l\u1ea5y c\u1ea3m h\u1ee9ng t\u1eeb ngu\u1ed3n g\u1ed1c California c\u1ee7a PUMA Golf c\u00f9ng v\u1edbi l\u1ed1i s\u1ed1ng v\u00f9ng bi\u1ec3n, chi\u1ebfc qu\u1ea7n short n\u00e0y c\u00f3 th\u1ec3 \u0111\u1ed3ng h\u00e0nh c\u00f9ng b\u1ea1n t\u1eeb tr\u00ean s\u00e2n cho \u0111\u1ebfn b\u00e3i bi\u1ec3n m\u00e0 kh\u00f4ng h\u1ec1 &#8220;r\u01a1i nh\u1ecbp n\u00e0o&#8221;. V\u1edbi \u0111ai l\u01b0ng nhanh kh\u00f4, t\u00fai hydramesh v\u00e0 h\u1ecda ti\u1ebft nh\u1eb9, chi\u1ebfc qu\u1ea7n n\u00e0y ho\u00e0n to\u00e0n c\u00f3 th\u1ec3 gi\u00fap b\u1ea1n tho\u1ea3i m\u00e1i \u1edf b\u1ea5t c\u1ee9 \u0111\u00e2u.<\/span><\/p><p>\u00a0<\/p>\t\t\t\t\t\t\t\t<\/div>\n\t\t\t\t<\/div>\n\t\t\t\t<div class=\"elementor-element elementor-element-5959d35 ob-harakiri-inherit ob-has-background-overlay elementor-widget elementor-widget-heading\" data-id=\"5959d35\" data-element_type=\"widget\" data-settings=\"{&quot;_ob_use_harakiri&quot;:&quot;yes&quot;,&quot;_ob_harakiri_writing_mode&quot;:&quot;inherit&quot;,&quot;_ob_harakiri_text_clip&quot;:&quot;none&quot;,&quot;_ob_perspektive_use&quot;:&quot;no&quot;,&quot;_ob_poopart_use&quot;:&quot;yes&quot;,&quot;_ob_shadough_use&quot;:&quot;no&quot;,&quot;_ob_allow_hoveranimator&quot;:&quot;no&quot;,&quot;_ob_widget_stalker_use&quot;:&quot;no&quot;}\" data-widget_type=\"heading.default\">\n\t\t\t\t<div class=\"elementor-widget-container\">\n\t\t\t\t\t<h2 class=\"elementor-heading-title elementor-size-default\">TH\u00d4NG S\u1ed0 CHI TI\u1ebeT<\/h2>\t\t\t\t<\/div>\n\t\t\t\t<\/div>\n\t\t\t\t<div class=\"elementor-element elementor-element-7b1d8b5 ob-harakiri-inherit ob-has-background-overlay elementor-widget elementor-widget-text-editor\" data-id=\"7b1d8b5\" data-element_type=\"widget\" data-settings=\"{&quot;_ob_use_harakiri&quot;:&quot;yes&quot;,&quot;_ob_harakiri_writing_mode&quot;:&quot;inherit&quot;,&quot;_ob_postman_use&quot;:&quot;no&quot;,&quot;_ob_perspektive_use&quot;:&quot;no&quot;,&quot;_ob_poopart_use&quot;:&quot;yes&quot;,&quot;_ob_shadough_use&quot;:&quot;no&quot;,&quot;_ob_allow_hoveranimator&quot;:&quot;no&quot;,&quot;_ob_widget_stalker_use&quot;:&quot;no&quot;}\" data-widget_type=\"text-editor.default\">\n\t\t\t\t<div class=\"elementor-widget-container\">\n\t\t\t\t\t\t\t\t\t<ul><li>100% Polyester<\/li><li>\u0110an ch\u00e9o<\/li><li>H\u00fat \u1ea9m<\/li><li>DRYCELL<\/li><\/ul>\t\t\t\t\t\t\t\t<\/div>\n\t\t\t\t<\/div>\n\t\t\t\t\t<\/div>\n\t\t<\/div>\n\t\t\t\t\t<\/div>\n\t\t<\/section>\n\t\t\t\t<\/div>\n\t\t","protected":false},"excerpt":{"rendered":"<div class=\"product attribute overview\">\n<div class=\"value\">\n<div class=\"product attribute overview\">\n<div class=\"value\">\n<p><span style=\"font-family:'FF DIN VN'; font-weight:500\">Chi\u1ebfc qu\u1ea7n short d\u00e0nh cho b\u00e9 nam c\u00f3 c\u00f9ng nh\u1eefng c\u00f4ng ngh\u1ec7 c\u00f3 m\u1eb7t \u1edf phi\u00ean b\u1ea3n ng\u01b0\u1eddi l\u1edbn. N\u00f3 lu\u00f4n ho\u00e0n h\u1ea3o cho m\u1ecdi ho\u1ea1t \u0111\u1ed9ng t\u1eeb \u0111i ch\u1ee3 v\u1edbi m\u1eb9 cho \u0111\u1ebfn \u0111i \u0111\u00e1nh 9 l\u1ed7 v\u1edbi b\u1ed1 sau gi\u1edd h\u1ecdc.<\/span><\/p>\n<\/div>\n<\/div>\n<\/div>\n<\/div>\n","protected":false},"featured_media":9161,"comment_status":"open","ping_status":"closed","template":"","meta":{"_uag_custom_page_level_css":"","site-sidebar-layout":"no-sidebar","site-content-layout":"plain-container","ast-global-header-display":"","ast-main-header-display":"","ast-hfb-above-header-display":"","ast-hfb-below-header-display":"","ast-hfb-mobile-header-display":"","site-post-title":"disabled","ast-breadcrumbs-content":"","ast-featured-img":"disabled","footer-sml-layout":"","theme-transparent-header-meta":"default","adv-header-id-meta":"","stick-header-meta":"","header-above-stick-meta":"","header-main-stick-meta":"","header-below-stick-meta":""},"product_brand":[],"product_cat":[318,106],"product_tag":[317,107,1311],"class_list":{"0":"post-6455","1":"product","2":"type-product","3":"status-publish","4":"has-post-thumbnail","6":"product_cat-boys","7":"product_cat-shorts","8":"product_tag-boys","9":"product_tag-shorts","10":"product_tag-stretch","11":"pa_color-day-dream-stretch-short-boys","12":"pa_color-evening-sky-stretch-short-boys","13":"pa_color-high-rise-stretch-short-boys","14":"pa_color-puma-black-stretch-shorts-boys","15":"desktop-align-left","16":"tablet-align-left","17":"mobile-align-left","19":"first","20":"instock","21":"shipping-taxable","22":"purchasable","23":"product-type-variable","24":"has-default-attributes"},"uagb_featured_image_src":{"full":["https:\/\/i0.wp.com\/pumagolf.dscgolf.com\/wp-content\/uploads\/2022\/10\/4ee37520902c2f2ab6a59b82b6f73c840bd335b3_750x.webp?fit=750%2C750&ssl=1",750,750,false],"thumbnail":["https:\/\/i0.wp.com\/pumagolf.dscgolf.com\/wp-content\/uploads\/2022\/10\/4ee37520902c2f2ab6a59b82b6f73c840bd335b3_750x.webp?resize=150%2C150&ssl=1",150,150,true],"medium":["https:\/\/i0.wp.com\/pumagolf.dscgolf.com\/wp-content\/uploads\/2022\/10\/4ee37520902c2f2ab6a59b82b6f73c840bd335b3_750x.webp?fit=300%2C300&ssl=1",300,300,true],"medium_large":["https:\/\/i0.wp.com\/pumagolf.dscgolf.com\/wp-content\/uploads\/2022\/10\/4ee37520902c2f2ab6a59b82b6f73c840bd335b3_750x.webp?fit=750%2C750&ssl=1",750,750,true],"large":["https:\/\/i0.wp.com\/pumagolf.dscgolf.com\/wp-content\/uploads\/2022\/10\/4ee37520902c2f2ab6a59b82b6f73c840bd335b3_750x.webp?fit=750%2C750&ssl=1",750,750,true],"1536x1536":["https:\/\/i0.wp.com\/pumagolf.dscgolf.com\/wp-content\/uploads\/2022\/10\/4ee37520902c2f2ab6a59b82b6f73c840bd335b3_750x.webp?fit=750%2C750&ssl=1",750,750,true],"2048x2048":["https:\/\/i0.wp.com\/pumagolf.dscgolf.com\/wp-content\/uploads\/2022\/10\/4ee37520902c2f2ab6a59b82b6f73c840bd335b3_750x.webp?fit=750%2C750&ssl=1",750,750,true],"woocommerce_thumbnail":["https:\/\/i0.wp.com\/pumagolf.dscgolf.com\/wp-content\/uploads\/2022\/10\/4ee37520902c2f2ab6a59b82b6f73c840bd335b3_750x.webp?resize=300%2C300&ssl=1",300,300,true],"woocommerce_single":["https:\/\/i0.wp.com\/pumagolf.dscgolf.com\/wp-content\/uploads\/2022\/10\/4ee37520902c2f2ab6a59b82b6f73c840bd335b3_750x.webp?fit=600%2C600&ssl=1",600,600,true],"woocommerce_gallery_thumbnail":["https:\/\/i0.wp.com\/pumagolf.dscgolf.com\/wp-content\/uploads\/2022\/10\/4ee37520902c2f2ab6a59b82b6f73c840bd335b3_750x.webp?resize=100%2C100&ssl=1",100,100,true]},"uagb_author_info":{"display_name":"pumagolfvn","author_link":"https:\/\/pumagolf.dscgolf.com\/index.php\/author\/"},"uagb_comment_info":0,"uagb_excerpt":"Chi\u1ebfc qu\u1ea7n short d\u00e0nh cho b\u00e9 nam c\u00f3 c\u00f9ng nh\u1eefng c\u00f4ng ngh\u1ec7 c\u00f3 m\u1eb7t \u1edf phi\u00ean b\u1ea3n ng\u01b0\u1eddi l\u1edbn. N\u00f3 lu\u00f4n ho\u00e0n h\u1ea3o cho m\u1ecdi ho\u1ea1t \u0111\u1ed9ng t\u1eeb \u0111i ch\u1ee3 v\u1edbi m\u1eb9 cho \u0111\u1ebfn \u0111i \u0111\u00e1nh 9 l\u1ed7 v\u1edbi b\u1ed1 sau gi\u1edd h\u1ecdc.","_links":{"self":[{"href":"https:\/\/pumagolf.dscgolf.com\/index.php\/wp-json\/wp\/v2\/product\/6455","targetHints":{"allow":["GET"]}}],"collection":[{"href":"https:\/\/pumagolf.dscgolf.com\/index.php\/wp-json\/wp\/v2\/product"}],"about":[{"href":"https:\/\/pumagolf.dscgolf.com\/index.php\/wp-json\/wp\/v2\/types\/product"}],"replies":[{"embeddable":true,"href":"https:\/\/pumagolf.dscgolf.com\/index.php\/wp-json\/wp\/v2\/comments?post=6455"}],"version-history":[{"count":9,"href":"https:\/\/pumagolf.dscgolf.com\/index.php\/wp-json\/wp\/v2\/product\/6455\/revisions"}],"predecessor-version":[{"id":12811,"href":"https:\/\/pumagolf.dscgolf.com\/index.php\/wp-json\/wp\/v2\/product\/6455\/revisions\/12811"}],"wp:featuredmedia":[{"embeddable":true,"href":"https:\/\/pumagolf.dscgolf.com\/index.php\/wp-json\/wp\/v2\/media\/9161"}],"wp:attachment":[{"href":"https:\/\/pumagolf.dscgolf.com\/index.php\/wp-json\/wp\/v2\/media?parent=6455"}],"wp:term":[{"taxonomy":"product_brand","embeddable":true,"href":"https:\/\/pumagolf.dscgolf.com\/index.php\/wp-json\/wp\/v2\/product_brand?post=6455"},{"taxonomy":"product_cat","embeddable":true,"href":"https:\/\/pumagolf.dscgolf.com\/index.php\/wp-json\/wp\/v2\/product_cat?post=6455"},{"taxonomy":"product_tag","embeddable":true,"href":"https:\/\/pumagolf.dscgolf.com\/index.php\/wp-json\/wp\/v2\/product_tag?post=6455"}],"curies":[{"name":"wp","href":"https:\/\/api.w.org\/{rel}","templated":true}]}}