{"id":6316,"date":"2022-10-03T08:10:13","date_gmt":"2022-10-03T08:10:13","guid":{"rendered":"https:\/\/pumagolf.dscgolf.com\/?post_type=product&#038;p=6316"},"modified":"2024-09-13T06:33:46","modified_gmt":"2024-09-13T06:33:46","slug":"w-mattr-lowlands-polo","status":"publish","type":"product","link":"https:\/\/pumagolf.dscgolf.com\/index.php\/product\/w-mattr-lowlands-polo\/","title":{"rendered":"Women&#8217;s MATTR Lowlands Golf Polo"},"content":{"rendered":"\t\t<div data-elementor-type=\"wp-post\" data-elementor-id=\"6316\" class=\"elementor elementor-6316\">\n\t\t\t\t\t\t<section class=\"ob-is-breaking-bad elementor-section elementor-top-section elementor-element elementor-element-4d75d0be elementor-section-boxed elementor-section-height-default elementor-section-height-default\" data-id=\"4d75d0be\" data-element_type=\"section\" data-settings=\"{&quot;_ob_bbad_use_it&quot;:&quot;yes&quot;,&quot;_ob_bbad_sssic_use&quot;:&quot;no&quot;,&quot;_ob_glider_is_slider&quot;:&quot;no&quot;}\">\n\t\t\t\t\t\t<div class=\"elementor-container elementor-column-gap-default\">\n\t\t\t\t\t<div class=\"elementor-column elementor-col-100 elementor-top-column elementor-element elementor-element-7222776b\" data-id=\"7222776b\" data-element_type=\"column\" data-settings=\"{&quot;_ob_bbad_is_stalker&quot;:&quot;no&quot;,&quot;_ob_teleporter_use&quot;:false,&quot;_ob_column_hoveranimator&quot;:&quot;no&quot;,&quot;_ob_column_has_pseudo&quot;:&quot;no&quot;}\">\n\t\t\t<div class=\"elementor-widget-wrap elementor-element-populated\">\n\t\t\t\t\t\t<div class=\"elementor-element elementor-element-3ca0c19a ob-harakiri-inherit ob-has-background-overlay elementor-widget elementor-widget-text-editor\" data-id=\"3ca0c19a\" data-element_type=\"widget\" data-settings=\"{&quot;_ob_use_harakiri&quot;:&quot;yes&quot;,&quot;_ob_harakiri_writing_mode&quot;:&quot;inherit&quot;,&quot;_ob_postman_use&quot;:&quot;no&quot;,&quot;_ob_perspektive_use&quot;:&quot;no&quot;,&quot;_ob_poopart_use&quot;:&quot;yes&quot;,&quot;_ob_shadough_use&quot;:&quot;no&quot;,&quot;_ob_allow_hoveranimator&quot;:&quot;no&quot;,&quot;_ob_widget_stalker_use&quot;:&quot;no&quot;}\" data-widget_type=\"text-editor.default\">\n\t\t\t\t<div class=\"elementor-widget-container\">\n\t\t\t\t\t\t\t\t\t<p>V\u1edbi v\u1ea3i t\u00e1n \u1ea9m, kh\u00f4 nhanh v\u00e0 tho\u00e1ng kh\u00ed, c\u00f9ng v\u1edbi kh\u1ea3 n\u0103ng co gi\u00e3n 4 chi\u1ec1u v\u00e0 c\u1ea3m gi\u00e1c nh\u1eb9 nh\u00e0ng, nh\u1eefng m\u1eabu \u00e1o golf polo n\u00e0y c\u00f3 t\u1ea5t c\u1ea3 nh\u1eefng g\u00ec b\u1ea1n c\u1ea7n \u0111\u1ec3 c\u00f3 m\u00e0n th\u1ec3 hi\u1ec7n t\u1ed1t nh\u1ea5t. M\u00e0n tr\u00ecnh di\u1ec5n c\u1ee7a b\u1ea1n l\u00e0 m\u00e0n tr\u00ecnh di\u1ec5n c\u1ee7a ch\u00fang t\u00f4i.<\/p>\n<p><\/p>\n<ul>\n<li>92% Polyester t\u00e1i ch\u1ebf, 8% Elastane<\/li>\n<li>H\u00fat \u1ea9m<\/li>\n<li>DryCELL<\/li>\n<li>Ch\u1ed1ng tia UV 40+ UPF<\/li>\n<li>Co gi\u00e3n 4 chi\u1ec1u<\/li>\n<li>Tho\u00e1ng kh\u00ed<\/li>\n<li>Kh\u00f4<\/li>\n<li>C\u1ed5 ch\u1eef V<\/li>\n<li>H\u1ecda ti\u1ebft c\u00e2y hoa K\u1ebf v\u00f9ng tr\u0169ng Scotland tr\u1ea3i kh\u1eafp<\/li>\n<li>Logo ng\u1ef1c tr\u00e1i<\/li>\n<\/ul>\t\t\t\t\t\t\t\t<\/div>\n\t\t\t\t<\/div>\n\t\t\t\t\t<\/div>\n\t\t<\/div>\n\t\t\t\t\t<\/div>\n\t\t<\/section>\n\t\t\t\t<\/div>\n\t\t","protected":false},"excerpt":{"rendered":"<div class=\"product attribute overview\">\n<div class=\"value\">\n<div class=\"product attribute overview\">\n<div class=\"value\">\n<div class=\"product attribute overview\">\n<div class=\"value\">\n<div class=\"product attribute overview\">\n<div class=\"value\">\n<div class=\"product attribute overview\">\n<div class=\"value\">\n<p><span style=\"font-size: 16px;\">H\u1ecda ti\u1ebft c\u00e2y hoa K\u1ebf\u0111\u01b0\u1ee3c l\u1ea5y c\u1ea3m h\u1ee9ng t\u1eeb nh\u1eefng lo\u00e0i hoa d\u1ea1i m\u1ecdc \u1edf c\u00e1c v\u0169ng tr\u0169ng Scotland, n\u01a1i di\u1ec5n ra major cu\u1ed1i c\u00f9ng h\u00e0ng n\u0103m.<\/span><\/p>\n<\/div>\n<\/div>\n<\/div>\n<\/div>\n<\/div>\n<\/div>\n<\/div>\n<\/div>\n<\/div>\n<\/div>\n","protected":false},"featured_media":13117,"comment_status":"open","ping_status":"closed","template":"","meta":{"_uag_custom_page_level_css":"","site-sidebar-layout":"default","site-content-layout":"plain-container","ast-global-header-display":"","ast-main-header-display":"","ast-hfb-above-header-display":"","ast-hfb-below-header-display":"","ast-hfb-mobile-header-display":"","site-post-title":"","ast-breadcrumbs-content":"","ast-featured-img":"","footer-sml-layout":"","theme-transparent-header-meta":"default","adv-header-id-meta":"","stick-header-meta":"","header-above-stick-meta":"","header-main-stick-meta":"","header-below-stick-meta":""},"product_brand":[],"product_cat":[64,70,57],"product_tag":[171,66,65,108],"class_list":{"0":"post-6316","1":"product","2":"type-product","3":"status-publish","4":"has-post-thumbnail","6":"product_cat-mattr","7":"product_cat-polo","8":"product_cat-women","9":"product_tag-lowlands","10":"product_tag-mattr","11":"product_tag-polo","12":"product_tag-women","13":"pa_color-ladies-mattr-lowlands-golf-polo-bright-white-mauve-pop","14":"desktop-align-left","15":"tablet-align-left","16":"mobile-align-left","18":"first","19":"instock","20":"shipping-taxable","21":"purchasable","22":"product-type-variable","23":"has-default-attributes"},"uagb_featured_image_src":{"full":["https:\/\/i0.wp.com\/pumagolf.dscgolf.com\/wp-content\/uploads\/2022\/10\/9853521-800-auto.webp?fit=800%2C800&ssl=1",800,800,false],"thumbnail":["https:\/\/i0.wp.com\/pumagolf.dscgolf.com\/wp-content\/uploads\/2022\/10\/9853521-800-auto.webp?resize=150%2C150&ssl=1",150,150,true],"medium":["https:\/\/i0.wp.com\/pumagolf.dscgolf.com\/wp-content\/uploads\/2022\/10\/9853521-800-auto.webp?fit=300%2C300&ssl=1",300,300,true],"medium_large":["https:\/\/i0.wp.com\/pumagolf.dscgolf.com\/wp-content\/uploads\/2022\/10\/9853521-800-auto.webp?fit=768%2C768&ssl=1",768,768,true],"large":["https:\/\/i0.wp.com\/pumagolf.dscgolf.com\/wp-content\/uploads\/2022\/10\/9853521-800-auto.webp?fit=800%2C800&ssl=1",800,800,true],"1536x1536":["https:\/\/i0.wp.com\/pumagolf.dscgolf.com\/wp-content\/uploads\/2022\/10\/9853521-800-auto.webp?fit=800%2C800&ssl=1",800,800,true],"2048x2048":["https:\/\/i0.wp.com\/pumagolf.dscgolf.com\/wp-content\/uploads\/2022\/10\/9853521-800-auto.webp?fit=800%2C800&ssl=1",800,800,true],"woocommerce_thumbnail":["https:\/\/i0.wp.com\/pumagolf.dscgolf.com\/wp-content\/uploads\/2022\/10\/9853521-800-auto.webp?resize=300%2C300&ssl=1",300,300,true],"woocommerce_single":["https:\/\/i0.wp.com\/pumagolf.dscgolf.com\/wp-content\/uploads\/2022\/10\/9853521-800-auto.webp?fit=600%2C600&ssl=1",600,600,true],"woocommerce_gallery_thumbnail":["https:\/\/i0.wp.com\/pumagolf.dscgolf.com\/wp-content\/uploads\/2022\/10\/9853521-800-auto.webp?resize=100%2C100&ssl=1",100,100,true]},"uagb_author_info":{"display_name":"pumagolfvn","author_link":"https:\/\/pumagolf.dscgolf.com\/index.php\/author\/"},"uagb_comment_info":0,"uagb_excerpt":"H\u1ecda ti\u1ebft c\u00e2y hoa K\u1ebf\u0111\u01b0\u1ee3c l\u1ea5y c\u1ea3m h\u1ee9ng t\u1eeb nh\u1eefng lo\u00e0i hoa d\u1ea1i m\u1ecdc \u1edf c\u00e1c v\u0169ng tr\u0169ng Scotland, n\u01a1i di\u1ec5n ra major cu\u1ed1i c\u00f9ng h\u00e0ng n\u0103m.","_links":{"self":[{"href":"https:\/\/pumagolf.dscgolf.com\/index.php\/wp-json\/wp\/v2\/product\/6316","targetHints":{"allow":["GET"]}}],"collection":[{"href":"https:\/\/pumagolf.dscgolf.com\/index.php\/wp-json\/wp\/v2\/product"}],"about":[{"href":"https:\/\/pumagolf.dscgolf.com\/index.php\/wp-json\/wp\/v2\/types\/product"}],"replies":[{"embeddable":true,"href":"https:\/\/pumagolf.dscgolf.com\/index.php\/wp-json\/wp\/v2\/comments?post=6316"}],"version-history":[{"count":1,"href":"https:\/\/pumagolf.dscgolf.com\/index.php\/wp-json\/wp\/v2\/product\/6316\/revisions"}],"predecessor-version":[{"id":6323,"href":"https:\/\/pumagolf.dscgolf.com\/index.php\/wp-json\/wp\/v2\/product\/6316\/revisions\/6323"}],"wp:featuredmedia":[{"embeddable":true,"href":"https:\/\/pumagolf.dscgolf.com\/index.php\/wp-json\/wp\/v2\/media\/13117"}],"wp:attachment":[{"href":"https:\/\/pumagolf.dscgolf.com\/index.php\/wp-json\/wp\/v2\/media?parent=6316"}],"wp:term":[{"taxonomy":"product_brand","embeddable":true,"href":"https:\/\/pumagolf.dscgolf.com\/index.php\/wp-json\/wp\/v2\/product_brand?post=6316"},{"taxonomy":"product_cat","embeddable":true,"href":"https:\/\/pumagolf.dscgolf.com\/index.php\/wp-json\/wp\/v2\/product_cat?post=6316"},{"taxonomy":"product_tag","embeddable":true,"href":"https:\/\/pumagolf.dscgolf.com\/index.php\/wp-json\/wp\/v2\/product_tag?post=6316"}],"curies":[{"name":"wp","href":"https:\/\/api.w.org\/{rel}","templated":true}]}}