{"id":6199,"date":"2022-10-03T03:39:58","date_gmt":"2022-10-03T03:39:58","guid":{"rendered":"https:\/\/pumagolf.dscgolf.com\/?post_type=product&#038;p=6199"},"modified":"2024-09-13T07:21:28","modified_gmt":"2024-09-13T07:21:28","slug":"first-mile-wind-jacket","status":"publish","type":"product","link":"https:\/\/pumagolf.dscgolf.com\/index.php\/product\/first-mile-wind-jacket\/","title":{"rendered":"\u00c1o Kho\u00e1c Gi\u00f3 Golf First Mile"},"content":{"rendered":"\t\t<div data-elementor-type=\"wp-post\" data-elementor-id=\"6199\" class=\"elementor elementor-6199\">\n\t\t\t\t\t\t<section class=\"ob-is-breaking-bad elementor-section elementor-top-section elementor-element elementor-element-4d75d0be elementor-section-boxed elementor-section-height-default elementor-section-height-default\" data-id=\"4d75d0be\" data-element_type=\"section\" data-settings=\"{&quot;_ob_bbad_use_it&quot;:&quot;yes&quot;,&quot;_ob_bbad_sssic_use&quot;:&quot;no&quot;,&quot;_ob_glider_is_slider&quot;:&quot;no&quot;}\">\n\t\t\t\t\t\t<div class=\"elementor-container elementor-column-gap-default\">\n\t\t\t\t\t<div class=\"elementor-column elementor-col-100 elementor-top-column elementor-element elementor-element-7222776b\" data-id=\"7222776b\" data-element_type=\"column\" data-settings=\"{&quot;_ob_bbad_is_stalker&quot;:&quot;no&quot;,&quot;_ob_teleporter_use&quot;:false,&quot;_ob_column_hoveranimator&quot;:&quot;no&quot;,&quot;_ob_column_has_pseudo&quot;:&quot;no&quot;}\">\n\t\t\t<div class=\"elementor-widget-wrap elementor-element-populated\">\n\t\t\t\t\t\t<div class=\"elementor-element elementor-element-3ca0c19a ob-harakiri-inherit ob-has-background-overlay elementor-widget elementor-widget-text-editor\" data-id=\"3ca0c19a\" data-element_type=\"widget\" data-settings=\"{&quot;_ob_use_harakiri&quot;:&quot;yes&quot;,&quot;_ob_harakiri_writing_mode&quot;:&quot;inherit&quot;,&quot;_ob_postman_use&quot;:&quot;no&quot;,&quot;_ob_perspektive_use&quot;:&quot;no&quot;,&quot;_ob_poopart_use&quot;:&quot;yes&quot;,&quot;_ob_shadough_use&quot;:&quot;no&quot;,&quot;_ob_allow_hoveranimator&quot;:&quot;no&quot;,&quot;_ob_widget_stalker_use&quot;:&quot;no&quot;}\" data-widget_type=\"text-editor.default\">\n\t\t\t\t<div class=\"elementor-widget-container\">\n\t\t\t\t\t\t\t\t\t<section style=\"--tw-translate-x: 0; --tw-translate-y: 0; --tw-rotate: 0; --tw-skew-x: 0; --tw-skew-y: 0; --tw-scale-x: 1; --tw-scale-y: 1; --tw-scroll-snap-strictness: proximity; --tw-ring-offset-width: 0px; --tw-ring-offset-color: #fff; --tw-ring-color: rgb(59 130 246 \/ 0.5); --tw-ring-offset-shadow: 0 0 #0000; --tw-ring-shadow: 0 0 #0000; --tw-shadow: 0 0 #0000; --tw-shadow-colored: 0 0 #0000; --flex-direction: initial; --flex-wrap: initial; --justify-content: initial; --align-items: initial; --align-content: initial; --gap: initial; --flex-basis: initial; --flex-grow: initial; --flex-shrink: initial; --order: initial; --align-self: initial; flex-direction: var(--flex-direction); flex-wrap: var(--flex-wrap); -webkit-box-pack: var(--justify-content); justify-content: var(--justify-content); -webkit-box-align: var(--align-items); align-items: var(--align-items); align-content: var(--align-content); gap: var(--gap); flex-basis: var(--flex-basis); -webkit-box-flex: var(--flex-grow); flex-grow: var(--flex-grow); flex-shrink: var(--flex-shrink); -webkit-box-ordinal-group: var(--order); order: var(--order); align-self: var(--align-self); --widgets-spacing: 20px; padding: 40px 0px 0px;\" data-id=\"557b04c\" data-element_type=\"section\">\n<div style=\"--tw-translate-x: 0; --tw-translate-y: 0; --tw-rotate: 0; --tw-skew-x: 0; --tw-skew-y: 0; --tw-scale-x: 1; --tw-scale-y: 1; --tw-scroll-snap-strictness: proximity; --tw-ring-offset-width: 0px; --tw-ring-offset-color: #fff; --tw-ring-color: rgb(59 130 246 \/ 0.5); --tw-ring-offset-shadow: 0 0 #0000; --tw-ring-shadow: 0 0 #0000; --tw-shadow: 0 0 #0000; --tw-shadow-colored: 0 0 #0000;\">\n<div style=\"--tw-translate-x: 0; --tw-translate-y: 0; --tw-rotate: 0; --tw-skew-x: 0; --tw-skew-y: 0; --tw-scale-x: 1; --tw-scale-y: 1; --tw-scroll-snap-strictness: proximity; --tw-ring-offset-width: 0px; --tw-ring-offset-color: #fff; --tw-ring-color: rgb(59 130 246 \/ 0.5); --tw-ring-offset-shadow: 0 0 #0000; --tw-ring-shadow: 0 0 #0000; --tw-shadow: 0 0 #0000; --tw-shadow-colored: 0 0 #0000; --flex-direction: initial; --flex-wrap: initial; --justify-content: initial; --align-items: initial; --align-content: initial; --gap: initial; --flex-basis: initial; --flex-grow: initial; --flex-shrink: initial; --order: initial; --align-self: initial; flex-direction: var(--flex-direction); flex-wrap: var(--flex-wrap); -webkit-box-pack: var(--justify-content); justify-content: var(--justify-content); -webkit-box-align: var(--align-items); align-items: var(--align-items); align-content: var(--align-content); gap: var(--gap); flex-basis: var(--flex-basis); -webkit-box-flex: var(--flex-grow); flex-grow: var(--flex-grow); flex-shrink: var(--flex-shrink); -webkit-box-ordinal-group: var(--order); order: var(--order); align-self: var(--align-self); --widgets-spacing: 20px; width: 1200px;\" data-id=\"59ff18d0\" data-element_type=\"column\">\n<div style=\"--tw-translate-x: 0; --tw-translate-y: 0; --tw-rotate: 0; --tw-skew-x: 0; --tw-skew-y: 0; --tw-scale-x: 1; --tw-scale-y: 1; --tw-scroll-snap-strictness: proximity; --tw-ring-offset-width: 0px; --tw-ring-offset-color: #fff; --tw-ring-color: rgb(59 130 246 \/ 0.5); --tw-ring-offset-shadow: 0 0 #0000; --tw-ring-shadow: 0 0 #0000; --tw-shadow: 0 0 #0000; --tw-shadow-colored: 0 0 #0000; width: 1200px;\">\n<div style=\"--tw-translate-x: 0; --tw-translate-y: 0; --tw-rotate: 0; --tw-skew-x: 0; --tw-skew-y: 0; --tw-scale-x: 1; --tw-scale-y: 1; --tw-scroll-snap-strictness: proximity; --tw-ring-offset-width: 0px; --tw-ring-offset-color: #fff; --tw-ring-color: rgb(59 130 246 \/ 0.5); --tw-ring-offset-shadow: 0 0 #0000; --tw-ring-shadow: 0 0 #0000; --tw-shadow: 0 0 #0000; --tw-shadow-colored: 0 0 #0000; --flex-direction: initial; --flex-wrap: initial; --justify-content: initial; --align-items: initial; --align-content: initial; --gap: initial; --flex-basis: initial; --flex-grow: initial; --flex-shrink: initial; --order: initial; --align-self: initial; flex-direction: var(--flex-direction); flex-wrap: var(--flex-wrap); -webkit-box-pack: var(--justify-content); justify-content: var(--justify-content); -webkit-box-align: var(--align-items); align-items: var(--align-items); align-content: var(--align-content); gap: var(--gap); flex-basis: var(--flex-basis); -webkit-box-flex: var(--flex-grow); flex-grow: var(--flex-grow); flex-shrink: var(--flex-shrink); -webkit-box-ordinal-group: var(--order); order: var(--order); align-self: var(--align-self); --widgets-spacing: 20px; width: 1180.01px; text-align: justify;\" data-id=\"19170e78\" data-element_type=\"widget\" data-widget_type=\"text-editor.default\">\n<div style=\"--tw-translate-x: 0; --tw-translate-y: 0; --tw-rotate: 0; --tw-skew-x: 0; --tw-skew-y: 0; --tw-scale-x: 1; --tw-scale-y: 1; --tw-scroll-snap-strictness: proximity; --tw-ring-offset-width: 0px; --tw-ring-offset-color: #fff; --tw-ring-color: rgb(59 130 246 \/ 0.5); --tw-ring-offset-shadow: 0 0 #0000; --tw-ring-shadow: 0 0 #0000; --tw-shadow: 0 0 #0000; --tw-shadow-colored: 0 0 #0000;\">\n<div id=\"description\" class=\"data item content\" data-role=\"content\">\n<div class=\"product attribute description\">\n<div class=\"value\">\n<p><span style=\"font-style: inherit; font-weight: inherit; color: var(--ast-global-color-3);\">V\u1ea3i c\u1ee7a First Mile \u0111\u01b0\u1ee3c t\u1ea1o ra t\u1eeb v\u1ecf chai nh\u1ef1a \u0111\u01b0\u1ee3c thu th\u1eadp t\u1eeb Haiti, Honduras v\u00e0 \u0110\u00e0i Loan nh\u1eb1m t\u1ea1o ra c\u00f4ng \u0103n vi\u1ec7c l\u00e0m v\u00e0 gi\u1ea3m thi\u1ec3u ch\u1ea5t th\u1ea3i ra m\u00f4i tr\u01b0\u1eddng. M\u1ed7i chai nh\u1ef1a \u0111\u01b0\u1ee3c ph\u00e2n lo\u1ea1i, l\u00e0m s\u1ea1ch v\u00e0 x\u00e9 nh\u1ecf v\u00e0 bi\u1ebfn th\u00e0nh c\u00e1c s\u1ee3i ch\u1ec9 \u0111\u1ec3 t\u1ea1o n\u00ean c\u00e1c s\u1ea3n ph\u1ea9m c\u00f3 \u00fd ngh\u0129a. M\u1ed7i khi b\u1ea1n mua nh\u1eefng s\u1ea3n ph\u1ea9m n\u00e0y l\u00e0 b\u1ea1n gi\u00fap s\u1ee9c cho c\u1ed9ng \u0111\u1ed3ng v\u00e0 mang l\u1ea1i m\u1ed9t s\u1ef1 thay \u0111\u1ed5i t\u00edch c\u1ef1c. Puma Golf v\u00e0 First Mile \u0111ang d\u1ea7n \u0111\u1ecbnh ngh\u0129a l\u1ea1i vi\u1ec7c b\u1ea3o v\u1ec7 m\u00f4i tr\u01b0\u1eddng v\u00e0 th\u1ec3 thao.<\/span><br><\/p><\/div><\/div><\/div>\n<p style=\"--tw-translate-x: 0; --tw-translate-y: 0; --tw-rotate: 0; --tw-skew-x: 0; --tw-skew-y: 0; --tw-scale-x: 1; --tw-scale-y: 1; --tw-scroll-snap-strictness: proximity; --tw-ring-offset-width: 0px; --tw-ring-offset-color: #fff; --tw-ring-color: rgb(59 130 246 \/ 0.5); --tw-ring-offset-shadow: 0 0 #0000; --tw-ring-shadow: 0 0 #0000; --tw-shadow: 0 0 #0000; --tw-shadow-colored: 0 0 #0000; font-size: 16px; font-style: normal; font-weight: 400; text-align: start;\">\n<\/p><\/div>\n<\/div>\n<\/div>\n<\/div>\n<\/div>\n<\/section>\n<ul>\n<li style=\"margin-top: 0rem;\">85% Polyester, 15% Elastane<\/li>\n<li style=\"margin-top: 0rem;\">Circular Knit<\/li>\n<li style=\"margin-top: 0rem;\">H\u00fat \u1ea9m<\/li>\n<li style=\"margin-top: 0rem;\">Co gi\u00e3n 4 chi\u1ec1u<\/li>\n<li style=\"margin-top: 0rem;\">V\u00f4 c\u00f9ng m\u1ec1m m\u1ea1i<\/li>\n<li style=\"margin-top: 0rem;\">H\u1ecda ti\u1ebft hoa K\u1ebf tr\u1ea3i kh\u1eafp<\/li>\n<li style=\"margin-top: 0rem;\">Logo Puma \u1ed1ng tay tr\u00e1i<\/li>\n<\/ul>\t\t\t\t\t\t\t\t<\/div>\n\t\t\t\t<\/div>\n\t\t\t\t\t<\/div>\n\t\t<\/div>\n\t\t\t\t\t<\/div>\n\t\t<\/section>\n\t\t\t\t<\/div>\n\t\t","protected":false},"excerpt":{"rendered":"<div class=\"product attribute overview\">\n<div class=\"value\">\n<p><span style=\"font-size: 16px;\">\u00c1o kho\u00e1c gi\u00f3 The First Mile ch\u00fa \u00fd t\u1edbi t\u1ea5t c\u1ea3 nh\u1eefng chi ti\u1ebft quan tr\u1ecdng &#8211; t\u1eeb ki\u1ec3u d\u00e1ng truy\u1ec1n th\u1ed1ng cho \u0111\u1ebfn nguy\u00ean li\u1ec7u b\u1ea3o v\u1ec7 m\u00f4i tr\u01b0\u1eddng v\u1edbi s\u1ee3i ch\u1ec9 l\u00e0m t\u1eeb chai v\u1ecf nh\u1ef1a \u0111\u01b0\u1ee3c t\u00e1i ch\u1ebf.<\/span><\/p>\n<\/div>\n<\/div>\n","protected":false},"featured_media":6201,"comment_status":"open","ping_status":"closed","template":"","meta":{"_uag_custom_page_level_css":"","site-sidebar-layout":"default","site-content-layout":"plain-container","ast-global-header-display":"","ast-main-header-display":"","ast-hfb-above-header-display":"","ast-hfb-below-header-display":"","ast-hfb-mobile-header-display":"","site-post-title":"","ast-breadcrumbs-content":"","ast-featured-img":"","footer-sml-layout":"","theme-transparent-header-meta":"default","adv-header-id-meta":"","stick-header-meta":"","header-above-stick-meta":"","header-main-stick-meta":"","header-below-stick-meta":""},"product_brand":[],"product_cat":[292,49],"product_tag":[295,293],"class_list":{"0":"post-6199","1":"product","2":"type-product","3":"status-publish","4":"has-post-thumbnail","6":"product_cat-jacket","7":"product_cat-men","8":"product_tag-first-mile","9":"product_tag-jacket","10":"pa_color-navy-blazer-high-rise","11":"desktop-align-left","12":"tablet-align-left","13":"mobile-align-left","15":"first","16":"outofstock","17":"shipping-taxable","18":"product-type-simple"},"uagb_featured_image_src":{"full":["https:\/\/i0.wp.com\/pumagolf.dscgolf.com\/wp-content\/uploads\/2022\/10\/PUM-599128_pum-599128-03_image_front.jpg?fit=1024%2C1024&ssl=1",1024,1024,false],"thumbnail":["https:\/\/i0.wp.com\/pumagolf.dscgolf.com\/wp-content\/uploads\/2022\/10\/PUM-599128_pum-599128-03_image_front.jpg?resize=150%2C150&ssl=1",150,150,true],"medium":["https:\/\/i0.wp.com\/pumagolf.dscgolf.com\/wp-content\/uploads\/2022\/10\/PUM-599128_pum-599128-03_image_front.jpg?fit=300%2C300&ssl=1",300,300,true],"medium_large":["https:\/\/i0.wp.com\/pumagolf.dscgolf.com\/wp-content\/uploads\/2022\/10\/PUM-599128_pum-599128-03_image_front.jpg?fit=768%2C768&ssl=1",768,768,true],"large":["https:\/\/i0.wp.com\/pumagolf.dscgolf.com\/wp-content\/uploads\/2022\/10\/PUM-599128_pum-599128-03_image_front.jpg?fit=1024%2C1024&ssl=1",1024,1024,true],"1536x1536":["https:\/\/i0.wp.com\/pumagolf.dscgolf.com\/wp-content\/uploads\/2022\/10\/PUM-599128_pum-599128-03_image_front.jpg?fit=1024%2C1024&ssl=1",1024,1024,true],"2048x2048":["https:\/\/i0.wp.com\/pumagolf.dscgolf.com\/wp-content\/uploads\/2022\/10\/PUM-599128_pum-599128-03_image_front.jpg?fit=1024%2C1024&ssl=1",1024,1024,true],"woocommerce_thumbnail":["https:\/\/i0.wp.com\/pumagolf.dscgolf.com\/wp-content\/uploads\/2022\/10\/PUM-599128_pum-599128-03_image_front.jpg?resize=300%2C300&ssl=1",300,300,true],"woocommerce_single":["https:\/\/i0.wp.com\/pumagolf.dscgolf.com\/wp-content\/uploads\/2022\/10\/PUM-599128_pum-599128-03_image_front.jpg?fit=600%2C600&ssl=1",600,600,true],"woocommerce_gallery_thumbnail":["https:\/\/i0.wp.com\/pumagolf.dscgolf.com\/wp-content\/uploads\/2022\/10\/PUM-599128_pum-599128-03_image_front.jpg?resize=100%2C100&ssl=1",100,100,true]},"uagb_author_info":{"display_name":"pumagolfvn","author_link":"https:\/\/pumagolf.dscgolf.com\/index.php\/author\/"},"uagb_comment_info":0,"uagb_excerpt":"\u00c1o kho\u00e1c gi\u00f3 The First Mile ch\u00fa \u00fd t\u1edbi t\u1ea5t c\u1ea3 nh\u1eefng chi ti\u1ebft quan tr\u1ecdng - t\u1eeb ki\u1ec3u d\u00e1ng truy\u1ec1n th\u1ed1ng cho \u0111\u1ebfn nguy\u00ean li\u1ec7u b\u1ea3o v\u1ec7 m\u00f4i tr\u01b0\u1eddng v\u1edbi s\u1ee3i ch\u1ec9 l\u00e0m t\u1eeb chai v\u1ecf nh\u1ef1a \u0111\u01b0\u1ee3c t\u00e1i ch\u1ebf.","_links":{"self":[{"href":"https:\/\/pumagolf.dscgolf.com\/index.php\/wp-json\/wp\/v2\/product\/6199","targetHints":{"allow":["GET"]}}],"collection":[{"href":"https:\/\/pumagolf.dscgolf.com\/index.php\/wp-json\/wp\/v2\/product"}],"about":[{"href":"https:\/\/pumagolf.dscgolf.com\/index.php\/wp-json\/wp\/v2\/types\/product"}],"replies":[{"embeddable":true,"href":"https:\/\/pumagolf.dscgolf.com\/index.php\/wp-json\/wp\/v2\/comments?post=6199"}],"version-history":[{"count":11,"href":"https:\/\/pumagolf.dscgolf.com\/index.php\/wp-json\/wp\/v2\/product\/6199\/revisions"}],"predecessor-version":[{"id":13120,"href":"https:\/\/pumagolf.dscgolf.com\/index.php\/wp-json\/wp\/v2\/product\/6199\/revisions\/13120"}],"wp:featuredmedia":[{"embeddable":true,"href":"https:\/\/pumagolf.dscgolf.com\/index.php\/wp-json\/wp\/v2\/media\/6201"}],"wp:attachment":[{"href":"https:\/\/pumagolf.dscgolf.com\/index.php\/wp-json\/wp\/v2\/media?parent=6199"}],"wp:term":[{"taxonomy":"product_brand","embeddable":true,"href":"https:\/\/pumagolf.dscgolf.com\/index.php\/wp-json\/wp\/v2\/product_brand?post=6199"},{"taxonomy":"product_cat","embeddable":true,"href":"https:\/\/pumagolf.dscgolf.com\/index.php\/wp-json\/wp\/v2\/product_cat?post=6199"},{"taxonomy":"product_tag","embeddable":true,"href":"https:\/\/pumagolf.dscgolf.com\/index.php\/wp-json\/wp\/v2\/product_tag?post=6199"}],"curies":[{"name":"wp","href":"https:\/\/api.w.org\/{rel}","templated":true}]}}