{"id":6031,"date":"2022-09-30T08:18:03","date_gmt":"2022-09-30T08:18:03","guid":{"rendered":"https:\/\/pumagolf.dscgolf.com\/?post_type=product&#038;p=6031"},"modified":"2022-09-30T08:32:02","modified_gmt":"2022-09-30T08:32:02","slug":"cloudspun-h8-polo","status":"publish","type":"product","link":"https:\/\/pumagolf.dscgolf.com\/index.php\/product\/cloudspun-h8-polo\/","title":{"rendered":"Cloudspun H8 Golf Polo"},"content":{"rendered":"\t\t<div data-elementor-type=\"wp-post\" data-elementor-id=\"6031\" class=\"elementor elementor-6031\">\n\t\t\t\t\t\t<section class=\"ob-is-breaking-bad elementor-section elementor-top-section elementor-element elementor-element-51cd515c elementor-section-boxed elementor-section-height-default elementor-section-height-default\" data-id=\"51cd515c\" data-element_type=\"section\" data-settings=\"{&quot;_ob_bbad_use_it&quot;:&quot;yes&quot;,&quot;_ob_bbad_sssic_use&quot;:&quot;no&quot;,&quot;_ob_glider_is_slider&quot;:&quot;no&quot;}\">\n\t\t\t\t\t\t<div class=\"elementor-container elementor-column-gap-default\">\n\t\t\t\t\t<div class=\"elementor-column elementor-col-100 elementor-top-column elementor-element elementor-element-2edca125\" data-id=\"2edca125\" data-element_type=\"column\" data-settings=\"{&quot;_ob_bbad_is_stalker&quot;:&quot;no&quot;,&quot;_ob_teleporter_use&quot;:false,&quot;_ob_column_hoveranimator&quot;:&quot;no&quot;,&quot;_ob_column_has_pseudo&quot;:&quot;no&quot;}\">\n\t\t\t<div class=\"elementor-widget-wrap elementor-element-populated\">\n\t\t\t\t\t\t<div class=\"elementor-element elementor-element-232603bd ob-harakiri-inherit ob-has-background-overlay elementor-widget elementor-widget-text-editor\" data-id=\"232603bd\" data-element_type=\"widget\" data-settings=\"{&quot;_ob_use_harakiri&quot;:&quot;yes&quot;,&quot;_ob_harakiri_writing_mode&quot;:&quot;inherit&quot;,&quot;_ob_postman_use&quot;:&quot;no&quot;,&quot;_ob_perspektive_use&quot;:&quot;no&quot;,&quot;_ob_poopart_use&quot;:&quot;yes&quot;,&quot;_ob_shadough_use&quot;:&quot;no&quot;,&quot;_ob_allow_hoveranimator&quot;:&quot;no&quot;,&quot;_ob_widget_stalker_use&quot;:&quot;no&quot;}\" data-widget_type=\"text-editor.default\">\n\t\t\t\t<div class=\"elementor-widget-container\">\n\t\t\t\t\t\t\t\t\tCh\u1ea5t li\u1ec7u v\u1ea3i CLOUDSPUN c\u1ee7a PUMA mang \u0111\u1ebfn c\u1ea3m gi\u00e1c v\u00f4 c\u00f9ng m\u1ec1m m\u1ea1i v\u1edbi kh\u1ea3 n\u0103ng co gi\u00e3n 4 chi\u1ec1u, h\u00fat \u1ea9m v\u00e0 t\u1ea5t c\u1ea3 nh\u1eefng t\u00ednh n\u0103ng c\u1ea7n \u0111\u1ec3 ch\u01a1i tr\u1ecdn 18 l\u1ed7. Ch\u00fang t\u00f4i h\u1ee9a r\u1eb1ng, n\u00f3 s\u1ebd m\u1eb7c th\u00edch h\u01a1n c\u00e1i m\u00e0 b\u1ea1n c\u00f3.\n<ul>\n \t<li>94% Polyester t\u00e1i ch\u1ebf, 6% Elastane<\/li>\n \t<li>H\u00fat \u1ea9m<\/li>\n \t<li>DryCELL<\/li>\n \t<li>Ch\u1ed1ng tia UV 40+ UPF<\/li>\n \t<li>Co gi\u00e3n 4 chi\u1ec1u<\/li>\n \t<li>V\u00f4 c\u00f9ng m\u1ec1m m\u1ea1i<\/li>\n \t<li>H\u1ecda ti\u1ebft tr\u00e1i tim, ng\u01b0\u1eddi tuy\u1ebft v\u00e0 g\u1eady g\u1eaby.<\/li>\n \t<li>Logo c\u00e1nh tay tr\u00e1i<\/li>\n<\/ul>\t\t\t\t\t\t\t\t<\/div>\n\t\t\t\t<\/div>\n\t\t\t\t\t<\/div>\n\t\t<\/div>\n\t\t\t\t\t<\/div>\n\t\t<\/section>\n\t\t\t\t<\/div>\n\t\t","protected":false},"excerpt":{"rendered":"<div class=\"product attribute overview\">\n<div class=\"value\">\n<p>M\u1ecdi golfer \u0111\u1ec1u bi\u1ebft r\u1eb1ng h\u1ecd y\u00eau golf nh\u01b0ng s\u1ebd c\u00f3 nh\u1eefng l\u00fac golf khi\u1ebfn h\u1ecd n\u1ea3n l\u00f2ng. Tr\u00ean chi\u1ebfc \u00e1o polo n\u00e0y, t\u00ecnh y\u00eau \u0111\u01b0\u1ee3c th\u1ec3 hi\u1ec7n qua nh\u1eefng bi\u1ec3u t\u01b0\u1ee3ng nh\u1eefng tr\u00e1i tim v\u00e0 s\u1ef1 th\u00f9 gh\u00e9t \u0111\u01b0\u1ee3c th\u1ec3 hi\u1ec7n qua h\u00ecnh ng\u01b0\u1eddi tuy\u1ebft v\u00e0 nh\u1eefng g\u1eady h\u1ecfng. H\u00e3y t\u1eadn h\u01b0\u1edfng tr\u00f2 ch\u01a1i v\u00e0 tr\u00f4ng s\u00e0nh \u0111i\u1ec7u khi \u0111\u00f3, b\u1ea5t k\u1ec3 \u0111i\u1ec3m s\u1ed1 ra sao.<\/p>\n<\/div>\n<\/div>\n<div class=\"product-info-stock-sku\"><\/div>\n","protected":false},"featured_media":6026,"comment_status":"open","ping_status":"closed","template":"","meta":{"_uag_custom_page_level_css":"","site-sidebar-layout":"default","site-content-layout":"plain-container","ast-global-header-display":"","ast-main-header-display":"","ast-hfb-above-header-display":"","ast-hfb-below-header-display":"","ast-hfb-mobile-header-display":"","site-post-title":"","ast-breadcrumbs-content":"","ast-featured-img":"","footer-sml-layout":"","theme-transparent-header-meta":"default","adv-header-id-meta":"","stick-header-meta":"default","header-above-stick-meta":"","header-main-stick-meta":"","header-below-stick-meta":""},"product_brand":[],"product_cat":[80,87,49,70],"product_tag":[81,65],"class_list":{"0":"post-6031","1":"product","2":"type-product","3":"status-publish","4":"has-post-thumbnail","6":"product_cat-cloudspun","7":"product_cat-h8","8":"product_cat-men","9":"product_cat-polo","10":"product_tag-cloudspun","11":"product_tag-polo","12":"pa_color-evening-sky-navy-blazer","13":"desktop-align-left","14":"tablet-align-left","15":"mobile-align-left","17":"first","18":"instock","19":"shipping-taxable","20":"product-type-simple"},"uagb_featured_image_src":{"full":["https:\/\/i0.wp.com\/pumagolf.dscgolf.com\/wp-content\/uploads\/2017\/12\/PUM-533855_pum-533855-03_image_front.jpg?fit=1024%2C1024&ssl=1",1024,1024,false],"thumbnail":["https:\/\/i0.wp.com\/pumagolf.dscgolf.com\/wp-content\/uploads\/2017\/12\/PUM-533855_pum-533855-03_image_front.jpg?resize=150%2C150&ssl=1",150,150,true],"medium":["https:\/\/i0.wp.com\/pumagolf.dscgolf.com\/wp-content\/uploads\/2017\/12\/PUM-533855_pum-533855-03_image_front.jpg?fit=300%2C300&ssl=1",300,300,true],"medium_large":["https:\/\/i0.wp.com\/pumagolf.dscgolf.com\/wp-content\/uploads\/2017\/12\/PUM-533855_pum-533855-03_image_front.jpg?fit=768%2C768&ssl=1",768,768,true],"large":["https:\/\/i0.wp.com\/pumagolf.dscgolf.com\/wp-content\/uploads\/2017\/12\/PUM-533855_pum-533855-03_image_front.jpg?fit=1024%2C1024&ssl=1",1024,1024,true],"1536x1536":["https:\/\/i0.wp.com\/pumagolf.dscgolf.com\/wp-content\/uploads\/2017\/12\/PUM-533855_pum-533855-03_image_front.jpg?fit=1024%2C1024&ssl=1",1024,1024,true],"2048x2048":["https:\/\/i0.wp.com\/pumagolf.dscgolf.com\/wp-content\/uploads\/2017\/12\/PUM-533855_pum-533855-03_image_front.jpg?fit=1024%2C1024&ssl=1",1024,1024,true],"woocommerce_thumbnail":["https:\/\/i0.wp.com\/pumagolf.dscgolf.com\/wp-content\/uploads\/2017\/12\/PUM-533855_pum-533855-03_image_front.jpg?resize=300%2C300&ssl=1",300,300,true],"woocommerce_single":["https:\/\/i0.wp.com\/pumagolf.dscgolf.com\/wp-content\/uploads\/2017\/12\/PUM-533855_pum-533855-03_image_front.jpg?fit=600%2C600&ssl=1",600,600,true],"woocommerce_gallery_thumbnail":["https:\/\/i0.wp.com\/pumagolf.dscgolf.com\/wp-content\/uploads\/2017\/12\/PUM-533855_pum-533855-03_image_front.jpg?resize=100%2C100&ssl=1",100,100,true]},"uagb_author_info":{"display_name":"pumagolfvn","author_link":"https:\/\/pumagolf.dscgolf.com\/index.php\/author\/"},"uagb_comment_info":0,"uagb_excerpt":"M\u1ecdi golfer \u0111\u1ec1u bi\u1ebft r\u1eb1ng h\u1ecd y\u00eau golf nh\u01b0ng s\u1ebd c\u00f3 nh\u1eefng l\u00fac golf khi\u1ebfn h\u1ecd n\u1ea3n l\u00f2ng. Tr\u00ean chi\u1ebfc \u00e1o polo n\u00e0y, t\u00ecnh y\u00eau \u0111\u01b0\u1ee3c th\u1ec3 hi\u1ec7n qua nh\u1eefng bi\u1ec3u t\u01b0\u1ee3ng nh\u1eefng tr\u00e1i tim v\u00e0 s\u1ef1 th\u00f9 gh\u00e9t \u0111\u01b0\u1ee3c th\u1ec3 hi\u1ec7n qua h\u00ecnh ng\u01b0\u1eddi tuy\u1ebft v\u00e0 nh\u1eefng g\u1eady h\u1ecfng. H\u00e3y t\u1eadn h\u01b0\u1edfng tr\u00f2 ch\u01a1i&hellip;","_links":{"self":[{"href":"https:\/\/pumagolf.dscgolf.com\/index.php\/wp-json\/wp\/v2\/product\/6031","targetHints":{"allow":["GET"]}}],"collection":[{"href":"https:\/\/pumagolf.dscgolf.com\/index.php\/wp-json\/wp\/v2\/product"}],"about":[{"href":"https:\/\/pumagolf.dscgolf.com\/index.php\/wp-json\/wp\/v2\/types\/product"}],"replies":[{"embeddable":true,"href":"https:\/\/pumagolf.dscgolf.com\/index.php\/wp-json\/wp\/v2\/comments?post=6031"}],"version-history":[{"count":2,"href":"https:\/\/pumagolf.dscgolf.com\/index.php\/wp-json\/wp\/v2\/product\/6031\/revisions"}],"predecessor-version":[{"id":6033,"href":"https:\/\/pumagolf.dscgolf.com\/index.php\/wp-json\/wp\/v2\/product\/6031\/revisions\/6033"}],"wp:featuredmedia":[{"embeddable":true,"href":"https:\/\/pumagolf.dscgolf.com\/index.php\/wp-json\/wp\/v2\/media\/6026"}],"wp:attachment":[{"href":"https:\/\/pumagolf.dscgolf.com\/index.php\/wp-json\/wp\/v2\/media?parent=6031"}],"wp:term":[{"taxonomy":"product_brand","embeddable":true,"href":"https:\/\/pumagolf.dscgolf.com\/index.php\/wp-json\/wp\/v2\/product_brand?post=6031"},{"taxonomy":"product_cat","embeddable":true,"href":"https:\/\/pumagolf.dscgolf.com\/index.php\/wp-json\/wp\/v2\/product_cat?post=6031"},{"taxonomy":"product_tag","embeddable":true,"href":"https:\/\/pumagolf.dscgolf.com\/index.php\/wp-json\/wp\/v2\/product_tag?post=6031"}],"curies":[{"name":"wp","href":"https:\/\/api.w.org\/{rel}","templated":true}]}}