{"id":5946,"date":"2022-09-30T06:57:44","date_gmt":"2022-09-30T06:57:44","guid":{"rendered":"https:\/\/pumagolf.dscgolf.com\/?post_type=product&#038;p=5946"},"modified":"2024-09-13T06:51:48","modified_gmt":"2024-09-13T06:51:48","slug":"mattr-canyon-polo","status":"publish","type":"product","link":"https:\/\/pumagolf.dscgolf.com\/index.php\/product\/mattr-canyon-polo\/","title":{"rendered":"Mattr Canyon Polo"},"content":{"rendered":"\t\t<div data-elementor-type=\"wp-post\" data-elementor-id=\"5946\" class=\"elementor elementor-5946\">\n\t\t\t\t\t\t<section class=\"ob-is-breaking-bad elementor-section elementor-top-section elementor-element elementor-element-4d75d0be elementor-section-boxed elementor-section-height-default elementor-section-height-default\" data-id=\"4d75d0be\" data-element_type=\"section\" data-settings=\"{&quot;_ob_bbad_use_it&quot;:&quot;yes&quot;,&quot;_ob_bbad_sssic_use&quot;:&quot;no&quot;,&quot;_ob_glider_is_slider&quot;:&quot;no&quot;}\">\n\t\t\t\t\t\t<div class=\"elementor-container elementor-column-gap-default\">\n\t\t\t\t\t<div class=\"elementor-column elementor-col-100 elementor-top-column elementor-element elementor-element-7222776b\" data-id=\"7222776b\" data-element_type=\"column\" data-settings=\"{&quot;_ob_bbad_is_stalker&quot;:&quot;no&quot;,&quot;_ob_teleporter_use&quot;:false,&quot;_ob_column_hoveranimator&quot;:&quot;no&quot;,&quot;_ob_column_has_pseudo&quot;:&quot;no&quot;}\">\n\t\t\t<div class=\"elementor-widget-wrap elementor-element-populated\">\n\t\t\t\t\t\t<div class=\"elementor-element elementor-element-3ca0c19a ob-harakiri-inherit ob-has-background-overlay elementor-widget elementor-widget-text-editor\" data-id=\"3ca0c19a\" data-element_type=\"widget\" data-settings=\"{&quot;_ob_use_harakiri&quot;:&quot;yes&quot;,&quot;_ob_harakiri_writing_mode&quot;:&quot;inherit&quot;,&quot;_ob_postman_use&quot;:&quot;no&quot;,&quot;_ob_perspektive_use&quot;:&quot;no&quot;,&quot;_ob_poopart_use&quot;:&quot;yes&quot;,&quot;_ob_shadough_use&quot;:&quot;no&quot;,&quot;_ob_allow_hoveranimator&quot;:&quot;no&quot;,&quot;_ob_widget_stalker_use&quot;:&quot;no&quot;}\" data-widget_type=\"text-editor.default\">\n\t\t\t\t<div class=\"elementor-widget-container\">\n\t\t\t\t\t\t\t\t\tV\u1edbi v\u1ea3i t\u00e1n \u1ea9m, kh\u00f4 nhanh v\u00e0 tho\u00e1ng kh\u00ed, c\u00f9ng v\u1edbi kh\u1ea3 n\u0103ng co gi\u00e3n 4 chi\u1ec1u v\u00e0 c\u1ea3m gi\u00e1c nh\u1eb9 nh\u00e0ng, nh\u1eefng m\u1eabu \u00e1o golf polo n\u00e0y c\u00f3 t\u1ea5t c\u1ea3 nh\u1eefng g\u00ec b\u1ea1n c\u1ea7n \u0111\u1ec3 c\u00f3 m\u00e0n th\u1ec3 hi\u1ec7n t\u1ed1t nh\u1ea5t. M\u00e0n tr\u00ecnh di\u1ec5n c\u1ee7a b\u1ea1n l\u00e0 m\u00e0n tr\u00ecnh di\u1ec5n c\u1ee7a ch\u00fang t\u00f4i.\u200b\r\n\r\n&nbsp;\r\n<ul>\r\n \t<li>92% Polyester t\u00e1i ch\u1ebf, 8% Elastane<\/li>\r\n \t<li>H\u00fat \u1ea9m<\/li>\r\n \t<li>DryCELL<\/li>\r\n \t<li>Ch\u1ed1ng tia UV 40+ UPF<\/li>\r\n \t<li>Co gi\u00e3n 4 chi\u1ec1u<\/li>\r\n \t<li>Tho\u00e1ng kh\u00ed<\/li>\r\n \t<li>Kh\u00f4<\/li>\r\n \t<li>\u0110\u01b0\u1eddng k\u1ebb ngang quanh ng\u1ef1c 3 m\u00e0u<\/li>\r\n \t<li>Logo ng\u1ef1c tr\u00e1i<\/li>\r\n<\/ul>\t\t\t\t\t\t\t\t<\/div>\n\t\t\t\t<\/div>\n\t\t\t\t\t<\/div>\n\t\t<\/div>\n\t\t\t\t\t<\/div>\n\t\t<\/section>\n\t\t\t\t<\/div>\n\t\t","protected":false},"excerpt":{"rendered":"<div class=\"product attribute overview\">\n<div class=\"value\">\n<p><span style=\"font-size: 16px;\">L\u00e0n gi\u00f3 \u0111\u1ed5i m\u1edbi tr\u00ean m\u1ed9t chi\u1ebfc \u00e1o polo classic. \u0110\u01b0\u1ee3c l\u00e0m t\u1eeb ch\u1ea5t li\u1ec7u MATTR, \u00e1o polo Canyon s\u1ebd gi\u1eef b\u1ea1n tho\u1ea3i m\u00e1i trong su\u1ed1t v\u00f2ng ch\u01a1i.\u00a0<\/span><\/p>\n<\/div>\n<\/div>\n","protected":false},"featured_media":5951,"comment_status":"open","ping_status":"closed","template":"","meta":{"_uag_custom_page_level_css":"","site-sidebar-layout":"default","site-content-layout":"plain-container","ast-global-header-display":"","ast-main-header-display":"","ast-hfb-above-header-display":"","ast-hfb-below-header-display":"","ast-hfb-mobile-header-display":"","site-post-title":"","ast-breadcrumbs-content":"","ast-featured-img":"","footer-sml-layout":"","theme-transparent-header-meta":"default","adv-header-id-meta":"","stick-header-meta":"","header-above-stick-meta":"","header-main-stick-meta":"","header-below-stick-meta":""},"product_brand":[],"product_cat":[64,70],"product_tag":[66,65],"class_list":{"0":"post-5946","1":"product","2":"type-product","3":"status-publish","4":"has-post-thumbnail","6":"product_cat-mattr","7":"product_cat-polo","8":"product_tag-mattr","9":"product_tag-polo","10":"pa_color-bright-white-sunset-pink","11":"pa_color-evening-sky-warm-chestnut","12":"pa_color-navy-blazer-lavendar-pop","13":"desktop-align-left","14":"tablet-align-left","15":"mobile-align-left","17":"first","18":"outofstock","19":"shipping-taxable","20":"purchasable","21":"product-type-variable"},"uagb_featured_image_src":{"full":["https:\/\/i0.wp.com\/pumagolf.dscgolf.com\/wp-content\/uploads\/2022\/09\/PUM-532977_pum-532977-11_image_front.jpg?fit=1024%2C1024&ssl=1",1024,1024,false],"thumbnail":["https:\/\/i0.wp.com\/pumagolf.dscgolf.com\/wp-content\/uploads\/2022\/09\/PUM-532977_pum-532977-11_image_front.jpg?resize=150%2C150&ssl=1",150,150,true],"medium":["https:\/\/i0.wp.com\/pumagolf.dscgolf.com\/wp-content\/uploads\/2022\/09\/PUM-532977_pum-532977-11_image_front.jpg?fit=300%2C300&ssl=1",300,300,true],"medium_large":["https:\/\/i0.wp.com\/pumagolf.dscgolf.com\/wp-content\/uploads\/2022\/09\/PUM-532977_pum-532977-11_image_front.jpg?fit=768%2C768&ssl=1",768,768,true],"large":["https:\/\/i0.wp.com\/pumagolf.dscgolf.com\/wp-content\/uploads\/2022\/09\/PUM-532977_pum-532977-11_image_front.jpg?fit=1024%2C1024&ssl=1",1024,1024,true],"1536x1536":["https:\/\/i0.wp.com\/pumagolf.dscgolf.com\/wp-content\/uploads\/2022\/09\/PUM-532977_pum-532977-11_image_front.jpg?fit=1024%2C1024&ssl=1",1024,1024,true],"2048x2048":["https:\/\/i0.wp.com\/pumagolf.dscgolf.com\/wp-content\/uploads\/2022\/09\/PUM-532977_pum-532977-11_image_front.jpg?fit=1024%2C1024&ssl=1",1024,1024,true],"woocommerce_thumbnail":["https:\/\/i0.wp.com\/pumagolf.dscgolf.com\/wp-content\/uploads\/2022\/09\/PUM-532977_pum-532977-11_image_front.jpg?resize=300%2C300&ssl=1",300,300,true],"woocommerce_single":["https:\/\/i0.wp.com\/pumagolf.dscgolf.com\/wp-content\/uploads\/2022\/09\/PUM-532977_pum-532977-11_image_front.jpg?fit=600%2C600&ssl=1",600,600,true],"woocommerce_gallery_thumbnail":["https:\/\/i0.wp.com\/pumagolf.dscgolf.com\/wp-content\/uploads\/2022\/09\/PUM-532977_pum-532977-11_image_front.jpg?resize=100%2C100&ssl=1",100,100,true]},"uagb_author_info":{"display_name":"pumagolfvn","author_link":"https:\/\/pumagolf.dscgolf.com\/index.php\/author\/"},"uagb_comment_info":0,"uagb_excerpt":"L\u00e0n gi\u00f3 \u0111\u1ed5i m\u1edbi tr\u00ean m\u1ed9t chi\u1ebfc \u00e1o polo classic. \u0110\u01b0\u1ee3c l\u00e0m t\u1eeb ch\u1ea5t li\u1ec7u MATTR, \u00e1o polo Canyon s\u1ebd gi\u1eef b\u1ea1n tho\u1ea3i m\u00e1i trong su\u1ed1t v\u00f2ng ch\u01a1i.\u00a0","_links":{"self":[{"href":"https:\/\/pumagolf.dscgolf.com\/index.php\/wp-json\/wp\/v2\/product\/5946","targetHints":{"allow":["GET"]}}],"collection":[{"href":"https:\/\/pumagolf.dscgolf.com\/index.php\/wp-json\/wp\/v2\/product"}],"about":[{"href":"https:\/\/pumagolf.dscgolf.com\/index.php\/wp-json\/wp\/v2\/types\/product"}],"replies":[{"embeddable":true,"href":"https:\/\/pumagolf.dscgolf.com\/index.php\/wp-json\/wp\/v2\/comments?post=5946"}],"version-history":[{"count":4,"href":"https:\/\/pumagolf.dscgolf.com\/index.php\/wp-json\/wp\/v2\/product\/5946\/revisions"}],"predecessor-version":[{"id":5960,"href":"https:\/\/pumagolf.dscgolf.com\/index.php\/wp-json\/wp\/v2\/product\/5946\/revisions\/5960"}],"wp:featuredmedia":[{"embeddable":true,"href":"https:\/\/pumagolf.dscgolf.com\/index.php\/wp-json\/wp\/v2\/media\/5951"}],"wp:attachment":[{"href":"https:\/\/pumagolf.dscgolf.com\/index.php\/wp-json\/wp\/v2\/media?parent=5946"}],"wp:term":[{"taxonomy":"product_brand","embeddable":true,"href":"https:\/\/pumagolf.dscgolf.com\/index.php\/wp-json\/wp\/v2\/product_brand?post=5946"},{"taxonomy":"product_cat","embeddable":true,"href":"https:\/\/pumagolf.dscgolf.com\/index.php\/wp-json\/wp\/v2\/product_cat?post=5946"},{"taxonomy":"product_tag","embeddable":true,"href":"https:\/\/pumagolf.dscgolf.com\/index.php\/wp-json\/wp\/v2\/product_tag?post=5946"}],"curies":[{"name":"wp","href":"https:\/\/api.w.org\/{rel}","templated":true}]}}