{"id":5908,"date":"2022-09-30T06:18:36","date_gmt":"2022-09-30T06:18:36","guid":{"rendered":"https:\/\/pumagolf.dscgolf.com\/?post_type=product&#038;p=5908"},"modified":"2024-09-13T08:52:45","modified_gmt":"2024-09-13T08:52:45","slug":"giay-nu-ignite-fasten8-pro","status":"publish","type":"product","link":"https:\/\/pumagolf.dscgolf.com\/index.php\/product\/giay-nu-ignite-fasten8-pro\/","title":{"rendered":"Gi\u00e0y n\u1eef IGNITE FASTEN8 Pro"},"content":{"rendered":"\t\t<div data-elementor-type=\"wp-post\" data-elementor-id=\"5908\" class=\"elementor elementor-5908\">\n\t\t\t\t\t\t<section class=\"ob-is-breaking-bad elementor-section elementor-top-section elementor-element elementor-element-557b04c elementor-section-boxed elementor-section-height-default elementor-section-height-default\" data-id=\"557b04c\" data-element_type=\"section\" data-settings=\"{&quot;_ob_bbad_use_it&quot;:&quot;yes&quot;,&quot;_ob_bbad_sssic_use&quot;:&quot;no&quot;,&quot;_ob_glider_is_slider&quot;:&quot;no&quot;}\">\n\t\t\t\t\t\t<div class=\"elementor-container elementor-column-gap-default\">\n\t\t\t\t\t<div class=\"elementor-column elementor-col-100 elementor-top-column elementor-element elementor-element-59ff18d0\" data-id=\"59ff18d0\" data-element_type=\"column\" data-settings=\"{&quot;_ob_bbad_is_stalker&quot;:&quot;no&quot;,&quot;_ob_teleporter_use&quot;:false,&quot;_ob_column_hoveranimator&quot;:&quot;no&quot;,&quot;_ob_column_has_pseudo&quot;:&quot;no&quot;}\">\n\t\t\t<div class=\"elementor-widget-wrap elementor-element-populated\">\n\t\t\t\t\t\t<div class=\"elementor-element elementor-element-19170e78 ob-harakiri-inherit ob-has-background-overlay elementor-widget elementor-widget-text-editor\" data-id=\"19170e78\" data-element_type=\"widget\" data-settings=\"{&quot;_ob_use_harakiri&quot;:&quot;yes&quot;,&quot;_ob_harakiri_writing_mode&quot;:&quot;inherit&quot;,&quot;_ob_postman_use&quot;:&quot;no&quot;,&quot;_ob_perspektive_use&quot;:&quot;no&quot;,&quot;_ob_poopart_use&quot;:&quot;yes&quot;,&quot;_ob_shadough_use&quot;:&quot;no&quot;,&quot;_ob_allow_hoveranimator&quot;:&quot;no&quot;,&quot;_ob_widget_stalker_use&quot;:&quot;no&quot;}\" data-widget_type=\"text-editor.default\">\n\t\t\t\t<div class=\"elementor-widget-container\">\n\t\t\t\t\t\t\t\t\t<p><span style=\"color: rgb(106, 106, 106); font-family: Roboto, sans-serif; text-align: left; background-color: var(--ast-global-color-5); font-size: 1rem;\">C\u1ea5u tr\u00fac TPU c\u1ee7a PWRCage mang l\u1ea1i s\u1ef1 h\u1ed7 tr\u1ee3 tuy\u1ec7t \u0111\u1ed1i \u1edf xung quanh ph\u1ea7n gi\u1eefa ch\u00e2n trong khi ph\u1ea7n d\u00e2y gi\u00e0y \u0111\u01b0\u1ee3c t\u00edch h\u1ee3p v\u1edbi \u0111ai v\u1ea3i gi\u00e0y gi\u00fap gi\u00e0y \u00f4m ch\u00e2n v\u1eeba v\u1eb7n. Ph\u1ea7n th\u00e2n gi\u00e0y Microfiber k\u1ebft h\u1ee3p v\u1edbi c\u00e1c l\u1edbp PWRFrame TPU&nbsp; gi\u00fap tho\u00e1ng kh\u00ed v\u00e0 cam k\u1ebft ch\u1ed1ng n\u01b0\u1edbc trong v\u00f2ng 1 n\u0103m.<\/span><span style=\"font-style: inherit; font-weight: inherit; background-color: var(--ast-global-color-5); color: var(--ast-global-color-3);\">B\u1ecdt foam IGNITE \u1edf \u0111\u1ebf gi\u1eefa, \u0111\u01b0\u1ee3c b\u1ecdc trong SoleShield nh\u1eb1m t\u0103ng \u0111\u1ed9 b\u1ec1n, mang \u0111\u1ebfn \u0111\u1ed9 tho\u1ea3i m\u00e1i v\u00e0 n\u0103ng l\u01b0\u1ee3ng ph\u1ea3n h\u1ed3i tuy\u1ec7t \u0111\u1ed1i, gi\u00fap b\u1ea1n ch\u01a1i golf v\u00e0 c\u00f3 m\u1ed9t c\u1ea3m gi\u00e1c t\u1ed1t nh\u1ea5t. Ph\u1ea7n \u0111\u1ebf ngo\u00e0i s\u1eed d\u1ee5ng Pro-Form TPU c\u00f9ng v\u1edbi h\u1ecda ti\u1ebft \u0111\u1ebf ORGANICALLY-ALTERED TRACTION. Nh\u01b0ng ch\u1ea5t li\u1ec7u v\u00e0 thi\u1ebft k\u1ebf hi\u1ec7n \u0111\u1ea1i \u0111\u00e3 t\u1ea1o ra \u0111\u00f4i gi\u00e0y v\u1edbi nh\u1eefng t\u00ednh n\u0103ng v\u00e0 phong c\u00e1ch b\u1ea1n c\u1ea7n c\u1ea3 \u1edf trong v\u00e0 ngo\u00e0i s\u00e2n.<\/span><\/p>\t\t\t\t\t\t\t\t<\/div>\n\t\t\t\t<\/div>\n\t\t\t\t\t<\/div>\n\t\t<\/div>\n\t\t\t\t\t<\/div>\n\t\t<\/section>\n\t\t\t\t<section class=\"ob-is-breaking-bad elementor-section elementor-top-section elementor-element elementor-element-f7b6c60 elementor-section-full_width elementor-section-height-default elementor-section-height-default\" data-id=\"f7b6c60\" data-element_type=\"section\" data-settings=\"{&quot;_ob_bbad_use_it&quot;:&quot;yes&quot;,&quot;_ob_bbad_sssic_use&quot;:&quot;no&quot;,&quot;_ob_glider_is_slider&quot;:&quot;no&quot;}\">\n\t\t\t\t\t\t<div class=\"elementor-container elementor-column-gap-default\">\n\t\t\t\t\t<div class=\"elementor-column elementor-col-100 elementor-top-column elementor-element elementor-element-3b21cea\" data-id=\"3b21cea\" data-element_type=\"column\" data-settings=\"{&quot;_ob_bbad_is_stalker&quot;:&quot;no&quot;,&quot;_ob_teleporter_use&quot;:false,&quot;_ob_column_hoveranimator&quot;:&quot;no&quot;,&quot;_ob_column_has_pseudo&quot;:&quot;no&quot;}\">\n\t\t\t<div class=\"elementor-widget-wrap elementor-element-populated\">\n\t\t\t\t\t\t<div class=\"elementor-element elementor-element-da9a202 ob-harakiri-inherit ob-has-background-overlay elementor-widget elementor-widget-heading\" data-id=\"da9a202\" data-element_type=\"widget\" data-settings=\"{&quot;_ob_use_harakiri&quot;:&quot;yes&quot;,&quot;_ob_harakiri_writing_mode&quot;:&quot;inherit&quot;,&quot;_ob_harakiri_text_clip&quot;:&quot;none&quot;,&quot;_ob_perspektive_use&quot;:&quot;no&quot;,&quot;_ob_poopart_use&quot;:&quot;yes&quot;,&quot;_ob_shadough_use&quot;:&quot;no&quot;,&quot;_ob_allow_hoveranimator&quot;:&quot;no&quot;,&quot;_ob_widget_stalker_use&quot;:&quot;no&quot;}\" data-widget_type=\"heading.default\">\n\t\t\t\t<div class=\"elementor-widget-container\">\n\t\t\t\t\t<h2 class=\"elementor-heading-title elementor-size-default\">TH\u00d4NG TIN CHI TI\u1ebeT<\/h2>\t\t\t\t<\/div>\n\t\t\t\t<\/div>\n\t\t\t\t<div class=\"elementor-element elementor-element-4238020 ob-harakiri-inherit ob-has-background-overlay elementor-widget elementor-widget-text-editor\" data-id=\"4238020\" data-element_type=\"widget\" data-settings=\"{&quot;_ob_use_harakiri&quot;:&quot;yes&quot;,&quot;_ob_harakiri_writing_mode&quot;:&quot;inherit&quot;,&quot;_ob_postman_use&quot;:&quot;no&quot;,&quot;_ob_perspektive_use&quot;:&quot;no&quot;,&quot;_ob_poopart_use&quot;:&quot;yes&quot;,&quot;_ob_shadough_use&quot;:&quot;no&quot;,&quot;_ob_allow_hoveranimator&quot;:&quot;no&quot;,&quot;_ob_widget_stalker_use&quot;:&quot;no&quot;}\" data-widget_type=\"text-editor.default\">\n\t\t\t\t<div class=\"elementor-widget-container\">\n\t\t\t\t\t\t\t\t\t<ul style=\"margin-bottom: 0px; margin-left: 0px; list-style-type: none; color: #6a6a6a; font-family: Roboto, sans-serif; font-size: 16px; font-style: normal; font-weight: 400;\">\n<li style=\"margin-top: 0rem;\">MICROFIBER<\/li><li style=\"margin-top: 0rem;\">PWRCAGE<\/li><li style=\"margin-top: 0rem;\">PWRFRAME<\/li><li style=\"margin-top: 0rem;\">MOLDED COMFORT INSOLE<\/li><li style=\"margin-top: 0rem;\">IGNITE<\/li><li style=\"margin-top: 0rem;\">PRO-FORM TPU<\/li><li style=\"margin-top: 0rem;\">ORGANICALLY-ALTERED TRACTION<\/li><li style=\"margin-top: 0rem;\">SoleShield<\/li><li style=\"margin-top: 0rem;\">SPORT LAST<\/li><li style=\"margin-top: 0rem;\">1 YEAR WATERPROOF<\/li><li><\/li>\n<\/ul>\t\t\t\t\t\t\t\t<\/div>\n\t\t\t\t<\/div>\n\t\t\t\t\t<\/div>\n\t\t<\/div>\n\t\t\t\t\t<\/div>\n\t\t<\/section>\n\t\t\t\t<\/div>\n\t\t","protected":false},"excerpt":{"rendered":"<div class=\"product attribute overview\">\n<div class=\"value\">\n<div class=\"product attribute overview\">\n<div class=\"value\">\n<div class=\"tw-n1aj2t\">\n<div class=\"product attribute overview\">\n<div class=\"value\">\n<div class=\"product attribute overview\">\n<div class=\"value\">\n<p><span style=\"font-size: 16px;\">V\u1eady li\u1ec7u t\u00e2n ti\u1ebfn v\u00e0 thi\u1ebft k\u1ebf hi\u1ec7n \u0111\u1ea1i c\u1ee7a gi\u00e0y IGNITE Fasten8 Pro mang l\u1ea1i nh\u1eefng t\u00ednh n\u0103ng c\u1ea7n thi\u1ebft \u1edf tr\u00ean s\u00e2n v\u00e0 phong c\u00e1ch c\u1ea7n thi\u1ebft khi \u1edf ngo\u00e0i s\u00e2n.<\/span><\/p>\n<\/div>\n<\/div>\n<\/div>\n<\/div>\n<\/div>\n<\/div>\n<\/div>\n<\/div>\n<\/div>\n","protected":false},"featured_media":4739,"comment_status":"open","ping_status":"closed","template":"","meta":{"_uag_custom_page_level_css":"","site-sidebar-layout":"default","site-content-layout":"plain-container","ast-global-header-display":"","ast-main-header-display":"","ast-hfb-above-header-display":"","ast-hfb-below-header-display":"","ast-hfb-mobile-header-display":"","site-post-title":"","ast-breadcrumbs-content":"","ast-featured-img":"","footer-sml-layout":"","theme-transparent-header-meta":"default","adv-header-id-meta":"","stick-header-meta":"default","header-above-stick-meta":"","header-main-stick-meta":"","header-below-stick-meta":""},"product_brand":[],"product_cat":[188,163,142,361,57],"product_tag":[190,170,160,108],"class_list":{"0":"post-5908","1":"product","2":"type-product","3":"status-publish","4":"has-post-thumbnail","6":"product_cat-ignite-fasten8","7":"product_cat-laces","8":"product_cat-shoes","9":"product_cat-spikeless","10":"product_cat-women","11":"product_tag-fasten8","12":"product_tag-laces","13":"product_tag-shoes","14":"product_tag-women","15":"pa_color-high-rise-puma-silver-pink-lady","16":"pa_color-puma-black-puma-silver-high-rise","17":"pa_color-puma-white-puma-silver-scuba-blue","18":"desktop-align-left","19":"tablet-align-left","20":"mobile-align-left","22":"first","23":"outofstock","24":"shipping-taxable","25":"purchasable","26":"product-type-variable"},"uagb_featured_image_src":{"full":["https:\/\/i0.wp.com\/pumagolf.dscgolf.com\/wp-content\/uploads\/2022\/08\/PUM-194466_pum-194466-02_image_front.jpg?fit=1024%2C1024&ssl=1",1024,1024,false],"thumbnail":["https:\/\/i0.wp.com\/pumagolf.dscgolf.com\/wp-content\/uploads\/2022\/08\/PUM-194466_pum-194466-02_image_front.jpg?resize=150%2C150&ssl=1",150,150,true],"medium":["https:\/\/i0.wp.com\/pumagolf.dscgolf.com\/wp-content\/uploads\/2022\/08\/PUM-194466_pum-194466-02_image_front.jpg?fit=300%2C300&ssl=1",300,300,true],"medium_large":["https:\/\/i0.wp.com\/pumagolf.dscgolf.com\/wp-content\/uploads\/2022\/08\/PUM-194466_pum-194466-02_image_front.jpg?fit=768%2C768&ssl=1",768,768,true],"large":["https:\/\/i0.wp.com\/pumagolf.dscgolf.com\/wp-content\/uploads\/2022\/08\/PUM-194466_pum-194466-02_image_front.jpg?fit=1024%2C1024&ssl=1",1024,1024,true],"1536x1536":["https:\/\/i0.wp.com\/pumagolf.dscgolf.com\/wp-content\/uploads\/2022\/08\/PUM-194466_pum-194466-02_image_front.jpg?fit=1024%2C1024&ssl=1",1024,1024,true],"2048x2048":["https:\/\/i0.wp.com\/pumagolf.dscgolf.com\/wp-content\/uploads\/2022\/08\/PUM-194466_pum-194466-02_image_front.jpg?fit=1024%2C1024&ssl=1",1024,1024,true],"woocommerce_thumbnail":["https:\/\/i0.wp.com\/pumagolf.dscgolf.com\/wp-content\/uploads\/2022\/08\/PUM-194466_pum-194466-02_image_front.jpg?resize=300%2C300&ssl=1",300,300,true],"woocommerce_single":["https:\/\/i0.wp.com\/pumagolf.dscgolf.com\/wp-content\/uploads\/2022\/08\/PUM-194466_pum-194466-02_image_front.jpg?fit=600%2C600&ssl=1",600,600,true],"woocommerce_gallery_thumbnail":["https:\/\/i0.wp.com\/pumagolf.dscgolf.com\/wp-content\/uploads\/2022\/08\/PUM-194466_pum-194466-02_image_front.jpg?resize=100%2C100&ssl=1",100,100,true]},"uagb_author_info":{"display_name":"pumagolfvn","author_link":"https:\/\/pumagolf.dscgolf.com\/index.php\/author\/"},"uagb_comment_info":0,"uagb_excerpt":"V\u1eady li\u1ec7u t\u00e2n ti\u1ebfn v\u00e0 thi\u1ebft k\u1ebf hi\u1ec7n \u0111\u1ea1i c\u1ee7a gi\u00e0y IGNITE Fasten8 Pro mang l\u1ea1i nh\u1eefng t\u00ednh n\u0103ng c\u1ea7n thi\u1ebft \u1edf tr\u00ean s\u00e2n v\u00e0 phong c\u00e1ch c\u1ea7n thi\u1ebft khi \u1edf ngo\u00e0i s\u00e2n.","_links":{"self":[{"href":"https:\/\/pumagolf.dscgolf.com\/index.php\/wp-json\/wp\/v2\/product\/5908","targetHints":{"allow":["GET"]}}],"collection":[{"href":"https:\/\/pumagolf.dscgolf.com\/index.php\/wp-json\/wp\/v2\/product"}],"about":[{"href":"https:\/\/pumagolf.dscgolf.com\/index.php\/wp-json\/wp\/v2\/types\/product"}],"replies":[{"embeddable":true,"href":"https:\/\/pumagolf.dscgolf.com\/index.php\/wp-json\/wp\/v2\/comments?post=5908"}],"version-history":[{"count":2,"href":"https:\/\/pumagolf.dscgolf.com\/index.php\/wp-json\/wp\/v2\/product\/5908\/revisions"}],"predecessor-version":[{"id":5919,"href":"https:\/\/pumagolf.dscgolf.com\/index.php\/wp-json\/wp\/v2\/product\/5908\/revisions\/5919"}],"wp:featuredmedia":[{"embeddable":true,"href":"https:\/\/pumagolf.dscgolf.com\/index.php\/wp-json\/wp\/v2\/media\/4739"}],"wp:attachment":[{"href":"https:\/\/pumagolf.dscgolf.com\/index.php\/wp-json\/wp\/v2\/media?parent=5908"}],"wp:term":[{"taxonomy":"product_brand","embeddable":true,"href":"https:\/\/pumagolf.dscgolf.com\/index.php\/wp-json\/wp\/v2\/product_brand?post=5908"},{"taxonomy":"product_cat","embeddable":true,"href":"https:\/\/pumagolf.dscgolf.com\/index.php\/wp-json\/wp\/v2\/product_cat?post=5908"},{"taxonomy":"product_tag","embeddable":true,"href":"https:\/\/pumagolf.dscgolf.com\/index.php\/wp-json\/wp\/v2\/product_tag?post=5908"}],"curies":[{"name":"wp","href":"https:\/\/api.w.org\/{rel}","templated":true}]}}