{"id":4136,"date":"2022-08-22T08:06:15","date_gmt":"2022-08-22T08:06:15","guid":{"rendered":"https:\/\/pumagolf.dscgolf.com\/?post_type=product&#038;p=4136"},"modified":"2024-02-23T08:33:18","modified_gmt":"2024-02-23T08:33:18","slug":"womens-bahama-short","status":"publish","type":"product","link":"https:\/\/pumagolf.dscgolf.com\/index.php\/product\/womens-bahama-short\/","title":{"rendered":"Qu\u1ea7n Short N\u1eef Bahama"},"content":{"rendered":"\t\t<div data-elementor-type=\"wp-post\" data-elementor-id=\"4136\" class=\"elementor elementor-4136\">\n\t\t\t\t\t\t<section class=\"ob-is-breaking-bad elementor-section elementor-top-section elementor-element elementor-element-d0d0615 elementor-section-boxed elementor-section-height-default elementor-section-height-default\" data-id=\"d0d0615\" data-element_type=\"section\" data-settings=\"{&quot;_ob_bbad_use_it&quot;:&quot;yes&quot;,&quot;_ob_bbad_sssic_use&quot;:&quot;no&quot;,&quot;_ob_glider_is_slider&quot;:&quot;no&quot;}\">\n\t\t\t\t\t\t<div class=\"elementor-container elementor-column-gap-default\">\n\t\t\t\t\t<div class=\"elementor-column elementor-col-100 elementor-top-column elementor-element elementor-element-4492ddbd\" data-id=\"4492ddbd\" data-element_type=\"column\" data-settings=\"{&quot;_ob_bbad_is_stalker&quot;:&quot;no&quot;,&quot;_ob_teleporter_use&quot;:false,&quot;_ob_column_hoveranimator&quot;:&quot;no&quot;,&quot;_ob_column_has_pseudo&quot;:&quot;no&quot;}\">\n\t\t\t<div class=\"elementor-widget-wrap elementor-element-populated\">\n\t\t\t\t\t\t<div class=\"elementor-element elementor-element-1fe07385 ob-harakiri-inherit ob-has-background-overlay elementor-widget elementor-widget-text-editor\" data-id=\"1fe07385\" data-element_type=\"widget\" data-settings=\"{&quot;_ob_use_harakiri&quot;:&quot;yes&quot;,&quot;_ob_harakiri_writing_mode&quot;:&quot;inherit&quot;,&quot;_ob_postman_use&quot;:&quot;no&quot;,&quot;_ob_perspektive_use&quot;:&quot;no&quot;,&quot;_ob_poopart_use&quot;:&quot;yes&quot;,&quot;_ob_shadough_use&quot;:&quot;no&quot;,&quot;_ob_allow_hoveranimator&quot;:&quot;no&quot;,&quot;_ob_widget_stalker_use&quot;:&quot;no&quot;}\" data-widget_type=\"text-editor.default\">\n\t\t\t\t<div class=\"elementor-widget-container\">\n\t\t\t\t\t\t\t\t\t<p><\/p>\n<ul>\n<li>100% polyester<\/li>\n<li>H\u00fat \u1ea9m<\/li>\n<li>DryCELL<\/li>\n<li>Ch\u1ed1ng tia UV 50+ UPF<\/li>\n<li>\u0110ai l\u01b0ng b\u00e1n \u0111\u00e0n h\u1ed3i<\/li>\n<li>Kh\u00f3a m\u00f3c<\/li>\n<li>T\u0103ng \u0111\u1ed9 \u0111\u00e0n h\u1ed3i<\/li>\n<li>\u0110\u1ed9 d\u00e0i 4 inch<\/li>\n<li>Logo con b\u00e1o \u1edf h\u00f4ng ph\u1ea3i<\/li>\n<\/ul>\t\t\t\t\t\t\t\t<\/div>\n\t\t\t\t<\/div>\n\t\t\t\t\t<\/div>\n\t\t<\/div>\n\t\t\t\t\t<\/div>\n\t\t<\/section>\n\t\t\t\t<\/div>\n\t\t","protected":false},"excerpt":{"rendered":"<p style=\"font-family: 'FF DIN VN'; font-weight: 500;\">Khi m\u1ecdi th\u1ee9 tr\u00ean s\u00e2n golf tr\u1edf n\u00ean n\u00f3ng n\u1ef1c h\u01a1n, nh\u1eefng chi\u1ebfc qu\u1ea7n Bahama xinh x\u1eafn n\u00e0y s\u1ebd gi\u00fap b\u1ea1n tho\u00e1ng m\u00e1t. V\u1ea3i \u0111an ch\u00e9o tho\u00e1ng m\u00e1t \u0111\u01b0a b\u1ea1n t\u1eeb tr\u00ean s\u00e2n \u0111\u1ebfn nh\u00e0 c\u00e2u l\u1ea1c b\u1ed9 trong phong c\u00e1ch, v\u1edbi \u0111\u1ed9 d\u00e0i tr\u00ean g\u1ed1i gi\u00fap b\u1ea1n tho\u1ea3i m\u00e1i v\u00e0 t\u00fai \u1edf hai b\u00ean v\u00e0 \u0111\u1eb1ng sau c\u00f3 th\u1ec3 mang theo ph\u1ee5 ki\u1ec7n c\u1ee7a b\u1ea1n.<\/p>\n","protected":false},"featured_media":4137,"comment_status":"open","ping_status":"closed","template":"","meta":{"_uag_custom_page_level_css":"","site-sidebar-layout":"default","site-content-layout":"plain-container","ast-global-header-display":"","ast-main-header-display":"","ast-hfb-above-header-display":"","ast-hfb-below-header-display":"","ast-hfb-mobile-header-display":"","site-post-title":"","ast-breadcrumbs-content":"","ast-featured-img":"","footer-sml-layout":"","theme-transparent-header-meta":"default","adv-header-id-meta":"","stick-header-meta":"","header-above-stick-meta":"","header-main-stick-meta":"","header-below-stick-meta":""},"product_brand":[],"product_cat":[106,57],"product_tag":[141,107,108],"class_list":{"0":"post-4136","1":"product","2":"type-product","3":"status-publish","4":"has-post-thumbnail","6":"product_cat-shorts","7":"product_cat-women","8":"product_tag-bahama","9":"product_tag-shorts","10":"product_tag-women","11":"pa_color-bright-white-bahama","12":"pa_color-day-dream-bahama-short","13":"pa_color-navy-blazer-bahama","14":"pa_color-orchid-shadow","15":"pa_color-puma-black-bahama","16":"pa_color-putty-bahama","17":"desktop-align-left","18":"tablet-align-left","19":"mobile-align-left","21":"first","22":"instock","23":"shipping-taxable","24":"purchasable","25":"product-type-variable","26":"has-default-attributes"},"uagb_featured_image_src":{"full":["https:\/\/i0.wp.com\/pumagolf.dscgolf.com\/wp-content\/uploads\/2022\/08\/534529_01.png?fit=2000%2C2000&ssl=1",2000,2000,false],"thumbnail":["https:\/\/i0.wp.com\/pumagolf.dscgolf.com\/wp-content\/uploads\/2022\/08\/534529_01.png?resize=150%2C150&ssl=1",150,150,true],"medium":["https:\/\/i0.wp.com\/pumagolf.dscgolf.com\/wp-content\/uploads\/2022\/08\/534529_01.png?fit=300%2C300&ssl=1",300,300,true],"medium_large":["https:\/\/i0.wp.com\/pumagolf.dscgolf.com\/wp-content\/uploads\/2022\/08\/534529_01.png?fit=768%2C768&ssl=1",768,768,true],"large":["https:\/\/i0.wp.com\/pumagolf.dscgolf.com\/wp-content\/uploads\/2022\/08\/534529_01.png?fit=1024%2C1024&ssl=1",1024,1024,true],"1536x1536":["https:\/\/i0.wp.com\/pumagolf.dscgolf.com\/wp-content\/uploads\/2022\/08\/534529_01.png?fit=1536%2C1536&ssl=1",1536,1536,true],"2048x2048":["https:\/\/i0.wp.com\/pumagolf.dscgolf.com\/wp-content\/uploads\/2022\/08\/534529_01.png?fit=2000%2C2000&ssl=1",2000,2000,true],"woocommerce_thumbnail":["https:\/\/i0.wp.com\/pumagolf.dscgolf.com\/wp-content\/uploads\/2022\/08\/534529_01.png?resize=300%2C300&ssl=1",300,300,true],"woocommerce_single":["https:\/\/i0.wp.com\/pumagolf.dscgolf.com\/wp-content\/uploads\/2022\/08\/534529_01.png?fit=600%2C600&ssl=1",600,600,true],"woocommerce_gallery_thumbnail":["https:\/\/i0.wp.com\/pumagolf.dscgolf.com\/wp-content\/uploads\/2022\/08\/534529_01.png?resize=100%2C100&ssl=1",100,100,true]},"uagb_author_info":{"display_name":"pumagolfvn","author_link":"https:\/\/pumagolf.dscgolf.com\/index.php\/author\/"},"uagb_comment_info":0,"uagb_excerpt":"Khi m\u1ecdi th\u1ee9 tr\u00ean s\u00e2n golf tr\u1edf n\u00ean n\u00f3ng n\u1ef1c h\u01a1n, nh\u1eefng chi\u1ebfc qu\u1ea7n Bahama xinh x\u1eafn n\u00e0y s\u1ebd gi\u00fap b\u1ea1n tho\u00e1ng m\u00e1t. V\u1ea3i \u0111an ch\u00e9o tho\u00e1ng m\u00e1t \u0111\u01b0a b\u1ea1n t\u1eeb tr\u00ean s\u00e2n \u0111\u1ebfn nh\u00e0 c\u00e2u l\u1ea1c b\u1ed9 trong phong c\u00e1ch, v\u1edbi \u0111\u1ed9 d\u00e0i tr\u00ean g\u1ed1i gi\u00fap b\u1ea1n tho\u1ea3i m\u00e1i v\u00e0 t\u00fai \u1edf hai b\u00ean&hellip;","_links":{"self":[{"href":"https:\/\/pumagolf.dscgolf.com\/index.php\/wp-json\/wp\/v2\/product\/4136","targetHints":{"allow":["GET"]}}],"collection":[{"href":"https:\/\/pumagolf.dscgolf.com\/index.php\/wp-json\/wp\/v2\/product"}],"about":[{"href":"https:\/\/pumagolf.dscgolf.com\/index.php\/wp-json\/wp\/v2\/types\/product"}],"replies":[{"embeddable":true,"href":"https:\/\/pumagolf.dscgolf.com\/index.php\/wp-json\/wp\/v2\/comments?post=4136"}],"version-history":[{"count":11,"href":"https:\/\/pumagolf.dscgolf.com\/index.php\/wp-json\/wp\/v2\/product\/4136\/revisions"}],"predecessor-version":[{"id":11835,"href":"https:\/\/pumagolf.dscgolf.com\/index.php\/wp-json\/wp\/v2\/product\/4136\/revisions\/11835"}],"wp:featuredmedia":[{"embeddable":true,"href":"https:\/\/pumagolf.dscgolf.com\/index.php\/wp-json\/wp\/v2\/media\/4137"}],"wp:attachment":[{"href":"https:\/\/pumagolf.dscgolf.com\/index.php\/wp-json\/wp\/v2\/media?parent=4136"}],"wp:term":[{"taxonomy":"product_brand","embeddable":true,"href":"https:\/\/pumagolf.dscgolf.com\/index.php\/wp-json\/wp\/v2\/product_brand?post=4136"},{"taxonomy":"product_cat","embeddable":true,"href":"https:\/\/pumagolf.dscgolf.com\/index.php\/wp-json\/wp\/v2\/product_cat?post=4136"},{"taxonomy":"product_tag","embeddable":true,"href":"https:\/\/pumagolf.dscgolf.com\/index.php\/wp-json\/wp\/v2\/product_tag?post=4136"}],"curies":[{"name":"wp","href":"https:\/\/api.w.org\/{rel}","templated":true}]}}