{"id":4038,"date":"2022-08-22T04:14:40","date_gmt":"2022-08-22T04:14:40","guid":{"rendered":"https:\/\/pumagolf.dscgolf.com\/?post_type=product&#038;p=4038"},"modified":"2023-12-11T06:48:04","modified_gmt":"2023-12-11T06:48:04","slug":"pwrshape-solid-skirt","status":"publish","type":"product","link":"https:\/\/pumagolf.dscgolf.com\/index.php\/product\/pwrshape-solid-skirt\/","title":{"rendered":"PWRSHAPE Solid Skirt"},"content":{"rendered":"\t\t<div data-elementor-type=\"wp-post\" data-elementor-id=\"4038\" class=\"elementor elementor-4038\">\n\t\t\t\t\t\t<section class=\"ob-is-breaking-bad elementor-section elementor-top-section elementor-element elementor-element-83c4bd4 elementor-section-full_width elementor-section-height-default elementor-section-height-default\" data-id=\"83c4bd4\" data-element_type=\"section\" data-settings=\"{&quot;_ob_bbad_use_it&quot;:&quot;yes&quot;,&quot;_ob_bbad_sssic_use&quot;:&quot;no&quot;,&quot;_ob_glider_is_slider&quot;:&quot;no&quot;}\">\n\t\t\t\t\t\t<div class=\"elementor-container elementor-column-gap-default\">\n\t\t\t\t\t<div class=\"elementor-column elementor-col-50 elementor-top-column elementor-element elementor-element-e3c3995\" data-id=\"e3c3995\" data-element_type=\"column\" data-settings=\"{&quot;_ob_bbad_is_stalker&quot;:&quot;no&quot;,&quot;_ob_teleporter_use&quot;:false,&quot;_ob_column_hoveranimator&quot;:&quot;no&quot;,&quot;_ob_column_has_pseudo&quot;:&quot;no&quot;}\">\n\t\t\t<div class=\"elementor-widget-wrap elementor-element-populated\">\n\t\t\t\t\t\t<div class=\"elementor-element elementor-element-8fe6f9c ob-has-background-overlay elementor-widget elementor-widget-image\" data-id=\"8fe6f9c\" data-element_type=\"widget\" data-settings=\"{&quot;_ob_photomorph_use&quot;:&quot;no&quot;,&quot;_ob_perspektive_use&quot;:&quot;no&quot;,&quot;_ob_poopart_use&quot;:&quot;yes&quot;,&quot;_ob_shadough_use&quot;:&quot;no&quot;,&quot;_ob_allow_hoveranimator&quot;:&quot;no&quot;,&quot;_ob_widget_stalker_use&quot;:&quot;no&quot;}\" data-widget_type=\"image.default\">\n\t\t\t\t<div class=\"elementor-widget-container\">\n\t\t\t\t\t\t\t\t\t\t\t\t\t\t\t<img fetchpriority=\"high\" decoding=\"async\" width=\"880\" height=\"704\" src=\"https:\/\/i0.wp.com\/pumagolf.dscgolf.com\/wp-content\/uploads\/2022\/08\/899566bbf5061a0f5efcf48a4664537aaaafe25d.jpg?fit=880%2C704&amp;ssl=1\" class=\"attachment-large size-large wp-image-8973\" alt=\"\" srcset=\"https:\/\/i0.wp.com\/pumagolf.dscgolf.com\/wp-content\/uploads\/2022\/08\/899566bbf5061a0f5efcf48a4664537aaaafe25d.jpg?w=880&amp;ssl=1 880w, https:\/\/i0.wp.com\/pumagolf.dscgolf.com\/wp-content\/uploads\/2022\/08\/899566bbf5061a0f5efcf48a4664537aaaafe25d.jpg?resize=300%2C240&amp;ssl=1 300w, https:\/\/i0.wp.com\/pumagolf.dscgolf.com\/wp-content\/uploads\/2022\/08\/899566bbf5061a0f5efcf48a4664537aaaafe25d.jpg?resize=768%2C614&amp;ssl=1 768w, https:\/\/i0.wp.com\/pumagolf.dscgolf.com\/wp-content\/uploads\/2022\/08\/899566bbf5061a0f5efcf48a4664537aaaafe25d.jpg?resize=80%2C64&amp;ssl=1 80w, https:\/\/i0.wp.com\/pumagolf.dscgolf.com\/wp-content\/uploads\/2022\/08\/899566bbf5061a0f5efcf48a4664537aaaafe25d.jpg?resize=600%2C480&amp;ssl=1 600w\" sizes=\"(max-width: 880px) 100vw, 880px\" \/>\t\t\t\t\t\t\t\t\t\t\t\t\t\t\t<\/div>\n\t\t\t\t<\/div>\n\t\t\t\t\t<\/div>\n\t\t<\/div>\n\t\t\t\t<div class=\"elementor-column elementor-col-50 elementor-top-column elementor-element elementor-element-cc4ec4f\" data-id=\"cc4ec4f\" data-element_type=\"column\" data-settings=\"{&quot;_ob_bbad_is_stalker&quot;:&quot;no&quot;,&quot;_ob_teleporter_use&quot;:false,&quot;_ob_column_hoveranimator&quot;:&quot;no&quot;,&quot;_ob_column_has_pseudo&quot;:&quot;no&quot;}\">\n\t\t\t<div class=\"elementor-widget-wrap elementor-element-populated\">\n\t\t\t\t\t\t<div class=\"elementor-element elementor-element-5ed1573 ob-harakiri-inherit ob-has-background-overlay elementor-widget elementor-widget-heading\" data-id=\"5ed1573\" data-element_type=\"widget\" data-settings=\"{&quot;_ob_use_harakiri&quot;:&quot;yes&quot;,&quot;_ob_harakiri_writing_mode&quot;:&quot;inherit&quot;,&quot;_ob_harakiri_text_clip&quot;:&quot;none&quot;,&quot;_ob_perspektive_use&quot;:&quot;no&quot;,&quot;_ob_poopart_use&quot;:&quot;yes&quot;,&quot;_ob_shadough_use&quot;:&quot;no&quot;,&quot;_ob_allow_hoveranimator&quot;:&quot;no&quot;,&quot;_ob_widget_stalker_use&quot;:&quot;no&quot;}\" data-widget_type=\"heading.default\">\n\t\t\t\t<div class=\"elementor-widget-container\">\n\t\t\t\t\t<h2 class=\"elementor-heading-title elementor-size-default\">THI\u1ebeT K\u1ebe CHO S\u1ef0 THO\u1ea2I M\u00c1I T\u1ed0I \u0110A<\/h2>\t\t\t\t<\/div>\n\t\t\t\t<\/div>\n\t\t\t\t\t<\/div>\n\t\t<\/div>\n\t\t\t\t\t<\/div>\n\t\t<\/section>\n\t\t\t\t<section class=\"ob-is-breaking-bad elementor-section elementor-top-section elementor-element elementor-element-7150e7b elementor-section-full_width elementor-section-height-default elementor-section-height-default\" data-id=\"7150e7b\" data-element_type=\"section\" data-settings=\"{&quot;_ob_bbad_use_it&quot;:&quot;yes&quot;,&quot;_ob_bbad_sssic_use&quot;:&quot;no&quot;,&quot;_ob_glider_is_slider&quot;:&quot;no&quot;}\">\n\t\t\t\t\t\t<div class=\"elementor-container elementor-column-gap-default\">\n\t\t\t\t\t<div class=\"elementor-column elementor-col-50 elementor-top-column elementor-element elementor-element-46076d8\" data-id=\"46076d8\" data-element_type=\"column\" data-settings=\"{&quot;_ob_bbad_is_stalker&quot;:&quot;no&quot;,&quot;_ob_teleporter_use&quot;:false,&quot;_ob_column_hoveranimator&quot;:&quot;no&quot;,&quot;_ob_column_has_pseudo&quot;:&quot;no&quot;}\">\n\t\t\t<div class=\"elementor-widget-wrap elementor-element-populated\">\n\t\t\t\t\t\t<div class=\"elementor-element elementor-element-da6e990 ob-harakiri-inherit ob-has-background-overlay elementor-widget elementor-widget-heading\" data-id=\"da6e990\" data-element_type=\"widget\" data-settings=\"{&quot;_ob_use_harakiri&quot;:&quot;yes&quot;,&quot;_ob_harakiri_writing_mode&quot;:&quot;inherit&quot;,&quot;_ob_harakiri_text_clip&quot;:&quot;none&quot;,&quot;_ob_perspektive_use&quot;:&quot;no&quot;,&quot;_ob_poopart_use&quot;:&quot;yes&quot;,&quot;_ob_shadough_use&quot;:&quot;no&quot;,&quot;_ob_allow_hoveranimator&quot;:&quot;no&quot;,&quot;_ob_widget_stalker_use&quot;:&quot;no&quot;}\" data-widget_type=\"heading.default\">\n\t\t\t\t<div class=\"elementor-widget-container\">\n\t\t\t\t\t<h2 class=\"elementor-heading-title elementor-size-default\">T\u00daI K\u00cdN THO\u1ea2I M\u00c1I \u0110\u1ef0NG \u0110\u1ed2<\/h2>\t\t\t\t<\/div>\n\t\t\t\t<\/div>\n\t\t\t\t\t<\/div>\n\t\t<\/div>\n\t\t\t\t<div class=\"elementor-column elementor-col-50 elementor-top-column elementor-element elementor-element-9ca63fd\" data-id=\"9ca63fd\" data-element_type=\"column\" data-settings=\"{&quot;_ob_bbad_is_stalker&quot;:&quot;no&quot;,&quot;_ob_teleporter_use&quot;:false,&quot;_ob_column_hoveranimator&quot;:&quot;no&quot;,&quot;_ob_column_has_pseudo&quot;:&quot;no&quot;}\">\n\t\t\t<div class=\"elementor-widget-wrap elementor-element-populated\">\n\t\t\t\t\t\t<div class=\"elementor-element elementor-element-180297e ob-has-background-overlay elementor-widget elementor-widget-image\" data-id=\"180297e\" data-element_type=\"widget\" data-settings=\"{&quot;_ob_photomorph_use&quot;:&quot;no&quot;,&quot;_ob_perspektive_use&quot;:&quot;no&quot;,&quot;_ob_poopart_use&quot;:&quot;yes&quot;,&quot;_ob_shadough_use&quot;:&quot;no&quot;,&quot;_ob_allow_hoveranimator&quot;:&quot;no&quot;,&quot;_ob_widget_stalker_use&quot;:&quot;no&quot;}\" data-widget_type=\"image.default\">\n\t\t\t\t<div class=\"elementor-widget-container\">\n\t\t\t\t\t\t\t\t\t\t\t\t\t\t\t<img decoding=\"async\" width=\"880\" height=\"704\" src=\"https:\/\/i0.wp.com\/pumagolf.dscgolf.com\/wp-content\/uploads\/2022\/08\/e9d92fdd48703ad884ff546f24fb23b9ef8354d0.jpg?fit=880%2C704&amp;ssl=1\" class=\"attachment-large size-large wp-image-8974\" alt=\"\" srcset=\"https:\/\/i0.wp.com\/pumagolf.dscgolf.com\/wp-content\/uploads\/2022\/08\/e9d92fdd48703ad884ff546f24fb23b9ef8354d0.jpg?w=880&amp;ssl=1 880w, https:\/\/i0.wp.com\/pumagolf.dscgolf.com\/wp-content\/uploads\/2022\/08\/e9d92fdd48703ad884ff546f24fb23b9ef8354d0.jpg?resize=300%2C240&amp;ssl=1 300w, https:\/\/i0.wp.com\/pumagolf.dscgolf.com\/wp-content\/uploads\/2022\/08\/e9d92fdd48703ad884ff546f24fb23b9ef8354d0.jpg?resize=768%2C614&amp;ssl=1 768w, https:\/\/i0.wp.com\/pumagolf.dscgolf.com\/wp-content\/uploads\/2022\/08\/e9d92fdd48703ad884ff546f24fb23b9ef8354d0.jpg?resize=80%2C64&amp;ssl=1 80w, https:\/\/i0.wp.com\/pumagolf.dscgolf.com\/wp-content\/uploads\/2022\/08\/e9d92fdd48703ad884ff546f24fb23b9ef8354d0.jpg?resize=600%2C480&amp;ssl=1 600w\" sizes=\"(max-width: 880px) 100vw, 880px\" \/>\t\t\t\t\t\t\t\t\t\t\t\t\t\t\t<\/div>\n\t\t\t\t<\/div>\n\t\t\t\t\t<\/div>\n\t\t<\/div>\n\t\t\t\t\t<\/div>\n\t\t<\/section>\n\t\t\t\t<section class=\"ob-is-breaking-bad elementor-section elementor-top-section elementor-element elementor-element-4396ba2 elementor-section-full_width elementor-section-height-default elementor-section-height-default\" data-id=\"4396ba2\" data-element_type=\"section\" data-settings=\"{&quot;_ob_bbad_use_it&quot;:&quot;yes&quot;,&quot;_ob_bbad_sssic_use&quot;:&quot;no&quot;,&quot;_ob_glider_is_slider&quot;:&quot;no&quot;}\">\n\t\t\t\t\t\t<div class=\"elementor-container elementor-column-gap-default\">\n\t\t\t\t\t<div class=\"elementor-column elementor-col-50 elementor-top-column elementor-element elementor-element-e5ff236\" data-id=\"e5ff236\" data-element_type=\"column\" data-settings=\"{&quot;_ob_bbad_is_stalker&quot;:&quot;no&quot;,&quot;_ob_teleporter_use&quot;:false,&quot;_ob_column_hoveranimator&quot;:&quot;no&quot;,&quot;_ob_column_has_pseudo&quot;:&quot;no&quot;}\">\n\t\t\t<div class=\"elementor-widget-wrap elementor-element-populated\">\n\t\t\t\t\t\t<div class=\"elementor-element elementor-element-327ba32 ob-has-background-overlay elementor-widget elementor-widget-image\" data-id=\"327ba32\" data-element_type=\"widget\" data-settings=\"{&quot;_ob_photomorph_use&quot;:&quot;no&quot;,&quot;_ob_perspektive_use&quot;:&quot;no&quot;,&quot;_ob_poopart_use&quot;:&quot;yes&quot;,&quot;_ob_shadough_use&quot;:&quot;no&quot;,&quot;_ob_allow_hoveranimator&quot;:&quot;no&quot;,&quot;_ob_widget_stalker_use&quot;:&quot;no&quot;}\" data-widget_type=\"image.default\">\n\t\t\t\t<div class=\"elementor-widget-container\">\n\t\t\t\t\t\t\t\t\t\t\t\t\t\t\t<img decoding=\"async\" width=\"880\" height=\"704\" src=\"https:\/\/i0.wp.com\/pumagolf.dscgolf.com\/wp-content\/uploads\/2022\/08\/c811e0a038d12a274d27cf0d18915519370cef6f.jpg?fit=880%2C704&amp;ssl=1\" class=\"attachment-large size-large wp-image-8975\" alt=\"\" srcset=\"https:\/\/i0.wp.com\/pumagolf.dscgolf.com\/wp-content\/uploads\/2022\/08\/c811e0a038d12a274d27cf0d18915519370cef6f.jpg?w=880&amp;ssl=1 880w, https:\/\/i0.wp.com\/pumagolf.dscgolf.com\/wp-content\/uploads\/2022\/08\/c811e0a038d12a274d27cf0d18915519370cef6f.jpg?resize=300%2C240&amp;ssl=1 300w, https:\/\/i0.wp.com\/pumagolf.dscgolf.com\/wp-content\/uploads\/2022\/08\/c811e0a038d12a274d27cf0d18915519370cef6f.jpg?resize=768%2C614&amp;ssl=1 768w, https:\/\/i0.wp.com\/pumagolf.dscgolf.com\/wp-content\/uploads\/2022\/08\/c811e0a038d12a274d27cf0d18915519370cef6f.jpg?resize=80%2C64&amp;ssl=1 80w, https:\/\/i0.wp.com\/pumagolf.dscgolf.com\/wp-content\/uploads\/2022\/08\/c811e0a038d12a274d27cf0d18915519370cef6f.jpg?resize=600%2C480&amp;ssl=1 600w\" sizes=\"(max-width: 880px) 100vw, 880px\" \/>\t\t\t\t\t\t\t\t\t\t\t\t\t\t\t<\/div>\n\t\t\t\t<\/div>\n\t\t\t\t\t<\/div>\n\t\t<\/div>\n\t\t\t\t<div class=\"elementor-column elementor-col-50 elementor-top-column elementor-element elementor-element-63ad756\" data-id=\"63ad756\" data-element_type=\"column\" data-settings=\"{&quot;_ob_bbad_is_stalker&quot;:&quot;no&quot;,&quot;_ob_teleporter_use&quot;:false,&quot;_ob_column_hoveranimator&quot;:&quot;no&quot;,&quot;_ob_column_has_pseudo&quot;:&quot;no&quot;}\">\n\t\t\t<div class=\"elementor-widget-wrap elementor-element-populated\">\n\t\t\t\t\t\t<div class=\"elementor-element elementor-element-e7464b6 ob-harakiri-inherit ob-has-background-overlay elementor-widget elementor-widget-heading\" data-id=\"e7464b6\" data-element_type=\"widget\" data-settings=\"{&quot;_ob_use_harakiri&quot;:&quot;yes&quot;,&quot;_ob_harakiri_writing_mode&quot;:&quot;inherit&quot;,&quot;_ob_harakiri_text_clip&quot;:&quot;none&quot;,&quot;_ob_perspektive_use&quot;:&quot;no&quot;,&quot;_ob_poopart_use&quot;:&quot;yes&quot;,&quot;_ob_shadough_use&quot;:&quot;no&quot;,&quot;_ob_allow_hoveranimator&quot;:&quot;no&quot;,&quot;_ob_widget_stalker_use&quot;:&quot;no&quot;}\" data-widget_type=\"heading.default\">\n\t\t\t\t<div class=\"elementor-widget-container\">\n\t\t\t\t\t<h2 class=\"elementor-heading-title elementor-size-default\">V\u1ea2I \u0110AN NH\u1eb8, THO\u00c1NG KH\u00cd<\/h2>\t\t\t\t<\/div>\n\t\t\t\t<\/div>\n\t\t\t\t\t<\/div>\n\t\t<\/div>\n\t\t\t\t\t<\/div>\n\t\t<\/section>\n\t\t\t\t<section class=\"ob-is-breaking-bad elementor-section elementor-top-section elementor-element elementor-element-5952a366 elementor-section-boxed elementor-section-height-default elementor-section-height-default\" data-id=\"5952a366\" data-element_type=\"section\" data-settings=\"{&quot;_ob_bbad_use_it&quot;:&quot;yes&quot;,&quot;_ob_bbad_sssic_use&quot;:&quot;no&quot;,&quot;_ob_glider_is_slider&quot;:&quot;no&quot;}\">\n\t\t\t\t\t\t<div class=\"elementor-container elementor-column-gap-default\">\n\t\t\t\t\t<div class=\"elementor-column elementor-col-100 elementor-top-column elementor-element elementor-element-a28493a\" data-id=\"a28493a\" data-element_type=\"column\" data-settings=\"{&quot;_ob_bbad_is_stalker&quot;:&quot;no&quot;,&quot;_ob_teleporter_use&quot;:false,&quot;_ob_column_hoveranimator&quot;:&quot;no&quot;,&quot;_ob_column_has_pseudo&quot;:&quot;no&quot;}\">\n\t\t\t<div class=\"elementor-widget-wrap elementor-element-populated\">\n\t\t\t\t\t\t<div class=\"elementor-element elementor-element-ad1eb4a ob-harakiri-inherit ob-has-background-overlay elementor-widget elementor-widget-heading\" data-id=\"ad1eb4a\" data-element_type=\"widget\" data-settings=\"{&quot;_ob_use_harakiri&quot;:&quot;yes&quot;,&quot;_ob_harakiri_writing_mode&quot;:&quot;inherit&quot;,&quot;_ob_harakiri_text_clip&quot;:&quot;none&quot;,&quot;_ob_perspektive_use&quot;:&quot;no&quot;,&quot;_ob_poopart_use&quot;:&quot;yes&quot;,&quot;_ob_shadough_use&quot;:&quot;no&quot;,&quot;_ob_allow_hoveranimator&quot;:&quot;no&quot;,&quot;_ob_widget_stalker_use&quot;:&quot;no&quot;}\" data-widget_type=\"heading.default\">\n\t\t\t\t<div class=\"elementor-widget-container\">\n\t\t\t\t\t<h2 class=\"elementor-heading-title elementor-size-default\">TH\u00d4NG TIN CHI TI\u1ebeT<\/h2>\t\t\t\t<\/div>\n\t\t\t\t<\/div>\n\t\t\t\t<div class=\"elementor-element elementor-element-47ad4cb ob-harakiri-inherit ob-has-background-overlay elementor-widget elementor-widget-text-editor\" data-id=\"47ad4cb\" data-element_type=\"widget\" data-settings=\"{&quot;_ob_use_harakiri&quot;:&quot;yes&quot;,&quot;_ob_harakiri_writing_mode&quot;:&quot;inherit&quot;,&quot;_ob_postman_use&quot;:&quot;no&quot;,&quot;_ob_perspektive_use&quot;:&quot;no&quot;,&quot;_ob_poopart_use&quot;:&quot;yes&quot;,&quot;_ob_shadough_use&quot;:&quot;no&quot;,&quot;_ob_allow_hoveranimator&quot;:&quot;no&quot;,&quot;_ob_widget_stalker_use&quot;:&quot;no&quot;}\" data-widget_type=\"text-editor.default\">\n\t\t\t\t<div class=\"elementor-widget-container\">\n\t\t\t\t\t\t\t\t\t<ul>\n<li>86% Polyester, 14% Elastane<\/li>\n<li>DryCELL<\/li>\n<li>Co gi\u00e3n 4 chi\u1ec1u<\/li>\n<li>H\u00fat \u1ea9m<\/li>\n<li><span style=\"font-style: inherit; font-weight: inherit; background-color: var(--ast-global-color-5); color: var(--ast-global-color-3);\">Ch\u1ea5t li\u1ec7u m\u1ec1m, tho\u00e1ng<\/span><\/li>\n<li><span style=\"font-style: inherit; font-weight: inherit; background-color: var(--ast-global-color-5); color: var(--ast-global-color-3);\">Kh\u00f3a n\u1ed1i b\u1eb9t<\/span><\/li>\n<li>Ch\u1eef &#8220;Enjoy Golf&#8221; \u1edf ph\u00eda trong c\u1ea1p v\u00e1y l\u00e0m b\u1eb1ng ch\u1ea5t li\u1ec7u b\u00e1m&nbsp;<\/li>\n<li>Qu\u1ea7n short trong<\/li>\n<li>T\u00fai tr\u01b0\u1edbc, sau<\/li>\n<li>Logo \u1edf t\u00fai sau<\/li>\n<li style=\"margin-top: 0rem;\">T\u00fai \u0111\u1ef1ng b\u00f3ng \u1edf qu\u1ea7n trong<\/li>\n<li style=\"margin-top: 0rem;\">B\u0103ng b\u00e1m d\u00ednh \u1edf \u1ed1ng ch\u00e2n qu\u1ea7n trong<\/li>\n<li style=\"margin-top: 0rem;\">Chi\u1ec1u d\u00e0i 16&#8243; v\u00e0 18&#8243;<\/li>\n<\/ul>\t\t\t\t\t\t\t\t<\/div>\n\t\t\t\t<\/div>\n\t\t\t\t\t<\/div>\n\t\t<\/div>\n\t\t\t\t\t<\/div>\n\t\t<\/section>\n\t\t\t\t<section class=\"ob-is-breaking-bad elementor-section elementor-top-section elementor-element elementor-element-935fae8 elementor-section-full_width elementor-section-stretched elementor-section-height-default elementor-section-height-default\" data-id=\"935fae8\" data-element_type=\"section\" data-settings=\"{&quot;stretch_section&quot;:&quot;section-stretched&quot;,&quot;_ob_bbad_use_it&quot;:&quot;yes&quot;,&quot;_ob_bbad_sssic_use&quot;:&quot;no&quot;,&quot;_ob_glider_is_slider&quot;:&quot;no&quot;}\">\n\t\t\t\t\t\t<div class=\"elementor-container elementor-column-gap-no\">\n\t\t\t\t\t<div class=\"elementor-column elementor-col-100 elementor-top-column elementor-element elementor-element-a87df29\" data-id=\"a87df29\" data-element_type=\"column\" data-settings=\"{&quot;_ob_bbad_is_stalker&quot;:&quot;no&quot;,&quot;_ob_teleporter_use&quot;:false,&quot;_ob_column_hoveranimator&quot;:&quot;no&quot;,&quot;_ob_column_has_pseudo&quot;:&quot;no&quot;}\">\n\t\t\t<div class=\"elementor-widget-wrap elementor-element-populated\">\n\t\t\t\t\t\t<div class=\"elementor-element elementor-element-7794fa1 ob-has-background-overlay elementor-widget elementor-widget-image\" data-id=\"7794fa1\" data-element_type=\"widget\" data-settings=\"{&quot;_ob_photomorph_use&quot;:&quot;no&quot;,&quot;_ob_perspektive_use&quot;:&quot;no&quot;,&quot;_ob_poopart_use&quot;:&quot;yes&quot;,&quot;_ob_shadough_use&quot;:&quot;no&quot;,&quot;_ob_allow_hoveranimator&quot;:&quot;no&quot;,&quot;_ob_widget_stalker_use&quot;:&quot;no&quot;}\" data-widget_type=\"image.default\">\n\t\t\t\t<div class=\"elementor-widget-container\">\n\t\t\t\t\t\t\t\t\t\t\t\t\t\t\t<img loading=\"lazy\" decoding=\"async\" width=\"1280\" height=\"399\" src=\"https:\/\/i0.wp.com\/pumagolf.dscgolf.com\/wp-content\/uploads\/2022\/08\/pwrshape-banner-1280x399-1.png?fit=1280%2C399&amp;ssl=1\" class=\"attachment-full size-full wp-image-4049\" alt=\"\" srcset=\"https:\/\/i0.wp.com\/pumagolf.dscgolf.com\/wp-content\/uploads\/2022\/08\/pwrshape-banner-1280x399-1.png?w=1280&amp;ssl=1 1280w, https:\/\/i0.wp.com\/pumagolf.dscgolf.com\/wp-content\/uploads\/2022\/08\/pwrshape-banner-1280x399-1.png?resize=300%2C94&amp;ssl=1 300w, https:\/\/i0.wp.com\/pumagolf.dscgolf.com\/wp-content\/uploads\/2022\/08\/pwrshape-banner-1280x399-1.png?resize=1024%2C319&amp;ssl=1 1024w, https:\/\/i0.wp.com\/pumagolf.dscgolf.com\/wp-content\/uploads\/2022\/08\/pwrshape-banner-1280x399-1.png?resize=768%2C239&amp;ssl=1 768w, https:\/\/i0.wp.com\/pumagolf.dscgolf.com\/wp-content\/uploads\/2022\/08\/pwrshape-banner-1280x399-1.png?resize=600%2C187&amp;ssl=1 600w\" sizes=\"(max-width: 1000px) 100vw, 1000px\" \/>\t\t\t\t\t\t\t\t\t\t\t\t\t\t\t<\/div>\n\t\t\t\t<\/div>\n\t\t\t\t\t<\/div>\n\t\t<\/div>\n\t\t\t\t\t<\/div>\n\t\t<\/section>\n\t\t\t\t<\/div>\n\t\t","protected":false},"excerpt":{"rendered":"<p>V\u1edbi ki\u1ec3u \u0111ai l\u01b0ng PWRSHAPE t\u00e2ng b\u1ed1c v\u00e0 m\u00e0u s\u1eafc ho\u00e0n to\u00e0n m\u1edbi, b\u1ea1n s\u1ebd ch\u1ecdn v\u00e1y PWRSHAPE m\u1ed7i khi b\u1ea1n chu\u1ea9n b\u1ecb trang ph\u1ee5c ra s\u00e2n. M\u1eb7c c\u00f9ng v\u1edbi \u00e1o polo \u01b0a th\u00edch v\u00e0 tr\u1edf n\u00ean s\u00e0nh \u0111i\u1ec7u v\u00f4 c\u00f9ng d\u1ec5 d\u00e0ng.<\/p>\n","protected":false},"featured_media":4054,"comment_status":"open","ping_status":"closed","template":"","meta":{"_uag_custom_page_level_css":"","site-sidebar-layout":"default","site-content-layout":"plain-container","ast-global-header-display":"","ast-main-header-display":"","ast-hfb-above-header-display":"","ast-hfb-below-header-display":"","ast-hfb-mobile-header-display":"","site-post-title":"","ast-breadcrumbs-content":"","ast-featured-img":"","footer-sml-layout":"","theme-transparent-header-meta":"default","adv-header-id-meta":"","stick-header-meta":"default","header-above-stick-meta":"","header-main-stick-meta":"","header-below-stick-meta":""},"product_brand":[],"product_cat":[135,136,57],"product_tag":[137,138,108],"class_list":{"0":"post-4038","1":"product","2":"type-product","3":"status-publish","4":"has-post-thumbnail","6":"product_cat-pwrshape","7":"product_cat-skirt","8":"product_cat-women","9":"product_tag-pwrshape","10":"product_tag-skirt","11":"product_tag-women","12":"pa_color-bright-white-pwr-skirt","13":"pa_color-loveable-pwr-skirt","14":"pa_color-navy-blazer-pwr-skirt","15":"pa_color-puma-black-pwr-skirt","16":"pa_color-regal-blue-pwr-skirt","17":"pa_color-rose-dust-pwr-skirt","18":"pa_color-vivid-violet-pwr-skirt","19":"desktop-align-left","20":"tablet-align-left","21":"mobile-align-left","23":"first","24":"instock","25":"shipping-taxable","26":"purchasable","27":"product-type-variable","28":"has-default-attributes"},"uagb_featured_image_src":{"full":["https:\/\/i0.wp.com\/pumagolf.dscgolf.com\/wp-content\/uploads\/2022\/08\/533011_01.png?fit=2000%2C2000&ssl=1",2000,2000,false],"thumbnail":["https:\/\/i0.wp.com\/pumagolf.dscgolf.com\/wp-content\/uploads\/2022\/08\/533011_01.png?resize=150%2C150&ssl=1",150,150,true],"medium":["https:\/\/i0.wp.com\/pumagolf.dscgolf.com\/wp-content\/uploads\/2022\/08\/533011_01.png?fit=300%2C300&ssl=1",300,300,true],"medium_large":["https:\/\/i0.wp.com\/pumagolf.dscgolf.com\/wp-content\/uploads\/2022\/08\/533011_01.png?fit=768%2C768&ssl=1",768,768,true],"large":["https:\/\/i0.wp.com\/pumagolf.dscgolf.com\/wp-content\/uploads\/2022\/08\/533011_01.png?fit=1024%2C1024&ssl=1",1024,1024,true],"1536x1536":["https:\/\/i0.wp.com\/pumagolf.dscgolf.com\/wp-content\/uploads\/2022\/08\/533011_01.png?fit=1536%2C1536&ssl=1",1536,1536,true],"2048x2048":["https:\/\/i0.wp.com\/pumagolf.dscgolf.com\/wp-content\/uploads\/2022\/08\/533011_01.png?fit=2000%2C2000&ssl=1",2000,2000,true],"woocommerce_thumbnail":["https:\/\/i0.wp.com\/pumagolf.dscgolf.com\/wp-content\/uploads\/2022\/08\/533011_01.png?resize=300%2C300&ssl=1",300,300,true],"woocommerce_single":["https:\/\/i0.wp.com\/pumagolf.dscgolf.com\/wp-content\/uploads\/2022\/08\/533011_01.png?fit=600%2C600&ssl=1",600,600,true],"woocommerce_gallery_thumbnail":["https:\/\/i0.wp.com\/pumagolf.dscgolf.com\/wp-content\/uploads\/2022\/08\/533011_01.png?resize=100%2C100&ssl=1",100,100,true]},"uagb_author_info":{"display_name":"pumagolfvn","author_link":"https:\/\/pumagolf.dscgolf.com\/index.php\/author\/"},"uagb_comment_info":0,"uagb_excerpt":"V\u1edbi ki\u1ec3u \u0111ai l\u01b0ng PWRSHAPE t\u00e2ng b\u1ed1c v\u00e0 m\u00e0u s\u1eafc ho\u00e0n to\u00e0n m\u1edbi, b\u1ea1n s\u1ebd ch\u1ecdn v\u00e1y PWRSHAPE m\u1ed7i khi b\u1ea1n chu\u1ea9n b\u1ecb trang ph\u1ee5c ra s\u00e2n. M\u1eb7c c\u00f9ng v\u1edbi \u00e1o polo \u01b0a th\u00edch v\u00e0 tr\u1edf n\u00ean s\u00e0nh \u0111i\u1ec7u v\u00f4 c\u00f9ng d\u1ec5 d\u00e0ng.","_links":{"self":[{"href":"https:\/\/pumagolf.dscgolf.com\/index.php\/wp-json\/wp\/v2\/product\/4038","targetHints":{"allow":["GET"]}}],"collection":[{"href":"https:\/\/pumagolf.dscgolf.com\/index.php\/wp-json\/wp\/v2\/product"}],"about":[{"href":"https:\/\/pumagolf.dscgolf.com\/index.php\/wp-json\/wp\/v2\/types\/product"}],"replies":[{"embeddable":true,"href":"https:\/\/pumagolf.dscgolf.com\/index.php\/wp-json\/wp\/v2\/comments?post=4038"}],"version-history":[{"count":17,"href":"https:\/\/pumagolf.dscgolf.com\/index.php\/wp-json\/wp\/v2\/product\/4038\/revisions"}],"predecessor-version":[{"id":10814,"href":"https:\/\/pumagolf.dscgolf.com\/index.php\/wp-json\/wp\/v2\/product\/4038\/revisions\/10814"}],"wp:featuredmedia":[{"embeddable":true,"href":"https:\/\/pumagolf.dscgolf.com\/index.php\/wp-json\/wp\/v2\/media\/4054"}],"wp:attachment":[{"href":"https:\/\/pumagolf.dscgolf.com\/index.php\/wp-json\/wp\/v2\/media?parent=4038"}],"wp:term":[{"taxonomy":"product_brand","embeddable":true,"href":"https:\/\/pumagolf.dscgolf.com\/index.php\/wp-json\/wp\/v2\/product_brand?post=4038"},{"taxonomy":"product_cat","embeddable":true,"href":"https:\/\/pumagolf.dscgolf.com\/index.php\/wp-json\/wp\/v2\/product_cat?post=4038"},{"taxonomy":"product_tag","embeddable":true,"href":"https:\/\/pumagolf.dscgolf.com\/index.php\/wp-json\/wp\/v2\/product_tag?post=4038"}],"curies":[{"name":"wp","href":"https:\/\/api.w.org\/{rel}","templated":true}]}}