{"id":3732,"date":"2022-08-17T09:39:54","date_gmt":"2022-08-17T09:39:54","guid":{"rendered":"https:\/\/pumagolf.dscgolf.com\/?post_type=product&#038;p=3732"},"modified":"2023-05-19T09:06:15","modified_gmt":"2023-05-19T09:06:15","slug":"duvin-woven-polo","status":"publish","type":"product","link":"https:\/\/pumagolf.dscgolf.com\/index.php\/product\/duvin-woven-polo\/","title":{"rendered":"Duvin Woven Polo"},"content":{"rendered":"\t\t<div data-elementor-type=\"wp-post\" data-elementor-id=\"3732\" class=\"elementor elementor-3732\">\n\t\t\t\t\t\t<section class=\"ob-is-breaking-bad elementor-section elementor-top-section elementor-element elementor-element-83c4bd4 elementor-section-full_width elementor-section-height-default elementor-section-height-default\" data-id=\"83c4bd4\" data-element_type=\"section\" data-settings=\"{&quot;_ob_bbad_use_it&quot;:&quot;yes&quot;,&quot;_ob_bbad_sssic_use&quot;:&quot;no&quot;,&quot;_ob_glider_is_slider&quot;:&quot;no&quot;}\">\n\t\t\t\t\t\t<div class=\"elementor-container elementor-column-gap-default\">\n\t\t\t\t\t<div class=\"elementor-column elementor-col-50 elementor-top-column elementor-element elementor-element-cc4ec4f\" data-id=\"cc4ec4f\" data-element_type=\"column\" data-settings=\"{&quot;_ob_bbad_is_stalker&quot;:&quot;no&quot;,&quot;_ob_teleporter_use&quot;:false,&quot;_ob_column_hoveranimator&quot;:&quot;no&quot;,&quot;_ob_column_has_pseudo&quot;:&quot;no&quot;}\">\n\t\t\t<div class=\"elementor-widget-wrap elementor-element-populated\">\n\t\t\t\t\t\t<div class=\"elementor-element elementor-element-5ed1573 ob-harakiri-inherit ob-has-background-overlay elementor-widget elementor-widget-heading\" data-id=\"5ed1573\" data-element_type=\"widget\" data-settings=\"{&quot;_ob_use_harakiri&quot;:&quot;yes&quot;,&quot;_ob_harakiri_writing_mode&quot;:&quot;inherit&quot;,&quot;_ob_harakiri_text_clip&quot;:&quot;none&quot;,&quot;_ob_perspektive_use&quot;:&quot;no&quot;,&quot;_ob_poopart_use&quot;:&quot;yes&quot;,&quot;_ob_shadough_use&quot;:&quot;no&quot;,&quot;_ob_allow_hoveranimator&quot;:&quot;no&quot;,&quot;_ob_widget_stalker_use&quot;:&quot;no&quot;}\" data-widget_type=\"heading.default\">\n\t\t\t\t<div class=\"elementor-widget-container\">\n\t\t\t\t\t<h2 class=\"elementor-heading-title elementor-size-default\">PUMA GOLF X DUVIN<br>DESIGN CO<\/h2>\t\t\t\t<\/div>\n\t\t\t\t<\/div>\n\t\t\t\t<div class=\"elementor-element elementor-element-5ed1739 ob-harakiri-inherit ob-has-background-overlay elementor-widget elementor-widget-text-editor\" data-id=\"5ed1739\" data-element_type=\"widget\" data-settings=\"{&quot;_ob_use_harakiri&quot;:&quot;yes&quot;,&quot;_ob_harakiri_writing_mode&quot;:&quot;inherit&quot;,&quot;_ob_postman_use&quot;:&quot;no&quot;,&quot;_ob_perspektive_use&quot;:&quot;no&quot;,&quot;_ob_poopart_use&quot;:&quot;yes&quot;,&quot;_ob_shadough_use&quot;:&quot;no&quot;,&quot;_ob_allow_hoveranimator&quot;:&quot;no&quot;,&quot;_ob_widget_stalker_use&quot;:&quot;no&quot;}\" data-widget_type=\"text-editor.default\">\n\t\t\t\t<div class=\"elementor-widget-container\">\n\t\t\t\t\t\t\t\t\t<p>Pha tr\u1ed9n phong c\u00e1ch th\u00f4ng th\u01b0\u1eddng c\u1ee7a California c\u00f9ng v\u1edbi \u00e2m h\u01b0\u1edfng c\u1ee7a Florida, b\u1ed9 s\u01b0u t\u1eadp collab l\u1ea7n n\u00e0y mang m\u00e0u s\u1eafc s\u1ed1ng \u0111\u1ed9ng, l\u1ea5y c\u1ea3m h\u1ee9ng t\u1eeb m\u00f4n l\u01b0\u1edbt s\u00f3ng, \u0111\u01b0\u1ee3c t\u1ea1o ra \u0111\u1ec3 s\u1ed1ng d\u1ec5 d\u00e0ng h\u01a1n.<\/p>\t\t\t\t\t\t\t\t<\/div>\n\t\t\t\t<\/div>\n\t\t\t\t<div class=\"elementor-element elementor-element-a95927e ob-has-background-overlay elementor-widget elementor-widget-button\" data-id=\"a95927e\" data-element_type=\"widget\" data-settings=\"{&quot;_ob_butterbutton_use_it&quot;:&quot;no&quot;,&quot;_ob_perspektive_use&quot;:&quot;no&quot;,&quot;_ob_poopart_use&quot;:&quot;yes&quot;,&quot;_ob_shadough_use&quot;:&quot;no&quot;,&quot;_ob_allow_hoveranimator&quot;:&quot;no&quot;,&quot;_ob_widget_stalker_use&quot;:&quot;no&quot;}\" data-widget_type=\"button.default\">\n\t\t\t\t<div class=\"elementor-widget-container\">\n\t\t\t\t\t\t\t\t\t<div class=\"elementor-button-wrapper\">\n\t\t\t\t\t<a class=\"elementor-button elementor-button-link elementor-size-sm\" href=\"#\">\n\t\t\t\t\t\t<span class=\"elementor-button-content-wrapper\">\n\t\t\t\t\t\t\t\t\t<span class=\"elementor-button-text\">XEM B\u1ed8 S\u01afU T\u1eacP<\/span>\n\t\t\t\t\t<\/span>\n\t\t\t\t\t<\/a>\n\t\t\t\t<\/div>\n\t\t\t\t\t\t\t\t<\/div>\n\t\t\t\t<\/div>\n\t\t\t\t\t<\/div>\n\t\t<\/div>\n\t\t\t\t<div class=\"elementor-column elementor-col-50 elementor-top-column elementor-element elementor-element-e3c3995\" data-id=\"e3c3995\" data-element_type=\"column\" data-settings=\"{&quot;_ob_bbad_is_stalker&quot;:&quot;no&quot;,&quot;_ob_teleporter_use&quot;:false,&quot;_ob_column_hoveranimator&quot;:&quot;no&quot;,&quot;_ob_column_has_pseudo&quot;:&quot;no&quot;}\">\n\t\t\t<div class=\"elementor-widget-wrap elementor-element-populated\">\n\t\t\t\t\t\t<div class=\"elementor-element elementor-element-8fe6f9c ob-has-background-overlay elementor-widget elementor-widget-image\" data-id=\"8fe6f9c\" data-element_type=\"widget\" data-settings=\"{&quot;_ob_photomorph_use&quot;:&quot;no&quot;,&quot;_ob_perspektive_use&quot;:&quot;no&quot;,&quot;_ob_poopart_use&quot;:&quot;yes&quot;,&quot;_ob_shadough_use&quot;:&quot;no&quot;,&quot;_ob_allow_hoveranimator&quot;:&quot;no&quot;,&quot;_ob_widget_stalker_use&quot;:&quot;no&quot;}\" data-widget_type=\"image.default\">\n\t\t\t\t<div class=\"elementor-widget-container\">\n\t\t\t\t\t\t\t\t\t\t\t\t\t\t\t<img fetchpriority=\"high\" decoding=\"async\" width=\"760\" height=\"600\" src=\"https:\/\/i0.wp.com\/pumagolf.dscgolf.com\/wp-content\/uploads\/2022\/08\/SS22_GO_Apparel_PTC_PUMA_PDP-FB-Image-1-min-1-min.jpg?fit=760%2C600&amp;ssl=1\" class=\"attachment-large size-large wp-image-3743\" alt=\"\" srcset=\"https:\/\/i0.wp.com\/pumagolf.dscgolf.com\/wp-content\/uploads\/2022\/08\/SS22_GO_Apparel_PTC_PUMA_PDP-FB-Image-1-min-1-min.jpg?w=760&amp;ssl=1 760w, https:\/\/i0.wp.com\/pumagolf.dscgolf.com\/wp-content\/uploads\/2022\/08\/SS22_GO_Apparel_PTC_PUMA_PDP-FB-Image-1-min-1-min.jpg?resize=300%2C237&amp;ssl=1 300w, https:\/\/i0.wp.com\/pumagolf.dscgolf.com\/wp-content\/uploads\/2022\/08\/SS22_GO_Apparel_PTC_PUMA_PDP-FB-Image-1-min-1-min.jpg?resize=600%2C474&amp;ssl=1 600w\" sizes=\"(max-width: 760px) 100vw, 760px\" \/>\t\t\t\t\t\t\t\t\t\t\t\t\t\t\t<\/div>\n\t\t\t\t<\/div>\n\t\t\t\t\t<\/div>\n\t\t<\/div>\n\t\t\t\t\t<\/div>\n\t\t<\/section>\n\t\t\t\t<section class=\"ob-is-breaking-bad elementor-section elementor-top-section elementor-element elementor-element-5952a366 elementor-section-boxed elementor-section-height-default elementor-section-height-default\" data-id=\"5952a366\" data-element_type=\"section\" data-settings=\"{&quot;_ob_bbad_use_it&quot;:&quot;yes&quot;,&quot;_ob_bbad_sssic_use&quot;:&quot;no&quot;,&quot;_ob_glider_is_slider&quot;:&quot;no&quot;}\">\n\t\t\t\t\t\t<div class=\"elementor-container elementor-column-gap-default\">\n\t\t\t\t\t<div class=\"elementor-column elementor-col-100 elementor-top-column elementor-element elementor-element-a28493a\" data-id=\"a28493a\" data-element_type=\"column\" data-settings=\"{&quot;_ob_bbad_is_stalker&quot;:&quot;no&quot;,&quot;_ob_teleporter_use&quot;:false,&quot;_ob_column_hoveranimator&quot;:&quot;no&quot;,&quot;_ob_column_has_pseudo&quot;:&quot;no&quot;}\">\n\t\t\t<div class=\"elementor-widget-wrap elementor-element-populated\">\n\t\t\t\t\t\t<div class=\"elementor-element elementor-element-633757c ob-harakiri-inherit ob-has-background-overlay elementor-widget elementor-widget-text-editor\" data-id=\"633757c\" data-element_type=\"widget\" data-settings=\"{&quot;_ob_use_harakiri&quot;:&quot;yes&quot;,&quot;_ob_harakiri_writing_mode&quot;:&quot;inherit&quot;,&quot;_ob_postman_use&quot;:&quot;no&quot;,&quot;_ob_perspektive_use&quot;:&quot;no&quot;,&quot;_ob_poopart_use&quot;:&quot;yes&quot;,&quot;_ob_shadough_use&quot;:&quot;no&quot;,&quot;_ob_allow_hoveranimator&quot;:&quot;no&quot;,&quot;_ob_widget_stalker_use&quot;:&quot;no&quot;}\" data-widget_type=\"text-editor.default\">\n\t\t\t\t<div class=\"elementor-widget-container\">\n\t\t\t\t\t\t\t\t\t<p>Duvin Design, m\u1ed9t th\u01b0\u01a1ng hi\u1ec7u phong c\u00e1ch s\u1ed1ng &#8211; l\u01b0\u1edbt s\u00f3ng n\u1ed5i ti\u1ebfng t\u1eeb nh\u1eefng b\u1edd bi\u1ec3n Florida, \u0111\u00e3 mang \u0111\u1ebfn m\u1eabu hoa v\u0103n \u0111\u1ed9c \u0111\u00e1o \u0111\u01b0\u1ee3c l\u1ea5y c\u1ea3m h\u1ee9ng t\u1eeb nh\u1eefng chi ti\u1ebft s\u1ed1ng \u0111\u1ed9ng t\u1ea1i n\u01a1i h\u1ecd g\u1ecdi l\u00e0 nh\u00e0. V\u1edbi s\u1ef1 h\u1ee3p t\u00e1c v\u1edbi Duvin, PUMA Golf mang s\u1ef1 s\u1ed1ng \u0111\u1ed9ng n\u00e0y t\u1edbi s\u00e2n golf v\u1edbi nh\u1eefng \u00e1o polo v\u00f4 c\u00f9ng nh\u1eb9 v\u00e0 tho\u00e1ng c\u00f9ng v\u1edbi v\u1ebb ngo\u00e0i thu h\u00fat s\u1ef1 ch\u00fa \u00fd cho m\u00f9a h\u00e8 golf.<\/p>\t\t\t\t\t\t\t\t<\/div>\n\t\t\t\t<\/div>\n\t\t\t\t<div class=\"elementor-element elementor-element-ad1eb4a ob-harakiri-inherit ob-has-background-overlay elementor-widget elementor-widget-heading\" data-id=\"ad1eb4a\" data-element_type=\"widget\" data-settings=\"{&quot;_ob_use_harakiri&quot;:&quot;yes&quot;,&quot;_ob_harakiri_writing_mode&quot;:&quot;inherit&quot;,&quot;_ob_harakiri_text_clip&quot;:&quot;none&quot;,&quot;_ob_perspektive_use&quot;:&quot;no&quot;,&quot;_ob_poopart_use&quot;:&quot;yes&quot;,&quot;_ob_shadough_use&quot;:&quot;no&quot;,&quot;_ob_allow_hoveranimator&quot;:&quot;no&quot;,&quot;_ob_widget_stalker_use&quot;:&quot;no&quot;}\" data-widget_type=\"heading.default\">\n\t\t\t\t<div class=\"elementor-widget-container\">\n\t\t\t\t\t<h2 class=\"elementor-heading-title elementor-size-default\">TH\u00d4NG TIN CHI TI\u1ebeT<\/h2>\t\t\t\t<\/div>\n\t\t\t\t<\/div>\n\t\t\t\t<div class=\"elementor-element elementor-element-47ad4cb ob-harakiri-inherit ob-has-background-overlay elementor-widget elementor-widget-text-editor\" data-id=\"47ad4cb\" data-element_type=\"widget\" data-settings=\"{&quot;_ob_use_harakiri&quot;:&quot;yes&quot;,&quot;_ob_harakiri_writing_mode&quot;:&quot;inherit&quot;,&quot;_ob_postman_use&quot;:&quot;no&quot;,&quot;_ob_perspektive_use&quot;:&quot;no&quot;,&quot;_ob_poopart_use&quot;:&quot;yes&quot;,&quot;_ob_shadough_use&quot;:&quot;no&quot;,&quot;_ob_allow_hoveranimator&quot;:&quot;no&quot;,&quot;_ob_widget_stalker_use&quot;:&quot;no&quot;}\" data-widget_type=\"text-editor.default\">\n\t\t\t\t<div class=\"elementor-widget-container\">\n\t\t\t\t\t\t\t\t\t<p>\u00a0<\/p><ul><li>89% Polyester, 11% Elastane<\/li><li>Co gi\u00e3n &amp; Nh\u1eb9<\/li><li>D\u1ec7t tr\u01a1n<\/li><li>H\u00fat \u1ea9m<\/li><li><span style=\"font-style: inherit; font-weight: inherit; background-color: var(--ast-global-color-5); color: var(--ast-global-color-3);\">Hai c\u00fac c\u1ed5<\/span><\/li><li><span style=\"font-style: inherit; font-weight: inherit; background-color: var(--ast-global-color-5); color: var(--ast-global-color-3);\">Ch\u1ea5t li\u1ec7u v\u00f4 c\u00f9ng nh\u1eb9<\/span><\/li><li><span style=\"font-style: inherit; font-weight: inherit; background-color: var(--ast-global-color-5); color: var(--ast-global-color-3);\">Huy hi\u1ec7u vi\u1ec1n \u00e1o tr\u00e1i<\/span><\/li><li>H\u1ecda ti\u1ebft hoa l\u00e1 Florida t\u1eeb Duvin Design Co.<\/li><\/ul>\t\t\t\t\t\t\t\t<\/div>\n\t\t\t\t<\/div>\n\t\t\t\t\t<\/div>\n\t\t<\/div>\n\t\t\t\t\t<\/div>\n\t\t<\/section>\n\t\t\t\t<section class=\"ob-is-breaking-bad elementor-section elementor-top-section elementor-element elementor-element-935fae8 elementor-section-full_width elementor-section-height-default elementor-section-height-default\" data-id=\"935fae8\" data-element_type=\"section\" data-settings=\"{&quot;_ob_bbad_use_it&quot;:&quot;yes&quot;,&quot;_ob_bbad_sssic_use&quot;:&quot;no&quot;,&quot;_ob_glider_is_slider&quot;:&quot;no&quot;}\">\n\t\t\t\t\t\t<div class=\"elementor-container elementor-column-gap-no\">\n\t\t\t\t\t<div class=\"elementor-column elementor-col-100 elementor-top-column elementor-element elementor-element-a87df29\" data-id=\"a87df29\" data-element_type=\"column\" data-settings=\"{&quot;_ob_bbad_is_stalker&quot;:&quot;no&quot;,&quot;_ob_teleporter_use&quot;:false,&quot;_ob_column_hoveranimator&quot;:&quot;no&quot;,&quot;_ob_column_has_pseudo&quot;:&quot;no&quot;}\">\n\t\t\t<div class=\"elementor-widget-wrap elementor-element-populated\">\n\t\t\t\t\t\t<div class=\"elementor-element elementor-element-7794fa1 ob-has-background-overlay elementor-widget elementor-widget-image\" data-id=\"7794fa1\" data-element_type=\"widget\" data-settings=\"{&quot;_ob_photomorph_use&quot;:&quot;no&quot;,&quot;_ob_perspektive_use&quot;:&quot;no&quot;,&quot;_ob_poopart_use&quot;:&quot;yes&quot;,&quot;_ob_shadough_use&quot;:&quot;no&quot;,&quot;_ob_allow_hoveranimator&quot;:&quot;no&quot;,&quot;_ob_widget_stalker_use&quot;:&quot;no&quot;}\" data-widget_type=\"image.default\">\n\t\t\t\t<div class=\"elementor-widget-container\">\n\t\t\t\t\t\t\t\t\t\t\t\t\t\t\t<img decoding=\"async\" width=\"1440\" height=\"391\" src=\"https:\/\/i0.wp.com\/pumagolf.dscgolf.com\/wp-content\/uploads\/2022\/08\/920x250px_Duvin.png?fit=1440%2C391&amp;ssl=1\" class=\"attachment-full size-full wp-image-3748\" alt=\"\" srcset=\"https:\/\/i0.wp.com\/pumagolf.dscgolf.com\/wp-content\/uploads\/2022\/08\/920x250px_Duvin.png?w=1440&amp;ssl=1 1440w, https:\/\/i0.wp.com\/pumagolf.dscgolf.com\/wp-content\/uploads\/2022\/08\/920x250px_Duvin.png?resize=300%2C81&amp;ssl=1 300w, https:\/\/i0.wp.com\/pumagolf.dscgolf.com\/wp-content\/uploads\/2022\/08\/920x250px_Duvin.png?resize=1024%2C278&amp;ssl=1 1024w, https:\/\/i0.wp.com\/pumagolf.dscgolf.com\/wp-content\/uploads\/2022\/08\/920x250px_Duvin.png?resize=768%2C209&amp;ssl=1 768w, https:\/\/i0.wp.com\/pumagolf.dscgolf.com\/wp-content\/uploads\/2022\/08\/920x250px_Duvin.png?resize=600%2C163&amp;ssl=1 600w\" sizes=\"(max-width: 1000px) 100vw, 1000px\" \/>\t\t\t\t\t\t\t\t\t\t\t\t\t\t\t<\/div>\n\t\t\t\t<\/div>\n\t\t\t\t\t<\/div>\n\t\t<\/div>\n\t\t\t\t\t<\/div>\n\t\t<\/section>\n\t\t\t\t<\/div>\n\t\t","protected":false},"excerpt":{"rendered":"<p>PUMA Golf v\u00e0 Duvin h\u1ee3p t\u00e1c \u0111\u1ec3 mang l\u1ea1i chi\u1ebfc \u00e1o polo si\u00eau nh\u1eb9 v\u1edbi m\u00e1u s\u1eafc s\u1ed1ng \u0111\u1ed9ng. S\u00e0nh \u0111i\u1ec7u h\u01a1n khi m\u1eb7c v\u1edbi qu\u1ea7n shorts \u0111\u1ed3ng b\u1ed9 v\u00e0 \u0111ang ch\u01a1i tr\u00ean s\u00e2n.<\/p>\n<p>*Thi\u1ebft k\u1ebf l\u01b0\u1ee1ng t\u00ednh: c\u00f3 th\u1ec3 \u0111\u01b0\u1ee3c m\u1eb7c b\u1edfi c\u1ea3 nam v\u00e0 n\u1eef.<\/p>\n","protected":false},"featured_media":3734,"comment_status":"open","ping_status":"closed","template":"","meta":{"_uag_custom_page_level_css":"","site-sidebar-layout":"default","site-content-layout":"default","ast-global-header-display":"","ast-main-header-display":"","ast-hfb-above-header-display":"","ast-hfb-below-header-display":"","ast-hfb-mobile-header-display":"","site-post-title":"","ast-breadcrumbs-content":"","ast-featured-img":"","footer-sml-layout":"","theme-transparent-header-meta":"default","adv-header-id-meta":"","stick-header-meta":"default","header-above-stick-meta":"","header-main-stick-meta":"","header-below-stick-meta":""},"product_brand":[],"product_cat":[109,70,110],"product_tag":[111,65],"class_list":{"0":"post-3732","1":"product","2":"type-product","3":"status-publish","4":"has-post-thumbnail","6":"product_cat-duvin","7":"product_cat-polo","8":"product_cat-unisex","9":"product_tag-duvin","10":"product_tag-polo","11":"pa_color-duvin","12":"desktop-align-left","13":"tablet-align-left","14":"mobile-align-left","16":"first","17":"instock","18":"shipping-taxable","19":"purchasable","20":"product-type-variable"},"uagb_featured_image_src":{"full":["https:\/\/i0.wp.com\/pumagolf.dscgolf.com\/wp-content\/uploads\/2022\/08\/534084_01.png?fit=2000%2C2000&ssl=1",2000,2000,false],"thumbnail":["https:\/\/i0.wp.com\/pumagolf.dscgolf.com\/wp-content\/uploads\/2022\/08\/534084_01.png?resize=150%2C150&ssl=1",150,150,true],"medium":["https:\/\/i0.wp.com\/pumagolf.dscgolf.com\/wp-content\/uploads\/2022\/08\/534084_01.png?fit=300%2C300&ssl=1",300,300,true],"medium_large":["https:\/\/i0.wp.com\/pumagolf.dscgolf.com\/wp-content\/uploads\/2022\/08\/534084_01.png?fit=768%2C768&ssl=1",768,768,true],"large":["https:\/\/i0.wp.com\/pumagolf.dscgolf.com\/wp-content\/uploads\/2022\/08\/534084_01.png?fit=1024%2C1024&ssl=1",1024,1024,true],"1536x1536":["https:\/\/i0.wp.com\/pumagolf.dscgolf.com\/wp-content\/uploads\/2022\/08\/534084_01.png?fit=1536%2C1536&ssl=1",1536,1536,true],"2048x2048":["https:\/\/i0.wp.com\/pumagolf.dscgolf.com\/wp-content\/uploads\/2022\/08\/534084_01.png?fit=2000%2C2000&ssl=1",2000,2000,true],"woocommerce_thumbnail":["https:\/\/i0.wp.com\/pumagolf.dscgolf.com\/wp-content\/uploads\/2022\/08\/534084_01.png?resize=300%2C300&ssl=1",300,300,true],"woocommerce_single":["https:\/\/i0.wp.com\/pumagolf.dscgolf.com\/wp-content\/uploads\/2022\/08\/534084_01.png?fit=600%2C600&ssl=1",600,600,true],"woocommerce_gallery_thumbnail":["https:\/\/i0.wp.com\/pumagolf.dscgolf.com\/wp-content\/uploads\/2022\/08\/534084_01.png?resize=100%2C100&ssl=1",100,100,true]},"uagb_author_info":{"display_name":"pumagolfvn","author_link":"https:\/\/pumagolf.dscgolf.com\/index.php\/author\/"},"uagb_comment_info":0,"uagb_excerpt":"PUMA Golf v\u00e0 Duvin h\u1ee3p t\u00e1c \u0111\u1ec3 mang l\u1ea1i chi\u1ebfc \u00e1o polo si\u00eau nh\u1eb9 v\u1edbi m\u00e1u s\u1eafc s\u1ed1ng \u0111\u1ed9ng. S\u00e0nh \u0111i\u1ec7u h\u01a1n khi m\u1eb7c v\u1edbi qu\u1ea7n shorts \u0111\u1ed3ng b\u1ed9 v\u00e0 \u0111ang ch\u01a1i tr\u00ean s\u00e2n. *Thi\u1ebft k\u1ebf l\u01b0\u1ee1ng t\u00ednh: c\u00f3 th\u1ec3 \u0111\u01b0\u1ee3c m\u1eb7c b\u1edfi c\u1ea3 nam v\u00e0 n\u1eef.","_links":{"self":[{"href":"https:\/\/pumagolf.dscgolf.com\/index.php\/wp-json\/wp\/v2\/product\/3732","targetHints":{"allow":["GET"]}}],"collection":[{"href":"https:\/\/pumagolf.dscgolf.com\/index.php\/wp-json\/wp\/v2\/product"}],"about":[{"href":"https:\/\/pumagolf.dscgolf.com\/index.php\/wp-json\/wp\/v2\/types\/product"}],"replies":[{"embeddable":true,"href":"https:\/\/pumagolf.dscgolf.com\/index.php\/wp-json\/wp\/v2\/comments?post=3732"}],"version-history":[{"count":11,"href":"https:\/\/pumagolf.dscgolf.com\/index.php\/wp-json\/wp\/v2\/product\/3732\/revisions"}],"predecessor-version":[{"id":5033,"href":"https:\/\/pumagolf.dscgolf.com\/index.php\/wp-json\/wp\/v2\/product\/3732\/revisions\/5033"}],"wp:featuredmedia":[{"embeddable":true,"href":"https:\/\/pumagolf.dscgolf.com\/index.php\/wp-json\/wp\/v2\/media\/3734"}],"wp:attachment":[{"href":"https:\/\/pumagolf.dscgolf.com\/index.php\/wp-json\/wp\/v2\/media?parent=3732"}],"wp:term":[{"taxonomy":"product_brand","embeddable":true,"href":"https:\/\/pumagolf.dscgolf.com\/index.php\/wp-json\/wp\/v2\/product_brand?post=3732"},{"taxonomy":"product_cat","embeddable":true,"href":"https:\/\/pumagolf.dscgolf.com\/index.php\/wp-json\/wp\/v2\/product_cat?post=3732"},{"taxonomy":"product_tag","embeddable":true,"href":"https:\/\/pumagolf.dscgolf.com\/index.php\/wp-json\/wp\/v2\/product_tag?post=3732"}],"curies":[{"name":"wp","href":"https:\/\/api.w.org\/{rel}","templated":true}]}}