{"id":362,"date":"2017-12-21T04:37:29","date_gmt":"2017-12-21T04:37:29","guid":{"rendered":"https:\/\/pumagolf.dscgolf.com\/index.php\/product\/dnk-yellow-shoes\/"},"modified":"2024-09-13T06:39:07","modified_gmt":"2024-09-13T06:39:07","slug":"mattr-sunnies-polo","status":"publish","type":"product","link":"https:\/\/pumagolf.dscgolf.com\/index.php\/product\/mattr-sunnies-polo\/","title":{"rendered":"Mattr Sunnies Polo"},"content":{"rendered":"<p>&nbsp;<\/p>\n<ul>\n<li>92% Polyester t\u00e1i ch\u1ebf, 8% Elastane<\/li>\n<li>\u00c1o s\u01a1 mi \u0111\u01a1n<\/li>\n<li>H\u00fat \u1ea9m<\/li>\n<li>DryCELL<\/li>\n<li>Ch\u1ed1ng tia UV 50+ UPF<\/li>\n<li>Co gi\u00e3n 4 chi\u1ec1u<\/li>\n<li>Tho\u00e1ng kh\u00ed<\/li>\n<li>Kh\u00f4<\/li>\n<li>H\u1ecda ti\u1ebft k\u00ednh r\u00e2m, m\u1eb7t tr\u1eddi, kem ch\u1ed1ng n\u1eafng<\/li>\n<li>Logo ng\u1ef1c tr\u00e1i<\/li>\n<\/ul>\n","protected":false},"excerpt":{"rendered":"<p>Xin ch\u00e0o \u00f4ng m\u1eb7t tr\u1eddi. \u0110\u01b0\u1ee3c thi\u1ebft k\u1ebf v\u1edbi ch\u1ea5t li\u1ec7u MATTR k\u00e8m v\u1edbi h\u1ecda ti\u1ebft g\u1ee3i \u0111\u1ebfn nh\u1eefng ng\u01b0\u1eddi ch\u01a1i n\u1ed5i b\u1eadt trong m\u00f9a h\u00e8, \u00e1o polo Sunnies s\u1ebd c\u00f9ng b\u1ea1n s\u1eb5n s\u00e0ng cho nh\u1eefng ng\u00e0y n\u1eafng n\u00f3ng s\u1eafp t\u1edbi.<\/p>\n","protected":false},"featured_media":3105,"comment_status":"open","ping_status":"closed","template":"","meta":{"_uag_custom_page_level_css":"","site-sidebar-layout":"default","site-content-layout":"default","ast-global-header-display":"","ast-main-header-display":"","ast-hfb-above-header-display":"","ast-hfb-below-header-display":"","ast-hfb-mobile-header-display":"","site-post-title":"","ast-breadcrumbs-content":"","ast-featured-img":"","footer-sml-layout":"","theme-transparent-header-meta":"default","adv-header-id-meta":"","stick-header-meta":"","header-above-stick-meta":"","header-main-stick-meta":"","header-below-stick-meta":""},"product_brand":[],"product_cat":[64,49,70],"product_tag":[66,68,65,69],"class_list":{"0":"post-362","1":"product","2":"type-product","3":"status-publish","4":"has-post-thumbnail","6":"product_cat-mattr","7":"product_cat-men","8":"product_cat-polo","9":"product_tag-mattr","10":"product_tag-men","11":"product_tag-polo","12":"product_tag-sunnies","13":"pa_color-bright-cobalt-quiet-shade","14":"pa_color-bright-white-bright-cobalt","15":"pa_color-hot-coral-high-rise","16":"pa_color-navy-blazer-chalk-pink","17":"desktop-align-left","18":"tablet-align-left","19":"mobile-align-left","21":"first","22":"outofstock","23":"shipping-taxable","24":"purchasable","25":"product-type-variable"},"uagb_featured_image_src":{"full":["https:\/\/i0.wp.com\/pumagolf.dscgolf.com\/wp-content\/uploads\/2017\/12\/532980_04.png?fit=2000%2C2000&ssl=1",2000,2000,false],"thumbnail":["https:\/\/i0.wp.com\/pumagolf.dscgolf.com\/wp-content\/uploads\/2017\/12\/532980_04.png?resize=150%2C150&ssl=1",150,150,true],"medium":["https:\/\/i0.wp.com\/pumagolf.dscgolf.com\/wp-content\/uploads\/2017\/12\/532980_04.png?fit=300%2C300&ssl=1",300,300,true],"medium_large":["https:\/\/i0.wp.com\/pumagolf.dscgolf.com\/wp-content\/uploads\/2017\/12\/532980_04.png?fit=768%2C768&ssl=1",768,768,true],"large":["https:\/\/i0.wp.com\/pumagolf.dscgolf.com\/wp-content\/uploads\/2017\/12\/532980_04.png?fit=1024%2C1024&ssl=1",1024,1024,true],"1536x1536":["https:\/\/i0.wp.com\/pumagolf.dscgolf.com\/wp-content\/uploads\/2017\/12\/532980_04.png?fit=1536%2C1536&ssl=1",1536,1536,true],"2048x2048":["https:\/\/i0.wp.com\/pumagolf.dscgolf.com\/wp-content\/uploads\/2017\/12\/532980_04.png?fit=2000%2C2000&ssl=1",2000,2000,true],"woocommerce_thumbnail":["https:\/\/i0.wp.com\/pumagolf.dscgolf.com\/wp-content\/uploads\/2017\/12\/532980_04.png?resize=300%2C300&ssl=1",300,300,true],"woocommerce_single":["https:\/\/i0.wp.com\/pumagolf.dscgolf.com\/wp-content\/uploads\/2017\/12\/532980_04.png?fit=600%2C600&ssl=1",600,600,true],"woocommerce_gallery_thumbnail":["https:\/\/i0.wp.com\/pumagolf.dscgolf.com\/wp-content\/uploads\/2017\/12\/532980_04.png?resize=100%2C100&ssl=1",100,100,true]},"uagb_author_info":{"display_name":"pumagolfvn","author_link":"https:\/\/pumagolf.dscgolf.com\/index.php\/author\/"},"uagb_comment_info":0,"uagb_excerpt":"Xin ch\u00e0o \u00f4ng m\u1eb7t tr\u1eddi. \u0110\u01b0\u1ee3c thi\u1ebft k\u1ebf v\u1edbi ch\u1ea5t li\u1ec7u MATTR k\u00e8m v\u1edbi h\u1ecda ti\u1ebft g\u1ee3i \u0111\u1ebfn nh\u1eefng ng\u01b0\u1eddi ch\u01a1i n\u1ed5i b\u1eadt trong m\u00f9a h\u00e8, \u00e1o polo Sunnies s\u1ebd c\u00f9ng b\u1ea1n s\u1eb5n s\u00e0ng cho nh\u1eefng ng\u00e0y n\u1eafng n\u00f3ng s\u1eafp t\u1edbi.","_links":{"self":[{"href":"https:\/\/pumagolf.dscgolf.com\/index.php\/wp-json\/wp\/v2\/product\/362","targetHints":{"allow":["GET"]}}],"collection":[{"href":"https:\/\/pumagolf.dscgolf.com\/index.php\/wp-json\/wp\/v2\/product"}],"about":[{"href":"https:\/\/pumagolf.dscgolf.com\/index.php\/wp-json\/wp\/v2\/types\/product"}],"replies":[{"embeddable":true,"href":"https:\/\/pumagolf.dscgolf.com\/index.php\/wp-json\/wp\/v2\/comments?post=362"}],"version-history":[{"count":3,"href":"https:\/\/pumagolf.dscgolf.com\/index.php\/wp-json\/wp\/v2\/product\/362\/revisions"}],"predecessor-version":[{"id":5378,"href":"https:\/\/pumagolf.dscgolf.com\/index.php\/wp-json\/wp\/v2\/product\/362\/revisions\/5378"}],"wp:featuredmedia":[{"embeddable":true,"href":"https:\/\/pumagolf.dscgolf.com\/index.php\/wp-json\/wp\/v2\/media\/3105"}],"wp:attachment":[{"href":"https:\/\/pumagolf.dscgolf.com\/index.php\/wp-json\/wp\/v2\/media?parent=362"}],"wp:term":[{"taxonomy":"product_brand","embeddable":true,"href":"https:\/\/pumagolf.dscgolf.com\/index.php\/wp-json\/wp\/v2\/product_brand?post=362"},{"taxonomy":"product_cat","embeddable":true,"href":"https:\/\/pumagolf.dscgolf.com\/index.php\/wp-json\/wp\/v2\/product_cat?post=362"},{"taxonomy":"product_tag","embeddable":true,"href":"https:\/\/pumagolf.dscgolf.com\/index.php\/wp-json\/wp\/v2\/product_tag?post=362"}],"curies":[{"name":"wp","href":"https:\/\/api.w.org\/{rel}","templated":true}]}}