{"id":360,"date":"2017-12-21T04:37:21","date_gmt":"2017-12-21T04:37:21","guid":{"rendered":"https:\/\/pumagolf.dscgolf.com\/index.php\/product\/dnk-blue-shoes\/"},"modified":"2022-09-06T09:56:11","modified_gmt":"2022-09-06T09:56:11","slug":"mattr-shipwrecked-button-down","status":"publish","type":"product","link":"https:\/\/pumagolf.dscgolf.com\/index.php\/product\/mattr-shipwrecked-button-down\/","title":{"rendered":"Mattr Shipwrecked Button Down"},"content":{"rendered":"<p>V\u1edbi v\u1ea3i t\u00e1n \u1ea9m, kh\u00f4 nhanh v\u00e0 tho\u00e1ng kh\u00ed, c\u00f9ng v\u1edbi kh\u1ea3 n\u0103ng co gi\u00e3n 4 chi\u1ec1u v\u00e0 c\u1ea3m gi\u00e1c nh\u1eb9 nh\u00e0ng, nh\u1eefng m\u1eabu \u00e1o golf\u00a0 n\u00e0y c\u00f3 t\u1ea5t c\u1ea3 nh\u1eefng g\u00ec b\u1ea1n c\u1ea7n \u0111\u1ec3 c\u00f3 m\u00e0n th\u1ec3 hi\u1ec7n t\u1ed1t nh\u1ea5t. M\u00e0n tr\u00ecnh di\u1ec5n c\u1ee7a b\u1ea1n l\u00e0 m\u00e0n tr\u00ecnh di\u1ec5n c\u1ee7a ch\u00fang t\u00f4i.\u200b<\/p>\n<ul>\n<li>\u00c1o s\u01a1 mi<\/li>\n<li>H\u00fat \u1ea9m<\/li>\n<li>DryCELL<\/li>\n<li>Ch\u1ed1ng tia UV 40+ UPF<\/li>\n<li>Co gi\u00e3n 4 chi\u1ec1u<\/li>\n<li>Tho\u00e1ng kh\u00ed<\/li>\n<li>Kh\u00f4<\/li>\n<li>H\u1ecda ti\u1ebft h\u00e0ng h\u1ea3i, \u0111\u1ea1i d\u01b0\u01a1ng<\/li>\n<li>Logo ng\u1ef1c tr\u00e1i<\/li>\n<\/ul>\n","protected":false},"excerpt":{"rendered":"<p>V\u1edbi h\u1ecda ti\u1ebft h\u00e0ng h\u1ea3i tr\u1ea3i kh\u1eafp, \u00e1o s\u01a1 mi MATTR Shipwrecked \u0111\u01b0\u1ee3c thi\u1ebft \u0111\u1ec3 m\u1eb7c ngo\u00e0i qu\u1ea7n v\u00e0 t\u1eadn d\u1ee5ng v\u1ea3i co gi\u00e3n 4 chi\u1ec1u, h\u00fat \u1ea9m cho b\u1ea1n c\u1ea3m gi\u00e1c tho\u1ea3i m\u00e1i, tho\u00e1ng m\u00e1t v\u00e0 kh\u00f4 r\u00e1o su\u1ed1t 18 l\u1ed7.<\/p>\n","protected":false},"featured_media":3122,"comment_status":"open","ping_status":"closed","template":"elementor_theme","meta":{"_uag_custom_page_level_css":"","site-sidebar-layout":"default","site-content-layout":"default","ast-global-header-display":"","ast-main-header-display":"","ast-hfb-above-header-display":"","ast-hfb-below-header-display":"","ast-hfb-mobile-header-display":"","site-post-title":"","ast-breadcrumbs-content":"","ast-featured-img":"","footer-sml-layout":"","theme-transparent-header-meta":"default","adv-header-id-meta":"","stick-header-meta":"","header-above-stick-meta":"","header-main-stick-meta":"","header-below-stick-meta":""},"product_brand":[],"product_cat":[71,64,49],"product_tag":[73,66,72],"class_list":{"0":"post-360","1":"product","2":"type-product","3":"status-publish","4":"has-post-thumbnail","6":"product_cat-button-down","7":"product_cat-mattr","8":"product_cat-men","9":"product_tag-buttondown","10":"product_tag-mattr","11":"product_tag-shipwrecked","12":"desktop-align-left","13":"tablet-align-left","14":"mobile-align-left","16":"first","17":"instock","18":"shipping-taxable","19":"product-type-simple"},"uagb_featured_image_src":{"full":["https:\/\/i0.wp.com\/pumagolf.dscgolf.com\/wp-content\/uploads\/2017\/12\/533788_01.png?fit=2000%2C2000&ssl=1",2000,2000,false],"thumbnail":["https:\/\/i0.wp.com\/pumagolf.dscgolf.com\/wp-content\/uploads\/2017\/12\/533788_01.png?resize=150%2C150&ssl=1",150,150,true],"medium":["https:\/\/i0.wp.com\/pumagolf.dscgolf.com\/wp-content\/uploads\/2017\/12\/533788_01.png?fit=300%2C300&ssl=1",300,300,true],"medium_large":["https:\/\/i0.wp.com\/pumagolf.dscgolf.com\/wp-content\/uploads\/2017\/12\/533788_01.png?fit=768%2C768&ssl=1",768,768,true],"large":["https:\/\/i0.wp.com\/pumagolf.dscgolf.com\/wp-content\/uploads\/2017\/12\/533788_01.png?fit=1024%2C1024&ssl=1",1024,1024,true],"1536x1536":["https:\/\/i0.wp.com\/pumagolf.dscgolf.com\/wp-content\/uploads\/2017\/12\/533788_01.png?fit=1536%2C1536&ssl=1",1536,1536,true],"2048x2048":["https:\/\/i0.wp.com\/pumagolf.dscgolf.com\/wp-content\/uploads\/2017\/12\/533788_01.png?fit=2000%2C2000&ssl=1",2000,2000,true],"woocommerce_thumbnail":["https:\/\/i0.wp.com\/pumagolf.dscgolf.com\/wp-content\/uploads\/2017\/12\/533788_01.png?resize=300%2C300&ssl=1",300,300,true],"woocommerce_single":["https:\/\/i0.wp.com\/pumagolf.dscgolf.com\/wp-content\/uploads\/2017\/12\/533788_01.png?fit=600%2C600&ssl=1",600,600,true],"woocommerce_gallery_thumbnail":["https:\/\/i0.wp.com\/pumagolf.dscgolf.com\/wp-content\/uploads\/2017\/12\/533788_01.png?resize=100%2C100&ssl=1",100,100,true]},"uagb_author_info":{"display_name":"pumagolfvn","author_link":"https:\/\/pumagolf.dscgolf.com\/index.php\/author\/"},"uagb_comment_info":0,"uagb_excerpt":"V\u1edbi h\u1ecda ti\u1ebft h\u00e0ng h\u1ea3i tr\u1ea3i kh\u1eafp, \u00e1o s\u01a1 mi MATTR Shipwrecked \u0111\u01b0\u1ee3c thi\u1ebft \u0111\u1ec3 m\u1eb7c ngo\u00e0i qu\u1ea7n v\u00e0 t\u1eadn d\u1ee5ng v\u1ea3i co gi\u00e3n 4 chi\u1ec1u, h\u00fat \u1ea9m cho b\u1ea1n c\u1ea3m gi\u00e1c tho\u1ea3i m\u00e1i, tho\u00e1ng m\u00e1t v\u00e0 kh\u00f4 r\u00e1o su\u1ed1t 18 l\u1ed7.","_links":{"self":[{"href":"https:\/\/pumagolf.dscgolf.com\/index.php\/wp-json\/wp\/v2\/product\/360","targetHints":{"allow":["GET"]}}],"collection":[{"href":"https:\/\/pumagolf.dscgolf.com\/index.php\/wp-json\/wp\/v2\/product"}],"about":[{"href":"https:\/\/pumagolf.dscgolf.com\/index.php\/wp-json\/wp\/v2\/types\/product"}],"replies":[{"embeddable":true,"href":"https:\/\/pumagolf.dscgolf.com\/index.php\/wp-json\/wp\/v2\/comments?post=360"}],"version-history":[{"count":2,"href":"https:\/\/pumagolf.dscgolf.com\/index.php\/wp-json\/wp\/v2\/product\/360\/revisions"}],"predecessor-version":[{"id":3185,"href":"https:\/\/pumagolf.dscgolf.com\/index.php\/wp-json\/wp\/v2\/product\/360\/revisions\/3185"}],"wp:featuredmedia":[{"embeddable":true,"href":"https:\/\/pumagolf.dscgolf.com\/index.php\/wp-json\/wp\/v2\/media\/3122"}],"wp:attachment":[{"href":"https:\/\/pumagolf.dscgolf.com\/index.php\/wp-json\/wp\/v2\/media?parent=360"}],"wp:term":[{"taxonomy":"product_brand","embeddable":true,"href":"https:\/\/pumagolf.dscgolf.com\/index.php\/wp-json\/wp\/v2\/product_brand?post=360"},{"taxonomy":"product_cat","embeddable":true,"href":"https:\/\/pumagolf.dscgolf.com\/index.php\/wp-json\/wp\/v2\/product_cat?post=360"},{"taxonomy":"product_tag","embeddable":true,"href":"https:\/\/pumagolf.dscgolf.com\/index.php\/wp-json\/wp\/v2\/product_tag?post=360"}],"curies":[{"name":"wp","href":"https:\/\/api.w.org\/{rel}","templated":true}]}}