{"id":3487,"date":"2022-08-11T05:59:14","date_gmt":"2022-08-11T05:59:14","guid":{"rendered":"https:\/\/pumagolf.dscgolf.com\/?post_type=product&#038;p=3487"},"modified":"2022-09-06T09:55:04","modified_gmt":"2022-09-06T09:55:04","slug":"nassau-polo-hot-coral","status":"publish","type":"product","link":"https:\/\/pumagolf.dscgolf.com\/index.php\/product\/nassau-polo-hot-coral\/","title":{"rendered":"Nassau Polo Hot Coral"},"content":{"rendered":"\t\t<div data-elementor-type=\"wp-post\" data-elementor-id=\"3487\" class=\"elementor elementor-3487\">\n\t\t\t\t\t\t<section class=\"ob-is-breaking-bad elementor-section elementor-top-section elementor-element elementor-element-5952a366 elementor-section-boxed elementor-section-height-default elementor-section-height-default\" data-id=\"5952a366\" data-element_type=\"section\" data-settings=\"{&quot;_ob_bbad_use_it&quot;:&quot;yes&quot;,&quot;_ob_bbad_sssic_use&quot;:&quot;no&quot;,&quot;_ob_glider_is_slider&quot;:&quot;no&quot;}\">\n\t\t\t\t\t\t<div class=\"elementor-container elementor-column-gap-default\">\n\t\t\t\t\t<div class=\"elementor-column elementor-col-100 elementor-top-column elementor-element elementor-element-a28493a\" data-id=\"a28493a\" data-element_type=\"column\" data-settings=\"{&quot;_ob_bbad_is_stalker&quot;:&quot;no&quot;,&quot;_ob_teleporter_use&quot;:false,&quot;_ob_column_hoveranimator&quot;:&quot;no&quot;,&quot;_ob_column_has_pseudo&quot;:&quot;no&quot;}\">\n\t\t\t<div class=\"elementor-widget-wrap elementor-element-populated\">\n\t\t\t\t\t\t<div class=\"elementor-element elementor-element-47ad4cb ob-harakiri-inherit ob-has-background-overlay elementor-widget elementor-widget-text-editor\" data-id=\"47ad4cb\" data-element_type=\"widget\" data-settings=\"{&quot;_ob_use_harakiri&quot;:&quot;yes&quot;,&quot;_ob_harakiri_writing_mode&quot;:&quot;inherit&quot;,&quot;_ob_postman_use&quot;:&quot;no&quot;,&quot;_ob_perspektive_use&quot;:&quot;no&quot;,&quot;_ob_poopart_use&quot;:&quot;yes&quot;,&quot;_ob_shadough_use&quot;:&quot;no&quot;,&quot;_ob_allow_hoveranimator&quot;:&quot;no&quot;,&quot;_ob_widget_stalker_use&quot;:&quot;no&quot;}\" data-widget_type=\"text-editor.default\">\n\t\t\t\t<div class=\"elementor-widget-container\">\n\t\t\t\t\t\t\t\t\t<p>L\u00e0m m\u1ed9t ng\u00e0y c\u1ee7a b\u1ea1n v\u00e0 cu\u1ed9c ch\u01a1i c\u1ee7a b\u1ea1n r\u1ef1c r\u1ee1 h\u01a1n v\u1edbi chi\u1ebfc \u00e1o polo c\u00f3 m\u1ed9t kh\u00f4ng hai n\u00e0y. V\u1edbi m\u00e0u s\u1eafc t\u00e1o b\u1ea1o, vui ch\u01a1i c\u00f9ng v\u1edbi h\u1ecda ti\u1ebft hoa nhi\u1ec7t \u0111\u1edbi, \u0111\u1ea3m b\u1ea3o r\u1eb1ng m\u1ecdi con m\u1eaft s\u1ebd h\u01b0\u1edbng v\u1ec1 b\u1ea1n tr\u00ean s\u00e2n golf.<\/p><ul><li>89% Polyester, 11% Elastane<\/li><li>Co gi\u00e3n &amp; Nh\u1eb9<\/li><li>D\u1ec7t tr\u01a1n<\/li><li>H\u00fat \u1ea9n<\/li><li>Ch\u1ed1ng tia UV 30+ UPF<\/li><li>Ch\u1ea5t li\u1ec7u v\u00f4 c\u00f9ng nh\u1eb9<\/li><li>H\u1ecda ti\u1ebft hoa c\u00f9ng v\u1edbi qu\u1ea7n short<\/li><li>Logo ng\u1ef1c tr\u00e1i<\/li><\/ul>\t\t\t\t\t\t\t\t<\/div>\n\t\t\t\t<\/div>\n\t\t\t\t\t<\/div>\n\t\t<\/div>\n\t\t\t\t\t<\/div>\n\t\t<\/section>\n\t\t\t\t<section class=\"ob-is-breaking-bad elementor-section elementor-top-section elementor-element elementor-element-935fae8 elementor-section-full_width elementor-section-stretched elementor-section-height-default elementor-section-height-default\" data-id=\"935fae8\" data-element_type=\"section\" data-settings=\"{&quot;stretch_section&quot;:&quot;section-stretched&quot;,&quot;_ob_bbad_use_it&quot;:&quot;yes&quot;,&quot;_ob_bbad_sssic_use&quot;:&quot;no&quot;,&quot;_ob_glider_is_slider&quot;:&quot;no&quot;}\">\n\t\t\t\t\t\t<div class=\"elementor-container elementor-column-gap-no\">\n\t\t\t\t\t<div class=\"elementor-column elementor-col-100 elementor-top-column elementor-element elementor-element-a87df29\" data-id=\"a87df29\" data-element_type=\"column\" data-settings=\"{&quot;_ob_bbad_is_stalker&quot;:&quot;no&quot;,&quot;_ob_teleporter_use&quot;:false,&quot;_ob_column_hoveranimator&quot;:&quot;no&quot;,&quot;_ob_column_has_pseudo&quot;:&quot;no&quot;}\">\n\t\t\t<div class=\"elementor-widget-wrap elementor-element-populated\">\n\t\t\t\t\t\t<div class=\"elementor-element elementor-element-7794fa1 ob-has-background-overlay elementor-widget elementor-widget-image\" data-id=\"7794fa1\" data-element_type=\"widget\" data-settings=\"{&quot;_ob_photomorph_use&quot;:&quot;no&quot;,&quot;_ob_perspektive_use&quot;:&quot;no&quot;,&quot;_ob_poopart_use&quot;:&quot;yes&quot;,&quot;_ob_shadough_use&quot;:&quot;no&quot;,&quot;_ob_allow_hoveranimator&quot;:&quot;no&quot;,&quot;_ob_widget_stalker_use&quot;:&quot;no&quot;}\" data-widget_type=\"image.default\">\n\t\t\t\t<div class=\"elementor-widget-container\">\n\t\t\t\t\t\t\t\t\t\t\t\t\t\t\t<img fetchpriority=\"high\" decoding=\"async\" width=\"920\" height=\"250\" src=\"https:\/\/i0.wp.com\/pumagolf.dscgolf.com\/wp-content\/uploads\/2022\/08\/22SS_Ecom_GO_Apparel_TRACKS_DigitalBanners_920x250px_SpringBreakCollection-v3.3.jpg?fit=920%2C250&amp;ssl=1\" class=\"attachment-full size-full wp-image-3463\" alt=\"\" srcset=\"https:\/\/i0.wp.com\/pumagolf.dscgolf.com\/wp-content\/uploads\/2022\/08\/22SS_Ecom_GO_Apparel_TRACKS_DigitalBanners_920x250px_SpringBreakCollection-v3.3.jpg?w=920&amp;ssl=1 920w, https:\/\/i0.wp.com\/pumagolf.dscgolf.com\/wp-content\/uploads\/2022\/08\/22SS_Ecom_GO_Apparel_TRACKS_DigitalBanners_920x250px_SpringBreakCollection-v3.3.jpg?resize=300%2C82&amp;ssl=1 300w, https:\/\/i0.wp.com\/pumagolf.dscgolf.com\/wp-content\/uploads\/2022\/08\/22SS_Ecom_GO_Apparel_TRACKS_DigitalBanners_920x250px_SpringBreakCollection-v3.3.jpg?resize=768%2C209&amp;ssl=1 768w, https:\/\/i0.wp.com\/pumagolf.dscgolf.com\/wp-content\/uploads\/2022\/08\/22SS_Ecom_GO_Apparel_TRACKS_DigitalBanners_920x250px_SpringBreakCollection-v3.3.jpg?resize=600%2C163&amp;ssl=1 600w\" sizes=\"(max-width: 920px) 100vw, 920px\" \/>\t\t\t\t\t\t\t\t\t\t\t\t\t\t\t<\/div>\n\t\t\t\t<\/div>\n\t\t\t\t\t<\/div>\n\t\t<\/div>\n\t\t\t\t\t<\/div>\n\t\t<\/section>\n\t\t\t\t<\/div>\n\t\t","protected":false},"excerpt":{"rendered":"<p>\u0110\u00e3 \u0111\u1ebfn k\u00ec ngh\u1ec9 xu\u00e2n ch\u01b0a nh\u1ec9? V\u1edbi \u00e1o polo golf PUMA Nassau th\u00ec ch\u1eafc ch\u1eafn gi\u1ed1ng v\u1eady. \u00c1o polo d\u1ec7t nh\u1eb9, h\u00fat \u1ea9m v\u1edbi h\u1ecda ti\u1ebft \u1ea5n t\u01b0\u1ee3ng \u0111\u01b0\u1ee3c l\u1ea5y c\u1ea3m h\u1ee9ng t\u1eeb c\u00e1c b\u1edd bi\u1ec3n nhi\u1ec7t \u0111\u1edbi mang l\u1ea1i \u0111\u1ea7y kh\u00f4ng kh\u00ed \u0103n ch\u01a1i. M\u1eb7c k\u00e8m c\u00f9ng v\u1edbi qu\u1ea7n short c\u00f9ng b\u1ed9 \u0111\u1ec3 c\u00f3 m\u1ed9t phong c\u00e1ch ho\u00e0n h\u1ea3o cho k\u00ec ngh\u1ec9.<\/p>\n","protected":false},"featured_media":3474,"comment_status":"open","ping_status":"closed","template":"","meta":{"_uag_custom_page_level_css":"","site-sidebar-layout":"default","site-content-layout":"default","ast-global-header-display":"","ast-main-header-display":"","ast-hfb-above-header-display":"","ast-hfb-below-header-display":"","ast-hfb-mobile-header-display":"","site-post-title":"","ast-breadcrumbs-content":"","ast-featured-img":"","footer-sml-layout":"","theme-transparent-header-meta":"default","adv-header-id-meta":"","stick-header-meta":"default","header-above-stick-meta":"","header-main-stick-meta":"","header-below-stick-meta":""},"product_brand":[],"product_cat":[49,103,70],"product_tag":[105,65],"class_list":{"0":"post-3487","1":"product","2":"type-product","3":"status-publish","4":"has-post-thumbnail","6":"product_cat-men","7":"product_cat-nassau","8":"product_cat-polo","9":"product_tag-nassau","10":"product_tag-polo","11":"desktop-align-left","12":"tablet-align-left","13":"mobile-align-left","15":"first","16":"instock","17":"shipping-taxable","18":"product-type-simple"},"uagb_featured_image_src":{"full":["https:\/\/i0.wp.com\/pumagolf.dscgolf.com\/wp-content\/uploads\/2017\/12\/533797_02.png?fit=2000%2C2000&ssl=1",2000,2000,false],"thumbnail":["https:\/\/i0.wp.com\/pumagolf.dscgolf.com\/wp-content\/uploads\/2017\/12\/533797_02.png?resize=150%2C150&ssl=1",150,150,true],"medium":["https:\/\/i0.wp.com\/pumagolf.dscgolf.com\/wp-content\/uploads\/2017\/12\/533797_02.png?fit=300%2C300&ssl=1",300,300,true],"medium_large":["https:\/\/i0.wp.com\/pumagolf.dscgolf.com\/wp-content\/uploads\/2017\/12\/533797_02.png?fit=768%2C768&ssl=1",768,768,true],"large":["https:\/\/i0.wp.com\/pumagolf.dscgolf.com\/wp-content\/uploads\/2017\/12\/533797_02.png?fit=1024%2C1024&ssl=1",1024,1024,true],"1536x1536":["https:\/\/i0.wp.com\/pumagolf.dscgolf.com\/wp-content\/uploads\/2017\/12\/533797_02.png?fit=1536%2C1536&ssl=1",1536,1536,true],"2048x2048":["https:\/\/i0.wp.com\/pumagolf.dscgolf.com\/wp-content\/uploads\/2017\/12\/533797_02.png?fit=2000%2C2000&ssl=1",2000,2000,true],"woocommerce_thumbnail":["https:\/\/i0.wp.com\/pumagolf.dscgolf.com\/wp-content\/uploads\/2017\/12\/533797_02.png?resize=300%2C300&ssl=1",300,300,true],"woocommerce_single":["https:\/\/i0.wp.com\/pumagolf.dscgolf.com\/wp-content\/uploads\/2017\/12\/533797_02.png?fit=600%2C600&ssl=1",600,600,true],"woocommerce_gallery_thumbnail":["https:\/\/i0.wp.com\/pumagolf.dscgolf.com\/wp-content\/uploads\/2017\/12\/533797_02.png?resize=100%2C100&ssl=1",100,100,true]},"uagb_author_info":{"display_name":"pumagolfvn","author_link":"https:\/\/pumagolf.dscgolf.com\/index.php\/author\/"},"uagb_comment_info":0,"uagb_excerpt":"\u0110\u00e3 \u0111\u1ebfn k\u00ec ngh\u1ec9 xu\u00e2n ch\u01b0a nh\u1ec9? V\u1edbi \u00e1o polo golf PUMA Nassau th\u00ec ch\u1eafc ch\u1eafn gi\u1ed1ng v\u1eady. \u00c1o polo d\u1ec7t nh\u1eb9, h\u00fat \u1ea9m v\u1edbi h\u1ecda ti\u1ebft \u1ea5n t\u01b0\u1ee3ng \u0111\u01b0\u1ee3c l\u1ea5y c\u1ea3m h\u1ee9ng t\u1eeb c\u00e1c b\u1edd bi\u1ec3n nhi\u1ec7t \u0111\u1edbi mang l\u1ea1i \u0111\u1ea7y kh\u00f4ng kh\u00ed \u0103n ch\u01a1i. M\u1eb7c k\u00e8m c\u00f9ng v\u1edbi qu\u1ea7n short c\u00f9ng b\u1ed9 \u0111\u1ec3&hellip;","_links":{"self":[{"href":"https:\/\/pumagolf.dscgolf.com\/index.php\/wp-json\/wp\/v2\/product\/3487","targetHints":{"allow":["GET"]}}],"collection":[{"href":"https:\/\/pumagolf.dscgolf.com\/index.php\/wp-json\/wp\/v2\/product"}],"about":[{"href":"https:\/\/pumagolf.dscgolf.com\/index.php\/wp-json\/wp\/v2\/types\/product"}],"replies":[{"embeddable":true,"href":"https:\/\/pumagolf.dscgolf.com\/index.php\/wp-json\/wp\/v2\/comments?post=3487"}],"version-history":[{"count":2,"href":"https:\/\/pumagolf.dscgolf.com\/index.php\/wp-json\/wp\/v2\/product\/3487\/revisions"}],"predecessor-version":[{"id":5036,"href":"https:\/\/pumagolf.dscgolf.com\/index.php\/wp-json\/wp\/v2\/product\/3487\/revisions\/5036"}],"wp:featuredmedia":[{"embeddable":true,"href":"https:\/\/pumagolf.dscgolf.com\/index.php\/wp-json\/wp\/v2\/media\/3474"}],"wp:attachment":[{"href":"https:\/\/pumagolf.dscgolf.com\/index.php\/wp-json\/wp\/v2\/media?parent=3487"}],"wp:term":[{"taxonomy":"product_brand","embeddable":true,"href":"https:\/\/pumagolf.dscgolf.com\/index.php\/wp-json\/wp\/v2\/product_brand?post=3487"},{"taxonomy":"product_cat","embeddable":true,"href":"https:\/\/pumagolf.dscgolf.com\/index.php\/wp-json\/wp\/v2\/product_cat?post=3487"},{"taxonomy":"product_tag","embeddable":true,"href":"https:\/\/pumagolf.dscgolf.com\/index.php\/wp-json\/wp\/v2\/product_tag?post=3487"}],"curies":[{"name":"wp","href":"https:\/\/api.w.org\/{rel}","templated":true}]}}