{"id":345,"date":"2017-12-20T14:16:19","date_gmt":"2017-12-20T14:16:19","guid":{"rendered":"https:\/\/pumagolf.dscgolf.com\/index.php\/product\/dark-blue-denim-jeans\/"},"modified":"2024-09-13T04:54:39","modified_gmt":"2024-09-13T04:54:39","slug":"mattr-no-egrets-polo","status":"publish","type":"product","link":"https:\/\/pumagolf.dscgolf.com\/index.php\/product\/mattr-no-egrets-polo\/","title":{"rendered":"Mattr No Egrets Polo"},"content":{"rendered":"<p>V\u1edbi v\u1ea3i t\u00e1n \u1ea9m, kh\u00f4 nhanh v\u00e0 tho\u00e1ng kh\u00ed, c\u00f9ng v\u1edbi kh\u1ea3 n\u0103ng co gi\u00e3n 4 chi\u1ec1u v\u00e0 c\u1ea3m gi\u00e1c nh\u1eb9 nh\u00e0ng, nh\u1eefng m\u1eabu \u00e1o golf polo n\u00e0y c\u00f3 t\u1ea5t c\u1ea3 nh\u1eefng g\u00ec b\u1ea1n c\u1ea7n \u0111\u1ec3 c\u00f3 m\u00e0n th\u1ec3 hi\u1ec7n t\u1ed1t nh\u1ea5t. M\u00e0n tr\u00ecnh di\u1ec5n c\u1ee7a b\u1ea1n l\u00e0 m\u00e0n tr\u00ecnh di\u1ec5n c\u1ee7a ch\u00fang t\u00f4i.\u200b<\/p>\n<p>&nbsp;<\/p>\n<ul>\n<li>92% Polyester t\u00e1i ch\u1ebf, 8% Elastane<\/li>\n<li>\u00c1o polo c\u00f3 c\u1ed5 3 c\u00fac<\/li>\n<li>H\u00fat \u1ea9m<\/li>\n<li>DryCELL<\/li>\n<li>Co gi\u00e3n 4 chi\u1ec1u<\/li>\n<li>Tho\u00e1ng kh\u00ed<\/li>\n<li>Kh\u00f4<\/li>\n<li>H\u1ecda ti\u1ebft con c\u00f2<\/li>\n<li>Logo ng\u1ef1c tr\u00e1i<\/li>\n<\/ul>\n","protected":false},"excerpt":{"rendered":"<p>Tri \u00e2n nh\u1eefng &#8220;v\u1ecb kh\u00e1ch&#8221; th\u01b0\u1eddng gh\u00e9 th\u0103m t\u1ea1i nh\u1eefng ao h\u1ed3 t\u1ea1i gi\u1ea3i TPC Sawgrass, \u00e1o golf MATTR Egrets Polo bao g\u1ed3m h\u1ecda ti\u1ebft con chim v\u1edbi qu\u1ea3 b\u00f3ng golf v\u00e0ng tr\u1ea3i kh\u1eafp. \u0110\u01b0\u1ee3c l\u00e0m b\u1edfi ch\u1ea5t li\u1ec7u MATTR h\u00fat \u1ea9m v\u00e0 co gi\u00e3n 4 chi\u1ec1u, b\u1ea1n s\u1ebd tho\u1ea3i m\u00e1i trong su\u1ed1t cu\u1ed9c ch\u01a1i.<\/p>\n","protected":false},"featured_media":3144,"comment_status":"open","ping_status":"closed","template":"elementor_theme","meta":{"_uag_custom_page_level_css":"","site-sidebar-layout":"default","site-content-layout":"default","ast-global-header-display":"","ast-main-header-display":"","ast-hfb-above-header-display":"","ast-hfb-below-header-display":"","ast-hfb-mobile-header-display":"","site-post-title":"","ast-breadcrumbs-content":"","ast-featured-img":"","footer-sml-layout":"","theme-transparent-header-meta":"default","adv-header-id-meta":"","stick-header-meta":"","header-above-stick-meta":"","header-main-stick-meta":"","header-below-stick-meta":""},"product_brand":[],"product_cat":[64,49,70],"product_tag":[1360,66,65],"class_list":{"0":"post-345","1":"product","2":"type-product","3":"status-publish","4":"has-post-thumbnail","6":"product_cat-mattr","7":"product_cat-men","8":"product_cat-polo","9":"product_tag-egrets","10":"product_tag-mattr","11":"product_tag-polo","12":"pa_color-mattr-no-egrets-polo-navy-blazer-old-gold","13":"desktop-align-left","14":"tablet-align-left","15":"mobile-align-left","17":"first","18":"instock","19":"shipping-taxable","20":"purchasable","21":"product-type-variable","22":"has-default-attributes"},"uagb_featured_image_src":{"full":["https:\/\/i0.wp.com\/pumagolf.dscgolf.com\/wp-content\/uploads\/2017\/12\/533794_02.png?fit=2000%2C2000&ssl=1",2000,2000,false],"thumbnail":["https:\/\/i0.wp.com\/pumagolf.dscgolf.com\/wp-content\/uploads\/2017\/12\/533794_02.png?resize=150%2C150&ssl=1",150,150,true],"medium":["https:\/\/i0.wp.com\/pumagolf.dscgolf.com\/wp-content\/uploads\/2017\/12\/533794_02.png?fit=300%2C300&ssl=1",300,300,true],"medium_large":["https:\/\/i0.wp.com\/pumagolf.dscgolf.com\/wp-content\/uploads\/2017\/12\/533794_02.png?fit=768%2C768&ssl=1",768,768,true],"large":["https:\/\/i0.wp.com\/pumagolf.dscgolf.com\/wp-content\/uploads\/2017\/12\/533794_02.png?fit=1024%2C1024&ssl=1",1024,1024,true],"1536x1536":["https:\/\/i0.wp.com\/pumagolf.dscgolf.com\/wp-content\/uploads\/2017\/12\/533794_02.png?fit=1536%2C1536&ssl=1",1536,1536,true],"2048x2048":["https:\/\/i0.wp.com\/pumagolf.dscgolf.com\/wp-content\/uploads\/2017\/12\/533794_02.png?fit=2000%2C2000&ssl=1",2000,2000,true],"woocommerce_thumbnail":["https:\/\/i0.wp.com\/pumagolf.dscgolf.com\/wp-content\/uploads\/2017\/12\/533794_02.png?resize=300%2C300&ssl=1",300,300,true],"woocommerce_single":["https:\/\/i0.wp.com\/pumagolf.dscgolf.com\/wp-content\/uploads\/2017\/12\/533794_02.png?fit=600%2C600&ssl=1",600,600,true],"woocommerce_gallery_thumbnail":["https:\/\/i0.wp.com\/pumagolf.dscgolf.com\/wp-content\/uploads\/2017\/12\/533794_02.png?resize=100%2C100&ssl=1",100,100,true]},"uagb_author_info":{"display_name":"pumagolfvn","author_link":"https:\/\/pumagolf.dscgolf.com\/index.php\/author\/"},"uagb_comment_info":0,"uagb_excerpt":"Tri \u00e2n nh\u1eefng \"v\u1ecb kh\u00e1ch\" th\u01b0\u1eddng gh\u00e9 th\u0103m t\u1ea1i nh\u1eefng ao h\u1ed3 t\u1ea1i gi\u1ea3i TPC Sawgrass, \u00e1o golf MATTR Egrets Polo bao g\u1ed3m h\u1ecda ti\u1ebft con chim v\u1edbi qu\u1ea3 b\u00f3ng golf v\u00e0ng tr\u1ea3i kh\u1eafp. \u0110\u01b0\u1ee3c l\u00e0m b\u1edfi ch\u1ea5t li\u1ec7u MATTR h\u00fat \u1ea9m v\u00e0 co gi\u00e3n 4 chi\u1ec1u, b\u1ea1n s\u1ebd tho\u1ea3i m\u00e1i trong su\u1ed1t cu\u1ed9c ch\u01a1i.","_links":{"self":[{"href":"https:\/\/pumagolf.dscgolf.com\/index.php\/wp-json\/wp\/v2\/product\/345","targetHints":{"allow":["GET"]}}],"collection":[{"href":"https:\/\/pumagolf.dscgolf.com\/index.php\/wp-json\/wp\/v2\/product"}],"about":[{"href":"https:\/\/pumagolf.dscgolf.com\/index.php\/wp-json\/wp\/v2\/types\/product"}],"replies":[{"embeddable":true,"href":"https:\/\/pumagolf.dscgolf.com\/index.php\/wp-json\/wp\/v2\/comments?post=345"}],"version-history":[{"count":2,"href":"https:\/\/pumagolf.dscgolf.com\/index.php\/wp-json\/wp\/v2\/product\/345\/revisions"}],"predecessor-version":[{"id":3137,"href":"https:\/\/pumagolf.dscgolf.com\/index.php\/wp-json\/wp\/v2\/product\/345\/revisions\/3137"}],"wp:featuredmedia":[{"embeddable":true,"href":"https:\/\/pumagolf.dscgolf.com\/index.php\/wp-json\/wp\/v2\/media\/3144"}],"wp:attachment":[{"href":"https:\/\/pumagolf.dscgolf.com\/index.php\/wp-json\/wp\/v2\/media?parent=345"}],"wp:term":[{"taxonomy":"product_brand","embeddable":true,"href":"https:\/\/pumagolf.dscgolf.com\/index.php\/wp-json\/wp\/v2\/product_brand?post=345"},{"taxonomy":"product_cat","embeddable":true,"href":"https:\/\/pumagolf.dscgolf.com\/index.php\/wp-json\/wp\/v2\/product_cat?post=345"},{"taxonomy":"product_tag","embeddable":true,"href":"https:\/\/pumagolf.dscgolf.com\/index.php\/wp-json\/wp\/v2\/product_tag?post=345"}],"curies":[{"name":"wp","href":"https:\/\/api.w.org\/{rel}","templated":true}]}}