{"id":316,"date":"2017-12-19T15:02:20","date_gmt":"2017-12-19T15:02:20","guid":{"rendered":"https:\/\/pumagolf.dscgolf.com\/index.php\/product\/dnk-green-shoes\/"},"modified":"2022-09-09T09:11:32","modified_gmt":"2022-09-09T09:11:32","slug":"cloudspun-lahaina-polo","status":"publish","type":"product","link":"https:\/\/pumagolf.dscgolf.com\/index.php\/product\/cloudspun-lahaina-polo\/","title":{"rendered":"Cloudspun Lahaina Polo"},"content":{"rendered":"<p>Ch\u1ea5t li\u1ec7u v\u1ea3i CLOUDSPUN c\u1ee7a PUMA mang \u0111\u1ebfn c\u1ea3m gi\u00e1c v\u00f4 c\u00f9ng m\u1ec1m m\u1ea1i v\u1edbi kh\u1ea3 n\u0103ng co gi\u00e3n 4 chi\u1ec1u, h\u00fat \u1ea9m v\u00e0 t\u1ea5t c\u1ea3 nh\u1eefng t\u00ednh n\u0103ng c\u1ea7n \u0111\u1ec3 ch\u01a1i tr\u1ecdn 18 l\u1ed7. Ch\u00fang t\u00f4i h\u1ee9a r\u1eb1ng, n\u00f3 s\u1ebd m\u1eb7c th\u00edch h\u01a1n c\u00e1i m\u00e0 b\u1ea1n c\u00f3.<\/p>\n<ul>\n<li>94% Polyester t\u00e1i ch\u1ebf, 6% Elastane<\/li>\n<li>\u00c1o ph\u00f4ng c\u00f3 c\u1ed5 Flat Knit 3 c\u00fac.<\/li>\n<li>H\u00fat \u1ea9m<\/li>\n<li>DryCELL<\/li>\n<li>Ch\u1ed1ng tia UV 50+ UPF<\/li>\n<li>Co gi\u00e3n 4 chi\u1ec1u<\/li>\n<li>V\u00f4 c\u00f9ng m\u1ec1m m\u1ea1i<\/li>\n<li>H\u1ecda ti\u1ebft c\u00e1 voi, \u1ed1ng nh\u00f2m, hoa v\u00e0 l\u00e1 c\u1ecd<\/li>\n<li>Logo c\u00e1nh tay tr\u00e1i<\/li>\n<\/ul>\n","protected":false},"excerpt":{"rendered":"<p>L\u1ea5y c\u1ea3m h\u1ee9ng t\u1eeb nh\u1eefng khung c\u1ea3nh b\u1edd bi\u1ec3n nhi\u1ec7t \u0111\u1edbi Maui, \u00e1o Lahaina Polo s\u1ebd mang vibe bi\u1ec3n \u0111\u1ea3o \u0111\u1ebfn v\u1edbi b\u1ea1n. \u0110\u01b0\u1ee3c thi\u1ebft k\u1ebf v\u1edbi ch\u1ea5t li\u1ec7u CLOUDSPUN h\u00fat \u1ea9m, co gi\u00e3n 4 chi\u1ec1u, c\u00f9ng v\u1edbi h\u1ecda ti\u1ebft c\u00e1 voi, \u1ed1ng nh\u00f2m, hoa v\u00e0 l\u00e1 c\u1ecd, t\u1ea5t c\u1ea3 nh\u1eefng bi\u1ec3u t\u01b0\u1ee3ng ti\u00eau bi\u1ec3u c\u1ee7a b\u1edd bi\u1ec3n Hawaii.<\/p>\n","protected":false},"featured_media":3233,"comment_status":"open","ping_status":"closed","template":"","meta":{"_uag_custom_page_level_css":"","site-sidebar-layout":"default","site-content-layout":"default","ast-global-header-display":"","ast-main-header-display":"","ast-hfb-above-header-display":"","ast-hfb-below-header-display":"","ast-hfb-mobile-header-display":"","site-post-title":"","ast-breadcrumbs-content":"","ast-featured-img":"","footer-sml-layout":"","theme-transparent-header-meta":"default","adv-header-id-meta":"","stick-header-meta":"","header-above-stick-meta":"","header-main-stick-meta":"","header-below-stick-meta":""},"product_brand":[],"product_cat":[80,49,70],"product_tag":[81,82,65],"class_list":{"0":"post-316","1":"product","2":"type-product","3":"status-publish","4":"has-post-thumbnail","6":"product_cat-cloudspun","7":"product_cat-men","8":"product_cat-polo","9":"product_tag-cloudspun","10":"product_tag-lahaina","11":"product_tag-polo","12":"pa_color-angel-blue-blue-coral","13":"pa_color-bright-white-angel-blue","14":"desktop-align-left","15":"tablet-align-left","16":"mobile-align-left","18":"first","19":"instock","20":"shipping-taxable","21":"purchasable","22":"product-type-variable"},"uagb_featured_image_src":{"full":["https:\/\/i0.wp.com\/pumagolf.dscgolf.com\/wp-content\/uploads\/2017\/12\/533791_02_800x.png?fit=800%2C800&ssl=1",800,800,false],"thumbnail":["https:\/\/i0.wp.com\/pumagolf.dscgolf.com\/wp-content\/uploads\/2017\/12\/533791_02_800x.png?resize=150%2C150&ssl=1",150,150,true],"medium":["https:\/\/i0.wp.com\/pumagolf.dscgolf.com\/wp-content\/uploads\/2017\/12\/533791_02_800x.png?fit=300%2C300&ssl=1",300,300,true],"medium_large":["https:\/\/i0.wp.com\/pumagolf.dscgolf.com\/wp-content\/uploads\/2017\/12\/533791_02_800x.png?fit=768%2C768&ssl=1",768,768,true],"large":["https:\/\/i0.wp.com\/pumagolf.dscgolf.com\/wp-content\/uploads\/2017\/12\/533791_02_800x.png?fit=800%2C800&ssl=1",800,800,true],"1536x1536":["https:\/\/i0.wp.com\/pumagolf.dscgolf.com\/wp-content\/uploads\/2017\/12\/533791_02_800x.png?fit=800%2C800&ssl=1",800,800,true],"2048x2048":["https:\/\/i0.wp.com\/pumagolf.dscgolf.com\/wp-content\/uploads\/2017\/12\/533791_02_800x.png?fit=800%2C800&ssl=1",800,800,true],"woocommerce_thumbnail":["https:\/\/i0.wp.com\/pumagolf.dscgolf.com\/wp-content\/uploads\/2017\/12\/533791_02_800x.png?resize=300%2C300&ssl=1",300,300,true],"woocommerce_single":["https:\/\/i0.wp.com\/pumagolf.dscgolf.com\/wp-content\/uploads\/2017\/12\/533791_02_800x.png?fit=600%2C600&ssl=1",600,600,true],"woocommerce_gallery_thumbnail":["https:\/\/i0.wp.com\/pumagolf.dscgolf.com\/wp-content\/uploads\/2017\/12\/533791_02_800x.png?resize=100%2C100&ssl=1",100,100,true]},"uagb_author_info":{"display_name":"pumagolfvn","author_link":"https:\/\/pumagolf.dscgolf.com\/index.php\/author\/"},"uagb_comment_info":0,"uagb_excerpt":"L\u1ea5y c\u1ea3m h\u1ee9ng t\u1eeb nh\u1eefng khung c\u1ea3nh b\u1edd bi\u1ec3n nhi\u1ec7t \u0111\u1edbi Maui, \u00e1o Lahaina Polo s\u1ebd mang vibe bi\u1ec3n \u0111\u1ea3o \u0111\u1ebfn v\u1edbi b\u1ea1n. \u0110\u01b0\u1ee3c thi\u1ebft k\u1ebf v\u1edbi ch\u1ea5t li\u1ec7u CLOUDSPUN h\u00fat \u1ea9m, co gi\u00e3n 4 chi\u1ec1u, c\u00f9ng v\u1edbi h\u1ecda ti\u1ebft c\u00e1 voi, \u1ed1ng nh\u00f2m, hoa v\u00e0 l\u00e1 c\u1ecd, t\u1ea5t c\u1ea3 nh\u1eefng bi\u1ec3u t\u01b0\u1ee3ng ti\u00eau bi\u1ec3u&hellip;","_links":{"self":[{"href":"https:\/\/pumagolf.dscgolf.com\/index.php\/wp-json\/wp\/v2\/product\/316","targetHints":{"allow":["GET"]}}],"collection":[{"href":"https:\/\/pumagolf.dscgolf.com\/index.php\/wp-json\/wp\/v2\/product"}],"about":[{"href":"https:\/\/pumagolf.dscgolf.com\/index.php\/wp-json\/wp\/v2\/types\/product"}],"replies":[{"embeddable":true,"href":"https:\/\/pumagolf.dscgolf.com\/index.php\/wp-json\/wp\/v2\/comments?post=316"}],"version-history":[{"count":1,"href":"https:\/\/pumagolf.dscgolf.com\/index.php\/wp-json\/wp\/v2\/product\/316\/revisions"}],"predecessor-version":[{"id":3239,"href":"https:\/\/pumagolf.dscgolf.com\/index.php\/wp-json\/wp\/v2\/product\/316\/revisions\/3239"}],"wp:featuredmedia":[{"embeddable":true,"href":"https:\/\/pumagolf.dscgolf.com\/index.php\/wp-json\/wp\/v2\/media\/3233"}],"wp:attachment":[{"href":"https:\/\/pumagolf.dscgolf.com\/index.php\/wp-json\/wp\/v2\/media?parent=316"}],"wp:term":[{"taxonomy":"product_brand","embeddable":true,"href":"https:\/\/pumagolf.dscgolf.com\/index.php\/wp-json\/wp\/v2\/product_brand?post=316"},{"taxonomy":"product_cat","embeddable":true,"href":"https:\/\/pumagolf.dscgolf.com\/index.php\/wp-json\/wp\/v2\/product_cat?post=316"},{"taxonomy":"product_tag","embeddable":true,"href":"https:\/\/pumagolf.dscgolf.com\/index.php\/wp-json\/wp\/v2\/product_tag?post=316"}],"curies":[{"name":"wp","href":"https:\/\/api.w.org\/{rel}","templated":true}]}}