{"id":242,"date":"2017-12-19T10:50:22","date_gmt":"2017-12-19T10:50:22","guid":{"rendered":"https:\/\/pumagolf.dscgolf.com\/index.php\/product\/slim-fit-blue-jeans\/"},"modified":"2024-09-13T07:13:58","modified_gmt":"2024-09-13T07:13:58","slug":"cloudspun-dino-mite-polo","status":"publish","type":"product","link":"https:\/\/pumagolf.dscgolf.com\/index.php\/product\/cloudspun-dino-mite-polo\/","title":{"rendered":"\u00c1o Polo Cloudspun Dino-Mite"},"content":{"rendered":"<p>Ch\u1ea5t li\u1ec7u v\u1ea3i CLOUDSPUN c\u1ee7a PUMA mang \u0111\u1ebfn c\u1ea3m gi\u00e1c v\u00f4 c\u00f9ng m\u1ec1m m\u1ea1i v\u1edbi kh\u1ea3 n\u0103ng co gi\u00e3n 4 chi\u1ec1u, h\u00fat \u1ea9m v\u00e0 t\u1ea5t c\u1ea3 nh\u1eefng t\u00ednh n\u0103ng c\u1ea7n \u0111\u1ec3 ch\u01a1i tr\u1ecdn 18 l\u1ed7. Ch\u00fang t\u00f4i h\u1ee9a r\u1eb1ng, n\u00f3 s\u1ebd m\u1eb7c th\u00edch h\u01a1n c\u00e1i m\u00e0 b\u1ea1n c\u00f3.<\/p>\n<ul>\n<li>94% Polyester t\u00e1i ch\u1ebf, 6% Elastane<\/li>\n<li>\u00c1o ph\u00f4ng c\u00f3 c\u1ed5 3 c\u00fac<\/li>\n<li>H\u00fat \u1ea9m<\/li>\n<li>DryCELL<\/li>\n<li>Ch\u1ed1ng tia UV 40+ UPF<\/li>\n<li>Co gi\u00e3n 4 chi\u1ec1u<\/li>\n<li>V\u00f4 c\u00f9ng m\u1ec1m m\u1ea1i<\/li>\n<li>Flat Knit Collar<\/li>\n<li>H\u1ecda ti\u1ebft kh\u1ee7ng long, xe t\u1ea3i kh\u1ed5ng l\u1ed3 v\u00e0 xe golf.<\/li>\n<li>Logo ng\u1ef1c tr\u00e1i<\/li>\n<\/ul>\n","protected":false},"excerpt":{"rendered":"<p>Tr\u00ecnh di\u1ec5n k\u0129 n\u0103ng fairway c\u1ee7a b\u1ea1n trong \u00e1o Polo Cloudspun \u0111\u01b0\u1ee3c thi\u1ebft k\u1ebf cho \u0111i\u1ec1u ki\u1ec7n tr\u00ean s\u00e2n. \u0110\u01b0\u1ee3c l\u00e0m t\u1eeb ch\u1ea5t li\u1ec7u t\u00e1i ch\u1ebf nh\u1eb1m b\u1ea3o v\u1ec7 m\u00f4i tr\u01b0\u1eddng, c\u00f9ng v\u1edbi kh\u1ea3 n\u0103ng h\u00fat \u1ea9m v\u00e0 co gi\u00e3n 4 chi\u1ec1u, \u0111i k\u00e8m v\u1edbi h\u1ecda ti\u1ebft kh\u1ee7ng long, b\u1ea1n \u0111\u00e3 s\u1eb5n s\u00e0ng \u0111\u1ec3 c\u00f3 m\u1ed9t m\u00e0n tr\u00ecnh di\u1ec5n under-par \u0111\u1ec9nh cao.<\/p>\n","protected":false},"featured_media":3261,"comment_status":"open","ping_status":"closed","template":"","meta":{"_uag_custom_page_level_css":"","site-sidebar-layout":"default","site-content-layout":"default","ast-global-header-display":"","ast-main-header-display":"","ast-hfb-above-header-display":"","ast-hfb-below-header-display":"","ast-hfb-mobile-header-display":"","site-post-title":"","ast-breadcrumbs-content":"","ast-featured-img":"","footer-sml-layout":"","theme-transparent-header-meta":"default","adv-header-id-meta":"","stick-header-meta":"default","header-above-stick-meta":"","header-main-stick-meta":"","header-below-stick-meta":""},"product_brand":[],"product_cat":[80,49,70],"product_tag":[81,89,65],"class_list":{"0":"post-242","1":"product","2":"type-product","3":"status-publish","4":"has-post-thumbnail","6":"product_cat-cloudspun","7":"product_cat-men","8":"product_cat-polo","9":"product_tag-cloudspun","10":"product_tag-dino-mite","11":"product_tag-polo","12":"desktop-align-left","13":"tablet-align-left","14":"mobile-align-left","16":"first","17":"outofstock","18":"shipping-taxable","19":"product-type-simple"},"uagb_featured_image_src":{"full":["https:\/\/i0.wp.com\/pumagolf.dscgolf.com\/wp-content\/uploads\/2017\/12\/CLOUDSPUN-Dino-Mite-Mens-Golf-Polo-3.png?fit=2000%2C2000&ssl=1",2000,2000,false],"thumbnail":["https:\/\/i0.wp.com\/pumagolf.dscgolf.com\/wp-content\/uploads\/2017\/12\/CLOUDSPUN-Dino-Mite-Mens-Golf-Polo-3.png?resize=150%2C150&ssl=1",150,150,true],"medium":["https:\/\/i0.wp.com\/pumagolf.dscgolf.com\/wp-content\/uploads\/2017\/12\/CLOUDSPUN-Dino-Mite-Mens-Golf-Polo-3.png?fit=300%2C300&ssl=1",300,300,true],"medium_large":["https:\/\/i0.wp.com\/pumagolf.dscgolf.com\/wp-content\/uploads\/2017\/12\/CLOUDSPUN-Dino-Mite-Mens-Golf-Polo-3.png?fit=768%2C768&ssl=1",768,768,true],"large":["https:\/\/i0.wp.com\/pumagolf.dscgolf.com\/wp-content\/uploads\/2017\/12\/CLOUDSPUN-Dino-Mite-Mens-Golf-Polo-3.png?fit=1024%2C1024&ssl=1",1024,1024,true],"1536x1536":["https:\/\/i0.wp.com\/pumagolf.dscgolf.com\/wp-content\/uploads\/2017\/12\/CLOUDSPUN-Dino-Mite-Mens-Golf-Polo-3.png?fit=1536%2C1536&ssl=1",1536,1536,true],"2048x2048":["https:\/\/i0.wp.com\/pumagolf.dscgolf.com\/wp-content\/uploads\/2017\/12\/CLOUDSPUN-Dino-Mite-Mens-Golf-Polo-3.png?fit=2000%2C2000&ssl=1",2000,2000,true],"woocommerce_thumbnail":["https:\/\/i0.wp.com\/pumagolf.dscgolf.com\/wp-content\/uploads\/2017\/12\/CLOUDSPUN-Dino-Mite-Mens-Golf-Polo-3.png?resize=300%2C300&ssl=1",300,300,true],"woocommerce_single":["https:\/\/i0.wp.com\/pumagolf.dscgolf.com\/wp-content\/uploads\/2017\/12\/CLOUDSPUN-Dino-Mite-Mens-Golf-Polo-3.png?fit=600%2C600&ssl=1",600,600,true],"woocommerce_gallery_thumbnail":["https:\/\/i0.wp.com\/pumagolf.dscgolf.com\/wp-content\/uploads\/2017\/12\/CLOUDSPUN-Dino-Mite-Mens-Golf-Polo-3.png?resize=100%2C100&ssl=1",100,100,true]},"uagb_author_info":{"display_name":"pumagolfvn","author_link":"https:\/\/pumagolf.dscgolf.com\/index.php\/author\/"},"uagb_comment_info":0,"uagb_excerpt":"Tr\u00ecnh di\u1ec5n k\u0129 n\u0103ng fairway c\u1ee7a b\u1ea1n trong \u00e1o Polo Cloudspun \u0111\u01b0\u1ee3c thi\u1ebft k\u1ebf cho \u0111i\u1ec1u ki\u1ec7n tr\u00ean s\u00e2n. \u0110\u01b0\u1ee3c l\u00e0m t\u1eeb ch\u1ea5t li\u1ec7u t\u00e1i ch\u1ebf nh\u1eb1m b\u1ea3o v\u1ec7 m\u00f4i tr\u01b0\u1eddng, c\u00f9ng v\u1edbi kh\u1ea3 n\u0103ng h\u00fat \u1ea9m v\u00e0 co gi\u00e3n 4 chi\u1ec1u, \u0111i k\u00e8m v\u1edbi h\u1ecda ti\u1ebft kh\u1ee7ng long, b\u1ea1n \u0111\u00e3 s\u1eb5n s\u00e0ng \u0111\u1ec3 c\u00f3&hellip;","_links":{"self":[{"href":"https:\/\/pumagolf.dscgolf.com\/index.php\/wp-json\/wp\/v2\/product\/242","targetHints":{"allow":["GET"]}}],"collection":[{"href":"https:\/\/pumagolf.dscgolf.com\/index.php\/wp-json\/wp\/v2\/product"}],"about":[{"href":"https:\/\/pumagolf.dscgolf.com\/index.php\/wp-json\/wp\/v2\/types\/product"}],"replies":[{"embeddable":true,"href":"https:\/\/pumagolf.dscgolf.com\/index.php\/wp-json\/wp\/v2\/comments?post=242"}],"version-history":[{"count":3,"href":"https:\/\/pumagolf.dscgolf.com\/index.php\/wp-json\/wp\/v2\/product\/242\/revisions"}],"predecessor-version":[{"id":13119,"href":"https:\/\/pumagolf.dscgolf.com\/index.php\/wp-json\/wp\/v2\/product\/242\/revisions\/13119"}],"wp:featuredmedia":[{"embeddable":true,"href":"https:\/\/pumagolf.dscgolf.com\/index.php\/wp-json\/wp\/v2\/media\/3261"}],"wp:attachment":[{"href":"https:\/\/pumagolf.dscgolf.com\/index.php\/wp-json\/wp\/v2\/media?parent=242"}],"wp:term":[{"taxonomy":"product_brand","embeddable":true,"href":"https:\/\/pumagolf.dscgolf.com\/index.php\/wp-json\/wp\/v2\/product_brand?post=242"},{"taxonomy":"product_cat","embeddable":true,"href":"https:\/\/pumagolf.dscgolf.com\/index.php\/wp-json\/wp\/v2\/product_cat?post=242"},{"taxonomy":"product_tag","embeddable":true,"href":"https:\/\/pumagolf.dscgolf.com\/index.php\/wp-json\/wp\/v2\/product_tag?post=242"}],"curies":[{"name":"wp","href":"https:\/\/api.w.org\/{rel}","templated":true}]}}