{"id":15500,"date":"2025-04-10T09:15:10","date_gmt":"2025-04-10T09:15:10","guid":{"rendered":"https:\/\/pumagolf.dscgolf.com\/?post_type=product&#038;p=15500"},"modified":"2025-04-10T09:29:50","modified_gmt":"2025-04-10T09:29:50","slug":"pique-ventura-polo-w","status":"publish","type":"product","link":"https:\/\/pumagolf.dscgolf.com\/index.php\/product\/pique-ventura-polo-w\/","title":{"rendered":"\u00c1o Polo Golf N\u1eef Pique Ventura"},"content":{"rendered":"\t\t<div data-elementor-type=\"wp-post\" data-elementor-id=\"15500\" class=\"elementor elementor-15500\">\n\t\t\t\t\t\t<section class=\"ob-is-breaking-bad elementor-section elementor-top-section elementor-element elementor-element-a5961ff elementor-section-boxed elementor-section-height-default elementor-section-height-default\" data-id=\"a5961ff\" data-element_type=\"section\" data-settings=\"{&quot;_ob_bbad_use_it&quot;:&quot;yes&quot;,&quot;_ob_bbad_sssic_use&quot;:&quot;no&quot;,&quot;_ob_glider_is_slider&quot;:&quot;no&quot;}\">\n\t\t\t\t\t\t<div class=\"elementor-container elementor-column-gap-default\">\n\t\t\t\t\t<div class=\"elementor-column elementor-col-100 elementor-top-column elementor-element elementor-element-6b31c64\" data-id=\"6b31c64\" data-element_type=\"column\" data-settings=\"{&quot;_ob_bbad_is_stalker&quot;:&quot;no&quot;,&quot;_ob_teleporter_use&quot;:false,&quot;_ob_column_hoveranimator&quot;:&quot;no&quot;,&quot;_ob_column_has_pseudo&quot;:&quot;no&quot;}\">\n\t\t\t<div class=\"elementor-widget-wrap elementor-element-populated\">\n\t\t\t\t\t\t<div class=\"elementor-element elementor-element-83b10e9 ob-harakiri-inherit ob-has-background-overlay elementor-widget elementor-widget-text-editor\" data-id=\"83b10e9\" data-element_type=\"widget\" data-settings=\"{&quot;_ob_use_harakiri&quot;:&quot;yes&quot;,&quot;_ob_harakiri_writing_mode&quot;:&quot;inherit&quot;,&quot;_ob_postman_use&quot;:&quot;no&quot;,&quot;_ob_perspektive_use&quot;:&quot;no&quot;,&quot;_ob_poopart_use&quot;:&quot;yes&quot;,&quot;_ob_shadough_use&quot;:&quot;no&quot;,&quot;_ob_allow_hoveranimator&quot;:&quot;no&quot;,&quot;_ob_widget_stalker_use&quot;:&quot;no&quot;}\" data-widget_type=\"text-editor.default\">\n\t\t\t\t<div class=\"elementor-widget-container\">\n\t\t\t\t\t\t\t\t\t<ul>\n<li data-start=\"410\" data-end=\"436\">Th\u1ea5m h\u00fat \u1ea9m, nhanh kh\u00f4<\/li>\n<li data-start=\"467\" data-end=\"488\">Tho\u00e1ng kh\u00ed t\u1ed1i \u01b0u<\/li>\n<li data-start=\"512\" data-end=\"536\" data-is-last-node=\"\">95% Polyester t\u00e1i ch\u1ebf, 5% Elastane&nbsp;<\/li>\n<\/ul>\t\t\t\t\t\t\t\t<\/div>\n\t\t\t\t<\/div>\n\t\t\t\t\t<\/div>\n\t\t<\/div>\n\t\t\t\t\t<\/div>\n\t\t<\/section>\n\t\t\t\t<\/div>\n\t\t","protected":false},"excerpt":{"rendered":"<p style=\"font-family: 'FF DIN VN'; font-weight: 500;\">V\u00ec k\u1ef9 n\u0103ng v\u00e0 phong c\u00e1ch c\u1ee7a b\u1ea1n \u0111\u1ec1u x\u1ee9ng \u0111\u00e1ng t\u1ecfa s\u00e1ng. Tho\u1ea3i m\u00e1i h\u00edt th\u1edf v\u00e0 lu\u00f4n kh\u00f4 r\u00e1o c\u1ea3 ng\u00e0y v\u1edbi ch\u1ea5t li\u1ec7u Pique tho\u00e1ng kh\u00ed, th\u1ea5m h\u00fat m\u1ed3 h\u00f4i c\u00f9ng b\u1ec1 m\u1eb7t c\u00f3 k\u1ebft c\u1ea5u \u0111\u1ea7y cu\u1ed1n h\u00fat. \u0110\u01b0\u1ee3c ch\u1ebf t\u00e1c t\u1eeb \u00edt nh\u1ea5t 90% v\u1eadt li\u1ec7u t\u00e1i ch\u1ebf, h\u01b0\u1edbng \u0111\u1ebfn m\u1ed9t t\u01b0\u01a1ng lai t\u1ed1t \u0111\u1eb9p h\u01a1n.<\/p>\n","protected":false},"featured_media":15503,"comment_status":"open","ping_status":"closed","template":"","meta":{"_uag_custom_page_level_css":"","site-sidebar-layout":"default","site-content-layout":"plain-container","ast-global-header-display":"","ast-main-header-display":"","ast-hfb-above-header-display":"","ast-hfb-below-header-display":"","ast-hfb-mobile-header-display":"","site-post-title":"","ast-breadcrumbs-content":"","ast-featured-img":"","footer-sml-layout":"","theme-transparent-header-meta":"default","adv-header-id-meta":"","stick-header-meta":"","header-above-stick-meta":"","header-main-stick-meta":"","header-below-stick-meta":""},"product_brand":[],"product_cat":[1480,70,57],"product_tag":[1099,65,1650,108],"class_list":{"0":"post-15500","1":"product","2":"type-product","3":"status-publish","4":"has-post-thumbnail","6":"product_cat-pique","7":"product_cat-polo","8":"product_cat-women","9":"product_tag-pique","10":"product_tag-polo","11":"product_tag-ventura","12":"product_tag-women","13":"pa_color-deep-navy-w-pique-ventura-ss-polo","14":"desktop-align-left","15":"tablet-align-left","16":"mobile-align-left","18":"first","19":"instock","20":"shipping-taxable","21":"purchasable","22":"product-type-variable","23":"has-default-attributes"},"uagb_featured_image_src":{"full":["https:\/\/i0.wp.com\/pumagolf.dscgolf.com\/wp-content\/uploads\/2025\/04\/LOW-RES-2000x2000-629433_01.webp?fit=2000%2C2000&ssl=1",2000,2000,false],"thumbnail":["https:\/\/i0.wp.com\/pumagolf.dscgolf.com\/wp-content\/uploads\/2025\/04\/LOW-RES-2000x2000-629433_01.webp?resize=150%2C150&ssl=1",150,150,true],"medium":["https:\/\/i0.wp.com\/pumagolf.dscgolf.com\/wp-content\/uploads\/2025\/04\/LOW-RES-2000x2000-629433_01.webp?fit=300%2C300&ssl=1",300,300,true],"medium_large":["https:\/\/i0.wp.com\/pumagolf.dscgolf.com\/wp-content\/uploads\/2025\/04\/LOW-RES-2000x2000-629433_01.webp?fit=768%2C768&ssl=1",768,768,true],"large":["https:\/\/i0.wp.com\/pumagolf.dscgolf.com\/wp-content\/uploads\/2025\/04\/LOW-RES-2000x2000-629433_01.webp?fit=1024%2C1024&ssl=1",1024,1024,true],"1536x1536":["https:\/\/i0.wp.com\/pumagolf.dscgolf.com\/wp-content\/uploads\/2025\/04\/LOW-RES-2000x2000-629433_01.webp?fit=1536%2C1536&ssl=1",1536,1536,true],"2048x2048":["https:\/\/i0.wp.com\/pumagolf.dscgolf.com\/wp-content\/uploads\/2025\/04\/LOW-RES-2000x2000-629433_01.webp?fit=2000%2C2000&ssl=1",2000,2000,true],"woocommerce_thumbnail":["https:\/\/i0.wp.com\/pumagolf.dscgolf.com\/wp-content\/uploads\/2025\/04\/LOW-RES-2000x2000-629433_01.webp?resize=300%2C300&ssl=1",300,300,true],"woocommerce_single":["https:\/\/i0.wp.com\/pumagolf.dscgolf.com\/wp-content\/uploads\/2025\/04\/LOW-RES-2000x2000-629433_01.webp?fit=600%2C600&ssl=1",600,600,true],"woocommerce_gallery_thumbnail":["https:\/\/i0.wp.com\/pumagolf.dscgolf.com\/wp-content\/uploads\/2025\/04\/LOW-RES-2000x2000-629433_01.webp?resize=100%2C100&ssl=1",100,100,true]},"uagb_author_info":{"display_name":"pumagolfvn","author_link":"https:\/\/pumagolf.dscgolf.com\/index.php\/author\/"},"uagb_comment_info":0,"uagb_excerpt":"V\u00ec k\u1ef9 n\u0103ng v\u00e0 phong c\u00e1ch c\u1ee7a b\u1ea1n \u0111\u1ec1u x\u1ee9ng \u0111\u00e1ng t\u1ecfa s\u00e1ng. Tho\u1ea3i m\u00e1i h\u00edt th\u1edf v\u00e0 lu\u00f4n kh\u00f4 r\u00e1o c\u1ea3 ng\u00e0y v\u1edbi ch\u1ea5t li\u1ec7u Pique tho\u00e1ng kh\u00ed, th\u1ea5m h\u00fat m\u1ed3 h\u00f4i c\u00f9ng b\u1ec1 m\u1eb7t c\u00f3 k\u1ebft c\u1ea5u \u0111\u1ea7y cu\u1ed1n h\u00fat. \u0110\u01b0\u1ee3c ch\u1ebf t\u00e1c t\u1eeb \u00edt nh\u1ea5t 90% v\u1eadt li\u1ec7u t\u00e1i ch\u1ebf, h\u01b0\u1edbng \u0111\u1ebfn&hellip;","_links":{"self":[{"href":"https:\/\/pumagolf.dscgolf.com\/index.php\/wp-json\/wp\/v2\/product\/15500","targetHints":{"allow":["GET"]}}],"collection":[{"href":"https:\/\/pumagolf.dscgolf.com\/index.php\/wp-json\/wp\/v2\/product"}],"about":[{"href":"https:\/\/pumagolf.dscgolf.com\/index.php\/wp-json\/wp\/v2\/types\/product"}],"replies":[{"embeddable":true,"href":"https:\/\/pumagolf.dscgolf.com\/index.php\/wp-json\/wp\/v2\/comments?post=15500"}],"version-history":[{"count":6,"href":"https:\/\/pumagolf.dscgolf.com\/index.php\/wp-json\/wp\/v2\/product\/15500\/revisions"}],"predecessor-version":[{"id":15509,"href":"https:\/\/pumagolf.dscgolf.com\/index.php\/wp-json\/wp\/v2\/product\/15500\/revisions\/15509"}],"wp:featuredmedia":[{"embeddable":true,"href":"https:\/\/pumagolf.dscgolf.com\/index.php\/wp-json\/wp\/v2\/media\/15503"}],"wp:attachment":[{"href":"https:\/\/pumagolf.dscgolf.com\/index.php\/wp-json\/wp\/v2\/media?parent=15500"}],"wp:term":[{"taxonomy":"product_brand","embeddable":true,"href":"https:\/\/pumagolf.dscgolf.com\/index.php\/wp-json\/wp\/v2\/product_brand?post=15500"},{"taxonomy":"product_cat","embeddable":true,"href":"https:\/\/pumagolf.dscgolf.com\/index.php\/wp-json\/wp\/v2\/product_cat?post=15500"},{"taxonomy":"product_tag","embeddable":true,"href":"https:\/\/pumagolf.dscgolf.com\/index.php\/wp-json\/wp\/v2\/product_tag?post=15500"}],"curies":[{"name":"wp","href":"https:\/\/api.w.org\/{rel}","templated":true}]}}