{"id":15471,"date":"2025-04-10T07:15:00","date_gmt":"2025-04-10T07:15:00","guid":{"rendered":"https:\/\/pumagolf.dscgolf.com\/?post_type=product&#038;p=15471"},"modified":"2025-04-10T07:35:37","modified_gmt":"2025-04-10T07:35:37","slug":"mattr-peach-stand-polo","status":"publish","type":"product","link":"https:\/\/pumagolf.dscgolf.com\/index.php\/product\/mattr-peach-stand-polo\/","title":{"rendered":"\u00c1o Polo Golf MATTR Peach Stand"},"content":{"rendered":"\t\t<div data-elementor-type=\"wp-post\" data-elementor-id=\"15471\" class=\"elementor elementor-15471\">\n\t\t\t\t\t\t<section class=\"ob-is-breaking-bad elementor-section elementor-top-section elementor-element elementor-element-4d75d0be elementor-section-boxed elementor-section-height-default elementor-section-height-default\" data-id=\"4d75d0be\" data-element_type=\"section\" data-settings=\"{&quot;_ob_bbad_use_it&quot;:&quot;yes&quot;,&quot;_ob_bbad_sssic_use&quot;:&quot;no&quot;,&quot;_ob_glider_is_slider&quot;:&quot;no&quot;}\">\n\t\t\t\t\t\t<div class=\"elementor-container elementor-column-gap-default\">\n\t\t\t\t\t<div class=\"elementor-column elementor-col-100 elementor-top-column elementor-element elementor-element-7222776b\" data-id=\"7222776b\" data-element_type=\"column\" data-settings=\"{&quot;_ob_bbad_is_stalker&quot;:&quot;no&quot;,&quot;_ob_teleporter_use&quot;:false,&quot;_ob_column_hoveranimator&quot;:&quot;no&quot;,&quot;_ob_column_has_pseudo&quot;:&quot;no&quot;}\">\n\t\t\t<div class=\"elementor-widget-wrap elementor-element-populated\">\n\t\t\t\t\t\t<div class=\"elementor-element elementor-element-9b29013 ob-harakiri-inherit ob-has-background-overlay elementor-widget elementor-widget-heading\" data-id=\"9b29013\" data-element_type=\"widget\" data-settings=\"{&quot;_ob_use_harakiri&quot;:&quot;yes&quot;,&quot;_ob_harakiri_writing_mode&quot;:&quot;inherit&quot;,&quot;_ob_harakiri_text_clip&quot;:&quot;none&quot;,&quot;_ob_perspektive_use&quot;:&quot;no&quot;,&quot;_ob_poopart_use&quot;:&quot;yes&quot;,&quot;_ob_shadough_use&quot;:&quot;no&quot;,&quot;_ob_allow_hoveranimator&quot;:&quot;no&quot;,&quot;_ob_widget_stalker_use&quot;:&quot;no&quot;}\" data-widget_type=\"heading.default\">\n\t\t\t\t<div class=\"elementor-widget-container\">\n\t\t\t\t\t<h2 class=\"elementor-heading-title elementor-size-default\">TH\u00d4NG TIN CHI TI\u1ebeT<\/h2>\t\t\t\t<\/div>\n\t\t\t\t<\/div>\n\t\t\t\t<div class=\"elementor-element elementor-element-3ca0c19a ob-harakiri-inherit ob-has-background-overlay elementor-widget elementor-widget-text-editor\" data-id=\"3ca0c19a\" data-element_type=\"widget\" data-settings=\"{&quot;_ob_use_harakiri&quot;:&quot;yes&quot;,&quot;_ob_harakiri_writing_mode&quot;:&quot;inherit&quot;,&quot;_ob_postman_use&quot;:&quot;no&quot;,&quot;_ob_perspektive_use&quot;:&quot;no&quot;,&quot;_ob_poopart_use&quot;:&quot;yes&quot;,&quot;_ob_shadough_use&quot;:&quot;no&quot;,&quot;_ob_allow_hoveranimator&quot;:&quot;no&quot;,&quot;_ob_widget_stalker_use&quot;:&quot;no&quot;}\" data-widget_type=\"text-editor.default\">\n\t\t\t\t<div class=\"elementor-widget-container\">\n\t\t\t\t\t\t\t\t\t<ul>\n<li>Thanh d\u1ef1ng c\u1ed5 \u1ea3o d\u1ec7t li\u1ec1n<\/li><li>Logo Puma sau g\u00e1y<\/li>\n<li>C\u1ed5 \u00e1o Birds Eye d\u1ec7t ph\u1eb3ng<\/li>\n<li>Ch\u1ea5t li\u1ec7u tho\u00e1ng kh\u00ed &amp; nhanh kh\u00f4<\/li>\n<li>Co gi\u00e3n 4 chi\u1ec1u<\/li>\n<li>Ch\u1ec9 s\u1ed1 ch\u1ed1ng n\u1eafng UPF 40<\/li>\n<li>92% Polyester t\u00e1i ch\u1ebf, 8% Elastane<\/li>\n<\/ul>\t\t\t\t\t\t\t\t<\/div>\n\t\t\t\t<\/div>\n\t\t\t\t\t<\/div>\n\t\t<\/div>\n\t\t\t\t\t<\/div>\n\t\t<\/section>\n\t\t\t\t<\/div>\n\t\t","protected":false},"excerpt":{"rendered":"<p style=\"font-family: 'FF DIN VN'; font-weight: 500;\">Phong c\u00e1ch m\u01b0\u1ee3t m\u00e0 nh\u01b0 qu\u1ea3 \u0111\u00e0o \u2014 v\u00e0 s\u1ea3ng kho\u00e1i kh\u00f4ng k\u00e9m. C\u1ea3m nh\u1eadn l\u00e0n gi\u00f3 m\u00e1t v\u1edbi ch\u1ea5t li\u1ec7u MATTR nh\u1eb9, tho\u00e1ng kh\u00ed, thi\u1ebft k\u1ebf v\u1edbi \u0111\u1ed9 co gi\u00e3n 4 chi\u1ec1u, c\u00f4ng ngh\u1ec7 nhanh kh\u00f4, th\u1ea5m h\u00fat m\u1ed3 h\u00f4i. N\u00e2ng cao tr\u00f2 ch\u01a1i c\u1ee7a b\u1ea1n v\u00e0 b\u1ea3o v\u1ec7 h\u00e0nh tinh v\u1edbi \u00edt nh\u1ea5t 90% v\u1eadt li\u1ec7u t\u00e1i ch\u1ebf.<\/p>\n","protected":false},"featured_media":15473,"comment_status":"open","ping_status":"closed","template":"","meta":{"_uag_custom_page_level_css":"","site-sidebar-layout":"default","site-content-layout":"plain-container","ast-global-header-display":"","ast-main-header-display":"","ast-hfb-above-header-display":"","ast-hfb-below-header-display":"","ast-hfb-mobile-header-display":"","site-post-title":"","ast-breadcrumbs-content":"","ast-featured-img":"","footer-sml-layout":"","theme-transparent-header-meta":"default","adv-header-id-meta":"","stick-header-meta":"","header-above-stick-meta":"","header-main-stick-meta":"","header-below-stick-meta":""},"product_brand":[],"product_cat":[64,49,70],"product_tag":[1707,66,1713,65],"class_list":{"0":"post-15471","1":"product","2":"type-product","3":"status-publish","4":"has-post-thumbnail","6":"product_cat-mattr","7":"product_cat-men","8":"product_cat-polo","9":"product_tag-a-beautiful-game","10":"product_tag-mattr","11":"product_tag-peach-stand","12":"product_tag-polo","13":"pa_color-deep-navy-mattr-peach-stand-polo","14":"pa_color-pink-fruit-mattr-peach-stand-polo","15":"desktop-align-left","16":"tablet-align-left","17":"mobile-align-left","19":"first","20":"instock","21":"shipping-taxable","22":"purchasable","23":"product-type-variable","24":"has-default-attributes"},"uagb_featured_image_src":{"full":["https:\/\/i0.wp.com\/pumagolf.dscgolf.com\/wp-content\/uploads\/2025\/04\/LOW-RES-2000x2000-630579_01.webp?fit=2000%2C2000&ssl=1",2000,2000,false],"thumbnail":["https:\/\/i0.wp.com\/pumagolf.dscgolf.com\/wp-content\/uploads\/2025\/04\/LOW-RES-2000x2000-630579_01.webp?resize=150%2C150&ssl=1",150,150,true],"medium":["https:\/\/i0.wp.com\/pumagolf.dscgolf.com\/wp-content\/uploads\/2025\/04\/LOW-RES-2000x2000-630579_01.webp?fit=300%2C300&ssl=1",300,300,true],"medium_large":["https:\/\/i0.wp.com\/pumagolf.dscgolf.com\/wp-content\/uploads\/2025\/04\/LOW-RES-2000x2000-630579_01.webp?fit=768%2C768&ssl=1",768,768,true],"large":["https:\/\/i0.wp.com\/pumagolf.dscgolf.com\/wp-content\/uploads\/2025\/04\/LOW-RES-2000x2000-630579_01.webp?fit=1024%2C1024&ssl=1",1024,1024,true],"1536x1536":["https:\/\/i0.wp.com\/pumagolf.dscgolf.com\/wp-content\/uploads\/2025\/04\/LOW-RES-2000x2000-630579_01.webp?fit=1536%2C1536&ssl=1",1536,1536,true],"2048x2048":["https:\/\/i0.wp.com\/pumagolf.dscgolf.com\/wp-content\/uploads\/2025\/04\/LOW-RES-2000x2000-630579_01.webp?fit=2000%2C2000&ssl=1",2000,2000,true],"woocommerce_thumbnail":["https:\/\/i0.wp.com\/pumagolf.dscgolf.com\/wp-content\/uploads\/2025\/04\/LOW-RES-2000x2000-630579_01.webp?resize=300%2C300&ssl=1",300,300,true],"woocommerce_single":["https:\/\/i0.wp.com\/pumagolf.dscgolf.com\/wp-content\/uploads\/2025\/04\/LOW-RES-2000x2000-630579_01.webp?fit=600%2C600&ssl=1",600,600,true],"woocommerce_gallery_thumbnail":["https:\/\/i0.wp.com\/pumagolf.dscgolf.com\/wp-content\/uploads\/2025\/04\/LOW-RES-2000x2000-630579_01.webp?resize=100%2C100&ssl=1",100,100,true]},"uagb_author_info":{"display_name":"pumagolfvn","author_link":"https:\/\/pumagolf.dscgolf.com\/index.php\/author\/"},"uagb_comment_info":0,"uagb_excerpt":"Phong c\u00e1ch m\u01b0\u1ee3t m\u00e0 nh\u01b0 qu\u1ea3 \u0111\u00e0o \u2014 v\u00e0 s\u1ea3ng kho\u00e1i kh\u00f4ng k\u00e9m. C\u1ea3m nh\u1eadn l\u00e0n gi\u00f3 m\u00e1t v\u1edbi ch\u1ea5t li\u1ec7u MATTR nh\u1eb9, tho\u00e1ng kh\u00ed, thi\u1ebft k\u1ebf v\u1edbi \u0111\u1ed9 co gi\u00e3n 4 chi\u1ec1u, c\u00f4ng ngh\u1ec7 nhanh kh\u00f4, th\u1ea5m h\u00fat m\u1ed3 h\u00f4i. N\u00e2ng cao tr\u00f2 ch\u01a1i c\u1ee7a b\u1ea1n v\u00e0 b\u1ea3o v\u1ec7 h\u00e0nh tinh v\u1edbi \u00edt nh\u1ea5t&hellip;","_links":{"self":[{"href":"https:\/\/pumagolf.dscgolf.com\/index.php\/wp-json\/wp\/v2\/product\/15471","targetHints":{"allow":["GET"]}}],"collection":[{"href":"https:\/\/pumagolf.dscgolf.com\/index.php\/wp-json\/wp\/v2\/product"}],"about":[{"href":"https:\/\/pumagolf.dscgolf.com\/index.php\/wp-json\/wp\/v2\/types\/product"}],"replies":[{"embeddable":true,"href":"https:\/\/pumagolf.dscgolf.com\/index.php\/wp-json\/wp\/v2\/comments?post=15471"}],"version-history":[{"count":4,"href":"https:\/\/pumagolf.dscgolf.com\/index.php\/wp-json\/wp\/v2\/product\/15471\/revisions"}],"predecessor-version":[{"id":15483,"href":"https:\/\/pumagolf.dscgolf.com\/index.php\/wp-json\/wp\/v2\/product\/15471\/revisions\/15483"}],"wp:featuredmedia":[{"embeddable":true,"href":"https:\/\/pumagolf.dscgolf.com\/index.php\/wp-json\/wp\/v2\/media\/15473"}],"wp:attachment":[{"href":"https:\/\/pumagolf.dscgolf.com\/index.php\/wp-json\/wp\/v2\/media?parent=15471"}],"wp:term":[{"taxonomy":"product_brand","embeddable":true,"href":"https:\/\/pumagolf.dscgolf.com\/index.php\/wp-json\/wp\/v2\/product_brand?post=15471"},{"taxonomy":"product_cat","embeddable":true,"href":"https:\/\/pumagolf.dscgolf.com\/index.php\/wp-json\/wp\/v2\/product_cat?post=15471"},{"taxonomy":"product_tag","embeddable":true,"href":"https:\/\/pumagolf.dscgolf.com\/index.php\/wp-json\/wp\/v2\/product_tag?post=15471"}],"curies":[{"name":"wp","href":"https:\/\/api.w.org\/{rel}","templated":true}]}}