{"id":15428,"date":"2025-04-09T03:44:12","date_gmt":"2025-04-09T03:44:12","guid":{"rendered":"https:\/\/pumagolf.dscgolf.com\/?post_type=product&#038;p=15428"},"modified":"2025-04-09T03:53:38","modified_gmt":"2025-04-09T03:53:38","slug":"mattr-bloom-field-polo","status":"publish","type":"product","link":"https:\/\/pumagolf.dscgolf.com\/index.php\/product\/mattr-bloom-field-polo\/","title":{"rendered":"\u00c1o Polo Golf MATTR Bloom Field"},"content":{"rendered":"\t\t<div data-elementor-type=\"wp-post\" data-elementor-id=\"15428\" class=\"elementor elementor-15428\">\n\t\t\t\t\t\t<section class=\"ob-is-breaking-bad elementor-section elementor-top-section elementor-element elementor-element-4d75d0be elementor-section-boxed elementor-section-height-default elementor-section-height-default\" data-id=\"4d75d0be\" data-element_type=\"section\" data-settings=\"{&quot;_ob_bbad_use_it&quot;:&quot;yes&quot;,&quot;_ob_bbad_sssic_use&quot;:&quot;no&quot;,&quot;_ob_glider_is_slider&quot;:&quot;no&quot;}\">\n\t\t\t\t\t\t<div class=\"elementor-container elementor-column-gap-default\">\n\t\t\t\t\t<div class=\"elementor-column elementor-col-100 elementor-top-column elementor-element elementor-element-7222776b\" data-id=\"7222776b\" data-element_type=\"column\" data-settings=\"{&quot;_ob_bbad_is_stalker&quot;:&quot;no&quot;,&quot;_ob_teleporter_use&quot;:false,&quot;_ob_column_hoveranimator&quot;:&quot;no&quot;,&quot;_ob_column_has_pseudo&quot;:&quot;no&quot;}\">\n\t\t\t<div class=\"elementor-widget-wrap elementor-element-populated\">\n\t\t\t\t\t\t<div class=\"elementor-element elementor-element-ffaee33 ob-harakiri-inherit ob-has-background-overlay elementor-widget elementor-widget-text-editor\" data-id=\"ffaee33\" data-element_type=\"widget\" data-settings=\"{&quot;_ob_use_harakiri&quot;:&quot;yes&quot;,&quot;_ob_harakiri_writing_mode&quot;:&quot;inherit&quot;,&quot;_ob_postman_use&quot;:&quot;no&quot;,&quot;_ob_perspektive_use&quot;:&quot;no&quot;,&quot;_ob_poopart_use&quot;:&quot;yes&quot;,&quot;_ob_shadough_use&quot;:&quot;no&quot;,&quot;_ob_allow_hoveranimator&quot;:&quot;no&quot;,&quot;_ob_widget_stalker_use&quot;:&quot;no&quot;}\" data-widget_type=\"text-editor.default\">\n\t\t\t\t<div class=\"elementor-widget-container\">\n\t\t\t\t\t\t\t\t\tV\u1edbi v\u1ea3i t\u00e1n \u1ea9m, kh\u00f4 nhanh v\u00e0 tho\u00e1ng kh\u00ed, c\u00f9ng v\u1edbi kh\u1ea3 n\u0103ng co gi\u00e3n 4 chi\u1ec1u v\u00e0 c\u1ea3m gi\u00e1c nh\u1eb9 nh\u00e0ng, nh\u1eefng m\u1eabu \u00e1o golf polo n\u00e0y c\u00f3 t\u1ea5t c\u1ea3 nh\u1eefng g\u00ec b\u1ea1n c\u1ea7n \u0111\u1ec3 c\u00f3 m\u00e0n th\u1ec3 hi\u1ec7n t\u1ed1t nh\u1ea5t. M\u00e0n tr\u00ecnh di\u1ec5n c\u1ee7a b\u1ea1n l\u00e0 m\u00e0n tr\u00ecnh di\u1ec5n c\u1ee7a ch\u00fang t\u00f4i.<\/li>\n<\/ul>\t\t\t\t\t\t\t\t<\/div>\n\t\t\t\t<\/div>\n\t\t\t\t<div class=\"elementor-element elementor-element-9b29013 ob-harakiri-inherit ob-has-background-overlay elementor-widget elementor-widget-heading\" data-id=\"9b29013\" data-element_type=\"widget\" data-settings=\"{&quot;_ob_use_harakiri&quot;:&quot;yes&quot;,&quot;_ob_harakiri_writing_mode&quot;:&quot;inherit&quot;,&quot;_ob_harakiri_text_clip&quot;:&quot;none&quot;,&quot;_ob_perspektive_use&quot;:&quot;no&quot;,&quot;_ob_poopart_use&quot;:&quot;yes&quot;,&quot;_ob_shadough_use&quot;:&quot;no&quot;,&quot;_ob_allow_hoveranimator&quot;:&quot;no&quot;,&quot;_ob_widget_stalker_use&quot;:&quot;no&quot;}\" data-widget_type=\"heading.default\">\n\t\t\t\t<div class=\"elementor-widget-container\">\n\t\t\t\t\t<h2 class=\"elementor-heading-title elementor-size-default\">TH\u00d4NG TIN CHI TI\u1ebeT<\/h2>\t\t\t\t<\/div>\n\t\t\t\t<\/div>\n\t\t\t\t<div class=\"elementor-element elementor-element-3ca0c19a ob-harakiri-inherit ob-has-background-overlay elementor-widget elementor-widget-text-editor\" data-id=\"3ca0c19a\" data-element_type=\"widget\" data-settings=\"{&quot;_ob_use_harakiri&quot;:&quot;yes&quot;,&quot;_ob_harakiri_writing_mode&quot;:&quot;inherit&quot;,&quot;_ob_postman_use&quot;:&quot;no&quot;,&quot;_ob_perspektive_use&quot;:&quot;no&quot;,&quot;_ob_poopart_use&quot;:&quot;yes&quot;,&quot;_ob_shadough_use&quot;:&quot;no&quot;,&quot;_ob_allow_hoveranimator&quot;:&quot;no&quot;,&quot;_ob_widget_stalker_use&quot;:&quot;no&quot;}\" data-widget_type=\"text-editor.default\">\n\t\t\t\t<div class=\"elementor-widget-container\">\n\t\t\t\t\t\t\t\t\t<ul><li>Logo Puma sau g\u00e1y<\/li><li>Thanh d\u1ef1ng c\u1ed5 \u00e1o d\u1ec7t li\u1ec1n<\/li><li>Th\u1ea5m h\u00fat m\u1ed3 h\u00f4i<\/li><li>Ch\u1ea5t li\u1ec7u tho\u00e1ng kh\u00ed &amp; nhanh kh\u00f4<\/li><li>Co gi\u00e3n 4 chi\u1ec1u<\/li><li>Ch\u1ec9 s\u1ed1 ch\u1ed1ng n\u1eafng UPF 40<\/li><li>92% Polyester t\u00e1i ch\u1ebf, 8% Elastane<\/li><\/ul>\t\t\t\t\t\t\t\t<\/div>\n\t\t\t\t<\/div>\n\t\t\t\t\t<\/div>\n\t\t<\/div>\n\t\t\t\t\t<\/div>\n\t\t<\/section>\n\t\t\t\t<\/div>\n\t\t","protected":false},"excerpt":{"rendered":"<p style=\"font-family: 'FF DIN VN'; font-weight: 500;\">Phong c\u00e1ch kh\u00f4ng bao gi\u1edd \u0111\u00e1nh \u0111\u1ed5i ch\u1ee9c n\u0103ng. Ch\u1ea5t li\u1ec7u MATTR mang \u0111\u1ebfn s\u1ef1 k\u1ebft h\u1ee3p ho\u00e0n h\u1ea3o gi\u1eefa hi\u1ec7u su\u1ea5t k\u1ef9 thu\u1eadt v\u00e0 s\u1ef1 tho\u1ea3i m\u00e1i h\u00e0ng ng\u00e0y. Thi\u1ebft k\u1ebf th\u1ea5m h\u00fat m\u1ed3 h\u00f4i, kh\u00f4 nhanh gi\u00fap b\u1ea1n lu\u00f4n kh\u00f4 r\u00e1o, trong khi ch\u1ea5t li\u1ec7u co gi\u00e3n 4 chi\u1ec1u tho\u00e1ng kh\u00ed mang l\u1ea1i s\u1ef1 linh ho\u1ea1t t\u1ed1i \u0111a. \u0110\u01b0\u1ee3c ch\u1ebf t\u00e1c t\u1eeb \u00edt nh\u1ea5t 90% v\u1eadt li\u1ec7u t\u00e1i ch\u1ebf.<\/p>\n","protected":false},"featured_media":15432,"comment_status":"open","ping_status":"closed","template":"","meta":{"_uag_custom_page_level_css":"","site-sidebar-layout":"default","site-content-layout":"plain-container","ast-global-header-display":"","ast-main-header-display":"","ast-hfb-above-header-display":"","ast-hfb-below-header-display":"","ast-hfb-mobile-header-display":"","site-post-title":"","ast-breadcrumbs-content":"","ast-featured-img":"","footer-sml-layout":"","theme-transparent-header-meta":"default","adv-header-id-meta":"","stick-header-meta":"","header-above-stick-meta":"","header-main-stick-meta":"","header-below-stick-meta":""},"product_brand":[],"product_cat":[64,49,70],"product_tag":[1703,66,65],"class_list":{"0":"post-15428","1":"product","2":"type-product","3":"status-publish","4":"has-post-thumbnail","6":"product_cat-mattr","7":"product_cat-men","8":"product_cat-polo","9":"product_tag-bloom-field","10":"product_tag-mattr","11":"product_tag-polo","12":"pa_color-pink-fruit-white-glow-mattr-bloom-field-polo","13":"desktop-align-left","14":"tablet-align-left","15":"mobile-align-left","17":"first","18":"instock","19":"shipping-taxable","20":"purchasable","21":"product-type-variable","22":"has-default-attributes"},"uagb_featured_image_src":{"full":["https:\/\/i0.wp.com\/pumagolf.dscgolf.com\/wp-content\/uploads\/2025\/04\/LOW-RES-2000x2000-628835_01.webp?fit=2000%2C2000&ssl=1",2000,2000,false],"thumbnail":["https:\/\/i0.wp.com\/pumagolf.dscgolf.com\/wp-content\/uploads\/2025\/04\/LOW-RES-2000x2000-628835_01.webp?resize=150%2C150&ssl=1",150,150,true],"medium":["https:\/\/i0.wp.com\/pumagolf.dscgolf.com\/wp-content\/uploads\/2025\/04\/LOW-RES-2000x2000-628835_01.webp?fit=300%2C300&ssl=1",300,300,true],"medium_large":["https:\/\/i0.wp.com\/pumagolf.dscgolf.com\/wp-content\/uploads\/2025\/04\/LOW-RES-2000x2000-628835_01.webp?fit=768%2C768&ssl=1",768,768,true],"large":["https:\/\/i0.wp.com\/pumagolf.dscgolf.com\/wp-content\/uploads\/2025\/04\/LOW-RES-2000x2000-628835_01.webp?fit=1024%2C1024&ssl=1",1024,1024,true],"1536x1536":["https:\/\/i0.wp.com\/pumagolf.dscgolf.com\/wp-content\/uploads\/2025\/04\/LOW-RES-2000x2000-628835_01.webp?fit=1536%2C1536&ssl=1",1536,1536,true],"2048x2048":["https:\/\/i0.wp.com\/pumagolf.dscgolf.com\/wp-content\/uploads\/2025\/04\/LOW-RES-2000x2000-628835_01.webp?fit=2000%2C2000&ssl=1",2000,2000,true],"woocommerce_thumbnail":["https:\/\/i0.wp.com\/pumagolf.dscgolf.com\/wp-content\/uploads\/2025\/04\/LOW-RES-2000x2000-628835_01.webp?resize=300%2C300&ssl=1",300,300,true],"woocommerce_single":["https:\/\/i0.wp.com\/pumagolf.dscgolf.com\/wp-content\/uploads\/2025\/04\/LOW-RES-2000x2000-628835_01.webp?fit=600%2C600&ssl=1",600,600,true],"woocommerce_gallery_thumbnail":["https:\/\/i0.wp.com\/pumagolf.dscgolf.com\/wp-content\/uploads\/2025\/04\/LOW-RES-2000x2000-628835_01.webp?resize=100%2C100&ssl=1",100,100,true]},"uagb_author_info":{"display_name":"pumagolfvn","author_link":"https:\/\/pumagolf.dscgolf.com\/index.php\/author\/"},"uagb_comment_info":0,"uagb_excerpt":"Phong c\u00e1ch kh\u00f4ng bao gi\u1edd \u0111\u00e1nh \u0111\u1ed5i ch\u1ee9c n\u0103ng. Ch\u1ea5t li\u1ec7u MATTR mang \u0111\u1ebfn s\u1ef1 k\u1ebft h\u1ee3p ho\u00e0n h\u1ea3o gi\u1eefa hi\u1ec7u su\u1ea5t k\u1ef9 thu\u1eadt v\u00e0 s\u1ef1 tho\u1ea3i m\u00e1i h\u00e0ng ng\u00e0y. Thi\u1ebft k\u1ebf th\u1ea5m h\u00fat m\u1ed3 h\u00f4i, kh\u00f4 nhanh gi\u00fap b\u1ea1n lu\u00f4n kh\u00f4 r\u00e1o, trong khi ch\u1ea5t li\u1ec7u co gi\u00e3n 4 chi\u1ec1u tho\u00e1ng kh\u00ed mang l\u1ea1i&hellip;","_links":{"self":[{"href":"https:\/\/pumagolf.dscgolf.com\/index.php\/wp-json\/wp\/v2\/product\/15428","targetHints":{"allow":["GET"]}}],"collection":[{"href":"https:\/\/pumagolf.dscgolf.com\/index.php\/wp-json\/wp\/v2\/product"}],"about":[{"href":"https:\/\/pumagolf.dscgolf.com\/index.php\/wp-json\/wp\/v2\/types\/product"}],"replies":[{"embeddable":true,"href":"https:\/\/pumagolf.dscgolf.com\/index.php\/wp-json\/wp\/v2\/comments?post=15428"}],"version-history":[{"count":7,"href":"https:\/\/pumagolf.dscgolf.com\/index.php\/wp-json\/wp\/v2\/product\/15428\/revisions"}],"predecessor-version":[{"id":15441,"href":"https:\/\/pumagolf.dscgolf.com\/index.php\/wp-json\/wp\/v2\/product\/15428\/revisions\/15441"}],"wp:featuredmedia":[{"embeddable":true,"href":"https:\/\/pumagolf.dscgolf.com\/index.php\/wp-json\/wp\/v2\/media\/15432"}],"wp:attachment":[{"href":"https:\/\/pumagolf.dscgolf.com\/index.php\/wp-json\/wp\/v2\/media?parent=15428"}],"wp:term":[{"taxonomy":"product_brand","embeddable":true,"href":"https:\/\/pumagolf.dscgolf.com\/index.php\/wp-json\/wp\/v2\/product_brand?post=15428"},{"taxonomy":"product_cat","embeddable":true,"href":"https:\/\/pumagolf.dscgolf.com\/index.php\/wp-json\/wp\/v2\/product_cat?post=15428"},{"taxonomy":"product_tag","embeddable":true,"href":"https:\/\/pumagolf.dscgolf.com\/index.php\/wp-json\/wp\/v2\/product_tag?post=15428"}],"curies":[{"name":"wp","href":"https:\/\/api.w.org\/{rel}","templated":true}]}}