{"id":15244,"date":"2025-03-05T07:08:53","date_gmt":"2025-03-05T07:08:53","guid":{"rendered":"https:\/\/pumagolf.dscgolf.com\/?post_type=product&#038;p=15244"},"modified":"2025-03-05T07:17:31","modified_gmt":"2025-03-05T07:17:31","slug":"fusion-grip-6","status":"publish","type":"product","link":"https:\/\/pumagolf.dscgolf.com\/index.php\/product\/fusion-grip-6\/","title":{"rendered":"Gi\u00e0y Golf Kh\u00f4ng \u0110inh FUSION GRIP 6"},"content":{"rendered":"\t\t<div data-elementor-type=\"wp-post\" data-elementor-id=\"15244\" class=\"elementor elementor-15244\">\n\t\t\t\t\t\t<section class=\"ob-is-breaking-bad elementor-section elementor-top-section elementor-element elementor-element-f7b6c60 elementor-section-full_width elementor-section-height-default elementor-section-height-default\" data-id=\"f7b6c60\" data-element_type=\"section\" data-settings=\"{&quot;_ob_bbad_use_it&quot;:&quot;yes&quot;,&quot;_ob_bbad_sssic_use&quot;:&quot;no&quot;,&quot;_ob_glider_is_slider&quot;:&quot;no&quot;}\">\n\t\t\t\t\t\t<div class=\"elementor-container elementor-column-gap-default\">\n\t\t\t\t\t<div class=\"elementor-column elementor-col-100 elementor-top-column elementor-element elementor-element-3b21cea\" data-id=\"3b21cea\" data-element_type=\"column\" data-settings=\"{&quot;_ob_bbad_is_stalker&quot;:&quot;no&quot;,&quot;_ob_teleporter_use&quot;:false,&quot;_ob_column_hoveranimator&quot;:&quot;no&quot;,&quot;_ob_column_has_pseudo&quot;:&quot;no&quot;}\">\n\t\t\t<div class=\"elementor-widget-wrap elementor-element-populated\">\n\t\t\t\t\t\t<div class=\"elementor-element elementor-element-da9a202 ob-harakiri-inherit ob-has-background-overlay elementor-widget elementor-widget-heading\" data-id=\"da9a202\" data-element_type=\"widget\" data-settings=\"{&quot;_ob_use_harakiri&quot;:&quot;yes&quot;,&quot;_ob_harakiri_writing_mode&quot;:&quot;inherit&quot;,&quot;_ob_harakiri_text_clip&quot;:&quot;none&quot;,&quot;_ob_perspektive_use&quot;:&quot;no&quot;,&quot;_ob_poopart_use&quot;:&quot;yes&quot;,&quot;_ob_shadough_use&quot;:&quot;no&quot;,&quot;_ob_allow_hoveranimator&quot;:&quot;no&quot;,&quot;_ob_widget_stalker_use&quot;:&quot;no&quot;}\" data-widget_type=\"heading.default\">\n\t\t\t\t<div class=\"elementor-widget-container\">\n\t\t\t\t\t<h2 class=\"elementor-heading-title elementor-size-default\">TH\u00d4NG TIN CHI TI\u1ebeT<\/h2>\t\t\t\t<\/div>\n\t\t\t\t<\/div>\n\t\t\t\t<div class=\"elementor-element elementor-element-4238020 ob-harakiri-inherit ob-has-background-overlay elementor-widget elementor-widget-text-editor\" data-id=\"4238020\" data-element_type=\"widget\" data-settings=\"{&quot;_ob_use_harakiri&quot;:&quot;yes&quot;,&quot;_ob_harakiri_writing_mode&quot;:&quot;inherit&quot;,&quot;_ob_postman_use&quot;:&quot;no&quot;,&quot;_ob_perspektive_use&quot;:&quot;no&quot;,&quot;_ob_poopart_use&quot;:&quot;yes&quot;,&quot;_ob_shadough_use&quot;:&quot;no&quot;,&quot;_ob_allow_hoveranimator&quot;:&quot;no&quot;,&quot;_ob_widget_stalker_use&quot;:&quot;no&quot;}\" data-widget_type=\"text-editor.default\">\n\t\t\t\t<div class=\"elementor-widget-container\">\n\t\t\t\t\t\t\t\t\t<ul><li>FUSIONFOAM<\/li><li><span style=\"font-style: inherit; font-weight: inherit; color: var(--ast-global-color-3);\">Ph\u1ea7n l\u01b0\u1edbi tr\u00ean k\u1ef9 thu\u1eadt<\/span><\/li><li>L\u00f3t gi\u00e0y OPE-CELL PU<\/li><li>\u0110\u1ebf ngo\u00e0i cao su carbon<\/li><\/ul>\t\t\t\t\t\t\t\t<\/div>\n\t\t\t\t<\/div>\n\t\t\t\t\t<\/div>\n\t\t<\/div>\n\t\t\t\t\t<\/div>\n\t\t<\/section>\n\t\t\t\t<\/div>\n\t\t","protected":false},"excerpt":{"rendered":"<p style=\"font-family: 'FF DIN VN'; font-weight: 500;\">\u0110\u1ed8 B\u00c1M V\u00c0 S\u1ef0 THO\u1ea2I M\u00c1I. M\u1ed9t phong c\u00e1ch \u0111\u00e3 \u0111\u01b0\u1ee3c th\u1eed nghi\u1ec7m v\u00e0 hi\u1ec7u qu\u1ea3. Phi\u00ean b\u1ea3n th\u1ee9 s\u00e1u c\u1ee7a Fusion Grip s\u1eed d\u1ee5ng \u0111\u1ebf gi\u1eefa FUSION FOAM \u0111\u1ec3 mang l\u1ea1i s\u1ef1 tho\u1ea3i m\u00e1i su\u1ed1t c\u1ea3 ng\u00e0y, trong khi ph\u1ea7n tr\u00ean l\u01b0\u1edbi k\u1ef9 thu\u1eadt cho ph\u00e9p th\u1edf t\u1ed1i \u01b0u v\u00e0 l\u1edbp ph\u1ee7 TPU-Film cung c\u1ea5p h\u1ed7 tr\u1ee3 kh\u00f3a ch\u1eb7t.<\/p>\n","protected":false},"featured_media":15249,"comment_status":"open","ping_status":"closed","template":"","meta":{"_uag_custom_page_level_css":"","site-sidebar-layout":"default","site-content-layout":"plain-container","ast-global-header-display":"","ast-main-header-display":"","ast-hfb-above-header-display":"","ast-hfb-below-header-display":"","ast-hfb-mobile-header-display":"","site-post-title":"","ast-breadcrumbs-content":"","ast-featured-img":"","footer-sml-layout":"","theme-transparent-header-meta":"default","adv-header-id-meta":"","stick-header-meta":"default","header-above-stick-meta":"","header-main-stick-meta":"","header-below-stick-meta":""},"product_brand":[],"product_cat":[656,163,49,142,361],"product_tag":[660,170,160,680],"class_list":{"0":"post-15244","1":"product","2":"type-product","3":"status-publish","4":"has-post-thumbnail","6":"product_cat-fusion-grip","7":"product_cat-laces","8":"product_cat-men","9":"product_cat-shoes","10":"product_cat-spikeless","11":"product_tag-fusion-grip","12":"product_tag-laces","13":"product_tag-shoes","14":"product_tag-spikeless","15":"pa_color-puma-black-asphalt-fusion-grip-6","16":"desktop-align-left","17":"tablet-align-left","18":"mobile-align-left","20":"first","21":"instock","22":"shipping-taxable","23":"purchasable","24":"product-type-variable","25":"has-default-attributes"},"uagb_featured_image_src":{"full":["https:\/\/i0.wp.com\/pumagolf.dscgolf.com\/wp-content\/uploads\/2025\/03\/LOW-RES-2000x2000-310260_03_sv01.webp?fit=2000%2C2000&ssl=1",2000,2000,false],"thumbnail":["https:\/\/i0.wp.com\/pumagolf.dscgolf.com\/wp-content\/uploads\/2025\/03\/LOW-RES-2000x2000-310260_03_sv01.webp?resize=150%2C150&ssl=1",150,150,true],"medium":["https:\/\/i0.wp.com\/pumagolf.dscgolf.com\/wp-content\/uploads\/2025\/03\/LOW-RES-2000x2000-310260_03_sv01.webp?fit=300%2C300&ssl=1",300,300,true],"medium_large":["https:\/\/i0.wp.com\/pumagolf.dscgolf.com\/wp-content\/uploads\/2025\/03\/LOW-RES-2000x2000-310260_03_sv01.webp?fit=768%2C768&ssl=1",768,768,true],"large":["https:\/\/i0.wp.com\/pumagolf.dscgolf.com\/wp-content\/uploads\/2025\/03\/LOW-RES-2000x2000-310260_03_sv01.webp?fit=1024%2C1024&ssl=1",1024,1024,true],"1536x1536":["https:\/\/i0.wp.com\/pumagolf.dscgolf.com\/wp-content\/uploads\/2025\/03\/LOW-RES-2000x2000-310260_03_sv01.webp?fit=1536%2C1536&ssl=1",1536,1536,true],"2048x2048":["https:\/\/i0.wp.com\/pumagolf.dscgolf.com\/wp-content\/uploads\/2025\/03\/LOW-RES-2000x2000-310260_03_sv01.webp?fit=2000%2C2000&ssl=1",2000,2000,true],"woocommerce_thumbnail":["https:\/\/i0.wp.com\/pumagolf.dscgolf.com\/wp-content\/uploads\/2025\/03\/LOW-RES-2000x2000-310260_03_sv01.webp?resize=300%2C300&ssl=1",300,300,true],"woocommerce_single":["https:\/\/i0.wp.com\/pumagolf.dscgolf.com\/wp-content\/uploads\/2025\/03\/LOW-RES-2000x2000-310260_03_sv01.webp?fit=600%2C600&ssl=1",600,600,true],"woocommerce_gallery_thumbnail":["https:\/\/i0.wp.com\/pumagolf.dscgolf.com\/wp-content\/uploads\/2025\/03\/LOW-RES-2000x2000-310260_03_sv01.webp?resize=100%2C100&ssl=1",100,100,true]},"uagb_author_info":{"display_name":"pumagolfvn","author_link":"https:\/\/pumagolf.dscgolf.com\/index.php\/author\/"},"uagb_comment_info":0,"uagb_excerpt":"\u0110\u1ed8 B\u00c1M V\u00c0 S\u1ef0 THO\u1ea2I M\u00c1I. M\u1ed9t phong c\u00e1ch \u0111\u00e3 \u0111\u01b0\u1ee3c th\u1eed nghi\u1ec7m v\u00e0 hi\u1ec7u qu\u1ea3. Phi\u00ean b\u1ea3n th\u1ee9 s\u00e1u c\u1ee7a Fusion Grip s\u1eed d\u1ee5ng \u0111\u1ebf gi\u1eefa FUSION FOAM \u0111\u1ec3 mang l\u1ea1i s\u1ef1 tho\u1ea3i m\u00e1i su\u1ed1t c\u1ea3 ng\u00e0y, trong khi ph\u1ea7n tr\u00ean l\u01b0\u1edbi k\u1ef9 thu\u1eadt cho ph\u00e9p th\u1edf t\u1ed1i \u01b0u v\u00e0 l\u1edbp ph\u1ee7 TPU-Film cung&hellip;","_links":{"self":[{"href":"https:\/\/pumagolf.dscgolf.com\/index.php\/wp-json\/wp\/v2\/product\/15244","targetHints":{"allow":["GET"]}}],"collection":[{"href":"https:\/\/pumagolf.dscgolf.com\/index.php\/wp-json\/wp\/v2\/product"}],"about":[{"href":"https:\/\/pumagolf.dscgolf.com\/index.php\/wp-json\/wp\/v2\/types\/product"}],"replies":[{"embeddable":true,"href":"https:\/\/pumagolf.dscgolf.com\/index.php\/wp-json\/wp\/v2\/comments?post=15244"}],"version-history":[{"count":4,"href":"https:\/\/pumagolf.dscgolf.com\/index.php\/wp-json\/wp\/v2\/product\/15244\/revisions"}],"predecessor-version":[{"id":15255,"href":"https:\/\/pumagolf.dscgolf.com\/index.php\/wp-json\/wp\/v2\/product\/15244\/revisions\/15255"}],"wp:featuredmedia":[{"embeddable":true,"href":"https:\/\/pumagolf.dscgolf.com\/index.php\/wp-json\/wp\/v2\/media\/15249"}],"wp:attachment":[{"href":"https:\/\/pumagolf.dscgolf.com\/index.php\/wp-json\/wp\/v2\/media?parent=15244"}],"wp:term":[{"taxonomy":"product_brand","embeddable":true,"href":"https:\/\/pumagolf.dscgolf.com\/index.php\/wp-json\/wp\/v2\/product_brand?post=15244"},{"taxonomy":"product_cat","embeddable":true,"href":"https:\/\/pumagolf.dscgolf.com\/index.php\/wp-json\/wp\/v2\/product_cat?post=15244"},{"taxonomy":"product_tag","embeddable":true,"href":"https:\/\/pumagolf.dscgolf.com\/index.php\/wp-json\/wp\/v2\/product_tag?post=15244"}],"curies":[{"name":"wp","href":"https:\/\/api.w.org\/{rel}","templated":true}]}}