{"id":15064,"date":"2025-03-04T03:11:52","date_gmt":"2025-03-04T03:11:52","guid":{"rendered":"https:\/\/pumagolf.dscgolf.com\/?post_type=product&#038;p=15064"},"modified":"2025-03-04T03:48:28","modified_gmt":"2025-03-04T03:48:28","slug":"heritage-p-cap-eu","status":"publish","type":"product","link":"https:\/\/pumagolf.dscgolf.com\/index.php\/product\/heritage-p-cap-eu\/","title":{"rendered":"M\u0169 L\u01b0\u1ee1i Trai Golf Heritage P Phi\u00ean B\u1ea3n EU"},"content":{"rendered":"\t\t<div data-elementor-type=\"wp-post\" data-elementor-id=\"15064\" class=\"elementor elementor-15064\">\n\t\t\t\t\t\t<section class=\"ob-is-breaking-bad elementor-section elementor-top-section elementor-element elementor-element-6f9bde5 elementor-section-boxed elementor-section-height-default elementor-section-height-default\" data-id=\"6f9bde5\" data-element_type=\"section\" data-settings=\"{&quot;_ob_bbad_use_it&quot;:&quot;yes&quot;,&quot;_ob_bbad_sssic_use&quot;:&quot;no&quot;,&quot;_ob_glider_is_slider&quot;:&quot;no&quot;}\">\n\t\t\t\t\t\t<div class=\"elementor-container elementor-column-gap-default\">\n\t\t\t\t\t<div class=\"elementor-column elementor-col-100 elementor-top-column elementor-element elementor-element-19ede83\" data-id=\"19ede83\" data-element_type=\"column\" data-settings=\"{&quot;_ob_bbad_is_stalker&quot;:&quot;no&quot;,&quot;_ob_teleporter_use&quot;:false,&quot;_ob_column_hoveranimator&quot;:&quot;no&quot;,&quot;_ob_column_has_pseudo&quot;:&quot;no&quot;}\">\n\t\t\t<div class=\"elementor-widget-wrap elementor-element-populated\">\n\t\t\t\t\t\t<div class=\"elementor-element elementor-element-116ebd6 elementor-widget-divider--view-line ob-has-background-overlay elementor-widget elementor-widget-divider\" data-id=\"116ebd6\" data-element_type=\"widget\" data-settings=\"{&quot;_ob_perspektive_use&quot;:&quot;no&quot;,&quot;_ob_poopart_use&quot;:&quot;yes&quot;,&quot;_ob_shadough_use&quot;:&quot;no&quot;,&quot;_ob_allow_hoveranimator&quot;:&quot;no&quot;,&quot;_ob_widget_stalker_use&quot;:&quot;no&quot;}\" data-widget_type=\"divider.default\">\n\t\t\t\t<div class=\"elementor-widget-container\">\n\t\t\t\t\t\t\t<div class=\"elementor-divider\">\n\t\t\t<span class=\"elementor-divider-separator\">\n\t\t\t\t\t\t<\/span>\n\t\t<\/div>\n\t\t\t\t\t\t<\/div>\n\t\t\t\t<\/div>\n\t\t\t\t<div class=\"elementor-element elementor-element-5959d35 ob-harakiri-inherit ob-has-background-overlay elementor-widget elementor-widget-heading\" data-id=\"5959d35\" data-element_type=\"widget\" data-settings=\"{&quot;_ob_use_harakiri&quot;:&quot;yes&quot;,&quot;_ob_harakiri_writing_mode&quot;:&quot;inherit&quot;,&quot;_ob_harakiri_text_clip&quot;:&quot;none&quot;,&quot;_ob_perspektive_use&quot;:&quot;no&quot;,&quot;_ob_poopart_use&quot;:&quot;yes&quot;,&quot;_ob_shadough_use&quot;:&quot;no&quot;,&quot;_ob_allow_hoveranimator&quot;:&quot;no&quot;,&quot;_ob_widget_stalker_use&quot;:&quot;no&quot;}\" data-widget_type=\"heading.default\">\n\t\t\t\t<div class=\"elementor-widget-container\">\n\t\t\t\t\t<h2 class=\"elementor-heading-title elementor-size-default\">TH\u00d4NG S\u1ed0 CHI TI\u1ebeT<\/h2>\t\t\t\t<\/div>\n\t\t\t\t<\/div>\n\t\t\t\t<div class=\"elementor-element elementor-element-9c2d33a ob-harakiri-inherit ob-has-background-overlay elementor-widget elementor-widget-text-editor\" data-id=\"9c2d33a\" data-element_type=\"widget\" data-settings=\"{&quot;_ob_use_harakiri&quot;:&quot;yes&quot;,&quot;_ob_harakiri_writing_mode&quot;:&quot;inherit&quot;,&quot;_ob_postman_use&quot;:&quot;no&quot;,&quot;_ob_perspektive_use&quot;:&quot;no&quot;,&quot;_ob_poopart_use&quot;:&quot;yes&quot;,&quot;_ob_shadough_use&quot;:&quot;no&quot;,&quot;_ob_allow_hoveranimator&quot;:&quot;no&quot;,&quot;_ob_widget_stalker_use&quot;:&quot;no&quot;}\" data-widget_type=\"text-editor.default\">\n\t\t\t\t<div class=\"elementor-widget-container\">\n\t\t\t\t\t\t\t\t\t<ul>\n<li data-start=\"396\" data-end=\"466\">\u0110ai th\u1ea5m h\u00fat m\u1ed3 h\u00f4i FLEXFIT 110\u00ae gi\u00fap b\u1ea1n lu\u00f4n m\u00e1t m\u1ebb v\u00e0 t\u1eadp trung<\/li>\n<li data-start=\"467\" data-end=\"539\">V\u00e0nh h\u01a1i cong s\u1eb5n mang \u0111\u1ebfn v\u1ebb ngo\u00e0i phong c\u00e1ch v\u00e0 c\u1ea3m gi\u00e1c tho\u1ea3i m\u00e1i<\/li>\n<li data-start=\"540\" data-end=\"600\">\u0110\u01b0\u1eddng may vi\u1ec1n d\u00e0y gi\u00fap duy tr\u00ec h\u00ecnh d\u1ea1ng theo th\u1eddi gian<\/li>\n<li data-start=\"601\" data-end=\"652\">Kh\u00f3a g\u00e0i snapback cao su m\u1ec1m d\u1ec5 d\u00e0ng \u0111i\u1ec1u ch\u1ec9nh<br><\/li><li data-start=\"684\" data-end=\"724\">V\u1ecf ngo\u00e0i: 98% polyester, 2% elastane<\/li><li data-start=\"725\" data-end=\"760\">L\u1edbp l\u00f3t ph\u00eda tr\u01b0\u1edbc: 100% cotton<\/li><li data-start=\"761\" data-end=\"806\">M\u1eb7t d\u01b0\u1edbi v\u00e0nh: 98% polyester, 2% elastane<\/li>\n<\/ul>\t\t\t\t\t\t\t\t<\/div>\n\t\t\t\t<\/div>\n\t\t\t\t\t<\/div>\n\t\t<\/div>\n\t\t\t\t\t<\/div>\n\t\t<\/section>\n\t\t\t\t<\/div>\n\t\t","protected":false},"excerpt":{"rendered":"<p style=\"font-family: 'FF DIN VN'; font-weight: 500;\">\u0110\u01b0\u1ee3c thi\u1ebft k\u1ebf d\u00e0nh cho c\u00e1c golfer y\u00eau c\u1ea7u ch\u1ea5t l\u01b0\u1ee3ng t\u1ed1t nh\u1ea5t, chi\u1ebfc m\u0169 n\u00e0y c\u00f3 \u0111ai th\u1ea5m h\u00fat m\u1ed3 h\u00f4i FLEXFIT 110\u00ae, v\u00e0nh cong s\u1eb5n, c\u00f9ng kh\u00f3a g\u00e0i snapback cao su m\u1ec1m m\u1ea1i. V\u1edbi \u0111\u01b0\u1eddng may vi\u1ec1n d\u00e0y gi\u00fap gi\u1eef form l\u00e2u d\u00e0i, b\u1ea1n s\u1ebd lu\u00f4n c\u1ea3m th\u1ea5y m\u00e1t m\u1ebb v\u00e0 t\u1ef1 tin tr\u00ean s\u00e2n golf.<\/p>\n","protected":false},"featured_media":15068,"comment_status":"open","ping_status":"closed","template":"","meta":{"_uag_custom_page_level_css":"","site-sidebar-layout":"no-sidebar","site-content-layout":"plain-container","ast-global-header-display":"","ast-main-header-display":"","ast-hfb-above-header-display":"","ast-hfb-below-header-display":"","ast-hfb-mobile-header-display":"","site-post-title":"disabled","ast-breadcrumbs-content":"","ast-featured-img":"disabled","footer-sml-layout":"","theme-transparent-header-meta":"default","adv-header-id-meta":"","stick-header-meta":"","header-above-stick-meta":"","header-main-stick-meta":"","header-below-stick-meta":""},"product_brand":[],"product_cat":[38,327],"product_tag":[328,1670,1555,1020],"class_list":{"0":"post-15064","1":"product","2":"type-product","3":"status-publish","4":"has-post-thumbnail","6":"product_cat-accessories","7":"product_cat-caps","8":"product_tag-caps","9":"product_tag-eu","10":"product_tag-heritage","11":"product_tag-p","12":"pa_color-ash-gray-deep-navy-heritage-p-cap-for-eu","13":"pa_color-deep-navy-white-glow-heritage-p-cap-for-eu","14":"pa_color-puma-black-white-glow-heritage-p-cap-for-eu","15":"pa_color-white-glow-deep-navy-heritage-p-cap-for-eu","16":"pa_color-white-glow-puma-black-heritage-p-cap-for-eu","17":"desktop-align-left","18":"tablet-align-left","19":"mobile-align-left","21":"first","22":"instock","23":"shipping-taxable","24":"purchasable","25":"product-type-variable","26":"has-default-attributes"},"uagb_featured_image_src":{"full":["https:\/\/i0.wp.com\/pumagolf.dscgolf.com\/wp-content\/uploads\/2025\/03\/LOW-RES-2000x2000-026328_01.webp?fit=2000%2C2000&ssl=1",2000,2000,false],"thumbnail":["https:\/\/i0.wp.com\/pumagolf.dscgolf.com\/wp-content\/uploads\/2025\/03\/LOW-RES-2000x2000-026328_01.webp?resize=150%2C150&ssl=1",150,150,true],"medium":["https:\/\/i0.wp.com\/pumagolf.dscgolf.com\/wp-content\/uploads\/2025\/03\/LOW-RES-2000x2000-026328_01.webp?fit=300%2C300&ssl=1",300,300,true],"medium_large":["https:\/\/i0.wp.com\/pumagolf.dscgolf.com\/wp-content\/uploads\/2025\/03\/LOW-RES-2000x2000-026328_01.webp?fit=768%2C768&ssl=1",768,768,true],"large":["https:\/\/i0.wp.com\/pumagolf.dscgolf.com\/wp-content\/uploads\/2025\/03\/LOW-RES-2000x2000-026328_01.webp?fit=1024%2C1024&ssl=1",1024,1024,true],"1536x1536":["https:\/\/i0.wp.com\/pumagolf.dscgolf.com\/wp-content\/uploads\/2025\/03\/LOW-RES-2000x2000-026328_01.webp?fit=1536%2C1536&ssl=1",1536,1536,true],"2048x2048":["https:\/\/i0.wp.com\/pumagolf.dscgolf.com\/wp-content\/uploads\/2025\/03\/LOW-RES-2000x2000-026328_01.webp?fit=2000%2C2000&ssl=1",2000,2000,true],"woocommerce_thumbnail":["https:\/\/i0.wp.com\/pumagolf.dscgolf.com\/wp-content\/uploads\/2025\/03\/LOW-RES-2000x2000-026328_01.webp?resize=300%2C300&ssl=1",300,300,true],"woocommerce_single":["https:\/\/i0.wp.com\/pumagolf.dscgolf.com\/wp-content\/uploads\/2025\/03\/LOW-RES-2000x2000-026328_01.webp?fit=600%2C600&ssl=1",600,600,true],"woocommerce_gallery_thumbnail":["https:\/\/i0.wp.com\/pumagolf.dscgolf.com\/wp-content\/uploads\/2025\/03\/LOW-RES-2000x2000-026328_01.webp?resize=100%2C100&ssl=1",100,100,true]},"uagb_author_info":{"display_name":"pumagolfvn","author_link":"https:\/\/pumagolf.dscgolf.com\/index.php\/author\/"},"uagb_comment_info":0,"uagb_excerpt":"\u0110\u01b0\u1ee3c thi\u1ebft k\u1ebf d\u00e0nh cho c\u00e1c golfer y\u00eau c\u1ea7u ch\u1ea5t l\u01b0\u1ee3ng t\u1ed1t nh\u1ea5t, chi\u1ebfc m\u0169 n\u00e0y c\u00f3 \u0111ai th\u1ea5m h\u00fat m\u1ed3 h\u00f4i FLEXFIT 110\u00ae, v\u00e0nh cong s\u1eb5n, c\u00f9ng kh\u00f3a g\u00e0i snapback cao su m\u1ec1m m\u1ea1i. V\u1edbi \u0111\u01b0\u1eddng may vi\u1ec1n d\u00e0y gi\u00fap gi\u1eef form l\u00e2u d\u00e0i, b\u1ea1n s\u1ebd lu\u00f4n c\u1ea3m th\u1ea5y m\u00e1t m\u1ebb v\u00e0 t\u1ef1 tin&hellip;","_links":{"self":[{"href":"https:\/\/pumagolf.dscgolf.com\/index.php\/wp-json\/wp\/v2\/product\/15064","targetHints":{"allow":["GET"]}}],"collection":[{"href":"https:\/\/pumagolf.dscgolf.com\/index.php\/wp-json\/wp\/v2\/product"}],"about":[{"href":"https:\/\/pumagolf.dscgolf.com\/index.php\/wp-json\/wp\/v2\/types\/product"}],"replies":[{"embeddable":true,"href":"https:\/\/pumagolf.dscgolf.com\/index.php\/wp-json\/wp\/v2\/comments?post=15064"}],"version-history":[{"count":5,"href":"https:\/\/pumagolf.dscgolf.com\/index.php\/wp-json\/wp\/v2\/product\/15064\/revisions"}],"predecessor-version":[{"id":15095,"href":"https:\/\/pumagolf.dscgolf.com\/index.php\/wp-json\/wp\/v2\/product\/15064\/revisions\/15095"}],"wp:featuredmedia":[{"embeddable":true,"href":"https:\/\/pumagolf.dscgolf.com\/index.php\/wp-json\/wp\/v2\/media\/15068"}],"wp:attachment":[{"href":"https:\/\/pumagolf.dscgolf.com\/index.php\/wp-json\/wp\/v2\/media?parent=15064"}],"wp:term":[{"taxonomy":"product_brand","embeddable":true,"href":"https:\/\/pumagolf.dscgolf.com\/index.php\/wp-json\/wp\/v2\/product_brand?post=15064"},{"taxonomy":"product_cat","embeddable":true,"href":"https:\/\/pumagolf.dscgolf.com\/index.php\/wp-json\/wp\/v2\/product_cat?post=15064"},{"taxonomy":"product_tag","embeddable":true,"href":"https:\/\/pumagolf.dscgolf.com\/index.php\/wp-json\/wp\/v2\/product_tag?post=15064"}],"curies":[{"name":"wp","href":"https:\/\/api.w.org\/{rel}","templated":true}]}}