{"id":15021,"date":"2025-03-04T02:09:05","date_gmt":"2025-03-04T02:09:05","guid":{"rendered":"https:\/\/pumagolf.dscgolf.com\/?post_type=product&#038;p=15021"},"modified":"2025-03-04T06:25:13","modified_gmt":"2025-03-04T06:25:13","slug":"api-crafted-cap","status":"publish","type":"product","link":"https:\/\/pumagolf.dscgolf.com\/index.php\/product\/api-crafted-cap\/","title":{"rendered":"M\u0169 L\u01b0\u1ee1i Trai Golf PUMA x API Crafted"},"content":{"rendered":"\t\t<div data-elementor-type=\"wp-post\" data-elementor-id=\"15021\" class=\"elementor elementor-15021\">\n\t\t\t\t\t\t<section class=\"ob-is-breaking-bad elementor-section elementor-top-section elementor-element elementor-element-716d87b elementor-section-boxed elementor-section-height-default elementor-section-height-default\" data-id=\"716d87b\" data-element_type=\"section\" data-settings=\"{&quot;_ob_bbad_use_it&quot;:&quot;yes&quot;,&quot;_ob_bbad_sssic_use&quot;:&quot;no&quot;,&quot;_ob_glider_is_slider&quot;:&quot;no&quot;}\">\n\t\t\t\t\t\t<div class=\"elementor-container elementor-column-gap-default\">\n\t\t\t\t\t<div class=\"elementor-column elementor-col-50 elementor-top-column elementor-element elementor-element-7413766\" data-id=\"7413766\" data-element_type=\"column\" data-settings=\"{&quot;_ob_bbad_is_stalker&quot;:&quot;no&quot;,&quot;_ob_teleporter_use&quot;:false,&quot;_ob_column_hoveranimator&quot;:&quot;no&quot;,&quot;_ob_column_has_pseudo&quot;:&quot;no&quot;}\">\n\t\t\t<div class=\"elementor-widget-wrap elementor-element-populated\">\n\t\t\t\t\t\t<div class=\"elementor-element elementor-element-a4a0474 ob-has-background-overlay elementor-widget elementor-widget-image\" data-id=\"a4a0474\" data-element_type=\"widget\" data-settings=\"{&quot;_ob_photomorph_use&quot;:&quot;no&quot;,&quot;_ob_perspektive_use&quot;:&quot;no&quot;,&quot;_ob_poopart_use&quot;:&quot;yes&quot;,&quot;_ob_shadough_use&quot;:&quot;no&quot;,&quot;_ob_allow_hoveranimator&quot;:&quot;no&quot;,&quot;_ob_widget_stalker_use&quot;:&quot;no&quot;}\" data-widget_type=\"image.default\">\n\t\t\t\t<div class=\"elementor-widget-container\">\n\t\t\t\t\t\t\t\t\t\t\t\t\t\t\t<img fetchpriority=\"high\" decoding=\"async\" width=\"880\" height=\"704\" src=\"https:\/\/i0.wp.com\/pumagolf.dscgolf.com\/wp-content\/uploads\/2025\/03\/25SS_AP_PDP-single-template-880x704px-BounceBackSection.jpg?fit=880%2C704&amp;ssl=1\" class=\"attachment-large size-large wp-image-15160\" alt=\"\" srcset=\"https:\/\/i0.wp.com\/pumagolf.dscgolf.com\/wp-content\/uploads\/2025\/03\/25SS_AP_PDP-single-template-880x704px-BounceBackSection.jpg?w=880&amp;ssl=1 880w, https:\/\/i0.wp.com\/pumagolf.dscgolf.com\/wp-content\/uploads\/2025\/03\/25SS_AP_PDP-single-template-880x704px-BounceBackSection.jpg?resize=300%2C240&amp;ssl=1 300w, https:\/\/i0.wp.com\/pumagolf.dscgolf.com\/wp-content\/uploads\/2025\/03\/25SS_AP_PDP-single-template-880x704px-BounceBackSection.jpg?resize=768%2C614&amp;ssl=1 768w, https:\/\/i0.wp.com\/pumagolf.dscgolf.com\/wp-content\/uploads\/2025\/03\/25SS_AP_PDP-single-template-880x704px-BounceBackSection.jpg?resize=600%2C480&amp;ssl=1 600w\" sizes=\"(max-width: 880px) 100vw, 880px\" \/>\t\t\t\t\t\t\t\t\t\t\t\t\t\t\t<\/div>\n\t\t\t\t<\/div>\n\t\t\t\t\t<\/div>\n\t\t<\/div>\n\t\t\t\t<div class=\"elementor-column elementor-col-50 elementor-top-column elementor-element elementor-element-ae26bef\" data-id=\"ae26bef\" data-element_type=\"column\" data-settings=\"{&quot;_ob_bbad_is_stalker&quot;:&quot;no&quot;,&quot;_ob_teleporter_use&quot;:false,&quot;_ob_column_hoveranimator&quot;:&quot;no&quot;,&quot;_ob_column_has_pseudo&quot;:&quot;no&quot;}\">\n\t\t\t<div class=\"elementor-widget-wrap elementor-element-populated\">\n\t\t\t\t\t\t<div class=\"elementor-element elementor-element-8ec4cd0 ob-harakiri-inherit ob-has-background-overlay elementor-widget elementor-widget-heading\" data-id=\"8ec4cd0\" data-element_type=\"widget\" data-settings=\"{&quot;_ob_use_harakiri&quot;:&quot;yes&quot;,&quot;_ob_harakiri_writing_mode&quot;:&quot;inherit&quot;,&quot;_ob_harakiri_text_clip&quot;:&quot;none&quot;,&quot;_ob_perspektive_use&quot;:&quot;no&quot;,&quot;_ob_poopart_use&quot;:&quot;yes&quot;,&quot;_ob_shadough_use&quot;:&quot;no&quot;,&quot;_ob_allow_hoveranimator&quot;:&quot;no&quot;,&quot;_ob_widget_stalker_use&quot;:&quot;no&quot;}\" data-widget_type=\"heading.default\">\n\t\t\t\t<div class=\"elementor-widget-container\">\n\t\t\t\t\t<h2 class=\"elementor-heading-title elementor-size-default\">T\u00d4N VINH NH\u00c0 VUA <\/h2>\t\t\t\t<\/div>\n\t\t\t\t<\/div>\n\t\t\t\t<div class=\"elementor-element elementor-element-fe28c5b ob-harakiri-inherit ob-has-background-overlay elementor-widget elementor-widget-text-editor\" data-id=\"fe28c5b\" data-element_type=\"widget\" data-settings=\"{&quot;_ob_use_harakiri&quot;:&quot;yes&quot;,&quot;_ob_harakiri_writing_mode&quot;:&quot;inherit&quot;,&quot;_ob_postman_use&quot;:&quot;no&quot;,&quot;_ob_perspektive_use&quot;:&quot;no&quot;,&quot;_ob_poopart_use&quot;:&quot;yes&quot;,&quot;_ob_shadough_use&quot;:&quot;no&quot;,&quot;_ob_allow_hoveranimator&quot;:&quot;no&quot;,&quot;_ob_widget_stalker_use&quot;:&quot;no&quot;}\" data-widget_type=\"text-editor.default\">\n\t\t\t\t<div class=\"elementor-widget-container\">\n\t\t\t\t\t\t\t\t\t\u00d4ng Arnold Palmer kh\u00f4ng ng\u1ea1i s\u1ef1 t\u00e1o b\u1ea1o. \u00d4ng ph\u00e1 v\u1ee1 ranh gi\u1edbi v\u1edbi phong c\u00e1ch, phom d\u00e1ng v\u00e0 m\u00e0u s\u1eafc \u1ea5n t\u01b0\u1ee3ng. B\u1ed9 s\u01b0u t\u1eadp h\u1ee3p t\u00e1c \u0111\u1eb7c bi\u1ec7t n\u00e0y t\u00e1i hi\u1ec7n c\u00e2u chuy\u1ec7n c\u1ee7a \u00f4ng qua nh\u1eefng h\u1ecda ti\u1ebft \u0111\u1ed9c \u0111\u00e1o v\u00e0 c\u00e1c chi ti\u1ebft \u0111\u01b0\u1ee3c c\u00e1 nh\u00e2n h\u00f3a.\t\t\t\t\t\t\t\t<\/div>\n\t\t\t\t<\/div>\n\t\t\t\t<div class=\"elementor-element elementor-element-273740a ob-has-background-overlay elementor-widget elementor-widget-button\" data-id=\"273740a\" data-element_type=\"widget\" data-settings=\"{&quot;_ob_butterbutton_use_it&quot;:&quot;no&quot;,&quot;_ob_perspektive_use&quot;:&quot;no&quot;,&quot;_ob_poopart_use&quot;:&quot;yes&quot;,&quot;_ob_shadough_use&quot;:&quot;no&quot;,&quot;_ob_allow_hoveranimator&quot;:&quot;no&quot;,&quot;_ob_widget_stalker_use&quot;:&quot;no&quot;}\" data-widget_type=\"button.default\">\n\t\t\t\t<div class=\"elementor-widget-container\">\n\t\t\t\t\t\t\t\t\t<div class=\"elementor-button-wrapper\">\n\t\t\t\t\t<a class=\"elementor-button elementor-button-link elementor-size-sm elementor-animation-pulse\" href=\"https:\/\/pumagolf.dscgolf.com\/index.php\/arnold-palmer\/\">\n\t\t\t\t\t\t<span class=\"elementor-button-content-wrapper\">\n\t\t\t\t\t\t\t\t\t<span class=\"elementor-button-text\">KH\u00c1M PH\u00c1 B\u1ed8 S\u01afU T\u1eacP<\/span>\n\t\t\t\t\t<\/span>\n\t\t\t\t\t<\/a>\n\t\t\t\t<\/div>\n\t\t\t\t\t\t\t\t<\/div>\n\t\t\t\t<\/div>\n\t\t\t\t\t<\/div>\n\t\t<\/div>\n\t\t\t\t\t<\/div>\n\t\t<\/section>\n\t\t\t\t<section class=\"ob-is-breaking-bad elementor-section elementor-top-section elementor-element elementor-element-4d75d0be elementor-section-boxed elementor-section-height-default elementor-section-height-default\" data-id=\"4d75d0be\" data-element_type=\"section\" data-settings=\"{&quot;_ob_bbad_use_it&quot;:&quot;yes&quot;,&quot;_ob_bbad_sssic_use&quot;:&quot;no&quot;,&quot;_ob_glider_is_slider&quot;:&quot;no&quot;}\">\n\t\t\t\t\t\t<div class=\"elementor-container elementor-column-gap-default\">\n\t\t\t\t\t<div class=\"elementor-column elementor-col-100 elementor-top-column elementor-element elementor-element-7222776b\" data-id=\"7222776b\" data-element_type=\"column\" data-settings=\"{&quot;_ob_bbad_is_stalker&quot;:&quot;no&quot;,&quot;_ob_teleporter_use&quot;:false,&quot;_ob_column_hoveranimator&quot;:&quot;no&quot;,&quot;_ob_column_has_pseudo&quot;:&quot;no&quot;}\">\n\t\t\t<div class=\"elementor-widget-wrap elementor-element-populated\">\n\t\t\t\t\t\t<div class=\"elementor-element elementor-element-adecbea ob-harakiri-inherit ob-has-background-overlay elementor-widget elementor-widget-heading\" data-id=\"adecbea\" data-element_type=\"widget\" data-settings=\"{&quot;_ob_use_harakiri&quot;:&quot;yes&quot;,&quot;_ob_harakiri_writing_mode&quot;:&quot;inherit&quot;,&quot;_ob_harakiri_text_clip&quot;:&quot;none&quot;,&quot;_ob_perspektive_use&quot;:&quot;no&quot;,&quot;_ob_poopart_use&quot;:&quot;yes&quot;,&quot;_ob_shadough_use&quot;:&quot;no&quot;,&quot;_ob_allow_hoveranimator&quot;:&quot;no&quot;,&quot;_ob_widget_stalker_use&quot;:&quot;no&quot;}\" data-widget_type=\"heading.default\">\n\t\t\t\t<div class=\"elementor-widget-container\">\n\t\t\t\t\t<h2 class=\"elementor-heading-title elementor-size-default\">TH\u00d4NG TIN CHI TI\u1ebeT<\/h2>\t\t\t\t<\/div>\n\t\t\t\t<\/div>\n\t\t\t\t\t<\/div>\n\t\t<\/div>\n\t\t\t\t\t<\/div>\n\t\t<\/section>\n\t\t\t\t<section class=\"ob-is-breaking-bad elementor-section elementor-top-section elementor-element elementor-element-5446184 elementor-section-boxed elementor-section-height-default elementor-section-height-default\" data-id=\"5446184\" data-element_type=\"section\" data-settings=\"{&quot;_ob_bbad_use_it&quot;:&quot;yes&quot;,&quot;_ob_bbad_sssic_use&quot;:&quot;no&quot;,&quot;_ob_glider_is_slider&quot;:&quot;no&quot;}\">\n\t\t\t\t\t\t<div class=\"elementor-container elementor-column-gap-default\">\n\t\t\t\t\t<div class=\"elementor-column elementor-col-100 elementor-top-column elementor-element elementor-element-4417a95\" data-id=\"4417a95\" data-element_type=\"column\" data-settings=\"{&quot;_ob_bbad_is_stalker&quot;:&quot;no&quot;,&quot;_ob_teleporter_use&quot;:false,&quot;_ob_column_hoveranimator&quot;:&quot;no&quot;,&quot;_ob_column_has_pseudo&quot;:&quot;no&quot;}\">\n\t\t\t<div class=\"elementor-widget-wrap elementor-element-populated\">\n\t\t\t\t\t\t<div class=\"elementor-element elementor-element-2b21f5c ob-harakiri-inherit ob-has-background-overlay elementor-widget elementor-widget-text-editor\" data-id=\"2b21f5c\" data-element_type=\"widget\" data-settings=\"{&quot;_ob_use_harakiri&quot;:&quot;yes&quot;,&quot;_ob_harakiri_writing_mode&quot;:&quot;inherit&quot;,&quot;_ob_postman_use&quot;:&quot;no&quot;,&quot;_ob_perspektive_use&quot;:&quot;no&quot;,&quot;_ob_poopart_use&quot;:&quot;yes&quot;,&quot;_ob_shadough_use&quot;:&quot;no&quot;,&quot;_ob_allow_hoveranimator&quot;:&quot;no&quot;,&quot;_ob_widget_stalker_use&quot;:&quot;no&quot;}\" data-widget_type=\"text-editor.default\">\n\t\t\t\t<div class=\"elementor-widget-container\">\n\t\t\t\t\t\t\t\t\t<ul><li data-start=\"248\" data-end=\"299\">C\u00f4ng ngh\u1ec7 110 Flexfit gi\u00fap \u00f4m s\u00e1t tho\u1ea3i m\u00e1i<\/li><li data-start=\"300\" data-end=\"338\">D\u00e2y th\u1ea5m h\u00fat m\u1ed3 h\u00f4i tho\u00e1ng kh\u00ed<\/li><li data-start=\"339\" data-end=\"374\">Ch\u1ea5t li\u1ec7u v\u1ea3i c\u00f4ng ngh\u1ec7 cao<\/li><li data-start=\"375\" data-end=\"411\">Nh\u00e3n ph\u1ea3n quang P \u1edf ph\u00eda sau<\/li><li data-start=\"412\" data-end=\"460\">M\u00e9p l\u01b0\u1ee1i trai h\u01a1i cong t\u1ea1o form t\u1ef1 nhi\u00ean<\/li><li data-start=\"461\" data-end=\"487\">Logo th\u00eau tinh x\u1ea3o<\/li><li data-start=\"488\" data-end=\"507\" data-is-last-node=\"\">100% Cotton<\/li><\/ul>\t\t\t\t\t\t\t\t<\/div>\n\t\t\t\t<\/div>\n\t\t\t\t\t<\/div>\n\t\t<\/div>\n\t\t\t\t\t<\/div>\n\t\t<\/section>\n\t\t\t\t<\/div>\n\t\t","protected":false},"excerpt":{"rendered":"<p style=\"font-family: 'FF DIN VN'; font-weight: 500;\">H\u01a1n n\u1eeda th\u1ebf k\u1ef7 tr\u01b0\u1edbc, Palmer \u0111\u00e3 t\u1ea1o ra m\u1ed9t bi\u1ec3u t\u01b0\u1ee3ng v\u01b0\u1ee3t th\u1eddi gian. H\u00e3y th\u1ec3 hi\u1ec7n s\u1ef1 t\u00f4n k\u00ednh \u0111\u1ed1i v\u1edbi huy\u1ec1n tho\u1ea1i v\u1edbi chi\u1ebfc n\u00f3n hi\u1ec7u su\u1ea5t 6 m\u00fai nh\u1eb9 nh\u00e0ng n\u00e0y, c\u00f3 th\u1ec3 \u0111i\u1ec1u ch\u1ec9nh k\u00edch th\u01b0\u1edbc \u0111\u1ec3 v\u1eeba v\u1eb7n ho\u00e0n h\u1ea3o.<\/p>\n","protected":false},"featured_media":15025,"comment_status":"open","ping_status":"closed","template":"","meta":{"_uag_custom_page_level_css":"","site-sidebar-layout":"default","site-content-layout":"plain-container","ast-global-header-display":"","ast-main-header-display":"","ast-hfb-above-header-display":"","ast-hfb-below-header-display":"","ast-hfb-mobile-header-display":"","site-post-title":"","ast-breadcrumbs-content":"","ast-featured-img":"","footer-sml-layout":"","theme-transparent-header-meta":"default","adv-header-id-meta":"","stick-header-meta":"","header-above-stick-meta":"","header-main-stick-meta":"","header-below-stick-meta":""},"product_brand":[],"product_cat":[38,1258,327,49],"product_tag":[1260,1659,245,1557],"class_list":{"0":"post-15021","1":"product","2":"type-product","3":"status-publish","4":"has-post-thumbnail","6":"product_cat-accessories","7":"product_cat-ap","8":"product_cat-caps","9":"product_cat-men","10":"product_tag-ap","11":"product_tag-api","12":"product_tag-cap","13":"product_tag-crafted","14":"pa_color-white-glow-puma-x-api-crafted-cap","15":"desktop-align-left","16":"tablet-align-left","17":"mobile-align-left","19":"first","20":"instock","21":"shipping-taxable","22":"purchasable","23":"product-type-variable","24":"has-default-attributes"},"uagb_featured_image_src":{"full":["https:\/\/i0.wp.com\/pumagolf.dscgolf.com\/wp-content\/uploads\/2025\/03\/LOW-RES-2000x2000-026307_01.webp?fit=2000%2C2000&ssl=1",2000,2000,false],"thumbnail":["https:\/\/i0.wp.com\/pumagolf.dscgolf.com\/wp-content\/uploads\/2025\/03\/LOW-RES-2000x2000-026307_01.webp?resize=150%2C150&ssl=1",150,150,true],"medium":["https:\/\/i0.wp.com\/pumagolf.dscgolf.com\/wp-content\/uploads\/2025\/03\/LOW-RES-2000x2000-026307_01.webp?fit=300%2C300&ssl=1",300,300,true],"medium_large":["https:\/\/i0.wp.com\/pumagolf.dscgolf.com\/wp-content\/uploads\/2025\/03\/LOW-RES-2000x2000-026307_01.webp?fit=768%2C768&ssl=1",768,768,true],"large":["https:\/\/i0.wp.com\/pumagolf.dscgolf.com\/wp-content\/uploads\/2025\/03\/LOW-RES-2000x2000-026307_01.webp?fit=1024%2C1024&ssl=1",1024,1024,true],"1536x1536":["https:\/\/i0.wp.com\/pumagolf.dscgolf.com\/wp-content\/uploads\/2025\/03\/LOW-RES-2000x2000-026307_01.webp?fit=1536%2C1536&ssl=1",1536,1536,true],"2048x2048":["https:\/\/i0.wp.com\/pumagolf.dscgolf.com\/wp-content\/uploads\/2025\/03\/LOW-RES-2000x2000-026307_01.webp?fit=2000%2C2000&ssl=1",2000,2000,true],"woocommerce_thumbnail":["https:\/\/i0.wp.com\/pumagolf.dscgolf.com\/wp-content\/uploads\/2025\/03\/LOW-RES-2000x2000-026307_01.webp?resize=300%2C300&ssl=1",300,300,true],"woocommerce_single":["https:\/\/i0.wp.com\/pumagolf.dscgolf.com\/wp-content\/uploads\/2025\/03\/LOW-RES-2000x2000-026307_01.webp?fit=600%2C600&ssl=1",600,600,true],"woocommerce_gallery_thumbnail":["https:\/\/i0.wp.com\/pumagolf.dscgolf.com\/wp-content\/uploads\/2025\/03\/LOW-RES-2000x2000-026307_01.webp?resize=100%2C100&ssl=1",100,100,true]},"uagb_author_info":{"display_name":"pumagolfvn","author_link":"https:\/\/pumagolf.dscgolf.com\/index.php\/author\/"},"uagb_comment_info":0,"uagb_excerpt":"H\u01a1n n\u1eeda th\u1ebf k\u1ef7 tr\u01b0\u1edbc, Palmer \u0111\u00e3 t\u1ea1o ra m\u1ed9t bi\u1ec3u t\u01b0\u1ee3ng v\u01b0\u1ee3t th\u1eddi gian. H\u00e3y th\u1ec3 hi\u1ec7n s\u1ef1 t\u00f4n k\u00ednh \u0111\u1ed1i v\u1edbi huy\u1ec1n tho\u1ea1i v\u1edbi chi\u1ebfc n\u00f3n hi\u1ec7u su\u1ea5t 6 m\u00fai nh\u1eb9 nh\u00e0ng n\u00e0y, c\u00f3 th\u1ec3 \u0111i\u1ec1u ch\u1ec9nh k\u00edch th\u01b0\u1edbc \u0111\u1ec3 v\u1eeba v\u1eb7n ho\u00e0n h\u1ea3o.","_links":{"self":[{"href":"https:\/\/pumagolf.dscgolf.com\/index.php\/wp-json\/wp\/v2\/product\/15021","targetHints":{"allow":["GET"]}}],"collection":[{"href":"https:\/\/pumagolf.dscgolf.com\/index.php\/wp-json\/wp\/v2\/product"}],"about":[{"href":"https:\/\/pumagolf.dscgolf.com\/index.php\/wp-json\/wp\/v2\/types\/product"}],"replies":[{"embeddable":true,"href":"https:\/\/pumagolf.dscgolf.com\/index.php\/wp-json\/wp\/v2\/comments?post=15021"}],"version-history":[{"count":7,"href":"https:\/\/pumagolf.dscgolf.com\/index.php\/wp-json\/wp\/v2\/product\/15021\/revisions"}],"predecessor-version":[{"id":15169,"href":"https:\/\/pumagolf.dscgolf.com\/index.php\/wp-json\/wp\/v2\/product\/15021\/revisions\/15169"}],"wp:featuredmedia":[{"embeddable":true,"href":"https:\/\/pumagolf.dscgolf.com\/index.php\/wp-json\/wp\/v2\/media\/15025"}],"wp:attachment":[{"href":"https:\/\/pumagolf.dscgolf.com\/index.php\/wp-json\/wp\/v2\/media?parent=15021"}],"wp:term":[{"taxonomy":"product_brand","embeddable":true,"href":"https:\/\/pumagolf.dscgolf.com\/index.php\/wp-json\/wp\/v2\/product_brand?post=15021"},{"taxonomy":"product_cat","embeddable":true,"href":"https:\/\/pumagolf.dscgolf.com\/index.php\/wp-json\/wp\/v2\/product_cat?post=15021"},{"taxonomy":"product_tag","embeddable":true,"href":"https:\/\/pumagolf.dscgolf.com\/index.php\/wp-json\/wp\/v2\/product_tag?post=15021"}],"curies":[{"name":"wp","href":"https:\/\/api.w.org\/{rel}","templated":true}]}}