{"id":14985,"date":"2025-02-28T09:51:17","date_gmt":"2025-02-28T09:51:17","guid":{"rendered":"https:\/\/pumagolf.dscgolf.com\/?post_type=product&#038;p=14985"},"modified":"2025-03-04T09:56:09","modified_gmt":"2025-03-04T09:56:09","slug":"ap-umbrella-dad-cap","status":"publish","type":"product","link":"https:\/\/pumagolf.dscgolf.com\/index.php\/product\/ap-umbrella-dad-cap\/","title":{"rendered":"M\u0169 L\u01b0\u1ee1i Trai Golf D\u00e1ng M\u1ec1m PUMA x AP Umbrella"},"content":{"rendered":"\t\t<div data-elementor-type=\"wp-post\" data-elementor-id=\"14985\" class=\"elementor elementor-14985\">\n\t\t\t\t\t\t<section class=\"ob-is-breaking-bad elementor-section elementor-top-section elementor-element elementor-element-a6ae9ce elementor-section-boxed elementor-section-height-default elementor-section-height-default\" data-id=\"a6ae9ce\" data-element_type=\"section\" data-settings=\"{&quot;_ob_bbad_use_it&quot;:&quot;yes&quot;,&quot;_ob_bbad_sssic_use&quot;:&quot;no&quot;,&quot;_ob_glider_is_slider&quot;:&quot;no&quot;}\">\n\t\t\t\t\t\t<div class=\"elementor-container elementor-column-gap-default\">\n\t\t\t\t\t<div class=\"elementor-column elementor-col-50 elementor-top-column elementor-element elementor-element-18f64a0\" data-id=\"18f64a0\" data-element_type=\"column\" data-settings=\"{&quot;_ob_bbad_is_stalker&quot;:&quot;no&quot;,&quot;_ob_teleporter_use&quot;:false,&quot;_ob_column_hoveranimator&quot;:&quot;no&quot;,&quot;_ob_column_has_pseudo&quot;:&quot;no&quot;}\">\n\t\t\t<div class=\"elementor-widget-wrap elementor-element-populated\">\n\t\t\t\t\t\t<div class=\"elementor-element elementor-element-b8bfec0 ob-has-background-overlay elementor-widget elementor-widget-image\" data-id=\"b8bfec0\" data-element_type=\"widget\" data-settings=\"{&quot;_ob_photomorph_use&quot;:&quot;no&quot;,&quot;_ob_perspektive_use&quot;:&quot;no&quot;,&quot;_ob_poopart_use&quot;:&quot;yes&quot;,&quot;_ob_shadough_use&quot;:&quot;no&quot;,&quot;_ob_allow_hoveranimator&quot;:&quot;no&quot;,&quot;_ob_widget_stalker_use&quot;:&quot;no&quot;}\" data-widget_type=\"image.default\">\n\t\t\t\t<div class=\"elementor-widget-container\">\n\t\t\t\t\t\t\t\t\t\t\t\t\t\t\t<img fetchpriority=\"high\" decoding=\"async\" width=\"880\" height=\"704\" src=\"https:\/\/i0.wp.com\/pumagolf.dscgolf.com\/wp-content\/uploads\/2025\/03\/25SS_AP_PDP-single-template-880x704px-BounceBackSection.jpg?fit=880%2C704&amp;ssl=1\" class=\"attachment-large size-large wp-image-15160\" alt=\"\" srcset=\"https:\/\/i0.wp.com\/pumagolf.dscgolf.com\/wp-content\/uploads\/2025\/03\/25SS_AP_PDP-single-template-880x704px-BounceBackSection.jpg?w=880&amp;ssl=1 880w, https:\/\/i0.wp.com\/pumagolf.dscgolf.com\/wp-content\/uploads\/2025\/03\/25SS_AP_PDP-single-template-880x704px-BounceBackSection.jpg?resize=300%2C240&amp;ssl=1 300w, https:\/\/i0.wp.com\/pumagolf.dscgolf.com\/wp-content\/uploads\/2025\/03\/25SS_AP_PDP-single-template-880x704px-BounceBackSection.jpg?resize=768%2C614&amp;ssl=1 768w, https:\/\/i0.wp.com\/pumagolf.dscgolf.com\/wp-content\/uploads\/2025\/03\/25SS_AP_PDP-single-template-880x704px-BounceBackSection.jpg?resize=600%2C480&amp;ssl=1 600w\" sizes=\"(max-width: 880px) 100vw, 880px\" \/>\t\t\t\t\t\t\t\t\t\t\t\t\t\t\t<\/div>\n\t\t\t\t<\/div>\n\t\t\t\t\t<\/div>\n\t\t<\/div>\n\t\t\t\t<div class=\"elementor-column elementor-col-50 elementor-top-column elementor-element elementor-element-d4d26ce\" data-id=\"d4d26ce\" data-element_type=\"column\" data-settings=\"{&quot;_ob_bbad_is_stalker&quot;:&quot;no&quot;,&quot;_ob_teleporter_use&quot;:false,&quot;_ob_column_hoveranimator&quot;:&quot;no&quot;,&quot;_ob_column_has_pseudo&quot;:&quot;no&quot;}\">\n\t\t\t<div class=\"elementor-widget-wrap elementor-element-populated\">\n\t\t\t\t\t\t<div class=\"elementor-element elementor-element-a2b5bd9 ob-harakiri-inherit ob-has-background-overlay elementor-widget elementor-widget-heading\" data-id=\"a2b5bd9\" data-element_type=\"widget\" data-settings=\"{&quot;_ob_use_harakiri&quot;:&quot;yes&quot;,&quot;_ob_harakiri_writing_mode&quot;:&quot;inherit&quot;,&quot;_ob_harakiri_text_clip&quot;:&quot;none&quot;,&quot;_ob_perspektive_use&quot;:&quot;no&quot;,&quot;_ob_poopart_use&quot;:&quot;yes&quot;,&quot;_ob_shadough_use&quot;:&quot;no&quot;,&quot;_ob_allow_hoveranimator&quot;:&quot;no&quot;,&quot;_ob_widget_stalker_use&quot;:&quot;no&quot;}\" data-widget_type=\"heading.default\">\n\t\t\t\t<div class=\"elementor-widget-container\">\n\t\t\t\t\t<h2 class=\"elementor-heading-title elementor-size-default\">T\u00d4N VINH NH\u00c0 VUA <\/h2>\t\t\t\t<\/div>\n\t\t\t\t<\/div>\n\t\t\t\t<div class=\"elementor-element elementor-element-afd217b ob-harakiri-inherit ob-has-background-overlay elementor-widget elementor-widget-text-editor\" data-id=\"afd217b\" data-element_type=\"widget\" data-settings=\"{&quot;_ob_use_harakiri&quot;:&quot;yes&quot;,&quot;_ob_harakiri_writing_mode&quot;:&quot;inherit&quot;,&quot;_ob_postman_use&quot;:&quot;no&quot;,&quot;_ob_perspektive_use&quot;:&quot;no&quot;,&quot;_ob_poopart_use&quot;:&quot;yes&quot;,&quot;_ob_shadough_use&quot;:&quot;no&quot;,&quot;_ob_allow_hoveranimator&quot;:&quot;no&quot;,&quot;_ob_widget_stalker_use&quot;:&quot;no&quot;}\" data-widget_type=\"text-editor.default\">\n\t\t\t\t<div class=\"elementor-widget-container\">\n\t\t\t\t\t\t\t\t\t\u00d4ng Arnold Palmer kh\u00f4ng ng\u1ea1i s\u1ef1 t\u00e1o b\u1ea1o. \u00d4ng ph\u00e1 v\u1ee1 ranh gi\u1edbi v\u1edbi phong c\u00e1ch, phom d\u00e1ng v\u00e0 m\u00e0u s\u1eafc \u1ea5n t\u01b0\u1ee3ng. B\u1ed9 s\u01b0u t\u1eadp h\u1ee3p t\u00e1c \u0111\u1eb7c bi\u1ec7t n\u00e0y t\u00e1i hi\u1ec7n c\u00e2u chuy\u1ec7n c\u1ee7a \u00f4ng qua nh\u1eefng h\u1ecda ti\u1ebft \u0111\u1ed9c \u0111\u00e1o v\u00e0 c\u00e1c chi ti\u1ebft \u0111\u01b0\u1ee3c c\u00e1 nh\u00e2n h\u00f3a.\t\t\t\t\t\t\t\t<\/div>\n\t\t\t\t<\/div>\n\t\t\t\t<div class=\"elementor-element elementor-element-a102b55 ob-has-background-overlay elementor-widget elementor-widget-button\" data-id=\"a102b55\" data-element_type=\"widget\" data-settings=\"{&quot;_ob_butterbutton_use_it&quot;:&quot;no&quot;,&quot;_ob_perspektive_use&quot;:&quot;no&quot;,&quot;_ob_poopart_use&quot;:&quot;yes&quot;,&quot;_ob_shadough_use&quot;:&quot;no&quot;,&quot;_ob_allow_hoveranimator&quot;:&quot;no&quot;,&quot;_ob_widget_stalker_use&quot;:&quot;no&quot;}\" data-widget_type=\"button.default\">\n\t\t\t\t<div class=\"elementor-widget-container\">\n\t\t\t\t\t\t\t\t\t<div class=\"elementor-button-wrapper\">\n\t\t\t\t\t<a class=\"elementor-button elementor-button-link elementor-size-sm elementor-animation-pulse\" href=\"https:\/\/pumagolf.dscgolf.com\/index.php\/arnold-palmer\/\">\n\t\t\t\t\t\t<span class=\"elementor-button-content-wrapper\">\n\t\t\t\t\t\t\t\t\t<span class=\"elementor-button-text\">KH\u00c1M PH\u00c1 B\u1ed8 S\u01afU T\u1eacP<\/span>\n\t\t\t\t\t<\/span>\n\t\t\t\t\t<\/a>\n\t\t\t\t<\/div>\n\t\t\t\t\t\t\t\t<\/div>\n\t\t\t\t<\/div>\n\t\t\t\t\t<\/div>\n\t\t<\/div>\n\t\t\t\t\t<\/div>\n\t\t<\/section>\n\t\t\t\t<section class=\"ob-is-breaking-bad elementor-section elementor-top-section elementor-element elementor-element-4d75d0be elementor-section-boxed elementor-section-height-default elementor-section-height-default\" data-id=\"4d75d0be\" data-element_type=\"section\" data-settings=\"{&quot;_ob_bbad_use_it&quot;:&quot;yes&quot;,&quot;_ob_bbad_sssic_use&quot;:&quot;no&quot;,&quot;_ob_glider_is_slider&quot;:&quot;no&quot;}\">\n\t\t\t\t\t\t<div class=\"elementor-container elementor-column-gap-default\">\n\t\t\t\t\t<div class=\"elementor-column elementor-col-100 elementor-top-column elementor-element elementor-element-7222776b\" data-id=\"7222776b\" data-element_type=\"column\" data-settings=\"{&quot;_ob_bbad_is_stalker&quot;:&quot;no&quot;,&quot;_ob_teleporter_use&quot;:false,&quot;_ob_column_hoveranimator&quot;:&quot;no&quot;,&quot;_ob_column_has_pseudo&quot;:&quot;no&quot;}\">\n\t\t\t<div class=\"elementor-widget-wrap elementor-element-populated\">\n\t\t\t\t\t\t<div class=\"elementor-element elementor-element-adecbea ob-harakiri-inherit ob-has-background-overlay elementor-widget elementor-widget-heading\" data-id=\"adecbea\" data-element_type=\"widget\" data-settings=\"{&quot;_ob_use_harakiri&quot;:&quot;yes&quot;,&quot;_ob_harakiri_writing_mode&quot;:&quot;inherit&quot;,&quot;_ob_harakiri_text_clip&quot;:&quot;none&quot;,&quot;_ob_perspektive_use&quot;:&quot;no&quot;,&quot;_ob_poopart_use&quot;:&quot;yes&quot;,&quot;_ob_shadough_use&quot;:&quot;no&quot;,&quot;_ob_allow_hoveranimator&quot;:&quot;no&quot;,&quot;_ob_widget_stalker_use&quot;:&quot;no&quot;}\" data-widget_type=\"heading.default\">\n\t\t\t\t<div class=\"elementor-widget-container\">\n\t\t\t\t\t<h2 class=\"elementor-heading-title elementor-size-default\">TH\u00d4NG TIN CHI TI\u1ebeT<\/h2>\t\t\t\t<\/div>\n\t\t\t\t<\/div>\n\t\t\t\t\t<\/div>\n\t\t<\/div>\n\t\t\t\t\t<\/div>\n\t\t<\/section>\n\t\t\t\t<section class=\"ob-is-breaking-bad elementor-section elementor-top-section elementor-element elementor-element-5446184 elementor-section-boxed elementor-section-height-default elementor-section-height-default\" data-id=\"5446184\" data-element_type=\"section\" data-settings=\"{&quot;_ob_bbad_use_it&quot;:&quot;yes&quot;,&quot;_ob_bbad_sssic_use&quot;:&quot;no&quot;,&quot;_ob_glider_is_slider&quot;:&quot;no&quot;}\">\n\t\t\t\t\t\t<div class=\"elementor-container elementor-column-gap-default\">\n\t\t\t\t\t<div class=\"elementor-column elementor-col-100 elementor-top-column elementor-element elementor-element-4417a95\" data-id=\"4417a95\" data-element_type=\"column\" data-settings=\"{&quot;_ob_bbad_is_stalker&quot;:&quot;no&quot;,&quot;_ob_teleporter_use&quot;:false,&quot;_ob_column_hoveranimator&quot;:&quot;no&quot;,&quot;_ob_column_has_pseudo&quot;:&quot;no&quot;}\">\n\t\t\t<div class=\"elementor-widget-wrap elementor-element-populated\">\n\t\t\t\t\t\t<div class=\"elementor-element elementor-element-2b21f5c ob-harakiri-inherit ob-has-background-overlay elementor-widget elementor-widget-text-editor\" data-id=\"2b21f5c\" data-element_type=\"widget\" data-settings=\"{&quot;_ob_use_harakiri&quot;:&quot;yes&quot;,&quot;_ob_harakiri_writing_mode&quot;:&quot;inherit&quot;,&quot;_ob_postman_use&quot;:&quot;no&quot;,&quot;_ob_perspektive_use&quot;:&quot;no&quot;,&quot;_ob_poopart_use&quot;:&quot;yes&quot;,&quot;_ob_shadough_use&quot;:&quot;no&quot;,&quot;_ob_allow_hoveranimator&quot;:&quot;no&quot;,&quot;_ob_widget_stalker_use&quot;:&quot;no&quot;}\" data-widget_type=\"text-editor.default\">\n\t\t\t\t<div class=\"elementor-widget-container\">\n\t\t\t\t\t\t\t\t\t<ul><li data-start=\"139\" data-end=\"198\">Ch\u1ea5t li\u1ec7u v\u1ea3i cotton twill hi\u1ec7u su\u1ea5t cao, nh\u1eb9 nh\u00e0ng<\/li><li data-start=\"199\" data-end=\"257\">Th\u00eau n\u1ed5i 3D bi\u1ec3u t\u01b0\u1ee3ng \u00f4 tr\u00f2n \u0111\u1eb7c tr\u01b0ng ph\u00eda tr\u01b0\u1edbc<\/li><li data-start=\"258\" data-end=\"300\">Kh\u00f3a kim lo\u1ea1i \u0111i\u1ec1u ch\u1ec9nh linh ho\u1ea1t<\/li><li data-start=\"301\" data-end=\"363\">D\u1ea3i b\u0103ng b\u00ean trong c\u00f3 th\u01b0\u01a1ng hi\u1ec7u PUMA &amp; Arnold Palmer<\/li><li data-start=\"364\" data-end=\"381\" data-is-last-node=\"\">100% Cotton<\/li><\/ul>\t\t\t\t\t\t\t\t<\/div>\n\t\t\t\t<\/div>\n\t\t\t\t\t<\/div>\n\t\t<\/div>\n\t\t\t\t\t<\/div>\n\t\t<\/section>\n\t\t\t\t<\/div>\n\t\t","protected":false},"excerpt":{"rendered":"<p style=\"font-family: 'FF DIN VN'; font-weight: 500;\">L\u1eddi tri \u00e2n \u0111\u1ebfn huy\u1ec1n tho\u1ea1i v\u0129 \u0111\u1ea1i c\u1ee7a l\u00e0ng golf. Thi\u1ebft k\u1ebf nh\u1eb9, d\u1ec5 \u0111i\u1ec1u ch\u1ec9nh v\u1edbi logo Arnold Palmer th\u00eau n\u1ed5i bi\u1ec3u t\u01b0\u1ee3ng.<\/p>\n","protected":false},"featured_media":14989,"comment_status":"open","ping_status":"closed","template":"","meta":{"_uag_custom_page_level_css":"","site-sidebar-layout":"default","site-content-layout":"plain-container","ast-global-header-display":"","ast-main-header-display":"","ast-hfb-above-header-display":"","ast-hfb-below-header-display":"","ast-hfb-mobile-header-display":"","site-post-title":"","ast-breadcrumbs-content":"","ast-featured-img":"","footer-sml-layout":"","theme-transparent-header-meta":"default","adv-header-id-meta":"","stick-header-meta":"","header-above-stick-meta":"","header-main-stick-meta":"","header-below-stick-meta":""},"product_brand":[],"product_cat":[38,1258,327,49],"product_tag":[1260,245,1250,1654],"class_list":{"0":"post-14985","1":"product","2":"type-product","3":"status-publish","4":"has-post-thumbnail","6":"product_cat-accessories","7":"product_cat-ap","8":"product_cat-caps","9":"product_cat-men","10":"product_tag-ap","11":"product_tag-cap","12":"product_tag-dad","13":"product_tag-umbrella","14":"pa_color-deep-navy-puma-x-ap-umbrella-dad-cap","15":"pa_color-pale-pink-puma-x-ap-umbrella-dad-cap","16":"desktop-align-left","17":"tablet-align-left","18":"mobile-align-left","20":"first","21":"instock","22":"shipping-taxable","23":"purchasable","24":"product-type-variable","25":"has-default-attributes"},"uagb_featured_image_src":{"full":["https:\/\/i0.wp.com\/pumagolf.dscgolf.com\/wp-content\/uploads\/2025\/02\/LOW-RES-2000x2000-026102_01.webp?fit=2000%2C2000&ssl=1",2000,2000,false],"thumbnail":["https:\/\/i0.wp.com\/pumagolf.dscgolf.com\/wp-content\/uploads\/2025\/02\/LOW-RES-2000x2000-026102_01.webp?resize=150%2C150&ssl=1",150,150,true],"medium":["https:\/\/i0.wp.com\/pumagolf.dscgolf.com\/wp-content\/uploads\/2025\/02\/LOW-RES-2000x2000-026102_01.webp?fit=300%2C300&ssl=1",300,300,true],"medium_large":["https:\/\/i0.wp.com\/pumagolf.dscgolf.com\/wp-content\/uploads\/2025\/02\/LOW-RES-2000x2000-026102_01.webp?fit=768%2C768&ssl=1",768,768,true],"large":["https:\/\/i0.wp.com\/pumagolf.dscgolf.com\/wp-content\/uploads\/2025\/02\/LOW-RES-2000x2000-026102_01.webp?fit=1024%2C1024&ssl=1",1024,1024,true],"1536x1536":["https:\/\/i0.wp.com\/pumagolf.dscgolf.com\/wp-content\/uploads\/2025\/02\/LOW-RES-2000x2000-026102_01.webp?fit=1536%2C1536&ssl=1",1536,1536,true],"2048x2048":["https:\/\/i0.wp.com\/pumagolf.dscgolf.com\/wp-content\/uploads\/2025\/02\/LOW-RES-2000x2000-026102_01.webp?fit=2000%2C2000&ssl=1",2000,2000,true],"woocommerce_thumbnail":["https:\/\/i0.wp.com\/pumagolf.dscgolf.com\/wp-content\/uploads\/2025\/02\/LOW-RES-2000x2000-026102_01.webp?resize=300%2C300&ssl=1",300,300,true],"woocommerce_single":["https:\/\/i0.wp.com\/pumagolf.dscgolf.com\/wp-content\/uploads\/2025\/02\/LOW-RES-2000x2000-026102_01.webp?fit=600%2C600&ssl=1",600,600,true],"woocommerce_gallery_thumbnail":["https:\/\/i0.wp.com\/pumagolf.dscgolf.com\/wp-content\/uploads\/2025\/02\/LOW-RES-2000x2000-026102_01.webp?resize=100%2C100&ssl=1",100,100,true]},"uagb_author_info":{"display_name":"pumagolfvn","author_link":"https:\/\/pumagolf.dscgolf.com\/index.php\/author\/"},"uagb_comment_info":0,"uagb_excerpt":"L\u1eddi tri \u00e2n \u0111\u1ebfn huy\u1ec1n tho\u1ea1i v\u0129 \u0111\u1ea1i c\u1ee7a l\u00e0ng golf. Thi\u1ebft k\u1ebf nh\u1eb9, d\u1ec5 \u0111i\u1ec1u ch\u1ec9nh v\u1edbi logo Arnold Palmer th\u00eau n\u1ed5i bi\u1ec3u t\u01b0\u1ee3ng.","_links":{"self":[{"href":"https:\/\/pumagolf.dscgolf.com\/index.php\/wp-json\/wp\/v2\/product\/14985","targetHints":{"allow":["GET"]}}],"collection":[{"href":"https:\/\/pumagolf.dscgolf.com\/index.php\/wp-json\/wp\/v2\/product"}],"about":[{"href":"https:\/\/pumagolf.dscgolf.com\/index.php\/wp-json\/wp\/v2\/types\/product"}],"replies":[{"embeddable":true,"href":"https:\/\/pumagolf.dscgolf.com\/index.php\/wp-json\/wp\/v2\/comments?post=14985"}],"version-history":[{"count":8,"href":"https:\/\/pumagolf.dscgolf.com\/index.php\/wp-json\/wp\/v2\/product\/14985\/revisions"}],"predecessor-version":[{"id":15226,"href":"https:\/\/pumagolf.dscgolf.com\/index.php\/wp-json\/wp\/v2\/product\/14985\/revisions\/15226"}],"wp:featuredmedia":[{"embeddable":true,"href":"https:\/\/pumagolf.dscgolf.com\/index.php\/wp-json\/wp\/v2\/media\/14989"}],"wp:attachment":[{"href":"https:\/\/pumagolf.dscgolf.com\/index.php\/wp-json\/wp\/v2\/media?parent=14985"}],"wp:term":[{"taxonomy":"product_brand","embeddable":true,"href":"https:\/\/pumagolf.dscgolf.com\/index.php\/wp-json\/wp\/v2\/product_brand?post=14985"},{"taxonomy":"product_cat","embeddable":true,"href":"https:\/\/pumagolf.dscgolf.com\/index.php\/wp-json\/wp\/v2\/product_cat?post=14985"},{"taxonomy":"product_tag","embeddable":true,"href":"https:\/\/pumagolf.dscgolf.com\/index.php\/wp-json\/wp\/v2\/product_tag?post=14985"}],"curies":[{"name":"wp","href":"https:\/\/api.w.org\/{rel}","templated":true}]}}