{"id":14963,"date":"2025-02-28T07:34:59","date_gmt":"2025-02-28T07:34:59","guid":{"rendered":"https:\/\/pumagolf.dscgolf.com\/?post_type=product&#038;p=14963"},"modified":"2025-02-28T08:38:57","modified_gmt":"2025-02-28T08:38:57","slug":"ventura-polo-girls","status":"publish","type":"product","link":"https:\/\/pumagolf.dscgolf.com\/index.php\/product\/ventura-polo-girls\/","title":{"rendered":"\u00c1o Polo Golf B\u00e9 G\u00e1i Ventura"},"content":{"rendered":"\t\t<div data-elementor-type=\"wp-post\" data-elementor-id=\"14963\" class=\"elementor elementor-14963\">\n\t\t\t\t\t\t<section class=\"ob-is-breaking-bad elementor-section elementor-top-section elementor-element elementor-element-a5961ff elementor-section-boxed elementor-section-height-default elementor-section-height-default\" data-id=\"a5961ff\" data-element_type=\"section\" data-settings=\"{&quot;_ob_bbad_use_it&quot;:&quot;yes&quot;,&quot;_ob_bbad_sssic_use&quot;:&quot;no&quot;,&quot;_ob_glider_is_slider&quot;:&quot;no&quot;}\">\n\t\t\t\t\t\t<div class=\"elementor-container elementor-column-gap-default\">\n\t\t\t\t\t<div class=\"elementor-column elementor-col-100 elementor-top-column elementor-element elementor-element-6b31c64\" data-id=\"6b31c64\" data-element_type=\"column\" data-settings=\"{&quot;_ob_bbad_is_stalker&quot;:&quot;no&quot;,&quot;_ob_teleporter_use&quot;:false,&quot;_ob_column_hoveranimator&quot;:&quot;no&quot;,&quot;_ob_column_has_pseudo&quot;:&quot;no&quot;}\">\n\t\t\t<div class=\"elementor-widget-wrap elementor-element-populated\">\n\t\t\t\t\t\t<div class=\"elementor-element elementor-element-83b10e9 ob-harakiri-inherit ob-has-background-overlay elementor-widget elementor-widget-text-editor\" data-id=\"83b10e9\" data-element_type=\"widget\" data-settings=\"{&quot;_ob_use_harakiri&quot;:&quot;yes&quot;,&quot;_ob_harakiri_writing_mode&quot;:&quot;inherit&quot;,&quot;_ob_postman_use&quot;:&quot;no&quot;,&quot;_ob_perspektive_use&quot;:&quot;no&quot;,&quot;_ob_poopart_use&quot;:&quot;yes&quot;,&quot;_ob_shadough_use&quot;:&quot;no&quot;,&quot;_ob_allow_hoveranimator&quot;:&quot;no&quot;,&quot;_ob_widget_stalker_use&quot;:&quot;no&quot;}\" data-widget_type=\"text-editor.default\">\n\t\t\t\t<div class=\"elementor-widget-container\">\n\t\t\t\t\t\t\t\t\t<ul><li data-start=\"410\" data-end=\"436\">Th\u1ea5m h\u00fat \u1ea9m, nhanh kh\u00f4<\/li><li data-start=\"467\" data-end=\"488\">Tho\u00e1ng kh\u00ed t\u1ed1i \u01b0u<\/li><li data-start=\"489\" data-end=\"511\">Ch\u1ed1ng n\u1eafng UPF 40<\/li><li data-start=\"512\" data-end=\"536\" data-is-last-node=\"\">95% Polyester t\u00e1i ch\u1ebf, 5% Elastane\u00a0<\/li><\/ul>\t\t\t\t\t\t\t\t<\/div>\n\t\t\t\t<\/div>\n\t\t\t\t\t<\/div>\n\t\t<\/div>\n\t\t\t\t\t<\/div>\n\t\t<\/section>\n\t\t\t\t<\/div>\n\t\t","protected":false},"excerpt":{"rendered":"<p style=\"font-family: 'FF DIN VN'; font-weight: 500;\">C\u00e2u tr\u1ea3 l\u1eddi cho \u201cCon mu\u1ed1n trang ph\u1ee5c golf th\u1eadt phong c\u00e1ch!\u201d Bi\u1ebfn m\u1ed7i bu\u1ed5i t\u1eadp luy\u1ec7n th\u00e0nh tr\u1ea3i nghi\u1ec7m th\u00fa v\u1ecb h\u01a1n v\u1edbi chi\u1ebfc \u00e1o polo hi\u1ec7u su\u1ea5t cao n\u00e0y. Thi\u1ebft k\u1ebf th\u1ea5m h\u00fat m\u1ed3 h\u00f4i, co gi\u00e3n 4 chi\u1ec1u v\u00e0 tho\u00e1ng kh\u00ed v\u01b0\u1ee3t tr\u1ed9i gi\u00fap b\u00e9 lu\u00f4n tho\u1ea3i m\u00e1i v\u00e0 t\u1ef1 tin tr\u00ean s\u00e2n. \u0110\u01b0\u1ee3c l\u00e0m t\u1eeb 90% v\u1eadt li\u1ec7u t\u00e1i ch\u1ebf, \u0111\u00e2y l\u00e0 l\u1ef1a ch\u1ecdn th\u00f4ng minh v\u00e0 th\u00e2n thi\u1ec7n v\u1edbi m\u00f4i tr\u01b0\u1eddng.<\/p>\n","protected":false},"featured_media":14966,"comment_status":"open","ping_status":"closed","template":"","meta":{"_uag_custom_page_level_css":"","site-sidebar-layout":"default","site-content-layout":"plain-container","ast-global-header-display":"","ast-main-header-display":"","ast-hfb-above-header-display":"","ast-hfb-below-header-display":"","ast-hfb-mobile-header-display":"","site-post-title":"","ast-breadcrumbs-content":"","ast-featured-img":"","footer-sml-layout":"","theme-transparent-header-meta":"default","adv-header-id-meta":"","stick-header-meta":"","header-above-stick-meta":"","header-main-stick-meta":"","header-below-stick-meta":""},"product_brand":[],"product_cat":[325,70],"product_tag":[326,65,1650],"class_list":{"0":"post-14963","1":"product","2":"type-product","3":"status-publish","4":"has-post-thumbnail","6":"product_cat-girls","7":"product_cat-polo","8":"product_tag-girls","9":"product_tag-polo","10":"product_tag-ventura","11":"pa_color-deep-navy-girls-ventura-ss-polo","12":"desktop-align-left","13":"tablet-align-left","14":"mobile-align-left","16":"first","17":"instock","18":"shipping-taxable","19":"purchasable","20":"product-type-variable","21":"has-default-attributes"},"uagb_featured_image_src":{"full":["https:\/\/i0.wp.com\/pumagolf.dscgolf.com\/wp-content\/uploads\/2025\/02\/LOW-RES-2000x2000-631092_01.webp?fit=2000%2C2000&ssl=1",2000,2000,false],"thumbnail":["https:\/\/i0.wp.com\/pumagolf.dscgolf.com\/wp-content\/uploads\/2025\/02\/LOW-RES-2000x2000-631092_01.webp?resize=150%2C150&ssl=1",150,150,true],"medium":["https:\/\/i0.wp.com\/pumagolf.dscgolf.com\/wp-content\/uploads\/2025\/02\/LOW-RES-2000x2000-631092_01.webp?fit=300%2C300&ssl=1",300,300,true],"medium_large":["https:\/\/i0.wp.com\/pumagolf.dscgolf.com\/wp-content\/uploads\/2025\/02\/LOW-RES-2000x2000-631092_01.webp?fit=768%2C768&ssl=1",768,768,true],"large":["https:\/\/i0.wp.com\/pumagolf.dscgolf.com\/wp-content\/uploads\/2025\/02\/LOW-RES-2000x2000-631092_01.webp?fit=1024%2C1024&ssl=1",1024,1024,true],"1536x1536":["https:\/\/i0.wp.com\/pumagolf.dscgolf.com\/wp-content\/uploads\/2025\/02\/LOW-RES-2000x2000-631092_01.webp?fit=1536%2C1536&ssl=1",1536,1536,true],"2048x2048":["https:\/\/i0.wp.com\/pumagolf.dscgolf.com\/wp-content\/uploads\/2025\/02\/LOW-RES-2000x2000-631092_01.webp?fit=2000%2C2000&ssl=1",2000,2000,true],"woocommerce_thumbnail":["https:\/\/i0.wp.com\/pumagolf.dscgolf.com\/wp-content\/uploads\/2025\/02\/LOW-RES-2000x2000-631092_01.webp?resize=300%2C300&ssl=1",300,300,true],"woocommerce_single":["https:\/\/i0.wp.com\/pumagolf.dscgolf.com\/wp-content\/uploads\/2025\/02\/LOW-RES-2000x2000-631092_01.webp?fit=600%2C600&ssl=1",600,600,true],"woocommerce_gallery_thumbnail":["https:\/\/i0.wp.com\/pumagolf.dscgolf.com\/wp-content\/uploads\/2025\/02\/LOW-RES-2000x2000-631092_01.webp?resize=100%2C100&ssl=1",100,100,true]},"uagb_author_info":{"display_name":"pumagolfvn","author_link":"https:\/\/pumagolf.dscgolf.com\/index.php\/author\/"},"uagb_comment_info":0,"uagb_excerpt":"C\u00e2u tr\u1ea3 l\u1eddi cho \u201cCon mu\u1ed1n trang ph\u1ee5c golf th\u1eadt phong c\u00e1ch!\u201d Bi\u1ebfn m\u1ed7i bu\u1ed5i t\u1eadp luy\u1ec7n th\u00e0nh tr\u1ea3i nghi\u1ec7m th\u00fa v\u1ecb h\u01a1n v\u1edbi chi\u1ebfc \u00e1o polo hi\u1ec7u su\u1ea5t cao n\u00e0y. Thi\u1ebft k\u1ebf th\u1ea5m h\u00fat m\u1ed3 h\u00f4i, co gi\u00e3n 4 chi\u1ec1u v\u00e0 tho\u00e1ng kh\u00ed v\u01b0\u1ee3t tr\u1ed9i gi\u00fap b\u00e9 lu\u00f4n tho\u1ea3i m\u00e1i v\u00e0 t\u1ef1 tin tr\u00ean&hellip;","_links":{"self":[{"href":"https:\/\/pumagolf.dscgolf.com\/index.php\/wp-json\/wp\/v2\/product\/14963","targetHints":{"allow":["GET"]}}],"collection":[{"href":"https:\/\/pumagolf.dscgolf.com\/index.php\/wp-json\/wp\/v2\/product"}],"about":[{"href":"https:\/\/pumagolf.dscgolf.com\/index.php\/wp-json\/wp\/v2\/types\/product"}],"replies":[{"embeddable":true,"href":"https:\/\/pumagolf.dscgolf.com\/index.php\/wp-json\/wp\/v2\/comments?post=14963"}],"version-history":[{"count":5,"href":"https:\/\/pumagolf.dscgolf.com\/index.php\/wp-json\/wp\/v2\/product\/14963\/revisions"}],"predecessor-version":[{"id":14977,"href":"https:\/\/pumagolf.dscgolf.com\/index.php\/wp-json\/wp\/v2\/product\/14963\/revisions\/14977"}],"wp:featuredmedia":[{"embeddable":true,"href":"https:\/\/pumagolf.dscgolf.com\/index.php\/wp-json\/wp\/v2\/media\/14966"}],"wp:attachment":[{"href":"https:\/\/pumagolf.dscgolf.com\/index.php\/wp-json\/wp\/v2\/media?parent=14963"}],"wp:term":[{"taxonomy":"product_brand","embeddable":true,"href":"https:\/\/pumagolf.dscgolf.com\/index.php\/wp-json\/wp\/v2\/product_brand?post=14963"},{"taxonomy":"product_cat","embeddable":true,"href":"https:\/\/pumagolf.dscgolf.com\/index.php\/wp-json\/wp\/v2\/product_cat?post=14963"},{"taxonomy":"product_tag","embeddable":true,"href":"https:\/\/pumagolf.dscgolf.com\/index.php\/wp-json\/wp\/v2\/product_tag?post=14963"}],"curies":[{"name":"wp","href":"https:\/\/api.w.org\/{rel}","templated":true}]}}