{"id":14913,"date":"2025-02-28T04:29:36","date_gmt":"2025-02-28T04:29:36","guid":{"rendered":"https:\/\/pumagolf.dscgolf.com\/?post_type=product&#038;p=14913"},"modified":"2025-02-28T04:54:16","modified_gmt":"2025-02-28T04:54:16","slug":"haute-skirt","status":"publish","type":"product","link":"https:\/\/pumagolf.dscgolf.com\/index.php\/product\/haute-skirt\/","title":{"rendered":"V\u00e1y Golf Puma Haute"},"content":{"rendered":"\t\t<div data-elementor-type=\"wp-post\" data-elementor-id=\"14913\" class=\"elementor elementor-14913\">\n\t\t\t\t\t\t<section class=\"ob-is-breaking-bad elementor-section elementor-top-section elementor-element elementor-element-4d75d0be elementor-section-boxed elementor-section-height-default elementor-section-height-default\" data-id=\"4d75d0be\" data-element_type=\"section\" data-settings=\"{&quot;_ob_bbad_use_it&quot;:&quot;yes&quot;,&quot;_ob_bbad_sssic_use&quot;:&quot;no&quot;,&quot;_ob_glider_is_slider&quot;:&quot;no&quot;}\">\n\t\t\t\t\t\t<div class=\"elementor-container elementor-column-gap-default\">\n\t\t\t\t\t<div class=\"elementor-column elementor-col-100 elementor-top-column elementor-element elementor-element-7222776b\" data-id=\"7222776b\" data-element_type=\"column\" data-settings=\"{&quot;_ob_bbad_is_stalker&quot;:&quot;no&quot;,&quot;_ob_teleporter_use&quot;:false,&quot;_ob_column_hoveranimator&quot;:&quot;no&quot;,&quot;_ob_column_has_pseudo&quot;:&quot;no&quot;}\">\n\t\t\t<div class=\"elementor-widget-wrap elementor-element-populated\">\n\t\t\t\t\t\t<div class=\"elementor-element elementor-element-35133f9 ob-harakiri-inherit ob-has-background-overlay elementor-widget elementor-widget-heading\" data-id=\"35133f9\" data-element_type=\"widget\" data-settings=\"{&quot;_ob_use_harakiri&quot;:&quot;yes&quot;,&quot;_ob_harakiri_writing_mode&quot;:&quot;inherit&quot;,&quot;_ob_harakiri_text_clip&quot;:&quot;none&quot;,&quot;_ob_perspektive_use&quot;:&quot;no&quot;,&quot;_ob_poopart_use&quot;:&quot;yes&quot;,&quot;_ob_shadough_use&quot;:&quot;no&quot;,&quot;_ob_allow_hoveranimator&quot;:&quot;no&quot;,&quot;_ob_widget_stalker_use&quot;:&quot;no&quot;}\" data-widget_type=\"heading.default\">\n\t\t\t\t<div class=\"elementor-widget-container\">\n\t\t\t\t\t<h2 class=\"elementor-heading-title elementor-size-default\">TH\u00d4NG TIN CHI TI\u1ebeT<\/h2>\t\t\t\t<\/div>\n\t\t\t\t<\/div>\n\t\t\t\t<div class=\"elementor-element elementor-element-3ca0c19a ob-harakiri-inherit ob-has-background-overlay elementor-widget elementor-widget-text-editor\" data-id=\"3ca0c19a\" data-element_type=\"widget\" data-settings=\"{&quot;_ob_use_harakiri&quot;:&quot;yes&quot;,&quot;_ob_harakiri_writing_mode&quot;:&quot;inherit&quot;,&quot;_ob_postman_use&quot;:&quot;no&quot;,&quot;_ob_perspektive_use&quot;:&quot;no&quot;,&quot;_ob_poopart_use&quot;:&quot;yes&quot;,&quot;_ob_shadough_use&quot;:&quot;no&quot;,&quot;_ob_allow_hoveranimator&quot;:&quot;no&quot;,&quot;_ob_widget_stalker_use&quot;:&quot;no&quot;}\" data-widget_type=\"text-editor.default\">\n\t\t\t\t<div class=\"elementor-widget-container\">\n\t\t\t\t\t\t\t\t\t<ul>\n<li data-start=\"305\" data-end=\"336\">Ch\u1ea5t li\u1ec7u co gi\u00e3n linh ho\u1ea1t<\/li>\n<li data-start=\"337\" data-end=\"363\">Th\u1ea5m h\u00fat \u1ea9m, nhanh kh\u00f4<\/li>\n<li data-start=\"364\" data-end=\"423\">C\u1ea1p chun co gi\u00e3n to\u00e0n b\u1ed9, t\u1ea1o s\u1ef1 tho\u1ea3i m\u00e1i v\u00e0 linh \u0111\u1ed9ng<\/li>\n<li data-start=\"424\" data-end=\"461\">T\u00fai kh\u00f3a k\u00e9o \u1ea9n ph\u00eda sau b\u00ean ph\u1ea3i<\/li>\n<li data-start=\"462\" data-end=\"507\">Qu\u1ea7n trong li\u1ec1n k\u00e8m t\u00fai b\u00ean h\u00f4ng ti\u1ec7n l\u1ee3i<\/li>\n<li data-start=\"508\" data-end=\"534\">D\u00e1ng l\u01b0ng cao t\u00f4n d\u00e1ng<\/li>\n<li data-start=\"535\" data-end=\"556\">Ch\u1ed1ng n\u1eafng UPF 40<\/li>\n<li data-start=\"557\" data-end=\"594\" data-is-last-node=\"\">86% Polyester t\u00e1i ch\u1ebf, 14% Elastane<\/li>\n<\/ul>\t\t\t\t\t\t\t\t<\/div>\n\t\t\t\t<\/div>\n\t\t\t\t\t<\/div>\n\t\t<\/div>\n\t\t\t\t\t<\/div>\n\t\t<\/section>\n\t\t\t\t<\/div>\n\t\t","protected":false},"excerpt":{"rendered":"<p style=\"font-family: 'FF DIN VN'; font-weight: 500;\">Thanh l\u1ecbch, tinh t\u1ebf v\u00e0 hi\u1ec7n \u0111\u1ea1i. M\u1ed9t chi\u1ebfc ch\u00e2n v\u00e1y golf kh\u00f4ng th\u1ec3 thi\u1ebfu, \u0111\u1ea3m b\u1ea3o s\u1ef1 tho\u1ea3i m\u00e1i v\u00e0 hi\u1ec7u su\u1ea5t m\u00e0 kh\u00f4ng c\u1ea7n \u0111\u00e1nh \u0111\u1ed5i. \u0110\u01b0\u1ee3c l\u00e0m t\u1eeb \u00edt nh\u1ea5t 50% v\u1eadt li\u1ec7u t\u00e1i ch\u1ebf, \u0111\u00e2y l\u00e0 l\u1ef1a ch\u1ecdn th\u1eddi trang b\u1ec1n v\u1eefng h\u01a1n, mang \u0111\u1ebfn s\u1ef1 linh ho\u1ea1t v\u00e0 phong c\u00e1ch t\u1ed1i \u01b0u tr\u00ean s\u00e2n.<\/p>\n","protected":false},"featured_media":14919,"comment_status":"open","ping_status":"closed","template":"","meta":{"_uag_custom_page_level_css":"","site-sidebar-layout":"default","site-content-layout":"plain-container","ast-global-header-display":"","ast-main-header-display":"","ast-hfb-above-header-display":"","ast-hfb-below-header-display":"","ast-hfb-mobile-header-display":"","site-post-title":"","ast-breadcrumbs-content":"","ast-featured-img":"","footer-sml-layout":"","theme-transparent-header-meta":"default","adv-header-id-meta":"","stick-header-meta":"","header-above-stick-meta":"","header-main-stick-meta":"","header-below-stick-meta":""},"product_brand":[],"product_cat":[136,57],"product_tag":[1642,138,108],"class_list":{"0":"post-14913","1":"product","2":"type-product","3":"status-publish","4":"has-post-thumbnail","6":"product_cat-skirt","7":"product_cat-women","8":"product_tag-haute","9":"product_tag-skirt","10":"product_tag-women","11":"pa_color-deep-navy-w-haute-golf-skirt","12":"pa_color-red-fire-w-haute-golf-skirt","13":"pa_color-white-glow-w-haute-golf-skirt","14":"desktop-align-left","15":"tablet-align-left","16":"mobile-align-left","18":"first","19":"instock","20":"shipping-taxable","21":"purchasable","22":"product-type-variable","23":"has-default-attributes"},"uagb_featured_image_src":{"full":["https:\/\/i0.wp.com\/pumagolf.dscgolf.com\/wp-content\/uploads\/2025\/02\/LOW-RES-2000x2000-629365_04.webp?fit=2000%2C2000&ssl=1",2000,2000,false],"thumbnail":["https:\/\/i0.wp.com\/pumagolf.dscgolf.com\/wp-content\/uploads\/2025\/02\/LOW-RES-2000x2000-629365_04.webp?resize=150%2C150&ssl=1",150,150,true],"medium":["https:\/\/i0.wp.com\/pumagolf.dscgolf.com\/wp-content\/uploads\/2025\/02\/LOW-RES-2000x2000-629365_04.webp?fit=300%2C300&ssl=1",300,300,true],"medium_large":["https:\/\/i0.wp.com\/pumagolf.dscgolf.com\/wp-content\/uploads\/2025\/02\/LOW-RES-2000x2000-629365_04.webp?fit=768%2C768&ssl=1",768,768,true],"large":["https:\/\/i0.wp.com\/pumagolf.dscgolf.com\/wp-content\/uploads\/2025\/02\/LOW-RES-2000x2000-629365_04.webp?fit=1024%2C1024&ssl=1",1024,1024,true],"1536x1536":["https:\/\/i0.wp.com\/pumagolf.dscgolf.com\/wp-content\/uploads\/2025\/02\/LOW-RES-2000x2000-629365_04.webp?fit=1536%2C1536&ssl=1",1536,1536,true],"2048x2048":["https:\/\/i0.wp.com\/pumagolf.dscgolf.com\/wp-content\/uploads\/2025\/02\/LOW-RES-2000x2000-629365_04.webp?fit=2000%2C2000&ssl=1",2000,2000,true],"woocommerce_thumbnail":["https:\/\/i0.wp.com\/pumagolf.dscgolf.com\/wp-content\/uploads\/2025\/02\/LOW-RES-2000x2000-629365_04.webp?resize=300%2C300&ssl=1",300,300,true],"woocommerce_single":["https:\/\/i0.wp.com\/pumagolf.dscgolf.com\/wp-content\/uploads\/2025\/02\/LOW-RES-2000x2000-629365_04.webp?fit=600%2C600&ssl=1",600,600,true],"woocommerce_gallery_thumbnail":["https:\/\/i0.wp.com\/pumagolf.dscgolf.com\/wp-content\/uploads\/2025\/02\/LOW-RES-2000x2000-629365_04.webp?resize=100%2C100&ssl=1",100,100,true]},"uagb_author_info":{"display_name":"pumagolfvn","author_link":"https:\/\/pumagolf.dscgolf.com\/index.php\/author\/"},"uagb_comment_info":0,"uagb_excerpt":"Thanh l\u1ecbch, tinh t\u1ebf v\u00e0 hi\u1ec7n \u0111\u1ea1i. M\u1ed9t chi\u1ebfc ch\u00e2n v\u00e1y golf kh\u00f4ng th\u1ec3 thi\u1ebfu, \u0111\u1ea3m b\u1ea3o s\u1ef1 tho\u1ea3i m\u00e1i v\u00e0 hi\u1ec7u su\u1ea5t m\u00e0 kh\u00f4ng c\u1ea7n \u0111\u00e1nh \u0111\u1ed5i. \u0110\u01b0\u1ee3c l\u00e0m t\u1eeb \u00edt nh\u1ea5t 50% v\u1eadt li\u1ec7u t\u00e1i ch\u1ebf, \u0111\u00e2y l\u00e0 l\u1ef1a ch\u1ecdn th\u1eddi trang b\u1ec1n v\u1eefng h\u01a1n, mang \u0111\u1ebfn s\u1ef1 linh ho\u1ea1t v\u00e0 phong c\u00e1ch&hellip;","_links":{"self":[{"href":"https:\/\/pumagolf.dscgolf.com\/index.php\/wp-json\/wp\/v2\/product\/14913","targetHints":{"allow":["GET"]}}],"collection":[{"href":"https:\/\/pumagolf.dscgolf.com\/index.php\/wp-json\/wp\/v2\/product"}],"about":[{"href":"https:\/\/pumagolf.dscgolf.com\/index.php\/wp-json\/wp\/v2\/types\/product"}],"replies":[{"embeddable":true,"href":"https:\/\/pumagolf.dscgolf.com\/index.php\/wp-json\/wp\/v2\/comments?post=14913"}],"version-history":[{"count":4,"href":"https:\/\/pumagolf.dscgolf.com\/index.php\/wp-json\/wp\/v2\/product\/14913\/revisions"}],"predecessor-version":[{"id":14930,"href":"https:\/\/pumagolf.dscgolf.com\/index.php\/wp-json\/wp\/v2\/product\/14913\/revisions\/14930"}],"wp:featuredmedia":[{"embeddable":true,"href":"https:\/\/pumagolf.dscgolf.com\/index.php\/wp-json\/wp\/v2\/media\/14919"}],"wp:attachment":[{"href":"https:\/\/pumagolf.dscgolf.com\/index.php\/wp-json\/wp\/v2\/media?parent=14913"}],"wp:term":[{"taxonomy":"product_brand","embeddable":true,"href":"https:\/\/pumagolf.dscgolf.com\/index.php\/wp-json\/wp\/v2\/product_brand?post=14913"},{"taxonomy":"product_cat","embeddable":true,"href":"https:\/\/pumagolf.dscgolf.com\/index.php\/wp-json\/wp\/v2\/product_cat?post=14913"},{"taxonomy":"product_tag","embeddable":true,"href":"https:\/\/pumagolf.dscgolf.com\/index.php\/wp-json\/wp\/v2\/product_tag?post=14913"}],"curies":[{"name":"wp","href":"https:\/\/api.w.org\/{rel}","templated":true}]}}