{"id":14742,"date":"2025-02-13T07:31:29","date_gmt":"2025-02-13T07:31:29","guid":{"rendered":"https:\/\/pumagolf.dscgolf.com\/?post_type=product&#038;p=14742"},"modified":"2025-02-13T09:08:43","modified_gmt":"2025-02-13T09:08:43","slug":"keys-polo","status":"publish","type":"product","link":"https:\/\/pumagolf.dscgolf.com\/index.php\/product\/keys-polo\/","title":{"rendered":"\u00c1o Polo Golf Keys"},"content":{"rendered":"\t\t<div data-elementor-type=\"wp-post\" data-elementor-id=\"14742\" class=\"elementor elementor-14742\">\n\t\t\t\t\t\t<section class=\"ob-is-breaking-bad elementor-section elementor-top-section elementor-element elementor-element-4d75d0be elementor-section-boxed elementor-section-height-default elementor-section-height-default\" data-id=\"4d75d0be\" data-element_type=\"section\" data-settings=\"{&quot;_ob_bbad_use_it&quot;:&quot;yes&quot;,&quot;_ob_bbad_sssic_use&quot;:&quot;no&quot;,&quot;_ob_glider_is_slider&quot;:&quot;no&quot;}\">\n\t\t\t\t\t\t<div class=\"elementor-container elementor-column-gap-default\">\n\t\t\t\t\t<div class=\"elementor-column elementor-col-100 elementor-top-column elementor-element elementor-element-7222776b\" data-id=\"7222776b\" data-element_type=\"column\" data-settings=\"{&quot;_ob_bbad_is_stalker&quot;:&quot;no&quot;,&quot;_ob_teleporter_use&quot;:false,&quot;_ob_column_hoveranimator&quot;:&quot;no&quot;,&quot;_ob_column_has_pseudo&quot;:&quot;no&quot;}\">\n\t\t\t<div class=\"elementor-widget-wrap elementor-element-populated\">\n\t\t\t\t\t\t<div class=\"elementor-element elementor-element-cd42e45 ob-harakiri-inherit ob-has-background-overlay elementor-widget elementor-widget-heading\" data-id=\"cd42e45\" data-element_type=\"widget\" data-settings=\"{&quot;_ob_use_harakiri&quot;:&quot;yes&quot;,&quot;_ob_harakiri_writing_mode&quot;:&quot;inherit&quot;,&quot;_ob_harakiri_text_clip&quot;:&quot;none&quot;,&quot;_ob_perspektive_use&quot;:&quot;no&quot;,&quot;_ob_poopart_use&quot;:&quot;yes&quot;,&quot;_ob_shadough_use&quot;:&quot;no&quot;,&quot;_ob_allow_hoveranimator&quot;:&quot;no&quot;,&quot;_ob_widget_stalker_use&quot;:&quot;no&quot;}\" data-widget_type=\"heading.default\">\n\t\t\t\t<div class=\"elementor-widget-container\">\n\t\t\t\t\t<h2 class=\"elementor-heading-title elementor-size-default\">TH\u00d4NG TIN CHI TI\u1ebeT<\/h2>\t\t\t\t<\/div>\n\t\t\t\t<\/div>\n\t\t\t\t<div class=\"elementor-element elementor-element-3ca0c19a ob-harakiri-inherit ob-has-background-overlay elementor-widget elementor-widget-text-editor\" data-id=\"3ca0c19a\" data-element_type=\"widget\" data-settings=\"{&quot;_ob_use_harakiri&quot;:&quot;yes&quot;,&quot;_ob_harakiri_writing_mode&quot;:&quot;inherit&quot;,&quot;_ob_postman_use&quot;:&quot;no&quot;,&quot;_ob_perspektive_use&quot;:&quot;no&quot;,&quot;_ob_poopart_use&quot;:&quot;yes&quot;,&quot;_ob_shadough_use&quot;:&quot;no&quot;,&quot;_ob_allow_hoveranimator&quot;:&quot;no&quot;,&quot;_ob_widget_stalker_use&quot;:&quot;no&quot;}\" data-widget_type=\"text-editor.default\">\n\t\t\t\t<div class=\"elementor-widget-container\">\n\t\t\t\t\t\t\t\t\t<ul>\n<li data-start=\"631\" data-end=\"650\"><span data-start=\"633\" data-end=\"648\">C\u1ed5 \u00e1o 3 n\u00fat<\/span><\/li><li data-start=\"651\" data-end=\"683\"><span data-start=\"653\" data-end=\"681\">C\u1ed5 \u00e1o v\u00e0 vi\u1ec1n tay t\u1ef1 may<\/span><\/li><li data-start=\"684\" data-end=\"730\"><span data-start=\"686\" data-end=\"728\">C\u00f4ng ngh\u1ec7 DryCELL gi\u00fap th\u1ea5m h\u00fat m\u1ed3 h\u00f4i<\/span><\/li><li data-start=\"731\" data-end=\"772\"><span data-start=\"733\" data-end=\"770\">Ch\u1ed1ng tia UV, b\u1ea3o v\u1ec7 da d\u01b0\u1edbi n\u1eafng<\/span><\/li><li data-start=\"773\" data-end=\"816\"><span data-start=\"775\" data-end=\"814\">Logo Puma t\u01b0\u01a1ng ph\u1ea3n tr\u00ean ng\u1ef1c tr\u00e1i<\/span><\/li><li data-start=\"817\" data-end=\"837\" data-is-last-node=\"\"><span data-start=\"819\" data-end=\"837\" data-is-last-node=\"\">100% Polyester<\/span><\/li>\n<\/ul>\t\t\t\t\t\t\t\t<\/div>\n\t\t\t\t<\/div>\n\t\t\t\t\t<\/div>\n\t\t<\/div>\n\t\t\t\t\t<\/div>\n\t\t<\/section>\n\t\t\t\t<\/div>\n\t\t","protected":false},"excerpt":{"rendered":"<p style=\"font-family: 'FF DIN VN'; font-weight: 500;\">\u00c1o polo Puma Keys l\u00e0 m\u1ed9t l\u1ef1a ch\u1ecdn phong c\u00e1ch v\u00e0 \u0111\u01b0\u1ee3c nhi\u1ec1u golfer chuy\u00ean nghi\u1ec7p tin d\u00f9ng tr\u00ean tour, bao g\u1ed3m Rickie Fowler. \u0110\u01b0\u1ee3c l\u00e0m t\u1eeb 100% polyester, \u00e1o polo Keys mang \u0111\u1ebfn kh\u1ea3 n\u0103ng th\u00f4ng tho\u00e1ng t\u1ed1i \u0111a v\u00e0 s\u1ef1 tho\u1ea3i m\u00e1i trong nh\u1eefng ng\u00e0y n\u1eafng n\u00f3ng. C\u00f4ng ngh\u1ec7 DryCELL gi\u00fap th\u1ea5m h\u00fat m\u1ed3 h\u00f4i hi\u1ec7u qu\u1ea3, gi\u1eef cho b\u1ea1n lu\u00f4n kh\u00f4 tho\u00e1ng v\u00e0 th\u01a1m m\u00e1t su\u1ed1t c\u1ea3 ng\u00e0y.<\/p>\n","protected":false},"featured_media":14754,"comment_status":"open","ping_status":"closed","template":"","meta":{"_uag_custom_page_level_css":"","site-sidebar-layout":"default","site-content-layout":"plain-container","ast-global-header-display":"","ast-main-header-display":"","ast-hfb-above-header-display":"","ast-hfb-below-header-display":"","ast-hfb-mobile-header-display":"","site-post-title":"","ast-breadcrumbs-content":"","ast-featured-img":"","footer-sml-layout":"","theme-transparent-header-meta":"default","adv-header-id-meta":"","stick-header-meta":"","header-above-stick-meta":"","header-main-stick-meta":"","header-below-stick-meta":""},"product_brand":[],"product_cat":[49,70],"product_tag":[1615,65],"class_list":{"0":"post-14742","1":"product","2":"type-product","3":"status-publish","4":"has-post-thumbnail","6":"product_cat-men","7":"product_cat-polo","8":"product_tag-keys","9":"product_tag-polo","10":"pa_color-puma-black-white-glow-keys-polo","11":"pa_color-white-glow-deep-navy-keys-polo","12":"desktop-align-left","13":"tablet-align-left","14":"mobile-align-left","16":"first","17":"instock","18":"shipping-taxable","19":"purchasable","20":"product-type-variable","21":"has-default-attributes"},"uagb_featured_image_src":{"full":["https:\/\/i0.wp.com\/pumagolf.dscgolf.com\/wp-content\/uploads\/2025\/02\/Thiet-ke-chua-co-ten-20.png?fit=1215%2C1215&ssl=1",1215,1215,false],"thumbnail":["https:\/\/i0.wp.com\/pumagolf.dscgolf.com\/wp-content\/uploads\/2025\/02\/Thiet-ke-chua-co-ten-20.png?resize=150%2C150&ssl=1",150,150,true],"medium":["https:\/\/i0.wp.com\/pumagolf.dscgolf.com\/wp-content\/uploads\/2025\/02\/Thiet-ke-chua-co-ten-20.png?fit=300%2C300&ssl=1",300,300,true],"medium_large":["https:\/\/i0.wp.com\/pumagolf.dscgolf.com\/wp-content\/uploads\/2025\/02\/Thiet-ke-chua-co-ten-20.png?fit=768%2C768&ssl=1",768,768,true],"large":["https:\/\/i0.wp.com\/pumagolf.dscgolf.com\/wp-content\/uploads\/2025\/02\/Thiet-ke-chua-co-ten-20.png?fit=1024%2C1024&ssl=1",1024,1024,true],"1536x1536":["https:\/\/i0.wp.com\/pumagolf.dscgolf.com\/wp-content\/uploads\/2025\/02\/Thiet-ke-chua-co-ten-20.png?fit=1215%2C1215&ssl=1",1215,1215,true],"2048x2048":["https:\/\/i0.wp.com\/pumagolf.dscgolf.com\/wp-content\/uploads\/2025\/02\/Thiet-ke-chua-co-ten-20.png?fit=1215%2C1215&ssl=1",1215,1215,true],"woocommerce_thumbnail":["https:\/\/i0.wp.com\/pumagolf.dscgolf.com\/wp-content\/uploads\/2025\/02\/Thiet-ke-chua-co-ten-20.png?resize=300%2C300&ssl=1",300,300,true],"woocommerce_single":["https:\/\/i0.wp.com\/pumagolf.dscgolf.com\/wp-content\/uploads\/2025\/02\/Thiet-ke-chua-co-ten-20.png?fit=600%2C600&ssl=1",600,600,true],"woocommerce_gallery_thumbnail":["https:\/\/i0.wp.com\/pumagolf.dscgolf.com\/wp-content\/uploads\/2025\/02\/Thiet-ke-chua-co-ten-20.png?resize=100%2C100&ssl=1",100,100,true]},"uagb_author_info":{"display_name":"pumagolfvn","author_link":"https:\/\/pumagolf.dscgolf.com\/index.php\/author\/"},"uagb_comment_info":0,"uagb_excerpt":"\u00c1o polo Puma Keys l\u00e0 m\u1ed9t l\u1ef1a ch\u1ecdn phong c\u00e1ch v\u00e0 \u0111\u01b0\u1ee3c nhi\u1ec1u golfer chuy\u00ean nghi\u1ec7p tin d\u00f9ng tr\u00ean tour, bao g\u1ed3m Rickie Fowler. \u0110\u01b0\u1ee3c l\u00e0m t\u1eeb 100% polyester, \u00e1o polo Keys mang \u0111\u1ebfn kh\u1ea3 n\u0103ng th\u00f4ng tho\u00e1ng t\u1ed1i \u0111a v\u00e0 s\u1ef1 tho\u1ea3i m\u00e1i trong nh\u1eefng ng\u00e0y n\u1eafng n\u00f3ng. C\u00f4ng ngh\u1ec7 DryCELL gi\u00fap th\u1ea5m h\u00fat&hellip;","_links":{"self":[{"href":"https:\/\/pumagolf.dscgolf.com\/index.php\/wp-json\/wp\/v2\/product\/14742","targetHints":{"allow":["GET"]}}],"collection":[{"href":"https:\/\/pumagolf.dscgolf.com\/index.php\/wp-json\/wp\/v2\/product"}],"about":[{"href":"https:\/\/pumagolf.dscgolf.com\/index.php\/wp-json\/wp\/v2\/types\/product"}],"replies":[{"embeddable":true,"href":"https:\/\/pumagolf.dscgolf.com\/index.php\/wp-json\/wp\/v2\/comments?post=14742"}],"version-history":[{"count":4,"href":"https:\/\/pumagolf.dscgolf.com\/index.php\/wp-json\/wp\/v2\/product\/14742\/revisions"}],"predecessor-version":[{"id":14761,"href":"https:\/\/pumagolf.dscgolf.com\/index.php\/wp-json\/wp\/v2\/product\/14742\/revisions\/14761"}],"wp:featuredmedia":[{"embeddable":true,"href":"https:\/\/pumagolf.dscgolf.com\/index.php\/wp-json\/wp\/v2\/media\/14754"}],"wp:attachment":[{"href":"https:\/\/pumagolf.dscgolf.com\/index.php\/wp-json\/wp\/v2\/media?parent=14742"}],"wp:term":[{"taxonomy":"product_brand","embeddable":true,"href":"https:\/\/pumagolf.dscgolf.com\/index.php\/wp-json\/wp\/v2\/product_brand?post=14742"},{"taxonomy":"product_cat","embeddable":true,"href":"https:\/\/pumagolf.dscgolf.com\/index.php\/wp-json\/wp\/v2\/product_cat?post=14742"},{"taxonomy":"product_tag","embeddable":true,"href":"https:\/\/pumagolf.dscgolf.com\/index.php\/wp-json\/wp\/v2\/product_tag?post=14742"}],"curies":[{"name":"wp","href":"https:\/\/api.w.org\/{rel}","templated":true}]}}