{"id":14728,"date":"2025-02-13T06:38:58","date_gmt":"2025-02-13T06:38:58","guid":{"rendered":"https:\/\/pumagolf.dscgolf.com\/?post_type=product&#038;p=14728"},"modified":"2025-02-13T06:49:09","modified_gmt":"2025-02-13T06:49:09","slug":"mattr-morse-w-polo","status":"publish","type":"product","link":"https:\/\/pumagolf.dscgolf.com\/index.php\/product\/mattr-morse-w-polo\/","title":{"rendered":"\u00c1o Polo Golf N\u1eef MATTR Morse"},"content":{"rendered":"\t\t<div data-elementor-type=\"wp-post\" data-elementor-id=\"14728\" class=\"elementor elementor-14728\">\n\t\t\t\t\t\t<section class=\"ob-is-breaking-bad elementor-section elementor-top-section elementor-element elementor-element-4d75d0be elementor-section-boxed elementor-section-height-default elementor-section-height-default\" data-id=\"4d75d0be\" data-element_type=\"section\" data-settings=\"{&quot;_ob_bbad_use_it&quot;:&quot;yes&quot;,&quot;_ob_bbad_sssic_use&quot;:&quot;no&quot;,&quot;_ob_glider_is_slider&quot;:&quot;no&quot;}\">\n\t\t\t\t\t\t<div class=\"elementor-container elementor-column-gap-default\">\n\t\t\t\t\t<div class=\"elementor-column elementor-col-100 elementor-top-column elementor-element elementor-element-7222776b\" data-id=\"7222776b\" data-element_type=\"column\" data-settings=\"{&quot;_ob_bbad_is_stalker&quot;:&quot;no&quot;,&quot;_ob_teleporter_use&quot;:false,&quot;_ob_column_hoveranimator&quot;:&quot;no&quot;,&quot;_ob_column_has_pseudo&quot;:&quot;no&quot;}\">\n\t\t\t<div class=\"elementor-widget-wrap elementor-element-populated\">\n\t\t\t\t\t\t<div class=\"elementor-element elementor-element-134c3af ob-harakiri-inherit ob-has-background-overlay elementor-widget elementor-widget-heading\" data-id=\"134c3af\" data-element_type=\"widget\" data-settings=\"{&quot;_ob_use_harakiri&quot;:&quot;yes&quot;,&quot;_ob_harakiri_writing_mode&quot;:&quot;inherit&quot;,&quot;_ob_harakiri_text_clip&quot;:&quot;none&quot;,&quot;_ob_perspektive_use&quot;:&quot;no&quot;,&quot;_ob_poopart_use&quot;:&quot;yes&quot;,&quot;_ob_shadough_use&quot;:&quot;no&quot;,&quot;_ob_allow_hoveranimator&quot;:&quot;no&quot;,&quot;_ob_widget_stalker_use&quot;:&quot;no&quot;}\" data-widget_type=\"heading.default\">\n\t\t\t\t<div class=\"elementor-widget-container\">\n\t\t\t\t\t<h4 class=\"elementor-heading-title elementor-size-default\">\u0110\u01b0\u1ee3c ch\u1ebf t\u1ea1o t\u1eeb \u00edt nh\u1ea5t 90% nguy\u00ean li\u1ec7u t\u00e1i ch\u1ebf.<\/h4>\t\t\t\t<\/div>\n\t\t\t\t<\/div>\n\t\t\t\t<div class=\"elementor-element elementor-element-9b29013 ob-harakiri-inherit ob-has-background-overlay elementor-widget elementor-widget-heading\" data-id=\"9b29013\" data-element_type=\"widget\" data-settings=\"{&quot;_ob_use_harakiri&quot;:&quot;yes&quot;,&quot;_ob_harakiri_writing_mode&quot;:&quot;inherit&quot;,&quot;_ob_harakiri_text_clip&quot;:&quot;none&quot;,&quot;_ob_perspektive_use&quot;:&quot;no&quot;,&quot;_ob_poopart_use&quot;:&quot;yes&quot;,&quot;_ob_shadough_use&quot;:&quot;no&quot;,&quot;_ob_allow_hoveranimator&quot;:&quot;no&quot;,&quot;_ob_widget_stalker_use&quot;:&quot;no&quot;}\" data-widget_type=\"heading.default\">\n\t\t\t\t<div class=\"elementor-widget-container\">\n\t\t\t\t\t<h2 class=\"elementor-heading-title elementor-size-default\">TH\u00d4NG TIN CHI TI\u1ebeT<\/h2>\t\t\t\t<\/div>\n\t\t\t\t<\/div>\n\t\t\t\t<div class=\"elementor-element elementor-element-3ca0c19a ob-harakiri-inherit ob-has-background-overlay elementor-widget elementor-widget-text-editor\" data-id=\"3ca0c19a\" data-element_type=\"widget\" data-settings=\"{&quot;_ob_use_harakiri&quot;:&quot;yes&quot;,&quot;_ob_harakiri_writing_mode&quot;:&quot;inherit&quot;,&quot;_ob_postman_use&quot;:&quot;no&quot;,&quot;_ob_perspektive_use&quot;:&quot;no&quot;,&quot;_ob_poopart_use&quot;:&quot;yes&quot;,&quot;_ob_shadough_use&quot;:&quot;no&quot;,&quot;_ob_allow_hoveranimator&quot;:&quot;no&quot;,&quot;_ob_widget_stalker_use&quot;:&quot;no&quot;}\" data-widget_type=\"text-editor.default\">\n\t\t\t\t<div class=\"elementor-widget-container\">\n\t\t\t\t\t\t\t\t\t<ul><li data-start=\"310\" data-end=\"328\"><span data-start=\"312\" data-end=\"326\">Tho\u00e1ng kh\u00ed<\/span><\/li><li data-start=\"329\" data-end=\"352\"><span data-start=\"331\" data-end=\"350\">Th\u1ea5m h\u00fat m\u1ed3 h\u00f4i<\/span><\/li><li data-start=\"353\" data-end=\"370\"><span data-start=\"355\" data-end=\"368\">Kh\u00f4 nhanh<\/span><\/li><li data-start=\"371\" data-end=\"396\"><span data-start=\"373\" data-end=\"394\">Ch\u1ed1ng n\u1eafng UPF 40<\/span><\/li><li data-start=\"397\" data-end=\"439\" data-is-last-node=\"\"><span data-start=\"399\" data-end=\"437\">92% Polyester t\u00e1i ch\u1ebf, 8% Elastane<\/span><\/li><\/ul>\t\t\t\t\t\t\t\t<\/div>\n\t\t\t\t<\/div>\n\t\t\t\t\t<\/div>\n\t\t<\/div>\n\t\t\t\t\t<\/div>\n\t\t<\/section>\n\t\t\t\t<\/div>\n\t\t","protected":false},"excerpt":{"rendered":"<p style=\"font-family: 'FF DIN VN'; font-weight: 500;\">M\u1eb7c \u0111\u1eb9p \u0111\u1ec3 th\u00e0nh c\u00f4ng, ch\u01a1i golf v\u1edbi s\u1ef1 t\u1ef1 tin. N\u00e2ng t\u1ea7m tr\u1eadn \u0111\u1ea5u c\u1ee7a b\u1ea1n v\u1edbi thi\u1ebft k\u1ebf sang tr\u1ecdng, t\u1ed1i \u01b0u cho hi\u1ec7u su\u1ea5t. Ch\u1ea5t li\u1ec7u <strong data-start=\"131\" data-end=\"140\">MATTR<\/strong> gi\u00fap th\u1ea5m h\u00fat m\u1ed3 h\u00f4i, kh\u00f4 nhanh v\u00e0 co gi\u00e3n theo m\u1ecdi h\u01b0\u1edbng, mang l\u1ea1i s\u1ef1 tho\u1ea3i m\u00e1i to\u00e0n di\u1ec7n. M\u1ed9t chi\u1ebfc polo c\u00f3 \u00fd ngh\u0129a \u2013 \u0111\u01b0\u1ee3c l\u00e0m t\u1eeb <strong data-start=\"273\" data-end=\"305\">\u00edt nh\u1ea5t 90% v\u1eadt li\u1ec7u t\u00e1i ch\u1ebf<\/strong>.<\/p>\n","protected":false},"featured_media":14734,"comment_status":"open","ping_status":"closed","template":"","meta":{"_uag_custom_page_level_css":"","site-sidebar-layout":"default","site-content-layout":"plain-container","ast-global-header-display":"","ast-main-header-display":"","ast-hfb-above-header-display":"","ast-hfb-below-header-display":"","ast-hfb-mobile-header-display":"","site-post-title":"","ast-breadcrumbs-content":"","ast-featured-img":"","footer-sml-layout":"","theme-transparent-header-meta":"default","adv-header-id-meta":"","stick-header-meta":"","header-above-stick-meta":"","header-main-stick-meta":"","header-below-stick-meta":""},"product_brand":[],"product_cat":[64,70,57],"product_tag":[66,1612,65,108],"class_list":{"0":"post-14728","1":"product","2":"type-product","3":"status-publish","4":"has-post-thumbnail","6":"product_cat-mattr","7":"product_cat-polo","8":"product_cat-women","9":"product_tag-mattr","10":"product_tag-morse","11":"product_tag-polo","12":"product_tag-women","13":"pa_color-safe-lake-blue-horizon-mattr-morse-w-polo","14":"pa_color-team-light-blue-deep-navy-mattr-morse-w-polo","15":"desktop-align-left","16":"tablet-align-left","17":"mobile-align-left","19":"first","20":"instock","21":"shipping-taxable","22":"purchasable","23":"product-type-variable","24":"has-default-attributes"},"uagb_featured_image_src":{"full":["https:\/\/i0.wp.com\/pumagolf.dscgolf.com\/wp-content\/uploads\/2025\/02\/LOW-RES-2000x2000-629357_03.webp?fit=2000%2C2000&ssl=1",2000,2000,false],"thumbnail":["https:\/\/i0.wp.com\/pumagolf.dscgolf.com\/wp-content\/uploads\/2025\/02\/LOW-RES-2000x2000-629357_03.webp?resize=150%2C150&ssl=1",150,150,true],"medium":["https:\/\/i0.wp.com\/pumagolf.dscgolf.com\/wp-content\/uploads\/2025\/02\/LOW-RES-2000x2000-629357_03.webp?fit=300%2C300&ssl=1",300,300,true],"medium_large":["https:\/\/i0.wp.com\/pumagolf.dscgolf.com\/wp-content\/uploads\/2025\/02\/LOW-RES-2000x2000-629357_03.webp?fit=768%2C768&ssl=1",768,768,true],"large":["https:\/\/i0.wp.com\/pumagolf.dscgolf.com\/wp-content\/uploads\/2025\/02\/LOW-RES-2000x2000-629357_03.webp?fit=1024%2C1024&ssl=1",1024,1024,true],"1536x1536":["https:\/\/i0.wp.com\/pumagolf.dscgolf.com\/wp-content\/uploads\/2025\/02\/LOW-RES-2000x2000-629357_03.webp?fit=1536%2C1536&ssl=1",1536,1536,true],"2048x2048":["https:\/\/i0.wp.com\/pumagolf.dscgolf.com\/wp-content\/uploads\/2025\/02\/LOW-RES-2000x2000-629357_03.webp?fit=2000%2C2000&ssl=1",2000,2000,true],"woocommerce_thumbnail":["https:\/\/i0.wp.com\/pumagolf.dscgolf.com\/wp-content\/uploads\/2025\/02\/LOW-RES-2000x2000-629357_03.webp?resize=300%2C300&ssl=1",300,300,true],"woocommerce_single":["https:\/\/i0.wp.com\/pumagolf.dscgolf.com\/wp-content\/uploads\/2025\/02\/LOW-RES-2000x2000-629357_03.webp?fit=600%2C600&ssl=1",600,600,true],"woocommerce_gallery_thumbnail":["https:\/\/i0.wp.com\/pumagolf.dscgolf.com\/wp-content\/uploads\/2025\/02\/LOW-RES-2000x2000-629357_03.webp?resize=100%2C100&ssl=1",100,100,true]},"uagb_author_info":{"display_name":"pumagolfvn","author_link":"https:\/\/pumagolf.dscgolf.com\/index.php\/author\/"},"uagb_comment_info":0,"uagb_excerpt":"M\u1eb7c \u0111\u1eb9p \u0111\u1ec3 th\u00e0nh c\u00f4ng, ch\u01a1i golf v\u1edbi s\u1ef1 t\u1ef1 tin. N\u00e2ng t\u1ea7m tr\u1eadn \u0111\u1ea5u c\u1ee7a b\u1ea1n v\u1edbi thi\u1ebft k\u1ebf sang tr\u1ecdng, t\u1ed1i \u01b0u cho hi\u1ec7u su\u1ea5t. Ch\u1ea5t li\u1ec7u MATTR gi\u00fap th\u1ea5m h\u00fat m\u1ed3 h\u00f4i, kh\u00f4 nhanh v\u00e0 co gi\u00e3n theo m\u1ecdi h\u01b0\u1edbng, mang l\u1ea1i s\u1ef1 tho\u1ea3i m\u00e1i to\u00e0n di\u1ec7n. M\u1ed9t chi\u1ebfc polo c\u00f3 \u00fd&hellip;","_links":{"self":[{"href":"https:\/\/pumagolf.dscgolf.com\/index.php\/wp-json\/wp\/v2\/product\/14728","targetHints":{"allow":["GET"]}}],"collection":[{"href":"https:\/\/pumagolf.dscgolf.com\/index.php\/wp-json\/wp\/v2\/product"}],"about":[{"href":"https:\/\/pumagolf.dscgolf.com\/index.php\/wp-json\/wp\/v2\/types\/product"}],"replies":[{"embeddable":true,"href":"https:\/\/pumagolf.dscgolf.com\/index.php\/wp-json\/wp\/v2\/comments?post=14728"}],"version-history":[{"count":5,"href":"https:\/\/pumagolf.dscgolf.com\/index.php\/wp-json\/wp\/v2\/product\/14728\/revisions"}],"predecessor-version":[{"id":14741,"href":"https:\/\/pumagolf.dscgolf.com\/index.php\/wp-json\/wp\/v2\/product\/14728\/revisions\/14741"}],"wp:featuredmedia":[{"embeddable":true,"href":"https:\/\/pumagolf.dscgolf.com\/index.php\/wp-json\/wp\/v2\/media\/14734"}],"wp:attachment":[{"href":"https:\/\/pumagolf.dscgolf.com\/index.php\/wp-json\/wp\/v2\/media?parent=14728"}],"wp:term":[{"taxonomy":"product_brand","embeddable":true,"href":"https:\/\/pumagolf.dscgolf.com\/index.php\/wp-json\/wp\/v2\/product_brand?post=14728"},{"taxonomy":"product_cat","embeddable":true,"href":"https:\/\/pumagolf.dscgolf.com\/index.php\/wp-json\/wp\/v2\/product_cat?post=14728"},{"taxonomy":"product_tag","embeddable":true,"href":"https:\/\/pumagolf.dscgolf.com\/index.php\/wp-json\/wp\/v2\/product_tag?post=14728"}],"curies":[{"name":"wp","href":"https:\/\/api.w.org\/{rel}","templated":true}]}}