{"id":14591,"date":"2025-02-07T08:18:09","date_gmt":"2025-02-07T08:18:09","guid":{"rendered":"https:\/\/pumagolf.dscgolf.com\/?post_type=product&#038;p=14591"},"modified":"2025-04-14T03:35:56","modified_gmt":"2025-04-14T03:35:56","slug":"pure-20-lc-polo","status":"publish","type":"product","link":"https:\/\/pumagolf.dscgolf.com\/index.php\/product\/pure-20-lc-polo\/","title":{"rendered":"\u00c1o Polo Golf Pure 2.0 LC"},"content":{"rendered":"\t\t<div data-elementor-type=\"wp-post\" data-elementor-id=\"14591\" class=\"elementor elementor-14591\">\n\t\t\t\t\t\t<section class=\"ob-is-breaking-bad elementor-section elementor-top-section elementor-element elementor-element-4d75d0be elementor-section-boxed elementor-section-height-default elementor-section-height-default\" data-id=\"4d75d0be\" data-element_type=\"section\" data-settings=\"{&quot;_ob_bbad_use_it&quot;:&quot;yes&quot;,&quot;_ob_bbad_sssic_use&quot;:&quot;no&quot;,&quot;_ob_glider_is_slider&quot;:&quot;no&quot;}\">\n\t\t\t\t\t\t<div class=\"elementor-container elementor-column-gap-default\">\n\t\t\t\t\t<div class=\"elementor-column elementor-col-100 elementor-top-column elementor-element elementor-element-7222776b\" data-id=\"7222776b\" data-element_type=\"column\" data-settings=\"{&quot;_ob_bbad_is_stalker&quot;:&quot;no&quot;,&quot;_ob_teleporter_use&quot;:false,&quot;_ob_column_hoveranimator&quot;:&quot;no&quot;,&quot;_ob_column_has_pseudo&quot;:&quot;no&quot;}\">\n\t\t\t<div class=\"elementor-widget-wrap elementor-element-populated\">\n\t\t\t\t\t\t<div class=\"elementor-element elementor-element-cd42e45 ob-harakiri-inherit ob-has-background-overlay elementor-widget elementor-widget-heading\" data-id=\"cd42e45\" data-element_type=\"widget\" data-settings=\"{&quot;_ob_use_harakiri&quot;:&quot;yes&quot;,&quot;_ob_harakiri_writing_mode&quot;:&quot;inherit&quot;,&quot;_ob_harakiri_text_clip&quot;:&quot;none&quot;,&quot;_ob_perspektive_use&quot;:&quot;no&quot;,&quot;_ob_poopart_use&quot;:&quot;yes&quot;,&quot;_ob_shadough_use&quot;:&quot;no&quot;,&quot;_ob_allow_hoveranimator&quot;:&quot;no&quot;,&quot;_ob_widget_stalker_use&quot;:&quot;no&quot;}\" data-widget_type=\"heading.default\">\n\t\t\t\t<div class=\"elementor-widget-container\">\n\t\t\t\t\t<h2 class=\"elementor-heading-title elementor-size-default\">TH\u00d4NG TIN CHI TI\u1ebeT<\/h2>\t\t\t\t<\/div>\n\t\t\t\t<\/div>\n\t\t\t\t<div class=\"elementor-element elementor-element-3ca0c19a ob-harakiri-inherit ob-has-background-overlay elementor-widget elementor-widget-text-editor\" data-id=\"3ca0c19a\" data-element_type=\"widget\" data-settings=\"{&quot;_ob_use_harakiri&quot;:&quot;yes&quot;,&quot;_ob_harakiri_writing_mode&quot;:&quot;inherit&quot;,&quot;_ob_postman_use&quot;:&quot;no&quot;,&quot;_ob_perspektive_use&quot;:&quot;no&quot;,&quot;_ob_poopart_use&quot;:&quot;yes&quot;,&quot;_ob_shadough_use&quot;:&quot;no&quot;,&quot;_ob_allow_hoveranimator&quot;:&quot;no&quot;,&quot;_ob_widget_stalker_use&quot;:&quot;no&quot;}\" data-widget_type=\"text-editor.default\">\n\t\t\t\t<div class=\"elementor-widget-container\">\n\t\t\t\t\t\t\t\t\t<ul>\n<li><li>Mi\u1ebfng d\u1ef1ng c\u1ed5 \u00e1o th\u00eau li\u1ec1n<\/li><li>Ch\u1ea5t li\u1ec7u tho\u00e1ng kh\u00ed &amp; nhanh kh\u00f4<\/li><li>Th\u1ea5m h\u00fat m\u1ed3 h\u00f4i<\/li><li>Co gi\u00e3n 4 chi\u1ec1u<\/li><li>Ch\u1ec9 s\u1ed1 ch\u1ed1ng n\u1eafng UPF 40<\/li><li>100% Polyester t\u00e1i ch\u1ebf<\/li><\/li>\n<\/ul>\t\t\t\t\t\t\t\t<\/div>\n\t\t\t\t<\/div>\n\t\t\t\t\t<\/div>\n\t\t<\/div>\n\t\t\t\t\t<\/div>\n\t\t<\/section>\n\t\t\t\t<\/div>\n\t\t","protected":false},"excerpt":{"rendered":"<p style=\"font-family: 'FF DIN VN'; font-weight: 500;\">B\u01b0\u1edbc v\u00e0o tr\u1eadn \u0111\u1ea5u t\u1ed1t nh\u1ea5t c\u1ee7a b\u1ea1n v\u1edbi nh\u1eefng chi ti\u1ebft hi\u1ec7u su\u1ea5t n\u00e2ng cao m\u00e0 b\u1ea1n c\u00f3 th\u1ec3 c\u1ea3m nh\u1eadn \u0111\u01b0\u1ee3c. Gi\u1eef m\u00e1t m\u1ebb d\u01b0\u1edbi \u00e1p l\u1ef1c v\u1edbi ch\u1ea5t li\u1ec7u th\u1ea5m h\u00fat m\u1ed3 h\u00f4i, nhanh kh\u00f4, v\u00e0 t\u1eadn h\u01b0\u1edfng kh\u1ea3 n\u0103ng di chuy\u1ec3n to\u00e0n di\u1ec7n v\u1edbi v\u1ea3i co gi\u00e3n 4 chi\u1ec1u. T\u1ed1t h\u01a1n cho hi\u1ec7u su\u1ea5t c\u1ee7a b\u1ea1n v\u00e0 m\u00f4i tr\u01b0\u1eddng v\u1edbi ch\u1ea5t li\u1ec7u t\u00e1i ch\u1ebf 100% (tr\u1eeb c\u00e1c ph\u1ee5 ki\u1ec7n v\u00e0 trang tr\u00ed).<\/p>\n","protected":false},"featured_media":14594,"comment_status":"open","ping_status":"closed","template":"","meta":{"_uag_custom_page_level_css":"","site-sidebar-layout":"default","site-content-layout":"plain-container","ast-global-header-display":"","ast-main-header-display":"","ast-hfb-above-header-display":"","ast-hfb-below-header-display":"","ast-hfb-mobile-header-display":"","site-post-title":"","ast-breadcrumbs-content":"","ast-featured-img":"","footer-sml-layout":"","theme-transparent-header-meta":"default","adv-header-id-meta":"","stick-header-meta":"","header-above-stick-meta":"","header-main-stick-meta":"","header-below-stick-meta":""},"product_brand":[],"product_cat":[49,70],"product_tag":[1595,65,1366],"class_list":{"0":"post-14591","1":"product","2":"type-product","3":"status-publish","4":"has-post-thumbnail","6":"product_cat-men","7":"product_cat-polo","8":"product_tag-2-0","9":"product_tag-polo","10":"product_tag-pure","11":"pa_color-aquatic-pure-2-0-polo-lc","12":"pa_color-puma-black-pure-2-0-polo-lc","13":"pa_color-pure-2-0-polo-lc-deep-navy","14":"pa_color-white-glow-pure-2-0-polo-lc","15":"desktop-align-left","16":"tablet-align-left","17":"mobile-align-left","19":"first","20":"instock","21":"shipping-taxable","22":"purchasable","23":"product-type-variable","24":"has-default-attributes"},"uagb_featured_image_src":{"full":["https:\/\/i0.wp.com\/pumagolf.dscgolf.com\/wp-content\/uploads\/2025\/02\/LOW-RES-2000x2000-629949_01.webp?fit=2000%2C2000&ssl=1",2000,2000,false],"thumbnail":["https:\/\/i0.wp.com\/pumagolf.dscgolf.com\/wp-content\/uploads\/2025\/02\/LOW-RES-2000x2000-629949_01.webp?resize=150%2C150&ssl=1",150,150,true],"medium":["https:\/\/i0.wp.com\/pumagolf.dscgolf.com\/wp-content\/uploads\/2025\/02\/LOW-RES-2000x2000-629949_01.webp?fit=300%2C300&ssl=1",300,300,true],"medium_large":["https:\/\/i0.wp.com\/pumagolf.dscgolf.com\/wp-content\/uploads\/2025\/02\/LOW-RES-2000x2000-629949_01.webp?fit=768%2C768&ssl=1",768,768,true],"large":["https:\/\/i0.wp.com\/pumagolf.dscgolf.com\/wp-content\/uploads\/2025\/02\/LOW-RES-2000x2000-629949_01.webp?fit=1024%2C1024&ssl=1",1024,1024,true],"1536x1536":["https:\/\/i0.wp.com\/pumagolf.dscgolf.com\/wp-content\/uploads\/2025\/02\/LOW-RES-2000x2000-629949_01.webp?fit=1536%2C1536&ssl=1",1536,1536,true],"2048x2048":["https:\/\/i0.wp.com\/pumagolf.dscgolf.com\/wp-content\/uploads\/2025\/02\/LOW-RES-2000x2000-629949_01.webp?fit=2000%2C2000&ssl=1",2000,2000,true],"woocommerce_thumbnail":["https:\/\/i0.wp.com\/pumagolf.dscgolf.com\/wp-content\/uploads\/2025\/02\/LOW-RES-2000x2000-629949_01.webp?resize=300%2C300&ssl=1",300,300,true],"woocommerce_single":["https:\/\/i0.wp.com\/pumagolf.dscgolf.com\/wp-content\/uploads\/2025\/02\/LOW-RES-2000x2000-629949_01.webp?fit=600%2C600&ssl=1",600,600,true],"woocommerce_gallery_thumbnail":["https:\/\/i0.wp.com\/pumagolf.dscgolf.com\/wp-content\/uploads\/2025\/02\/LOW-RES-2000x2000-629949_01.webp?resize=100%2C100&ssl=1",100,100,true]},"uagb_author_info":{"display_name":"pumagolfvn","author_link":"https:\/\/pumagolf.dscgolf.com\/index.php\/author\/"},"uagb_comment_info":0,"uagb_excerpt":"B\u01b0\u1edbc v\u00e0o tr\u1eadn \u0111\u1ea5u t\u1ed1t nh\u1ea5t c\u1ee7a b\u1ea1n v\u1edbi nh\u1eefng chi ti\u1ebft hi\u1ec7u su\u1ea5t n\u00e2ng cao m\u00e0 b\u1ea1n c\u00f3 th\u1ec3 c\u1ea3m nh\u1eadn \u0111\u01b0\u1ee3c. Gi\u1eef m\u00e1t m\u1ebb d\u01b0\u1edbi \u00e1p l\u1ef1c v\u1edbi ch\u1ea5t li\u1ec7u th\u1ea5m h\u00fat m\u1ed3 h\u00f4i, nhanh kh\u00f4, v\u00e0 t\u1eadn h\u01b0\u1edfng kh\u1ea3 n\u0103ng di chuy\u1ec3n to\u00e0n di\u1ec7n v\u1edbi v\u1ea3i co gi\u00e3n 4 chi\u1ec1u. T\u1ed1t h\u01a1n&hellip;","_links":{"self":[{"href":"https:\/\/pumagolf.dscgolf.com\/index.php\/wp-json\/wp\/v2\/product\/14591","targetHints":{"allow":["GET"]}}],"collection":[{"href":"https:\/\/pumagolf.dscgolf.com\/index.php\/wp-json\/wp\/v2\/product"}],"about":[{"href":"https:\/\/pumagolf.dscgolf.com\/index.php\/wp-json\/wp\/v2\/types\/product"}],"replies":[{"embeddable":true,"href":"https:\/\/pumagolf.dscgolf.com\/index.php\/wp-json\/wp\/v2\/comments?post=14591"}],"version-history":[{"count":5,"href":"https:\/\/pumagolf.dscgolf.com\/index.php\/wp-json\/wp\/v2\/product\/14591\/revisions"}],"predecessor-version":[{"id":15587,"href":"https:\/\/pumagolf.dscgolf.com\/index.php\/wp-json\/wp\/v2\/product\/14591\/revisions\/15587"}],"wp:featuredmedia":[{"embeddable":true,"href":"https:\/\/pumagolf.dscgolf.com\/index.php\/wp-json\/wp\/v2\/media\/14594"}],"wp:attachment":[{"href":"https:\/\/pumagolf.dscgolf.com\/index.php\/wp-json\/wp\/v2\/media?parent=14591"}],"wp:term":[{"taxonomy":"product_brand","embeddable":true,"href":"https:\/\/pumagolf.dscgolf.com\/index.php\/wp-json\/wp\/v2\/product_brand?post=14591"},{"taxonomy":"product_cat","embeddable":true,"href":"https:\/\/pumagolf.dscgolf.com\/index.php\/wp-json\/wp\/v2\/product_cat?post=14591"},{"taxonomy":"product_tag","embeddable":true,"href":"https:\/\/pumagolf.dscgolf.com\/index.php\/wp-json\/wp\/v2\/product_tag?post=14591"}],"curies":[{"name":"wp","href":"https:\/\/api.w.org\/{rel}","templated":true}]}}