{"id":14496,"date":"2025-02-05T09:10:54","date_gmt":"2025-02-05T09:10:54","guid":{"rendered":"https:\/\/pumagolf.dscgolf.com\/?post_type=product&#038;p=14496"},"modified":"2025-02-06T08:10:07","modified_gmt":"2025-02-06T08:10:07","slug":"cloudspun-bridges-polo-w","status":"publish","type":"product","link":"https:\/\/pumagolf.dscgolf.com\/index.php\/product\/cloudspun-bridges-polo-w\/","title":{"rendered":"\u00c1o Golf Polo N\u1eef Cloudspun Bridges"},"content":{"rendered":"\t\t<div data-elementor-type=\"wp-post\" data-elementor-id=\"14496\" class=\"elementor elementor-14496\">\n\t\t\t\t\t\t<section class=\"ob-is-breaking-bad elementor-section elementor-top-section elementor-element elementor-element-4d75d0be elementor-section-boxed elementor-section-height-default elementor-section-height-default\" data-id=\"4d75d0be\" data-element_type=\"section\" data-settings=\"{&quot;_ob_bbad_use_it&quot;:&quot;yes&quot;,&quot;_ob_bbad_sssic_use&quot;:&quot;no&quot;,&quot;_ob_glider_is_slider&quot;:&quot;no&quot;}\">\n\t\t\t\t\t\t<div class=\"elementor-container elementor-column-gap-default\">\n\t\t\t\t\t<div class=\"elementor-column elementor-col-100 elementor-top-column elementor-element elementor-element-7222776b\" data-id=\"7222776b\" data-element_type=\"column\" data-settings=\"{&quot;_ob_bbad_is_stalker&quot;:&quot;no&quot;,&quot;_ob_teleporter_use&quot;:false,&quot;_ob_column_hoveranimator&quot;:&quot;no&quot;,&quot;_ob_column_has_pseudo&quot;:&quot;no&quot;}\">\n\t\t\t<div class=\"elementor-widget-wrap elementor-element-populated\">\n\t\t\t\t\t\t<div class=\"elementor-element elementor-element-3ca0c19a ob-harakiri-inherit ob-has-background-overlay elementor-widget elementor-widget-text-editor\" data-id=\"3ca0c19a\" data-element_type=\"widget\" data-settings=\"{&quot;_ob_use_harakiri&quot;:&quot;yes&quot;,&quot;_ob_harakiri_writing_mode&quot;:&quot;inherit&quot;,&quot;_ob_postman_use&quot;:&quot;no&quot;,&quot;_ob_perspektive_use&quot;:&quot;no&quot;,&quot;_ob_poopart_use&quot;:&quot;yes&quot;,&quot;_ob_shadough_use&quot;:&quot;no&quot;,&quot;_ob_allow_hoveranimator&quot;:&quot;no&quot;,&quot;_ob_widget_stalker_use&quot;:&quot;no&quot;}\" data-widget_type=\"text-editor.default\">\n\t\t\t\t<div class=\"elementor-widget-container\">\n\t\t\t\t\t\t\t\t\tCh\u1ea5t li\u1ec7u v\u1ea3i CLOUDSPUN c\u1ee7a PUMA mang \u0111\u1ebfn c\u1ea3m gi\u00e1c v\u00f4 c\u00f9ng m\u1ec1m m\u1ea1i v\u1edbi kh\u1ea3 n\u0103ng co gi\u00e3n 4 chi\u1ec1u, h\u00fat \u1ea9m v\u00e0 t\u1ea5t c\u1ea3 nh\u1eefng t\u00ednh n\u0103ng c\u1ea7n \u0111\u1ec3 ch\u01a1i tr\u1ecdn 18 l\u1ed7. Ch\u00fang t\u00f4i h\u1ee9a r\u1eb1ng, n\u00f3 s\u1ebd m\u1eb7c th\u00edch h\u01a1n c\u00e1i m\u00e0 b\u1ea1n c\u00f3.\n\n\n\t\t\t\t\t\t\t\t<\/div>\n\t\t\t\t<\/div>\n\t\t\t\t\t<\/div>\n\t\t<\/div>\n\t\t\t\t\t<\/div>\n\t\t<\/section>\n\t\t\t\t<section class=\"ob-is-breaking-bad elementor-section elementor-top-section elementor-element elementor-element-8308153 elementor-section-full_width elementor-section-height-default elementor-section-height-default\" data-id=\"8308153\" data-element_type=\"section\" data-settings=\"{&quot;_ob_bbad_use_it&quot;:&quot;yes&quot;,&quot;_ob_bbad_sssic_use&quot;:&quot;no&quot;,&quot;_ob_glider_is_slider&quot;:&quot;no&quot;}\">\n\t\t\t\t\t\t<div class=\"elementor-container elementor-column-gap-default\">\n\t\t\t\t\t<div class=\"elementor-column elementor-col-100 elementor-top-column elementor-element elementor-element-18032f8\" data-id=\"18032f8\" data-element_type=\"column\" data-settings=\"{&quot;_ob_bbad_is_stalker&quot;:&quot;no&quot;,&quot;_ob_teleporter_use&quot;:false,&quot;_ob_column_hoveranimator&quot;:&quot;no&quot;,&quot;_ob_column_has_pseudo&quot;:&quot;no&quot;}\">\n\t\t\t<div class=\"elementor-widget-wrap elementor-element-populated\">\n\t\t\t\t\t\t<div class=\"elementor-element elementor-element-7e912dc ob-harakiri-inherit ob-has-background-overlay elementor-widget elementor-widget-heading\" data-id=\"7e912dc\" data-element_type=\"widget\" data-settings=\"{&quot;_ob_use_harakiri&quot;:&quot;yes&quot;,&quot;_ob_harakiri_writing_mode&quot;:&quot;inherit&quot;,&quot;_ob_harakiri_text_clip&quot;:&quot;none&quot;,&quot;_ob_perspektive_use&quot;:&quot;no&quot;,&quot;_ob_poopart_use&quot;:&quot;yes&quot;,&quot;_ob_shadough_use&quot;:&quot;no&quot;,&quot;_ob_allow_hoveranimator&quot;:&quot;no&quot;,&quot;_ob_widget_stalker_use&quot;:&quot;no&quot;}\" data-widget_type=\"heading.default\">\n\t\t\t\t<div class=\"elementor-widget-container\">\n\t\t\t\t\t<h2 class=\"elementor-heading-title elementor-size-default\">TH\u00d4NG TIN CHI TI\u1ebeT<\/h2>\t\t\t\t<\/div>\n\t\t\t\t<\/div>\n\t\t\t\t<div class=\"elementor-element elementor-element-2eca1e9 ob-harakiri-inherit ob-has-background-overlay elementor-widget elementor-widget-text-editor\" data-id=\"2eca1e9\" data-element_type=\"widget\" data-settings=\"{&quot;_ob_use_harakiri&quot;:&quot;yes&quot;,&quot;_ob_harakiri_writing_mode&quot;:&quot;inherit&quot;,&quot;_ob_postman_use&quot;:&quot;no&quot;,&quot;_ob_perspektive_use&quot;:&quot;no&quot;,&quot;_ob_poopart_use&quot;:&quot;yes&quot;,&quot;_ob_shadough_use&quot;:&quot;no&quot;,&quot;_ob_allow_hoveranimator&quot;:&quot;no&quot;,&quot;_ob_widget_stalker_use&quot;:&quot;no&quot;}\" data-widget_type=\"text-editor.default\">\n\t\t\t\t<div class=\"elementor-widget-container\">\n\t\t\t\t\t\t\t\t\t<div class=\"flex max-w-full flex-col flex-grow\"><div class=\"min-h-8 text-message flex w-full flex-col items-end gap-2 whitespace-normal break-words text-start [.text-message+&amp;]:mt-5\" dir=\"auto\" data-message-author-role=\"assistant\" data-message-id=\"ed41ecec-0848-47e6-8cdc-ad5443fad34d\" data-message-model-slug=\"gpt-4o\"><div class=\"flex w-full flex-col gap-1 empty:hidden first:pt-[3px]\"><div class=\"markdown prose w-full break-words dark:prose-invert light\"><ul><li>Logo Puma: G\u1ea5u tr\u00e1i \u00e1o<\/li><li>Th\u1ea5m h\u00fat m\u1ed3 h\u00f4i<\/li><li>Co gi\u00e3n 4 chi\u1ec1u<\/li><li>Ch\u1ea5t li\u1ec7u v\u1ea3i nhanh kh\u00f4<\/li><li>94% Polyester t\u00e1i ch\u1ebf, 6% Elastane<\/li><li>Ch\u1ec9 s\u1ed1 ch\u1ed1ng n\u1eafng UPF 40<\/li><\/ul><\/div><\/div><\/div><\/div><div class=\"mb-2 flex gap-3 empty:hidden -ml-2\"><div class=\"items-center justify-start rounded-xl p-1 flex\"><div class=\"flex items-center\">\u00a0<\/div><\/div><\/div><p>\u00a0<\/p>\t\t\t\t\t\t\t\t<\/div>\n\t\t\t\t<\/div>\n\t\t\t\t\t<\/div>\n\t\t<\/div>\n\t\t\t\t\t<\/div>\n\t\t<\/section>\n\t\t\t\t<\/div>\n\t\t","protected":false},"excerpt":{"rendered":"<p style=\"font-family: 'FF DIN VN'; font-weight: 500;\">Si\u00eau m\u1ec1m m\u1ea1i. Si\u00eau t\u1ef1 tin. S\u1eb5n s\u00e0ng chinh ph\u1ee5c m\u1ecdi th\u1eed th\u00e1ch. \u00c1o polo CLOUDSPUN c\u1ee7a PUMA mang \u0111\u1ebfn cho b\u1ea1n kh\u1ea3 n\u0103ng ch\u1ed1ng n\u1eafng, s\u1ef1 tho\u1ea3i m\u00e1i kh\u00f4ng ng\u1eebng v\u00e0 t\u1ef1 do di chuy\u1ec3n theo m\u1ecdi h\u01b0\u1edbng. \u0110\u01b0\u1ee3c l\u00e0m t\u1eeb \u00edt nh\u1ea5t 90% v\u1eadt li\u1ec7u t\u00e1i ch\u1ebf, v\u00ec phong c\u00e1ch v\u00e0 s\u1ef1 b\u1ec1n v\u1eefng lu\u00f4n song h\u00e0nh c\u00f9ng nhau.<\/p>\n","protected":false},"featured_media":14503,"comment_status":"open","ping_status":"closed","template":"","meta":{"_uag_custom_page_level_css":"","site-sidebar-layout":"default","site-content-layout":"plain-container","ast-global-header-display":"","ast-main-header-display":"","ast-hfb-above-header-display":"","ast-hfb-below-header-display":"","ast-hfb-mobile-header-display":"","site-post-title":"","ast-breadcrumbs-content":"","ast-featured-img":"","footer-sml-layout":"","theme-transparent-header-meta":"default","adv-header-id-meta":"","stick-header-meta":"","header-above-stick-meta":"","header-main-stick-meta":"","header-below-stick-meta":""},"product_brand":[],"product_cat":[80,70,57],"product_tag":[457,81,108],"class_list":{"0":"post-14496","1":"product","2":"type-product","3":"status-publish","4":"has-post-thumbnail","6":"product_cat-cloudspun","7":"product_cat-polo","8":"product_cat-women","9":"product_tag-bridges","10":"product_tag-cloudspun","11":"product_tag-women","12":"pa_color-deep-navy-w-cloudspun-bridges-ss-polo","13":"pa_color-peach-frost-w-cloudspun-bridges-ss-polo","14":"pa_color-red-fire-w-cloudspun-bridges-ss-polo","15":"pa_color-white-glow-w-cloudspun-bridges-ss-polo","16":"desktop-align-left","17":"tablet-align-left","18":"mobile-align-left","20":"first","21":"instock","22":"shipping-taxable","23":"purchasable","24":"product-type-variable","25":"has-default-attributes"},"uagb_featured_image_src":{"full":["https:\/\/i0.wp.com\/pumagolf.dscgolf.com\/wp-content\/uploads\/2025\/02\/LOW-RES-2000x2000-629245_03.webp?fit=2000%2C2000&ssl=1",2000,2000,false],"thumbnail":["https:\/\/i0.wp.com\/pumagolf.dscgolf.com\/wp-content\/uploads\/2025\/02\/LOW-RES-2000x2000-629245_03.webp?resize=150%2C150&ssl=1",150,150,true],"medium":["https:\/\/i0.wp.com\/pumagolf.dscgolf.com\/wp-content\/uploads\/2025\/02\/LOW-RES-2000x2000-629245_03.webp?fit=300%2C300&ssl=1",300,300,true],"medium_large":["https:\/\/i0.wp.com\/pumagolf.dscgolf.com\/wp-content\/uploads\/2025\/02\/LOW-RES-2000x2000-629245_03.webp?fit=768%2C768&ssl=1",768,768,true],"large":["https:\/\/i0.wp.com\/pumagolf.dscgolf.com\/wp-content\/uploads\/2025\/02\/LOW-RES-2000x2000-629245_03.webp?fit=1024%2C1024&ssl=1",1024,1024,true],"1536x1536":["https:\/\/i0.wp.com\/pumagolf.dscgolf.com\/wp-content\/uploads\/2025\/02\/LOW-RES-2000x2000-629245_03.webp?fit=1536%2C1536&ssl=1",1536,1536,true],"2048x2048":["https:\/\/i0.wp.com\/pumagolf.dscgolf.com\/wp-content\/uploads\/2025\/02\/LOW-RES-2000x2000-629245_03.webp?fit=2000%2C2000&ssl=1",2000,2000,true],"woocommerce_thumbnail":["https:\/\/i0.wp.com\/pumagolf.dscgolf.com\/wp-content\/uploads\/2025\/02\/LOW-RES-2000x2000-629245_03.webp?resize=300%2C300&ssl=1",300,300,true],"woocommerce_single":["https:\/\/i0.wp.com\/pumagolf.dscgolf.com\/wp-content\/uploads\/2025\/02\/LOW-RES-2000x2000-629245_03.webp?fit=600%2C600&ssl=1",600,600,true],"woocommerce_gallery_thumbnail":["https:\/\/i0.wp.com\/pumagolf.dscgolf.com\/wp-content\/uploads\/2025\/02\/LOW-RES-2000x2000-629245_03.webp?resize=100%2C100&ssl=1",100,100,true]},"uagb_author_info":{"display_name":"pumagolfvn","author_link":"https:\/\/pumagolf.dscgolf.com\/index.php\/author\/"},"uagb_comment_info":0,"uagb_excerpt":"Si\u00eau m\u1ec1m m\u1ea1i. Si\u00eau t\u1ef1 tin. S\u1eb5n s\u00e0ng chinh ph\u1ee5c m\u1ecdi th\u1eed th\u00e1ch. \u00c1o polo CLOUDSPUN c\u1ee7a PUMA mang \u0111\u1ebfn cho b\u1ea1n kh\u1ea3 n\u0103ng ch\u1ed1ng n\u1eafng, s\u1ef1 tho\u1ea3i m\u00e1i kh\u00f4ng ng\u1eebng v\u00e0 t\u1ef1 do di chuy\u1ec3n theo m\u1ecdi h\u01b0\u1edbng. \u0110\u01b0\u1ee3c l\u00e0m t\u1eeb \u00edt nh\u1ea5t 90% v\u1eadt li\u1ec7u t\u00e1i ch\u1ebf, v\u00ec phong c\u00e1ch v\u00e0 s\u1ef1 b\u1ec1n&hellip;","_links":{"self":[{"href":"https:\/\/pumagolf.dscgolf.com\/index.php\/wp-json\/wp\/v2\/product\/14496","targetHints":{"allow":["GET"]}}],"collection":[{"href":"https:\/\/pumagolf.dscgolf.com\/index.php\/wp-json\/wp\/v2\/product"}],"about":[{"href":"https:\/\/pumagolf.dscgolf.com\/index.php\/wp-json\/wp\/v2\/types\/product"}],"replies":[{"embeddable":true,"href":"https:\/\/pumagolf.dscgolf.com\/index.php\/wp-json\/wp\/v2\/comments?post=14496"}],"version-history":[{"count":4,"href":"https:\/\/pumagolf.dscgolf.com\/index.php\/wp-json\/wp\/v2\/product\/14496\/revisions"}],"predecessor-version":[{"id":14515,"href":"https:\/\/pumagolf.dscgolf.com\/index.php\/wp-json\/wp\/v2\/product\/14496\/revisions\/14515"}],"wp:featuredmedia":[{"embeddable":true,"href":"https:\/\/pumagolf.dscgolf.com\/index.php\/wp-json\/wp\/v2\/media\/14503"}],"wp:attachment":[{"href":"https:\/\/pumagolf.dscgolf.com\/index.php\/wp-json\/wp\/v2\/media?parent=14496"}],"wp:term":[{"taxonomy":"product_brand","embeddable":true,"href":"https:\/\/pumagolf.dscgolf.com\/index.php\/wp-json\/wp\/v2\/product_brand?post=14496"},{"taxonomy":"product_cat","embeddable":true,"href":"https:\/\/pumagolf.dscgolf.com\/index.php\/wp-json\/wp\/v2\/product_cat?post=14496"},{"taxonomy":"product_tag","embeddable":true,"href":"https:\/\/pumagolf.dscgolf.com\/index.php\/wp-json\/wp\/v2\/product_tag?post=14496"}],"curies":[{"name":"wp","href":"https:\/\/api.w.org\/{rel}","templated":true}]}}