{"id":14004,"date":"2024-09-20T08:24:50","date_gmt":"2024-09-20T08:24:50","guid":{"rendered":"https:\/\/pumagolf.dscgolf.com\/?post_type=product&#038;p=14004"},"modified":"2025-02-06T09:39:57","modified_gmt":"2025-02-06T09:39:57","slug":"blake-piped-knit-skirt","status":"publish","type":"product","link":"https:\/\/pumagolf.dscgolf.com\/index.php\/product\/blake-piped-knit-skirt\/","title":{"rendered":"V\u00e1y Golf Puma Blake Piped Knit"},"content":{"rendered":"\t\t<div data-elementor-type=\"wp-post\" data-elementor-id=\"14004\" class=\"elementor elementor-14004\">\n\t\t\t\t\t\t<section class=\"ob-is-breaking-bad elementor-section elementor-top-section elementor-element elementor-element-4d75d0be elementor-section-boxed elementor-section-height-default elementor-section-height-default\" data-id=\"4d75d0be\" data-element_type=\"section\" data-settings=\"{&quot;_ob_bbad_use_it&quot;:&quot;yes&quot;,&quot;_ob_bbad_sssic_use&quot;:&quot;no&quot;,&quot;_ob_glider_is_slider&quot;:&quot;no&quot;}\">\n\t\t\t\t\t\t<div class=\"elementor-container elementor-column-gap-default\">\n\t\t\t\t\t<div class=\"elementor-column elementor-col-100 elementor-top-column elementor-element elementor-element-7222776b\" data-id=\"7222776b\" data-element_type=\"column\" data-settings=\"{&quot;_ob_bbad_is_stalker&quot;:&quot;no&quot;,&quot;_ob_teleporter_use&quot;:false,&quot;_ob_column_hoveranimator&quot;:&quot;no&quot;,&quot;_ob_column_has_pseudo&quot;:&quot;no&quot;}\">\n\t\t\t<div class=\"elementor-widget-wrap elementor-element-populated\">\n\t\t\t\t\t\t<div class=\"elementor-element elementor-element-35133f9 ob-harakiri-inherit ob-has-background-overlay elementor-widget elementor-widget-heading\" data-id=\"35133f9\" data-element_type=\"widget\" data-settings=\"{&quot;_ob_use_harakiri&quot;:&quot;yes&quot;,&quot;_ob_harakiri_writing_mode&quot;:&quot;inherit&quot;,&quot;_ob_harakiri_text_clip&quot;:&quot;none&quot;,&quot;_ob_perspektive_use&quot;:&quot;no&quot;,&quot;_ob_poopart_use&quot;:&quot;yes&quot;,&quot;_ob_shadough_use&quot;:&quot;no&quot;,&quot;_ob_allow_hoveranimator&quot;:&quot;no&quot;,&quot;_ob_widget_stalker_use&quot;:&quot;no&quot;}\" data-widget_type=\"heading.default\">\n\t\t\t\t<div class=\"elementor-widget-container\">\n\t\t\t\t\t<h2 class=\"elementor-heading-title elementor-size-default\">TH\u00d4NG TIN CHI TI\u1ebeT<\/h2>\t\t\t\t<\/div>\n\t\t\t\t<\/div>\n\t\t\t\t<div class=\"elementor-element elementor-element-3ca0c19a ob-harakiri-inherit ob-has-background-overlay elementor-widget elementor-widget-text-editor\" data-id=\"3ca0c19a\" data-element_type=\"widget\" data-settings=\"{&quot;_ob_use_harakiri&quot;:&quot;yes&quot;,&quot;_ob_harakiri_writing_mode&quot;:&quot;inherit&quot;,&quot;_ob_postman_use&quot;:&quot;no&quot;,&quot;_ob_perspektive_use&quot;:&quot;no&quot;,&quot;_ob_poopart_use&quot;:&quot;yes&quot;,&quot;_ob_shadough_use&quot;:&quot;no&quot;,&quot;_ob_allow_hoveranimator&quot;:&quot;no&quot;,&quot;_ob_widget_stalker_use&quot;:&quot;no&quot;}\" data-widget_type=\"text-editor.default\">\n\t\t\t\t<div class=\"elementor-widget-container\">\n\t\t\t\t\t\t\t\t\t<ul>\n<li>92% Polyester, 8% Elastane t\u00e1i ch\u1ebf<\/li>\n<li>Th\u1ea5m h\u00fat \u1ea9m<\/li>\n<li>Co gi\u00e3n 4 chi\u1ec1u<\/li>\n<li>Kh\u00f4 nhanh<\/li>\n<li>T\u00fai tay v\u00e0 t\u00fai sau b\u00ean tr\u00e1i<\/li>\n<li>Qu\u1ea7n \u0111\u00f9i b\u00ean trong k\u00e8m t\u00fai b\u00ean h\u00f4ng<\/li>\n<li>C\u1ea1p v\u00e1y \u1edf tr\u00ean eo<\/li>\n<li>UPF 40<\/li>\n<\/ul>\t\t\t\t\t\t\t\t<\/div>\n\t\t\t\t<\/div>\n\t\t\t\t\t<\/div>\n\t\t<\/div>\n\t\t\t\t\t<\/div>\n\t\t<\/section>\n\t\t\t\t<\/div>\n\t\t","protected":false},"excerpt":{"rendered":"<p style=\"font-family: 'FF DIN VN'; font-weight: 500;\"><span class=\"jCAhz ChMk0b\"><span class=\"ryNqvb\"> MATTR (Materials, Technology &amp; Research) l\u00e0 lo\u1ea1i v\u1ea3i hi\u1ec7u su\u1ea5t \u0111\u01b0\u1ee3c thi\u1ebft k\u1ebf \u0111\u1ec3 mang l\u1ea1i m\u1ee9c \u0111\u1ed9 tho\u1ea3i m\u00e1i cao nh\u1ea5t b\u1ea5t k\u1ec3 \u0111i\u1ec1u ki\u1ec7n kh\u00ed h\u1eadu.<\/span><\/span> <span class=\"jCAhz ChMk0b\"><span class=\"ryNqvb\">V\u1edbi ch\u1ea5t li\u1ec7u v\u1ea3i th\u1ea5m \u1ea9m k\u1ef9 thu\u1eadt, kh\u00f4 nhanh, tho\u00e1ng kh\u00ed, co gi\u00e3n b\u1ed1n chi\u1ec1u v\u00e0 c\u1ea3m gi\u00e1c nh\u1eb9, ch\u1ea5t li\u1ec7u n\u00e0y s\u1ebd cung c\u1ea5p cho b\u1ea1n m\u1ecdi th\u1ee9 c\u1ea7n thi\u1ebft \u0111\u1ec3 m\u1eb7c \u1edf n\u01a1i th\u1ea5p.<\/span><\/span><\/p>\n","protected":false},"featured_media":14525,"comment_status":"open","ping_status":"closed","template":"","meta":{"_uag_custom_page_level_css":"","site-sidebar-layout":"default","site-content-layout":"plain-container","ast-global-header-display":"","ast-main-header-display":"","ast-hfb-above-header-display":"","ast-hfb-below-header-display":"","ast-hfb-mobile-header-display":"","site-post-title":"","ast-breadcrumbs-content":"","ast-featured-img":"","footer-sml-layout":"","theme-transparent-header-meta":"default","adv-header-id-meta":"","stick-header-meta":"","header-above-stick-meta":"","header-main-stick-meta":"","header-below-stick-meta":""},"product_brand":[],"product_cat":[136,57],"product_tag":[1395,613,1154,138,108],"class_list":{"0":"post-14004","1":"product","2":"type-product","3":"status-publish","4":"has-post-thumbnail","6":"product_cat-skirt","7":"product_cat-women","8":"product_tag-blake","9":"product_tag-knit","10":"product_tag-piped","11":"product_tag-skirt","12":"product_tag-women","13":"pa_color-blue-horizon-white-glow-w-blake-piped-knit-skirt","14":"pa_color-mauved-out-white-glow-w-blake-piped-knit-skirt","15":"pa_color-pink-fruit-w-blake-piped-knit-skirt","16":"pa_color-safe-lake-w-blake-piped-knit-skirt","17":"desktop-align-left","18":"tablet-align-left","19":"mobile-align-left","21":"first","22":"instock","23":"shipping-taxable","24":"purchasable","25":"product-type-variable","26":"has-default-attributes"},"uagb_featured_image_src":{"full":["https:\/\/i0.wp.com\/pumagolf.dscgolf.com\/wp-content\/uploads\/2024\/09\/LOW-RES-2000x2000-627025_08.webp?fit=2000%2C2000&ssl=1",2000,2000,false],"thumbnail":["https:\/\/i0.wp.com\/pumagolf.dscgolf.com\/wp-content\/uploads\/2024\/09\/LOW-RES-2000x2000-627025_08.webp?resize=150%2C150&ssl=1",150,150,true],"medium":["https:\/\/i0.wp.com\/pumagolf.dscgolf.com\/wp-content\/uploads\/2024\/09\/LOW-RES-2000x2000-627025_08.webp?fit=300%2C300&ssl=1",300,300,true],"medium_large":["https:\/\/i0.wp.com\/pumagolf.dscgolf.com\/wp-content\/uploads\/2024\/09\/LOW-RES-2000x2000-627025_08.webp?fit=768%2C768&ssl=1",768,768,true],"large":["https:\/\/i0.wp.com\/pumagolf.dscgolf.com\/wp-content\/uploads\/2024\/09\/LOW-RES-2000x2000-627025_08.webp?fit=1024%2C1024&ssl=1",1024,1024,true],"1536x1536":["https:\/\/i0.wp.com\/pumagolf.dscgolf.com\/wp-content\/uploads\/2024\/09\/LOW-RES-2000x2000-627025_08.webp?fit=1536%2C1536&ssl=1",1536,1536,true],"2048x2048":["https:\/\/i0.wp.com\/pumagolf.dscgolf.com\/wp-content\/uploads\/2024\/09\/LOW-RES-2000x2000-627025_08.webp?fit=2000%2C2000&ssl=1",2000,2000,true],"woocommerce_thumbnail":["https:\/\/i0.wp.com\/pumagolf.dscgolf.com\/wp-content\/uploads\/2024\/09\/LOW-RES-2000x2000-627025_08.webp?resize=300%2C300&ssl=1",300,300,true],"woocommerce_single":["https:\/\/i0.wp.com\/pumagolf.dscgolf.com\/wp-content\/uploads\/2024\/09\/LOW-RES-2000x2000-627025_08.webp?fit=600%2C600&ssl=1",600,600,true],"woocommerce_gallery_thumbnail":["https:\/\/i0.wp.com\/pumagolf.dscgolf.com\/wp-content\/uploads\/2024\/09\/LOW-RES-2000x2000-627025_08.webp?resize=100%2C100&ssl=1",100,100,true]},"uagb_author_info":{"display_name":"pumagolfvn","author_link":"https:\/\/pumagolf.dscgolf.com\/index.php\/author\/"},"uagb_comment_info":0,"uagb_excerpt":"MATTR (Materials, Technology &amp; Research) l\u00e0 lo\u1ea1i v\u1ea3i hi\u1ec7u su\u1ea5t \u0111\u01b0\u1ee3c thi\u1ebft k\u1ebf \u0111\u1ec3 mang l\u1ea1i m\u1ee9c \u0111\u1ed9 tho\u1ea3i m\u00e1i cao nh\u1ea5t b\u1ea5t k\u1ec3 \u0111i\u1ec1u ki\u1ec7n kh\u00ed h\u1eadu. V\u1edbi ch\u1ea5t li\u1ec7u v\u1ea3i th\u1ea5m \u1ea9m k\u1ef9 thu\u1eadt, kh\u00f4 nhanh, tho\u00e1ng kh\u00ed, co gi\u00e3n b\u1ed1n chi\u1ec1u v\u00e0 c\u1ea3m gi\u00e1c nh\u1eb9, ch\u1ea5t li\u1ec7u n\u00e0y s\u1ebd cung c\u1ea5p cho&hellip;","_links":{"self":[{"href":"https:\/\/pumagolf.dscgolf.com\/index.php\/wp-json\/wp\/v2\/product\/14004","targetHints":{"allow":["GET"]}}],"collection":[{"href":"https:\/\/pumagolf.dscgolf.com\/index.php\/wp-json\/wp\/v2\/product"}],"about":[{"href":"https:\/\/pumagolf.dscgolf.com\/index.php\/wp-json\/wp\/v2\/types\/product"}],"replies":[{"embeddable":true,"href":"https:\/\/pumagolf.dscgolf.com\/index.php\/wp-json\/wp\/v2\/comments?post=14004"}],"version-history":[{"count":5,"href":"https:\/\/pumagolf.dscgolf.com\/index.php\/wp-json\/wp\/v2\/product\/14004\/revisions"}],"predecessor-version":[{"id":14532,"href":"https:\/\/pumagolf.dscgolf.com\/index.php\/wp-json\/wp\/v2\/product\/14004\/revisions\/14532"}],"wp:featuredmedia":[{"embeddable":true,"href":"https:\/\/pumagolf.dscgolf.com\/index.php\/wp-json\/wp\/v2\/media\/14525"}],"wp:attachment":[{"href":"https:\/\/pumagolf.dscgolf.com\/index.php\/wp-json\/wp\/v2\/media?parent=14004"}],"wp:term":[{"taxonomy":"product_brand","embeddable":true,"href":"https:\/\/pumagolf.dscgolf.com\/index.php\/wp-json\/wp\/v2\/product_brand?post=14004"},{"taxonomy":"product_cat","embeddable":true,"href":"https:\/\/pumagolf.dscgolf.com\/index.php\/wp-json\/wp\/v2\/product_cat?post=14004"},{"taxonomy":"product_tag","embeddable":true,"href":"https:\/\/pumagolf.dscgolf.com\/index.php\/wp-json\/wp\/v2\/product_tag?post=14004"}],"curies":[{"name":"wp","href":"https:\/\/api.w.org\/{rel}","templated":true}]}}