{"id":13526,"date":"2024-09-17T07:25:06","date_gmt":"2024-09-17T07:25:06","guid":{"rendered":"https:\/\/pumagolf.dscgolf.com\/?post_type=product&#038;p=13526"},"modified":"2024-09-17T07:39:44","modified_gmt":"2024-09-17T07:39:44","slug":"grip-fusion-flex","status":"publish","type":"product","link":"https:\/\/pumagolf.dscgolf.com\/index.php\/product\/grip-fusion-flex\/","title":{"rendered":"Gi\u00e0y Golf Kh\u00f4ng \u0110inh Grip Fusion Flex"},"content":{"rendered":"\t\t<div data-elementor-type=\"wp-post\" data-elementor-id=\"13526\" class=\"elementor elementor-13526\">\n\t\t\t\t\t\t<section class=\"ob-is-breaking-bad elementor-section elementor-top-section elementor-element elementor-element-f7b6c60 elementor-section-full_width elementor-section-height-default elementor-section-height-default\" data-id=\"f7b6c60\" data-element_type=\"section\" data-settings=\"{&quot;_ob_bbad_use_it&quot;:&quot;yes&quot;,&quot;_ob_bbad_sssic_use&quot;:&quot;no&quot;,&quot;_ob_glider_is_slider&quot;:&quot;no&quot;}\">\n\t\t\t\t\t\t<div class=\"elementor-container elementor-column-gap-default\">\n\t\t\t\t\t<div class=\"elementor-column elementor-col-100 elementor-top-column elementor-element elementor-element-3b21cea\" data-id=\"3b21cea\" data-element_type=\"column\" data-settings=\"{&quot;_ob_bbad_is_stalker&quot;:&quot;no&quot;,&quot;_ob_teleporter_use&quot;:false,&quot;_ob_column_hoveranimator&quot;:&quot;no&quot;,&quot;_ob_column_has_pseudo&quot;:&quot;no&quot;}\">\n\t\t\t<div class=\"elementor-widget-wrap elementor-element-populated\">\n\t\t\t\t\t\t<div class=\"elementor-element elementor-element-da9a202 ob-harakiri-inherit ob-has-background-overlay elementor-widget elementor-widget-heading\" data-id=\"da9a202\" data-element_type=\"widget\" data-settings=\"{&quot;_ob_use_harakiri&quot;:&quot;yes&quot;,&quot;_ob_harakiri_writing_mode&quot;:&quot;inherit&quot;,&quot;_ob_harakiri_text_clip&quot;:&quot;none&quot;,&quot;_ob_perspektive_use&quot;:&quot;no&quot;,&quot;_ob_poopart_use&quot;:&quot;yes&quot;,&quot;_ob_shadough_use&quot;:&quot;no&quot;,&quot;_ob_allow_hoveranimator&quot;:&quot;no&quot;,&quot;_ob_widget_stalker_use&quot;:&quot;no&quot;}\" data-widget_type=\"heading.default\">\n\t\t\t\t<div class=\"elementor-widget-container\">\n\t\t\t\t\t<h2 class=\"elementor-heading-title elementor-size-default\">TH\u00d4NG TIN CHI TI\u1ebeT<\/h2>\t\t\t\t<\/div>\n\t\t\t\t<\/div>\n\t\t\t\t<div class=\"elementor-element elementor-element-4238020 ob-harakiri-inherit ob-has-background-overlay elementor-widget elementor-widget-text-editor\" data-id=\"4238020\" data-element_type=\"widget\" data-settings=\"{&quot;_ob_use_harakiri&quot;:&quot;yes&quot;,&quot;_ob_harakiri_writing_mode&quot;:&quot;inherit&quot;,&quot;_ob_postman_use&quot;:&quot;no&quot;,&quot;_ob_perspektive_use&quot;:&quot;no&quot;,&quot;_ob_poopart_use&quot;:&quot;yes&quot;,&quot;_ob_shadough_use&quot;:&quot;no&quot;,&quot;_ob_allow_hoveranimator&quot;:&quot;no&quot;,&quot;_ob_widget_stalker_use&quot;:&quot;no&quot;}\" data-widget_type=\"text-editor.default\">\n\t\t\t\t<div class=\"elementor-widget-container\">\n\t\t\t\t\t\t\t\t\t<ul><li>Ch\u1ed1ng n\u01b0\u1edbc 1 n\u0103m<\/li><li>\u0110\u1ebf g\u00f3t TPU cung c\u1ea5p s\u1ef1 \u1ed5n \u0111\u1ecbnh theo chi\u1ec1u ngang trong su\u1ed1t qu\u00e1 tr\u00ecnh vung g\u1eady<\/li><li>L\u1edbp b\u1ecdt FUSION to\u00e0n ph\u1ea7n mang l\u1ea1i c\u1ea3m gi\u00e1c \u0111\u1ec7m \u00eam \u00e1i v\u00e0 tho\u1ea3i m\u00e1i l\u00e2u d\u00e0i\u200b<\/li><li>C\u00f4ng ngh\u1ec7 GRIP ZONE cung c\u1ea5p \u0111\u1ed9 b\u00e1m gi\u1ed1ng nh\u01b0 gi\u00e0y c\u00f3 \u0111inh v\u1edbi \u0111\u1ebf ngo\u00e0i b\u1eb1ng cao su\u200b<\/li><li>\u0110\u1ebf ngo\u00e0i b\u1eb1ng CAO SU CARBON cung c\u1ea5p \u0111\u1ed9 b\u00e1m tr\u00ean m\u1ecdi b\u1ec1 m\u1eb7t v\u00e0 m\u1ecdi t\u01b0 th\u1ebf<\/li><\/ul>\t\t\t\t\t\t\t\t<\/div>\n\t\t\t\t<\/div>\n\t\t\t\t\t<\/div>\n\t\t<\/div>\n\t\t\t\t\t<\/div>\n\t\t<\/section>\n\t\t\t\t<\/div>\n\t\t","protected":false},"excerpt":{"rendered":"<p style=\"font-family: 'FF DIN VN'; font-weight: 500;\">Hi\u1ec7u su\u1ea5t. Tho\u1ea3i m\u00e1i. \u0110\u1ed9 b\u00e1m. \u0110\u00f3 l\u00e0 nh\u1eefng g\u00ec ch\u00fang t\u00f4i \u0111\u00e3 thi\u1ebft k\u1ebf v\u1edbi gi\u00e0y ch\u01a1i golf Grip Fusion Flex. Ch\u00fang c\u00f3 ph\u1ea7n tr\u00ean ch\u1ed1ng th\u1ea5m n\u01b0\u1edbc \u0111\u1ec3 b\u1ea3o v\u1ec7 \u0111\u00f4i ch\u00e2n c\u1ee7a b\u1ea1n v\u00e0o nh\u1eefng bu\u1ed5i s\u00e1ng \u1ea9m \u01b0\u1edbt tr\u00ean s\u00e2n golf. L\u1edbp b\u1ecdt t\u1ed5ng h\u1ee3p to\u00e0n b\u1ed9 chi\u1ec1u d\u00e0i t\u0103ng th\u00eam \u0111\u1ed9 \u0111\u1ec7m v\u00e0 s\u1ef1 tho\u1ea3i m\u00e1i \u0111\u1ec3 gi\u1eef cho b\u1ea1n \u1ed5n \u0111\u1ecbnh trong su\u1ed1t 18 l\u1ed7. T\u1ea5t nhi\u00ean, \u0111\u1eb7c \u0111i\u1ec3m n\u1ed5i b\u1eadt c\u1ee7a gi\u00e0y l\u00e0 c\u00f4ng ngh\u1ec7 b\u00e1m GRIPZONE, gi\u00fap b\u1ea1n c\u00f3 th\u1ec3 vung g\u1eady m\u00e0 kh\u00f4ng lo b\u1ecb tr\u01b0\u1ee3t.<\/p>\n","protected":false},"featured_media":13534,"comment_status":"open","ping_status":"closed","template":"","meta":{"_uag_custom_page_level_css":"","site-sidebar-layout":"default","site-content-layout":"plain-container","ast-global-header-display":"","ast-main-header-display":"","ast-hfb-above-header-display":"","ast-hfb-below-header-display":"","ast-hfb-mobile-header-display":"","site-post-title":"","ast-breadcrumbs-content":"","ast-featured-img":"","footer-sml-layout":"","theme-transparent-header-meta":"default","adv-header-id-meta":"","stick-header-meta":"default","header-above-stick-meta":"","header-main-stick-meta":"","header-below-stick-meta":""},"product_brand":[],"product_cat":[656,163,49,142,361],"product_tag":[1418,660,170,160,680],"class_list":{"0":"post-13526","1":"product","2":"type-product","3":"status-publish","4":"has-post-thumbnail","6":"product_cat-fusion-grip","7":"product_cat-laces","8":"product_cat-men","9":"product_cat-shoes","10":"product_cat-spikeless","11":"product_tag-flex","12":"product_tag-fusion-grip","13":"product_tag-laces","14":"product_tag-shoes","15":"product_tag-spikeless","16":"pa_color-feather-gray-red-blast-grip-fusion-flex","17":"pa_color-puma-black-slate-sky-grip-fusion-flex","18":"pa_color-puma-white-puma-black-grip-fusion-flex","19":"desktop-align-left","20":"tablet-align-left","21":"mobile-align-left","23":"first","24":"instock","25":"shipping-taxable","26":"purchasable","27":"product-type-variable","28":"has-default-attributes"},"uagb_featured_image_src":{"full":["https:\/\/pumagolf.dscgolf.com\/wp-content\/uploads\/2024\/09\/Grip-Fusion-Flex-Mens-Golf-Shoes-3.avif",1200,1200,false],"thumbnail":["https:\/\/pumagolf.dscgolf.com\/wp-content\/uploads\/2024\/09\/Grip-Fusion-Flex-Mens-Golf-Shoes-3-150x150.avif",150,150,true],"medium":["https:\/\/pumagolf.dscgolf.com\/wp-content\/uploads\/2024\/09\/Grip-Fusion-Flex-Mens-Golf-Shoes-3-300x300.avif",300,300,true],"medium_large":["https:\/\/pumagolf.dscgolf.com\/wp-content\/uploads\/2024\/09\/Grip-Fusion-Flex-Mens-Golf-Shoes-3-768x768.avif",768,768,true],"large":["https:\/\/pumagolf.dscgolf.com\/wp-content\/uploads\/2024\/09\/Grip-Fusion-Flex-Mens-Golf-Shoes-3-1024x1024.avif",1024,1024,true],"1536x1536":["https:\/\/pumagolf.dscgolf.com\/wp-content\/uploads\/2024\/09\/Grip-Fusion-Flex-Mens-Golf-Shoes-3.avif",1200,1200,false],"2048x2048":["https:\/\/pumagolf.dscgolf.com\/wp-content\/uploads\/2024\/09\/Grip-Fusion-Flex-Mens-Golf-Shoes-3.avif",1200,1200,false],"woocommerce_thumbnail":["https:\/\/pumagolf.dscgolf.com\/wp-content\/uploads\/2024\/09\/Grip-Fusion-Flex-Mens-Golf-Shoes-3-300x300.avif",300,300,true],"woocommerce_single":["https:\/\/pumagolf.dscgolf.com\/wp-content\/uploads\/2024\/09\/Grip-Fusion-Flex-Mens-Golf-Shoes-3-600x600.avif",600,600,true],"woocommerce_gallery_thumbnail":["https:\/\/pumagolf.dscgolf.com\/wp-content\/uploads\/2024\/09\/Grip-Fusion-Flex-Mens-Golf-Shoes-3-100x100.avif",100,100,true]},"uagb_author_info":{"display_name":"pumagolfvn","author_link":"https:\/\/pumagolf.dscgolf.com\/index.php\/author\/"},"uagb_comment_info":0,"uagb_excerpt":"Hi\u1ec7u su\u1ea5t. Tho\u1ea3i m\u00e1i. \u0110\u1ed9 b\u00e1m. \u0110\u00f3 l\u00e0 nh\u1eefng g\u00ec ch\u00fang t\u00f4i \u0111\u00e3 thi\u1ebft k\u1ebf v\u1edbi gi\u00e0y ch\u01a1i golf Grip Fusion Flex. Ch\u00fang c\u00f3 ph\u1ea7n tr\u00ean ch\u1ed1ng th\u1ea5m n\u01b0\u1edbc \u0111\u1ec3 b\u1ea3o v\u1ec7 \u0111\u00f4i ch\u00e2n c\u1ee7a b\u1ea1n v\u00e0o nh\u1eefng bu\u1ed5i s\u00e1ng \u1ea9m \u01b0\u1edbt tr\u00ean s\u00e2n golf. L\u1edbp b\u1ecdt t\u1ed5ng h\u1ee3p to\u00e0n b\u1ed9 chi\u1ec1u d\u00e0i t\u0103ng th\u00eam&hellip;","_links":{"self":[{"href":"https:\/\/pumagolf.dscgolf.com\/index.php\/wp-json\/wp\/v2\/product\/13526","targetHints":{"allow":["GET"]}}],"collection":[{"href":"https:\/\/pumagolf.dscgolf.com\/index.php\/wp-json\/wp\/v2\/product"}],"about":[{"href":"https:\/\/pumagolf.dscgolf.com\/index.php\/wp-json\/wp\/v2\/types\/product"}],"replies":[{"embeddable":true,"href":"https:\/\/pumagolf.dscgolf.com\/index.php\/wp-json\/wp\/v2\/comments?post=13526"}],"version-history":[{"count":4,"href":"https:\/\/pumagolf.dscgolf.com\/index.php\/wp-json\/wp\/v2\/product\/13526\/revisions"}],"predecessor-version":[{"id":13543,"href":"https:\/\/pumagolf.dscgolf.com\/index.php\/wp-json\/wp\/v2\/product\/13526\/revisions\/13543"}],"wp:featuredmedia":[{"embeddable":true,"href":"https:\/\/pumagolf.dscgolf.com\/index.php\/wp-json\/wp\/v2\/media\/13534"}],"wp:attachment":[{"href":"https:\/\/pumagolf.dscgolf.com\/index.php\/wp-json\/wp\/v2\/media?parent=13526"}],"wp:term":[{"taxonomy":"product_brand","embeddable":true,"href":"https:\/\/pumagolf.dscgolf.com\/index.php\/wp-json\/wp\/v2\/product_brand?post=13526"},{"taxonomy":"product_cat","embeddable":true,"href":"https:\/\/pumagolf.dscgolf.com\/index.php\/wp-json\/wp\/v2\/product_cat?post=13526"},{"taxonomy":"product_tag","embeddable":true,"href":"https:\/\/pumagolf.dscgolf.com\/index.php\/wp-json\/wp\/v2\/product_tag?post=13526"}],"curies":[{"name":"wp","href":"https:\/\/api.w.org\/{rel}","templated":true}]}}