{"id":12923,"date":"2024-05-02T09:31:50","date_gmt":"2024-05-02T09:31:50","guid":{"rendered":"https:\/\/pumagolf.dscgolf.com\/?post_type=product&#038;p=12923"},"modified":"2024-09-19T06:58:49","modified_gmt":"2024-09-19T06:58:49","slug":"pique-gingham-solid-polo","status":"publish","type":"product","link":"https:\/\/pumagolf.dscgolf.com\/index.php\/product\/pique-gingham-solid-polo\/","title":{"rendered":"\u00c1o Polo Golf Pique Gingham Solid"},"content":{"rendered":"\t\t<div data-elementor-type=\"wp-post\" data-elementor-id=\"12923\" class=\"elementor elementor-12923\">\n\t\t\t\t\t\t<section class=\"ob-is-breaking-bad elementor-section elementor-top-section elementor-element elementor-element-4d75d0be elementor-section-boxed elementor-section-height-default elementor-section-height-default\" data-id=\"4d75d0be\" data-element_type=\"section\" data-settings=\"{&quot;_ob_bbad_use_it&quot;:&quot;yes&quot;,&quot;_ob_bbad_sssic_use&quot;:&quot;no&quot;,&quot;_ob_glider_is_slider&quot;:&quot;no&quot;}\">\n\t\t\t\t\t\t<div class=\"elementor-container elementor-column-gap-default\">\n\t\t\t\t\t<div class=\"elementor-column elementor-col-100 elementor-top-column elementor-element elementor-element-7222776b\" data-id=\"7222776b\" data-element_type=\"column\" data-settings=\"{&quot;_ob_bbad_is_stalker&quot;:&quot;no&quot;,&quot;_ob_teleporter_use&quot;:false,&quot;_ob_column_hoveranimator&quot;:&quot;no&quot;,&quot;_ob_column_has_pseudo&quot;:&quot;no&quot;}\">\n\t\t\t<div class=\"elementor-widget-wrap elementor-element-populated\">\n\t\t\t\t\t\t<div class=\"elementor-element elementor-element-3ca0c19a ob-harakiri-inherit ob-has-background-overlay elementor-widget elementor-widget-text-editor\" data-id=\"3ca0c19a\" data-element_type=\"widget\" data-settings=\"{&quot;_ob_use_harakiri&quot;:&quot;yes&quot;,&quot;_ob_harakiri_writing_mode&quot;:&quot;inherit&quot;,&quot;_ob_postman_use&quot;:&quot;no&quot;,&quot;_ob_perspektive_use&quot;:&quot;no&quot;,&quot;_ob_poopart_use&quot;:&quot;yes&quot;,&quot;_ob_shadough_use&quot;:&quot;no&quot;,&quot;_ob_allow_hoveranimator&quot;:&quot;no&quot;,&quot;_ob_widget_stalker_use&quot;:&quot;no&quot;}\" data-widget_type=\"text-editor.default\">\n\t\t\t\t<div class=\"elementor-widget-container\">\n\t\t\t\t\t\t\t\t\t<ul>\n<li>95% Polyester t\u00e1i ch\u1ebf, 5% Elastane<\/li>\n<li>Thanh d\u1ef1ng c\u1ed5 \u00e1o may li\u1ec1n<\/li>\n<\/ul>\t\t\t\t\t\t\t\t<\/div>\n\t\t\t\t<\/div>\n\t\t\t\t\t<\/div>\n\t\t<\/div>\n\t\t\t\t\t<\/div>\n\t\t<\/section>\n\t\t\t\t<\/div>\n\t\t","protected":false},"excerpt":{"rendered":"<p style=\"font-family: 'FF DIN VN'; font-weight: 500;\">Tho\u00e1ng m\u00e1t v\u00e0 tho\u1ea3i m\u00e1i l\u00e0 th\u1ee9 ch\u00fang t\u00f4i h\u01b0\u1edbng t\u1edbi v\u1edbi ch\u1ea5t li\u1ec7u pique m\u1edbi c\u1ee7a ch\u00fang t\u00f4i. V\u1edbi kh\u1ea3 n\u0103ng co gi\u00e3n 4 chi\u1ec1u v\u00e0 h\u00fat \u1ea9m, ch\u1ea5t li\u1ec7u n\u00e0y s\u1ebd cho b\u1ea1n phong c\u00e1ch v\u00e0 s\u1ef1 tho\u1ea3i m\u00e1i \u1edf b\u1ea5t c\u1ee9 \u0111\u00e2u. \u0110\u01b0\u1ee3c l\u00e0m v\u1edbi \u00edt nh\u1ea5t 70% v\u1eadt li\u1ec7u t\u00e1i ch\u1ebf nh\u01b0 m\u1ed9t b\u01b0\u1edbc g\u1ea7n h\u01a1n t\u1edbi t\u01b0\u01a1ng lai t\u1ed1t \u0111\u1eb9p h\u01a1n.<\/p>\n","protected":false},"featured_media":12924,"comment_status":"open","ping_status":"closed","template":"","meta":{"_uag_custom_page_level_css":"","site-sidebar-layout":"default","site-content-layout":"plain-container","ast-global-header-display":"","ast-main-header-display":"","ast-hfb-above-header-display":"","ast-hfb-below-header-display":"","ast-hfb-mobile-header-display":"","site-post-title":"","ast-breadcrumbs-content":"","ast-featured-img":"","footer-sml-layout":"","theme-transparent-header-meta":"default","adv-header-id-meta":"","stick-header-meta":"","header-above-stick-meta":"","header-main-stick-meta":"","header-below-stick-meta":""},"product_brand":[],"product_cat":[49,70],"product_tag":[1321,1099,65,1326],"class_list":{"0":"post-12923","1":"product","2":"type-product","3":"status-publish","4":"has-post-thumbnail","6":"product_cat-men","7":"product_cat-polo","8":"product_tag-gingham","9":"product_tag-pique","10":"product_tag-polo","11":"product_tag-solid","12":"pa_color-deep-navy-pique-gingham-solid-polo","13":"desktop-align-left","14":"tablet-align-left","15":"mobile-align-left","17":"first","18":"instock","19":"shipping-taxable","20":"purchasable","21":"product-type-variable","22":"has-default-attributes"},"uagb_featured_image_src":{"full":["https:\/\/i0.wp.com\/pumagolf.dscgolf.com\/wp-content\/uploads\/2024\/05\/HIGH-RES-624649_02.jpg?fit=2000%2C2000&ssl=1",2000,2000,false],"thumbnail":["https:\/\/i0.wp.com\/pumagolf.dscgolf.com\/wp-content\/uploads\/2024\/05\/HIGH-RES-624649_02.jpg?resize=150%2C150&ssl=1",150,150,true],"medium":["https:\/\/i0.wp.com\/pumagolf.dscgolf.com\/wp-content\/uploads\/2024\/05\/HIGH-RES-624649_02.jpg?fit=300%2C300&ssl=1",300,300,true],"medium_large":["https:\/\/i0.wp.com\/pumagolf.dscgolf.com\/wp-content\/uploads\/2024\/05\/HIGH-RES-624649_02.jpg?fit=768%2C768&ssl=1",768,768,true],"large":["https:\/\/i0.wp.com\/pumagolf.dscgolf.com\/wp-content\/uploads\/2024\/05\/HIGH-RES-624649_02.jpg?fit=1024%2C1024&ssl=1",1024,1024,true],"1536x1536":["https:\/\/i0.wp.com\/pumagolf.dscgolf.com\/wp-content\/uploads\/2024\/05\/HIGH-RES-624649_02.jpg?fit=1536%2C1536&ssl=1",1536,1536,true],"2048x2048":["https:\/\/i0.wp.com\/pumagolf.dscgolf.com\/wp-content\/uploads\/2024\/05\/HIGH-RES-624649_02.jpg?fit=2000%2C2000&ssl=1",2000,2000,true],"woocommerce_thumbnail":["https:\/\/i0.wp.com\/pumagolf.dscgolf.com\/wp-content\/uploads\/2024\/05\/HIGH-RES-624649_02.jpg?resize=300%2C300&ssl=1",300,300,true],"woocommerce_single":["https:\/\/i0.wp.com\/pumagolf.dscgolf.com\/wp-content\/uploads\/2024\/05\/HIGH-RES-624649_02.jpg?fit=600%2C600&ssl=1",600,600,true],"woocommerce_gallery_thumbnail":["https:\/\/i0.wp.com\/pumagolf.dscgolf.com\/wp-content\/uploads\/2024\/05\/HIGH-RES-624649_02.jpg?resize=100%2C100&ssl=1",100,100,true]},"uagb_author_info":{"display_name":"pumagolfvn","author_link":"https:\/\/pumagolf.dscgolf.com\/index.php\/author\/"},"uagb_comment_info":0,"uagb_excerpt":"Tho\u00e1ng m\u00e1t v\u00e0 tho\u1ea3i m\u00e1i l\u00e0 th\u1ee9 ch\u00fang t\u00f4i h\u01b0\u1edbng t\u1edbi v\u1edbi ch\u1ea5t li\u1ec7u pique m\u1edbi c\u1ee7a ch\u00fang t\u00f4i. V\u1edbi kh\u1ea3 n\u0103ng co gi\u00e3n 4 chi\u1ec1u v\u00e0 h\u00fat \u1ea9m, ch\u1ea5t li\u1ec7u n\u00e0y s\u1ebd cho b\u1ea1n phong c\u00e1ch v\u00e0 s\u1ef1 tho\u1ea3i m\u00e1i \u1edf b\u1ea5t c\u1ee9 \u0111\u00e2u. \u0110\u01b0\u1ee3c l\u00e0m v\u1edbi \u00edt nh\u1ea5t 70% v\u1eadt li\u1ec7u t\u00e1i ch\u1ebf&hellip;","_links":{"self":[{"href":"https:\/\/pumagolf.dscgolf.com\/index.php\/wp-json\/wp\/v2\/product\/12923","targetHints":{"allow":["GET"]}}],"collection":[{"href":"https:\/\/pumagolf.dscgolf.com\/index.php\/wp-json\/wp\/v2\/product"}],"about":[{"href":"https:\/\/pumagolf.dscgolf.com\/index.php\/wp-json\/wp\/v2\/types\/product"}],"replies":[{"embeddable":true,"href":"https:\/\/pumagolf.dscgolf.com\/index.php\/wp-json\/wp\/v2\/comments?post=12923"}],"version-history":[{"count":1,"href":"https:\/\/pumagolf.dscgolf.com\/index.php\/wp-json\/wp\/v2\/product\/12923\/revisions"}],"predecessor-version":[{"id":12928,"href":"https:\/\/pumagolf.dscgolf.com\/index.php\/wp-json\/wp\/v2\/product\/12923\/revisions\/12928"}],"wp:featuredmedia":[{"embeddable":true,"href":"https:\/\/pumagolf.dscgolf.com\/index.php\/wp-json\/wp\/v2\/media\/12924"}],"wp:attachment":[{"href":"https:\/\/pumagolf.dscgolf.com\/index.php\/wp-json\/wp\/v2\/media?parent=12923"}],"wp:term":[{"taxonomy":"product_brand","embeddable":true,"href":"https:\/\/pumagolf.dscgolf.com\/index.php\/wp-json\/wp\/v2\/product_brand?post=12923"},{"taxonomy":"product_cat","embeddable":true,"href":"https:\/\/pumagolf.dscgolf.com\/index.php\/wp-json\/wp\/v2\/product_cat?post=12923"},{"taxonomy":"product_tag","embeddable":true,"href":"https:\/\/pumagolf.dscgolf.com\/index.php\/wp-json\/wp\/v2\/product_tag?post=12923"}],"curies":[{"name":"wp","href":"https:\/\/api.w.org\/{rel}","templated":true}]}}