{"id":11545,"date":"2024-02-22T06:16:45","date_gmt":"2024-02-22T06:16:45","guid":{"rendered":"https:\/\/pumagolf.dscgolf.com\/?post_type=product&#038;p=11545"},"modified":"2024-09-13T08:34:17","modified_gmt":"2024-09-13T08:34:17","slug":"cloudspun-butterflies-polo","status":"publish","type":"product","link":"https:\/\/pumagolf.dscgolf.com\/index.php\/product\/cloudspun-butterflies-polo\/","title":{"rendered":"\u00c1o Polo Golf CLOUDSPUN Butterflies"},"content":{"rendered":"\t\t<div data-elementor-type=\"wp-post\" data-elementor-id=\"11545\" class=\"elementor elementor-11545\">\n\t\t\t\t\t\t<section class=\"ob-is-breaking-bad elementor-section elementor-top-section elementor-element elementor-element-4d75d0be elementor-section-boxed elementor-section-height-default elementor-section-height-default\" data-id=\"4d75d0be\" data-element_type=\"section\" data-settings=\"{&quot;_ob_bbad_use_it&quot;:&quot;yes&quot;,&quot;_ob_bbad_sssic_use&quot;:&quot;no&quot;,&quot;_ob_glider_is_slider&quot;:&quot;no&quot;}\">\n\t\t\t\t\t\t<div class=\"elementor-container elementor-column-gap-default\">\n\t\t\t\t\t<div class=\"elementor-column elementor-col-100 elementor-top-column elementor-element elementor-element-7222776b\" data-id=\"7222776b\" data-element_type=\"column\" data-settings=\"{&quot;_ob_bbad_is_stalker&quot;:&quot;no&quot;,&quot;_ob_teleporter_use&quot;:false,&quot;_ob_column_hoveranimator&quot;:&quot;no&quot;,&quot;_ob_column_has_pseudo&quot;:&quot;no&quot;}\">\n\t\t\t<div class=\"elementor-widget-wrap elementor-element-populated\">\n\t\t\t\t\t\t<div class=\"elementor-element elementor-element-3ca0c19a ob-harakiri-inherit ob-has-background-overlay elementor-widget elementor-widget-text-editor\" data-id=\"3ca0c19a\" data-element_type=\"widget\" data-settings=\"{&quot;_ob_use_harakiri&quot;:&quot;yes&quot;,&quot;_ob_harakiri_writing_mode&quot;:&quot;inherit&quot;,&quot;_ob_postman_use&quot;:&quot;no&quot;,&quot;_ob_perspektive_use&quot;:&quot;no&quot;,&quot;_ob_poopart_use&quot;:&quot;yes&quot;,&quot;_ob_shadough_use&quot;:&quot;no&quot;,&quot;_ob_allow_hoveranimator&quot;:&quot;no&quot;,&quot;_ob_widget_stalker_use&quot;:&quot;no&quot;}\" data-widget_type=\"text-editor.default\">\n\t\t\t\t<div class=\"elementor-widget-container\">\n\t\t\t\t\t\t\t\t\t<p><span style=\"font-family: &quot;FF DIN VN&quot;;\">Ch\u1ea5t li\u1ec7u v\u1ea3i CLOUDSPUN c\u1ee7a PUMA mang \u0111\u1ebfn c\u1ea3m gi\u00e1c v\u00f4 c\u00f9ng m\u1ec1m m\u1ea1i v\u1edbi kh\u1ea3 n\u0103ng co gi\u00e3n 4 chi\u1ec1u, h\u00fat \u1ea9m v\u00e0 t\u1ea5t c\u1ea3 nh\u1eefng t\u00ednh n\u0103ng c\u1ea7n \u0111\u1ec3 ch\u01a1i tr\u1ecdn 18 l\u1ed7. Ch\u00fang t\u00f4i h\u1ee9a r\u1eb1ng, n\u00f3 s\u1ebd m\u1eb7c th\u00edch h\u01a1n c\u00e1i m\u00e0 b\u1ea1n c\u00f3.<\/span><br><\/p>\n<p><\/p>\n<ul>\n<li>94% Polyester t\u00e1i ch\u1ebf, 6% Elastane<\/li>\n<li>UPF 40<\/li>\n<li>Thanh d\u1ef1ng c\u1ed5 \u00e1o g\u1eafn li\u1ec1n<\/li>\n<li>Tho\u00e1ng kh\u00ed<\/li>\n<li>Co gi\u00e3n 4 chi\u1ec1u<\/li>\n<\/ul>\t\t\t\t\t\t\t\t<\/div>\n\t\t\t\t<\/div>\n\t\t\t\t\t<\/div>\n\t\t<\/div>\n\t\t\t\t\t<\/div>\n\t\t<\/section>\n\t\t\t\t<\/div>\n\t\t","protected":false},"excerpt":{"rendered":"<p style=\"font-family: 'FF DIN VN'; font-weight: 500;\">\u0110\u01b0\u1ee3c thi\u1ebft k\u1ebf t\u1eeb ch\u1ea5t li\u1ec7u CLOUDSPUN h\u00fat \u1ea9m, co gi\u00e3n 4 chi\u1ec1u, chi\u1ebfc \u00e1o polo n\u00e0y s\u1ebd gi\u1eef b\u1ea1n tho\u1ea3i m\u00e1i v\u00e0 kh\u00f4 r\u00e1o t\u1eeb tr\u00ean s\u00e2n cho t\u1edbi nh\u00e0 c\u00e2u l\u1ea1c b\u1ed9. Ch\u1ea5t li\u1ec7u v\u1ea3i CLOUDSPUN c\u1ee7a PUMA mang \u0111\u1ebfn c\u1ea3m gi\u00e1c v\u00f4 c\u00f9ng m\u1ec1m m\u1ea1i v\u1edbi kh\u1ea3 n\u0103ng co gi\u00e3n 4 chi\u1ec1u, h\u00fat \u1ea9m v\u00e0 t\u1ea5t c\u1ea3 nh\u1eefng t\u00ednh n\u0103ng c\u1ea7n \u0111\u1ec3 ch\u01a1i tr\u1ecdn 18 l\u1ed7. Ch\u00fang t\u00f4i h\u1ee9a r\u1eb1ng, n\u00f3 s\u1ebd m\u1eb7c th\u00edch h\u01a1n c\u00e1i m\u00e0 b\u1ea1n c\u00f3. \u0110\u01b0\u1ee3c l\u00e0m t\u1eeb \u00edt nh\u1ea5t 70% nguy\u00ean li\u1ec7u t\u00e1i ch\u1ebf nh\u01b0 l\u00e0 m\u1ed9t b\u01b0\u1edbc ti\u1ebfn t\u1edbi t\u01b0\u01a1ng lai t\u1ed1t \u0111\u1eb9p h\u01a1n.<\/p>\n","protected":false},"featured_media":11546,"comment_status":"open","ping_status":"closed","template":"","meta":{"_uag_custom_page_level_css":"","site-sidebar-layout":"default","site-content-layout":"plain-container","ast-global-header-display":"","ast-main-header-display":"","ast-hfb-above-header-display":"","ast-hfb-below-header-display":"","ast-hfb-mobile-header-display":"","site-post-title":"","ast-breadcrumbs-content":"","ast-featured-img":"","footer-sml-layout":"","theme-transparent-header-meta":"default","adv-header-id-meta":"","stick-header-meta":"","header-above-stick-meta":"","header-main-stick-meta":"","header-below-stick-meta":""},"product_brand":[],"product_cat":[80,49,70],"product_tag":[1129,81,65],"class_list":{"0":"post-11545","1":"product","2":"type-product","3":"status-publish","4":"has-post-thumbnail","6":"product_cat-cloudspun","7":"product_cat-men","8":"product_cat-polo","9":"product_tag-butterflies","10":"product_tag-cloudspun","11":"product_tag-polo","12":"pa_color-ocean-tropic-melon-punch-cloudspun-butterflies-polo","13":"pa_color-white-glow-deep-navy-cloudspun-butterflies-polo","14":"desktop-align-left","15":"tablet-align-left","16":"mobile-align-left","18":"first","19":"outofstock","20":"shipping-taxable","21":"purchasable","22":"product-type-variable","23":"has-default-attributes"},"uagb_featured_image_src":{"full":["https:\/\/i0.wp.com\/pumagolf.dscgolf.com\/wp-content\/uploads\/2024\/02\/HIGH-RES-624487_01.jpg?fit=2000%2C2000&ssl=1",2000,2000,false],"thumbnail":["https:\/\/i0.wp.com\/pumagolf.dscgolf.com\/wp-content\/uploads\/2024\/02\/HIGH-RES-624487_01.jpg?resize=150%2C150&ssl=1",150,150,true],"medium":["https:\/\/i0.wp.com\/pumagolf.dscgolf.com\/wp-content\/uploads\/2024\/02\/HIGH-RES-624487_01.jpg?fit=300%2C300&ssl=1",300,300,true],"medium_large":["https:\/\/i0.wp.com\/pumagolf.dscgolf.com\/wp-content\/uploads\/2024\/02\/HIGH-RES-624487_01.jpg?fit=768%2C768&ssl=1",768,768,true],"large":["https:\/\/i0.wp.com\/pumagolf.dscgolf.com\/wp-content\/uploads\/2024\/02\/HIGH-RES-624487_01.jpg?fit=1024%2C1024&ssl=1",1024,1024,true],"1536x1536":["https:\/\/i0.wp.com\/pumagolf.dscgolf.com\/wp-content\/uploads\/2024\/02\/HIGH-RES-624487_01.jpg?fit=1536%2C1536&ssl=1",1536,1536,true],"2048x2048":["https:\/\/i0.wp.com\/pumagolf.dscgolf.com\/wp-content\/uploads\/2024\/02\/HIGH-RES-624487_01.jpg?fit=2000%2C2000&ssl=1",2000,2000,true],"woocommerce_thumbnail":["https:\/\/i0.wp.com\/pumagolf.dscgolf.com\/wp-content\/uploads\/2024\/02\/HIGH-RES-624487_01.jpg?resize=300%2C300&ssl=1",300,300,true],"woocommerce_single":["https:\/\/i0.wp.com\/pumagolf.dscgolf.com\/wp-content\/uploads\/2024\/02\/HIGH-RES-624487_01.jpg?fit=600%2C600&ssl=1",600,600,true],"woocommerce_gallery_thumbnail":["https:\/\/i0.wp.com\/pumagolf.dscgolf.com\/wp-content\/uploads\/2024\/02\/HIGH-RES-624487_01.jpg?resize=100%2C100&ssl=1",100,100,true]},"uagb_author_info":{"display_name":"pumagolfvn","author_link":"https:\/\/pumagolf.dscgolf.com\/index.php\/author\/"},"uagb_comment_info":0,"uagb_excerpt":"\u0110\u01b0\u1ee3c thi\u1ebft k\u1ebf t\u1eeb ch\u1ea5t li\u1ec7u CLOUDSPUN h\u00fat \u1ea9m, co gi\u00e3n 4 chi\u1ec1u, chi\u1ebfc \u00e1o polo n\u00e0y s\u1ebd gi\u1eef b\u1ea1n tho\u1ea3i m\u00e1i v\u00e0 kh\u00f4 r\u00e1o t\u1eeb tr\u00ean s\u00e2n cho t\u1edbi nh\u00e0 c\u00e2u l\u1ea1c b\u1ed9. Ch\u1ea5t li\u1ec7u v\u1ea3i CLOUDSPUN c\u1ee7a PUMA mang \u0111\u1ebfn c\u1ea3m gi\u00e1c v\u00f4 c\u00f9ng m\u1ec1m m\u1ea1i v\u1edbi kh\u1ea3 n\u0103ng co gi\u00e3n 4 chi\u1ec1u,&hellip;","_links":{"self":[{"href":"https:\/\/pumagolf.dscgolf.com\/index.php\/wp-json\/wp\/v2\/product\/11545","targetHints":{"allow":["GET"]}}],"collection":[{"href":"https:\/\/pumagolf.dscgolf.com\/index.php\/wp-json\/wp\/v2\/product"}],"about":[{"href":"https:\/\/pumagolf.dscgolf.com\/index.php\/wp-json\/wp\/v2\/types\/product"}],"replies":[{"embeddable":true,"href":"https:\/\/pumagolf.dscgolf.com\/index.php\/wp-json\/wp\/v2\/comments?post=11545"}],"version-history":[{"count":4,"href":"https:\/\/pumagolf.dscgolf.com\/index.php\/wp-json\/wp\/v2\/product\/11545\/revisions"}],"predecessor-version":[{"id":11557,"href":"https:\/\/pumagolf.dscgolf.com\/index.php\/wp-json\/wp\/v2\/product\/11545\/revisions\/11557"}],"wp:featuredmedia":[{"embeddable":true,"href":"https:\/\/pumagolf.dscgolf.com\/index.php\/wp-json\/wp\/v2\/media\/11546"}],"wp:attachment":[{"href":"https:\/\/pumagolf.dscgolf.com\/index.php\/wp-json\/wp\/v2\/media?parent=11545"}],"wp:term":[{"taxonomy":"product_brand","embeddable":true,"href":"https:\/\/pumagolf.dscgolf.com\/index.php\/wp-json\/wp\/v2\/product_brand?post=11545"},{"taxonomy":"product_cat","embeddable":true,"href":"https:\/\/pumagolf.dscgolf.com\/index.php\/wp-json\/wp\/v2\/product_cat?post=11545"},{"taxonomy":"product_tag","embeddable":true,"href":"https:\/\/pumagolf.dscgolf.com\/index.php\/wp-json\/wp\/v2\/product_tag?post=11545"}],"curies":[{"name":"wp","href":"https:\/\/api.w.org\/{rel}","templated":true}]}}