{"id":11085,"date":"2023-12-18T07:42:35","date_gmt":"2023-12-18T07:42:35","guid":{"rendered":"https:\/\/pumagolf.dscgolf.com\/?post_type=product&#038;p=11085"},"modified":"2024-03-04T09:12:10","modified_gmt":"2024-03-04T09:12:10","slug":"barrel-bag","status":"publish","type":"product","link":"https:\/\/pumagolf.dscgolf.com\/index.php\/product\/barrel-bag\/","title":{"rendered":"T\u00fai Golf PUMA Barrel"},"content":{"rendered":"\t\t<div data-elementor-type=\"wp-post\" data-elementor-id=\"11085\" class=\"elementor elementor-11085\">\n\t\t\t\t\t\t<section class=\"ob-is-breaking-bad elementor-section elementor-top-section elementor-element elementor-element-6f9bde5 elementor-section-boxed elementor-section-height-default elementor-section-height-default\" data-id=\"6f9bde5\" data-element_type=\"section\" data-settings=\"{&quot;_ob_bbad_use_it&quot;:&quot;yes&quot;,&quot;_ob_bbad_sssic_use&quot;:&quot;no&quot;,&quot;_ob_glider_is_slider&quot;:&quot;no&quot;}\">\n\t\t\t\t\t\t<div class=\"elementor-container elementor-column-gap-default\">\n\t\t\t\t\t<div class=\"elementor-column elementor-col-100 elementor-top-column elementor-element elementor-element-19ede83\" data-id=\"19ede83\" data-element_type=\"column\" data-settings=\"{&quot;_ob_bbad_is_stalker&quot;:&quot;no&quot;,&quot;_ob_teleporter_use&quot;:false,&quot;_ob_column_hoveranimator&quot;:&quot;no&quot;,&quot;_ob_column_has_pseudo&quot;:&quot;no&quot;}\">\n\t\t\t<div class=\"elementor-widget-wrap elementor-element-populated\">\n\t\t\t\t\t\t<div class=\"elementor-element elementor-element-9d6585b elementor-align-center ob-has-background-overlay elementor-widget elementor-widget-button\" data-id=\"9d6585b\" data-element_type=\"widget\" data-settings=\"{&quot;_ob_perspektive_use&quot;:&quot;no&quot;,&quot;_ob_poopart_use&quot;:&quot;yes&quot;,&quot;_ob_shadough_use&quot;:&quot;no&quot;,&quot;_ob_allow_hoveranimator&quot;:&quot;no&quot;,&quot;_ob_widget_stalker_use&quot;:&quot;no&quot;}\" data-widget_type=\"button.default\">\n\t\t\t\t<div class=\"elementor-widget-container\">\n\t\t\t\t\t\t\t\t\t<div class=\"elementor-button-wrapper\">\n\t\t\t\t\t<a class=\"elementor-button elementor-button-link elementor-size-xl\" href=\"https:\/\/dynamicsportsvn.com\/product\/view\/1133\">\n\t\t\t\t\t\t<span class=\"elementor-button-content-wrapper\">\n\t\t\t\t\t\t\t\t\t<span class=\"elementor-button-text\">\u0110\u1eb6T MUA NGAY<\/span>\n\t\t\t\t\t<\/span>\n\t\t\t\t\t<\/a>\n\t\t\t\t<\/div>\n\t\t\t\t\t\t\t\t<\/div>\n\t\t\t\t<\/div>\n\t\t\t\t<div class=\"elementor-element elementor-element-116ebd6 elementor-widget-divider--view-line ob-has-background-overlay elementor-widget elementor-widget-divider\" data-id=\"116ebd6\" data-element_type=\"widget\" data-settings=\"{&quot;_ob_perspektive_use&quot;:&quot;no&quot;,&quot;_ob_poopart_use&quot;:&quot;yes&quot;,&quot;_ob_shadough_use&quot;:&quot;no&quot;,&quot;_ob_allow_hoveranimator&quot;:&quot;no&quot;,&quot;_ob_widget_stalker_use&quot;:&quot;no&quot;}\" data-widget_type=\"divider.default\">\n\t\t\t\t<div class=\"elementor-widget-container\">\n\t\t\t\t\t\t\t<div class=\"elementor-divider\">\n\t\t\t<span class=\"elementor-divider-separator\">\n\t\t\t\t\t\t<\/span>\n\t\t<\/div>\n\t\t\t\t\t\t<\/div>\n\t\t\t\t<\/div>\n\t\t\t\t<div class=\"elementor-element elementor-element-5959d35 ob-harakiri-inherit ob-has-background-overlay elementor-widget elementor-widget-heading\" data-id=\"5959d35\" data-element_type=\"widget\" data-settings=\"{&quot;_ob_use_harakiri&quot;:&quot;yes&quot;,&quot;_ob_harakiri_writing_mode&quot;:&quot;inherit&quot;,&quot;_ob_harakiri_text_clip&quot;:&quot;none&quot;,&quot;_ob_perspektive_use&quot;:&quot;no&quot;,&quot;_ob_poopart_use&quot;:&quot;yes&quot;,&quot;_ob_shadough_use&quot;:&quot;no&quot;,&quot;_ob_allow_hoveranimator&quot;:&quot;no&quot;,&quot;_ob_widget_stalker_use&quot;:&quot;no&quot;}\" data-widget_type=\"heading.default\">\n\t\t\t\t<div class=\"elementor-widget-container\">\n\t\t\t\t\t<h2 class=\"elementor-heading-title elementor-size-default\">TH\u00d4NG S\u1ed0 CHI TI\u1ebeT<\/h2>\t\t\t\t<\/div>\n\t\t\t\t<\/div>\n\t\t\t\t<div class=\"elementor-element elementor-element-7930bd4 ob-harakiri-inherit ob-has-background-overlay elementor-widget elementor-widget-text-editor\" data-id=\"7930bd4\" data-element_type=\"widget\" data-settings=\"{&quot;_ob_use_harakiri&quot;:&quot;yes&quot;,&quot;_ob_harakiri_writing_mode&quot;:&quot;inherit&quot;,&quot;_ob_postman_use&quot;:&quot;no&quot;,&quot;_ob_perspektive_use&quot;:&quot;no&quot;,&quot;_ob_poopart_use&quot;:&quot;yes&quot;,&quot;_ob_shadough_use&quot;:&quot;no&quot;,&quot;_ob_allow_hoveranimator&quot;:&quot;no&quot;,&quot;_ob_widget_stalker_use&quot;:&quot;no&quot;}\" data-widget_type=\"text-editor.default\">\n\t\t\t\t<div class=\"elementor-widget-container\">\n\t\t\t\t\t\t\t\t\t<ul><li>H\u1ecda ti\u1ebft camo<\/li><li>Kh\u00f3a zip 2 chi\u1ec1u<\/li><li>Ng\u0103n \u0111\u1ed3 b\u00ean ngo\u00e0i c\u00f3 kh\u00f3a k\u00e9o ph\u00eda tr\u01b0\u1edbc<\/li><li>Ng\u0103n \u0111\u1ed3 b\u00ean trong c\u00f3 kh\u00f3a k\u00e9o<\/li><li>T\u00fai l\u01b0\u1edbi ph\u00eda b\u00ean c\u1ea1nh v\u00e0 ng\u0103n gi\u00e0y c\u00f3 kh\u00f3a k\u00e9o tho\u00e1ng kh\u00ed v\u1edbi m\u1eaft l\u01b0\u1edbi kim lo\u1ea1i\u00a0<\/li><li>Quai c\u1ea7m tay ph\u00eda tr\u00ean v\u00e0 quai \u0111eo vai<\/li><li>Logo Puma ph\u1ea3n quang v\u1edbi huy hi\u1ec7u 18 Hole<\/li><li>K\u00edch th\u01b0\u1edbc: L53 x W27 x H27 cm<\/li><\/ul>\t\t\t\t\t\t\t\t<\/div>\n\t\t\t\t<\/div>\n\t\t\t\t\t<\/div>\n\t\t<\/div>\n\t\t\t\t\t<\/div>\n\t\t<\/section>\n\t\t\t\t<\/div>\n\t\t","protected":false},"excerpt":{"rendered":"<p style=\"font-family:'FF DIN VN'; font-weight: 500\">\u0110\u01b0\u1ee3c thi\u1ebft k\u1ebf \u0111\u1ec3 mang t\u1ea5t c\u1ea3 \u0111\u1ed3 c\u1ee7a b\u1ea1n \u0111\u1ebfn s\u00e2n g\u00f4n v\u00e0 m\u1ecdi n\u01a1i \u1edf tr\u00ean \u0111\u01b0\u1eddng. V\u1edbi m\u1ed9t t\u00fai c\u00f3 kh\u00f3a k\u00e9o b\u00ean ngo\u00e0i ph\u00eda tr\u01b0\u1edbc v\u00e0 m\u1ed9t t\u00fai b\u00ean trong r\u1ed9ng r\u00e3i, c\u00f3 \u0111\u1ee7 ch\u1ed7 cho t\u1ea5t c\u1ea3 nh\u1eefng th\u1ee9 c\u1ea7n thi\u1ebft c\u1ee7a b\u1ea1n v\u00e0 h\u01a1n th\u1ebf n\u1eefa. N\u1ed5i b\u1eadt h\u01a1n b\u1edfi tay c\u1ea7m v\u00e0 d\u00e2y \u0111eo vai c\u00f3 \u0111\u1ec7m ph\u00eda tr\u00ean ti\u1ec7n l\u1ee3i.<\/p>\n","protected":false},"featured_media":11086,"comment_status":"open","ping_status":"closed","template":"","meta":{"_uag_custom_page_level_css":"","site-sidebar-layout":"no-sidebar","site-content-layout":"plain-container","ast-global-header-display":"","ast-main-header-display":"","ast-hfb-above-header-display":"","ast-hfb-below-header-display":"","ast-hfb-mobile-header-display":"","site-post-title":"disabled","ast-breadcrumbs-content":"","ast-featured-img":"disabled","footer-sml-layout":"","theme-transparent-header-meta":"default","adv-header-id-meta":"","stick-header-meta":"","header-above-stick-meta":"","header-main-stick-meta":"","header-below-stick-meta":""},"product_brand":[],"product_cat":[38,367],"product_tag":[114,382,1047],"class_list":{"0":"post-11085","1":"product","2":"type-product","3":"status-publish","4":"has-post-thumbnail","6":"product_cat-accessories","7":"product_cat-bag","8":"product_tag-accessories","9":"product_tag-bag","10":"product_tag-barrel","11":"pa_color-puma-black","12":"desktop-align-left","13":"tablet-align-left","14":"mobile-align-left","16":"first","17":"instock","18":"shipping-taxable","19":"product-type-simple"},"uagb_featured_image_src":{"full":["https:\/\/i0.wp.com\/pumagolf.dscgolf.com\/wp-content\/uploads\/2023\/12\/078119-01.webp?fit=750%2C750&ssl=1",750,750,false],"thumbnail":["https:\/\/i0.wp.com\/pumagolf.dscgolf.com\/wp-content\/uploads\/2023\/12\/078119-01.webp?resize=150%2C150&ssl=1",150,150,true],"medium":["https:\/\/i0.wp.com\/pumagolf.dscgolf.com\/wp-content\/uploads\/2023\/12\/078119-01.webp?fit=300%2C300&ssl=1",300,300,true],"medium_large":["https:\/\/i0.wp.com\/pumagolf.dscgolf.com\/wp-content\/uploads\/2023\/12\/078119-01.webp?fit=750%2C750&ssl=1",750,750,true],"large":["https:\/\/i0.wp.com\/pumagolf.dscgolf.com\/wp-content\/uploads\/2023\/12\/078119-01.webp?fit=750%2C750&ssl=1",750,750,true],"1536x1536":["https:\/\/i0.wp.com\/pumagolf.dscgolf.com\/wp-content\/uploads\/2023\/12\/078119-01.webp?fit=750%2C750&ssl=1",750,750,true],"2048x2048":["https:\/\/i0.wp.com\/pumagolf.dscgolf.com\/wp-content\/uploads\/2023\/12\/078119-01.webp?fit=750%2C750&ssl=1",750,750,true],"woocommerce_thumbnail":["https:\/\/i0.wp.com\/pumagolf.dscgolf.com\/wp-content\/uploads\/2023\/12\/078119-01.webp?resize=300%2C300&ssl=1",300,300,true],"woocommerce_single":["https:\/\/i0.wp.com\/pumagolf.dscgolf.com\/wp-content\/uploads\/2023\/12\/078119-01.webp?fit=600%2C600&ssl=1",600,600,true],"woocommerce_gallery_thumbnail":["https:\/\/i0.wp.com\/pumagolf.dscgolf.com\/wp-content\/uploads\/2023\/12\/078119-01.webp?resize=100%2C100&ssl=1",100,100,true]},"uagb_author_info":{"display_name":"pumagolfvn","author_link":"https:\/\/pumagolf.dscgolf.com\/index.php\/author\/"},"uagb_comment_info":0,"uagb_excerpt":"\u0110\u01b0\u1ee3c thi\u1ebft k\u1ebf \u0111\u1ec3 mang t\u1ea5t c\u1ea3 \u0111\u1ed3 c\u1ee7a b\u1ea1n \u0111\u1ebfn s\u00e2n g\u00f4n v\u00e0 m\u1ecdi n\u01a1i \u1edf tr\u00ean \u0111\u01b0\u1eddng. V\u1edbi m\u1ed9t t\u00fai c\u00f3 kh\u00f3a k\u00e9o b\u00ean ngo\u00e0i ph\u00eda tr\u01b0\u1edbc v\u00e0 m\u1ed9t t\u00fai b\u00ean trong r\u1ed9ng r\u00e3i, c\u00f3 \u0111\u1ee7 ch\u1ed7 cho t\u1ea5t c\u1ea3 nh\u1eefng th\u1ee9 c\u1ea7n thi\u1ebft c\u1ee7a b\u1ea1n v\u00e0 h\u01a1n th\u1ebf n\u1eefa. N\u1ed5i b\u1eadt h\u01a1n&hellip;","_links":{"self":[{"href":"https:\/\/pumagolf.dscgolf.com\/index.php\/wp-json\/wp\/v2\/product\/11085","targetHints":{"allow":["GET"]}}],"collection":[{"href":"https:\/\/pumagolf.dscgolf.com\/index.php\/wp-json\/wp\/v2\/product"}],"about":[{"href":"https:\/\/pumagolf.dscgolf.com\/index.php\/wp-json\/wp\/v2\/types\/product"}],"replies":[{"embeddable":true,"href":"https:\/\/pumagolf.dscgolf.com\/index.php\/wp-json\/wp\/v2\/comments?post=11085"}],"version-history":[{"count":14,"href":"https:\/\/pumagolf.dscgolf.com\/index.php\/wp-json\/wp\/v2\/product\/11085\/revisions"}],"predecessor-version":[{"id":12330,"href":"https:\/\/pumagolf.dscgolf.com\/index.php\/wp-json\/wp\/v2\/product\/11085\/revisions\/12330"}],"wp:featuredmedia":[{"embeddable":true,"href":"https:\/\/pumagolf.dscgolf.com\/index.php\/wp-json\/wp\/v2\/media\/11086"}],"wp:attachment":[{"href":"https:\/\/pumagolf.dscgolf.com\/index.php\/wp-json\/wp\/v2\/media?parent=11085"}],"wp:term":[{"taxonomy":"product_brand","embeddable":true,"href":"https:\/\/pumagolf.dscgolf.com\/index.php\/wp-json\/wp\/v2\/product_brand?post=11085"},{"taxonomy":"product_cat","embeddable":true,"href":"https:\/\/pumagolf.dscgolf.com\/index.php\/wp-json\/wp\/v2\/product_cat?post=11085"},{"taxonomy":"product_tag","embeddable":true,"href":"https:\/\/pumagolf.dscgolf.com\/index.php\/wp-json\/wp\/v2\/product_tag?post=11085"}],"curies":[{"name":"wp","href":"https:\/\/api.w.org\/{rel}","templated":true}]}}