{"id":11055,"date":"2023-12-18T07:05:57","date_gmt":"2023-12-18T07:05:57","guid":{"rendered":"https:\/\/pumagolf.dscgolf.com\/?post_type=product&#038;p=11055"},"modified":"2023-12-18T07:08:00","modified_gmt":"2023-12-18T07:08:00","slug":"structured-p-cap","status":"publish","type":"product","link":"https:\/\/pumagolf.dscgolf.com\/index.php\/product\/structured-p-cap\/","title":{"rendered":"M\u0169 L\u01b0\u1ee1i Trai Unisex Structured P Cap"},"content":{"rendered":"\t\t<div data-elementor-type=\"wp-post\" data-elementor-id=\"11055\" class=\"elementor elementor-11055\">\n\t\t\t\t\t\t<section class=\"ob-is-breaking-bad elementor-section elementor-top-section elementor-element elementor-element-6f9bde5 elementor-section-boxed elementor-section-height-default elementor-section-height-default\" data-id=\"6f9bde5\" data-element_type=\"section\" data-settings=\"{&quot;_ob_bbad_use_it&quot;:&quot;yes&quot;,&quot;_ob_bbad_sssic_use&quot;:&quot;no&quot;,&quot;_ob_glider_is_slider&quot;:&quot;no&quot;}\">\n\t\t\t\t\t\t<div class=\"elementor-container elementor-column-gap-default\">\n\t\t\t\t\t<div class=\"elementor-column elementor-col-100 elementor-top-column elementor-element elementor-element-19ede83\" data-id=\"19ede83\" data-element_type=\"column\" data-settings=\"{&quot;_ob_bbad_is_stalker&quot;:&quot;no&quot;,&quot;_ob_teleporter_use&quot;:false,&quot;_ob_column_hoveranimator&quot;:&quot;no&quot;,&quot;_ob_column_has_pseudo&quot;:&quot;no&quot;}\">\n\t\t\t<div class=\"elementor-widget-wrap elementor-element-populated\">\n\t\t\t\t\t\t<div class=\"elementor-element elementor-element-116ebd6 elementor-widget-divider--view-line ob-has-background-overlay elementor-widget elementor-widget-divider\" data-id=\"116ebd6\" data-element_type=\"widget\" data-settings=\"{&quot;_ob_perspektive_use&quot;:&quot;no&quot;,&quot;_ob_poopart_use&quot;:&quot;yes&quot;,&quot;_ob_shadough_use&quot;:&quot;no&quot;,&quot;_ob_allow_hoveranimator&quot;:&quot;no&quot;,&quot;_ob_widget_stalker_use&quot;:&quot;no&quot;}\" data-widget_type=\"divider.default\">\n\t\t\t\t<div class=\"elementor-widget-container\">\n\t\t\t\t\t\t\t<div class=\"elementor-divider\">\n\t\t\t<span class=\"elementor-divider-separator\">\n\t\t\t\t\t\t<\/span>\n\t\t<\/div>\n\t\t\t\t\t\t<\/div>\n\t\t\t\t<\/div>\n\t\t\t\t<div class=\"elementor-element elementor-element-5959d35 ob-harakiri-inherit ob-has-background-overlay elementor-widget elementor-widget-heading\" data-id=\"5959d35\" data-element_type=\"widget\" data-settings=\"{&quot;_ob_use_harakiri&quot;:&quot;yes&quot;,&quot;_ob_harakiri_writing_mode&quot;:&quot;inherit&quot;,&quot;_ob_harakiri_text_clip&quot;:&quot;none&quot;,&quot;_ob_perspektive_use&quot;:&quot;no&quot;,&quot;_ob_poopart_use&quot;:&quot;yes&quot;,&quot;_ob_shadough_use&quot;:&quot;no&quot;,&quot;_ob_allow_hoveranimator&quot;:&quot;no&quot;,&quot;_ob_widget_stalker_use&quot;:&quot;no&quot;}\" data-widget_type=\"heading.default\">\n\t\t\t\t<div class=\"elementor-widget-container\">\n\t\t\t\t\t<h2 class=\"elementor-heading-title elementor-size-default\">TH\u00d4NG S\u1ed0 CHI TI\u1ebeT<\/h2>\t\t\t\t<\/div>\n\t\t\t\t<\/div>\n\t\t\t\t<div class=\"elementor-element elementor-element-7b1d8b5 ob-harakiri-inherit ob-has-background-overlay elementor-widget elementor-widget-text-editor\" data-id=\"7b1d8b5\" data-element_type=\"widget\" data-settings=\"{&quot;_ob_use_harakiri&quot;:&quot;yes&quot;,&quot;_ob_harakiri_writing_mode&quot;:&quot;inherit&quot;,&quot;_ob_postman_use&quot;:&quot;no&quot;,&quot;_ob_perspektive_use&quot;:&quot;no&quot;,&quot;_ob_poopart_use&quot;:&quot;yes&quot;,&quot;_ob_shadough_use&quot;:&quot;no&quot;,&quot;_ob_allow_hoveranimator&quot;:&quot;no&quot;,&quot;_ob_widget_stalker_use&quot;:&quot;no&quot;}\" data-widget_type=\"text-editor.default\">\n\t\t\t\t<div class=\"elementor-widget-container\">\n\t\t\t\t\t\t\t\t\t<ul>\n<li style=\"margin-top: 0rem;\">Ch\u1ea5t li\u1ec7u: V\u1ecf 80% POLYESTER 16% VISCOSE 4% ELASTANE, L\u1edbp l\u00f3t ph\u00eda tr\u01b0\u1edbc: 100% Polyester, L\u1edbp v\u1ecf ngo\u00e0i ph\u00eda d\u01b0\u1edbi: 100% Polyester<\/li>\n<li style=\"margin-top: 0rem;\">M\u0169 6 m\u00fai c\u00f3 th\u1ec3 t\u00f9y ch\u1ec9nh k\u00edch c\u1ee1<\/li>\n<li style=\"margin-top: 0rem;\">Cong nh\u1eb9<\/li>\n<li style=\"margin-top: 0rem;\">\u0110ai m\u1ed3 h\u00f4i Flexfit 110 h\u00fat \u1ea9m, cho c\u1ea3m gi\u00e1c v\u1eeba v\u1eb7n<\/li>\n<li style=\"margin-top: 0rem;\">Kh\u00f3a buckle<\/li>\n<li style=\"margin-top: 0rem;\">Ch\u1eef P th\u00eau 3D ph\u00eda tr\u01b0\u1edbc<\/li>\n<\/ul>\t\t\t\t\t\t\t\t<\/div>\n\t\t\t\t<\/div>\n\t\t\t\t\t<\/div>\n\t\t<\/div>\n\t\t\t\t\t<\/div>\n\t\t<\/section>\n\t\t\t\t<\/div>\n\t\t","protected":false},"excerpt":{"rendered":"<p>V\u1edbi phong c\u00e1ch v\u1eeba v\u1eb7n h\u01a1n m\u1ed9t ch\u00fat so v\u1edbi ki\u1ec3u c\u1ed5 \u0111i\u1ec3n, M\u0169 l\u01b0\u1ee1i trai Structured P Cap l\u00e0 t\u1ea5t c\u1ea3 nh\u1eefng g\u00ec b\u1ea1n c\u1ea7n \u0111\u1ec3 th\u1ec3 hi\u1ec7n \u0111\u1ed9i chi\u1ebfn th\u1eafng c\u1ee7a m\u00ecnh.<\/p>\n","protected":false},"featured_media":11061,"comment_status":"open","ping_status":"closed","template":"","meta":{"_uag_custom_page_level_css":"","site-sidebar-layout":"no-sidebar","site-content-layout":"plain-container","ast-global-header-display":"","ast-main-header-display":"","ast-hfb-above-header-display":"","ast-hfb-below-header-display":"","ast-hfb-mobile-header-display":"","site-post-title":"disabled","ast-breadcrumbs-content":"","ast-featured-img":"disabled","footer-sml-layout":"","theme-transparent-header-meta":"default","adv-header-id-meta":"","stick-header-meta":"","header-above-stick-meta":"","header-main-stick-meta":"","header-below-stick-meta":""},"product_brand":[],"product_cat":[38,327,110],"product_tag":[328,1044,1045],"class_list":{"0":"post-11055","1":"product","2":"type-product","3":"status-publish","4":"has-post-thumbnail","6":"product_cat-accessories","7":"product_cat-caps","8":"product_cat-unisex","9":"product_tag-caps","10":"product_tag-structured","11":"product_tag-unisex","12":"pa_color-bright-white-puma-black-structured-p-cap","13":"pa_color-evening-sky-high-rise-structured-p-cap","14":"pa_color-flamingo-pink-bright-white-structured-p-cap","15":"pa_color-high-rise-bright-white-structured-p-cap","16":"pa_color-tropical-aqua-navy-blazer-structured-p-cap","17":"desktop-align-left","18":"tablet-align-left","19":"mobile-align-left","21":"first","22":"instock","23":"shipping-taxable","24":"purchasable","25":"product-type-variable","26":"has-default-attributes"},"uagb_featured_image_src":{"full":["https:\/\/i0.wp.com\/pumagolf.dscgolf.com\/wp-content\/uploads\/2023\/12\/02442504-1.webp?fit=750%2C750&ssl=1",750,750,false],"thumbnail":["https:\/\/i0.wp.com\/pumagolf.dscgolf.com\/wp-content\/uploads\/2023\/12\/02442504-1.webp?resize=150%2C150&ssl=1",150,150,true],"medium":["https:\/\/i0.wp.com\/pumagolf.dscgolf.com\/wp-content\/uploads\/2023\/12\/02442504-1.webp?fit=300%2C300&ssl=1",300,300,true],"medium_large":["https:\/\/i0.wp.com\/pumagolf.dscgolf.com\/wp-content\/uploads\/2023\/12\/02442504-1.webp?fit=750%2C750&ssl=1",750,750,true],"large":["https:\/\/i0.wp.com\/pumagolf.dscgolf.com\/wp-content\/uploads\/2023\/12\/02442504-1.webp?fit=750%2C750&ssl=1",750,750,true],"1536x1536":["https:\/\/i0.wp.com\/pumagolf.dscgolf.com\/wp-content\/uploads\/2023\/12\/02442504-1.webp?fit=750%2C750&ssl=1",750,750,true],"2048x2048":["https:\/\/i0.wp.com\/pumagolf.dscgolf.com\/wp-content\/uploads\/2023\/12\/02442504-1.webp?fit=750%2C750&ssl=1",750,750,true],"woocommerce_thumbnail":["https:\/\/i0.wp.com\/pumagolf.dscgolf.com\/wp-content\/uploads\/2023\/12\/02442504-1.webp?resize=300%2C300&ssl=1",300,300,true],"woocommerce_single":["https:\/\/i0.wp.com\/pumagolf.dscgolf.com\/wp-content\/uploads\/2023\/12\/02442504-1.webp?fit=600%2C600&ssl=1",600,600,true],"woocommerce_gallery_thumbnail":["https:\/\/i0.wp.com\/pumagolf.dscgolf.com\/wp-content\/uploads\/2023\/12\/02442504-1.webp?resize=100%2C100&ssl=1",100,100,true]},"uagb_author_info":{"display_name":"pumagolfvn","author_link":"https:\/\/pumagolf.dscgolf.com\/index.php\/author\/"},"uagb_comment_info":0,"uagb_excerpt":"V\u1edbi phong c\u00e1ch v\u1eeba v\u1eb7n h\u01a1n m\u1ed9t ch\u00fat so v\u1edbi ki\u1ec3u c\u1ed5 \u0111i\u1ec3n, M\u0169 l\u01b0\u1ee1i trai Structured P Cap l\u00e0 t\u1ea5t c\u1ea3 nh\u1eefng g\u00ec b\u1ea1n c\u1ea7n \u0111\u1ec3 th\u1ec3 hi\u1ec7n \u0111\u1ed9i chi\u1ebfn th\u1eafng c\u1ee7a m\u00ecnh.","_links":{"self":[{"href":"https:\/\/pumagolf.dscgolf.com\/index.php\/wp-json\/wp\/v2\/product\/11055","targetHints":{"allow":["GET"]}}],"collection":[{"href":"https:\/\/pumagolf.dscgolf.com\/index.php\/wp-json\/wp\/v2\/product"}],"about":[{"href":"https:\/\/pumagolf.dscgolf.com\/index.php\/wp-json\/wp\/v2\/types\/product"}],"replies":[{"embeddable":true,"href":"https:\/\/pumagolf.dscgolf.com\/index.php\/wp-json\/wp\/v2\/comments?post=11055"}],"version-history":[{"count":5,"href":"https:\/\/pumagolf.dscgolf.com\/index.php\/wp-json\/wp\/v2\/product\/11055\/revisions"}],"predecessor-version":[{"id":11080,"href":"https:\/\/pumagolf.dscgolf.com\/index.php\/wp-json\/wp\/v2\/product\/11055\/revisions\/11080"}],"wp:featuredmedia":[{"embeddable":true,"href":"https:\/\/pumagolf.dscgolf.com\/index.php\/wp-json\/wp\/v2\/media\/11061"}],"wp:attachment":[{"href":"https:\/\/pumagolf.dscgolf.com\/index.php\/wp-json\/wp\/v2\/media?parent=11055"}],"wp:term":[{"taxonomy":"product_brand","embeddable":true,"href":"https:\/\/pumagolf.dscgolf.com\/index.php\/wp-json\/wp\/v2\/product_brand?post=11055"},{"taxonomy":"product_cat","embeddable":true,"href":"https:\/\/pumagolf.dscgolf.com\/index.php\/wp-json\/wp\/v2\/product_cat?post=11055"},{"taxonomy":"product_tag","embeddable":true,"href":"https:\/\/pumagolf.dscgolf.com\/index.php\/wp-json\/wp\/v2\/product_tag?post=11055"}],"curies":[{"name":"wp","href":"https:\/\/api.w.org\/{rel}","templated":true}]}}