{"id":7037,"date":"2022-10-17T07:44:55","date_gmt":"2022-10-17T07:44:55","guid":{"rendered":"https:\/\/pumagolf.dscgolf.com\/?page_id=7037"},"modified":"2025-02-07T09:35:18","modified_gmt":"2025-02-07T09:35:18","slug":"giay-nam-disc","status":"publish","type":"page","link":"https:\/\/pumagolf.dscgolf.com\/index.php\/giay-nam-disc\/","title":{"rendered":"Gi\u00e0y nam DISC"},"content":{"rendered":"\t\t<div data-elementor-type=\"wp-page\" data-elementor-id=\"7037\" class=\"elementor elementor-7037\">\n\t\t\t\t\t\t<section class=\"ob-is-breaking-bad elementor-section elementor-top-section elementor-element elementor-element-6b0018a elementor-section-boxed elementor-section-height-default elementor-section-height-default\" data-id=\"6b0018a\" data-element_type=\"section\" data-settings=\"{&quot;_ob_bbad_use_it&quot;:&quot;yes&quot;,&quot;_ob_bbad_sssic_use&quot;:&quot;no&quot;,&quot;_ob_glider_is_slider&quot;:&quot;no&quot;}\">\n\t\t\t\t\t\t<div class=\"elementor-container elementor-column-gap-default\">\n\t\t\t\t\t<div class=\"elementor-column elementor-col-100 elementor-top-column elementor-element elementor-element-8faa0f4\" data-id=\"8faa0f4\" data-element_type=\"column\" data-settings=\"{&quot;_ob_bbad_is_stalker&quot;:&quot;no&quot;,&quot;_ob_teleporter_use&quot;:false,&quot;_ob_column_hoveranimator&quot;:&quot;no&quot;,&quot;_ob_column_has_pseudo&quot;:&quot;no&quot;}\">\n\t\t\t<div class=\"elementor-widget-wrap elementor-element-populated\">\n\t\t\t\t\t\t<div class=\"elementor-element elementor-element-62f440e ob-harakiri-inherit ob-has-background-overlay elementor-widget elementor-widget-heading\" data-id=\"62f440e\" data-element_type=\"widget\" data-settings=\"{&quot;_ob_use_harakiri&quot;:&quot;yes&quot;,&quot;_ob_harakiri_writing_mode&quot;:&quot;inherit&quot;,&quot;_ob_harakiri_text_clip&quot;:&quot;none&quot;,&quot;_ob_perspektive_use&quot;:&quot;no&quot;,&quot;_ob_poopart_use&quot;:&quot;yes&quot;,&quot;_ob_shadough_use&quot;:&quot;no&quot;,&quot;_ob_allow_hoveranimator&quot;:&quot;no&quot;,&quot;_ob_widget_stalker_use&quot;:&quot;no&quot;}\" data-widget_type=\"heading.default\">\n\t\t\t\t<div class=\"elementor-widget-container\">\n\t\t\t\t\t<h3 class=\"elementor-heading-title elementor-size-default\">Gi\u00e0y Nam Kh\u00f3a DISC<\/h3>\t\t\t\t<\/div>\n\t\t\t\t<\/div>\n\t\t\t\t\t<\/div>\n\t\t<\/div>\n\t\t\t\t\t<\/div>\n\t\t<\/section>\n\t\t\t\t<section class=\"ob-is-breaking-bad elementor-section elementor-top-section elementor-element elementor-element-3d46c0e elementor-section-boxed elementor-section-height-default elementor-section-height-default\" data-id=\"3d46c0e\" data-element_type=\"section\" data-settings=\"{&quot;_ob_bbad_use_it&quot;:&quot;yes&quot;,&quot;_ob_bbad_sssic_use&quot;:&quot;no&quot;,&quot;_ob_glider_is_slider&quot;:&quot;no&quot;}\">\n\t\t\t\t\t\t<div class=\"elementor-container elementor-column-gap-default\">\n\t\t\t\t\t<div class=\"elementor-column elementor-col-100 elementor-top-column elementor-element elementor-element-5cc2c52\" data-id=\"5cc2c52\" data-element_type=\"column\" data-settings=\"{&quot;_ob_bbad_is_stalker&quot;:&quot;no&quot;,&quot;_ob_teleporter_use&quot;:false,&quot;_ob_column_hoveranimator&quot;:&quot;no&quot;,&quot;_ob_column_has_pseudo&quot;:&quot;no&quot;}\">\n\t\t\t<div class=\"elementor-widget-wrap elementor-element-populated\">\n\t\t\t\t\t\t<div class=\"elementor-element elementor-element-5343f99 ob-has-background-overlay elementor-widget elementor-widget-shortcode\" data-id=\"5343f99\" data-element_type=\"widget\" data-settings=\"{&quot;_ob_perspektive_use&quot;:&quot;no&quot;,&quot;_ob_poopart_use&quot;:&quot;yes&quot;,&quot;_ob_shadough_use&quot;:&quot;no&quot;,&quot;_ob_allow_hoveranimator&quot;:&quot;no&quot;,&quot;_ob_widget_stalker_use&quot;:&quot;no&quot;}\" data-widget_type=\"shortcode.default\">\n\t\t\t\t<div class=\"elementor-widget-container\">\n\t\t\t\t\t\t\t<div class=\"elementor-shortcode\"><div class=\"woocommerce columns-4 \"><ul class=\"products columns-4\">\n<li class=\"desktop-align-left tablet-align-left mobile-align-left product type-product post-12477 status-publish first instock product_cat-disc product_cat-ignite-innovate product_cat-men product_cat-shoes product_cat-spiked product_tag-disc product_tag-ignite product_tag-innovate product_tag-shoes has-post-thumbnail shipping-taxable purchasable product-type-variable has-default-attributes woo-variation-gallery-product\">\n\t<a href=\"https:\/\/pumagolf.dscgolf.com\/index.php\/product\/ignite-innovate\/\" class=\"woocommerce-LoopProduct-link woocommerce-loop-product__link\"><img fetchpriority=\"high\" decoding=\"async\" width=\"300\" height=\"300\" src=\"https:\/\/i0.wp.com\/pumagolf.dscgolf.com\/wp-content\/uploads\/2024\/03\/379209_01_sv01.webp?resize=300%2C300&amp;ssl=1\" class=\"attachment-woocommerce_thumbnail size-woocommerce_thumbnail\" alt=\"Gi\u00e0y Golf C\u00f3 \u0110inh IGNITE Innovate\" srcset=\"https:\/\/i0.wp.com\/pumagolf.dscgolf.com\/wp-content\/uploads\/2024\/03\/379209_01_sv01.webp?w=2000&amp;ssl=1 2000w, https:\/\/i0.wp.com\/pumagolf.dscgolf.com\/wp-content\/uploads\/2024\/03\/379209_01_sv01.webp?resize=300%2C300&amp;ssl=1 300w, https:\/\/i0.wp.com\/pumagolf.dscgolf.com\/wp-content\/uploads\/2024\/03\/379209_01_sv01.webp?resize=1024%2C1024&amp;ssl=1 1024w, https:\/\/i0.wp.com\/pumagolf.dscgolf.com\/wp-content\/uploads\/2024\/03\/379209_01_sv01.webp?resize=150%2C150&amp;ssl=1 150w, https:\/\/i0.wp.com\/pumagolf.dscgolf.com\/wp-content\/uploads\/2024\/03\/379209_01_sv01.webp?resize=768%2C768&amp;ssl=1 768w, https:\/\/i0.wp.com\/pumagolf.dscgolf.com\/wp-content\/uploads\/2024\/03\/379209_01_sv01.webp?resize=1536%2C1536&amp;ssl=1 1536w, https:\/\/i0.wp.com\/pumagolf.dscgolf.com\/wp-content\/uploads\/2024\/03\/379209_01_sv01.webp?resize=80%2C80&amp;ssl=1 80w, https:\/\/i0.wp.com\/pumagolf.dscgolf.com\/wp-content\/uploads\/2024\/03\/379209_01_sv01.webp?resize=600%2C600&amp;ssl=1 600w, https:\/\/i0.wp.com\/pumagolf.dscgolf.com\/wp-content\/uploads\/2024\/03\/379209_01_sv01.webp?resize=100%2C100&amp;ssl=1 100w\" sizes=\"(max-width: 300px) 100vw, 300px\" \/><h2 class=\"woocommerce-loop-product__title\">Gi\u00e0y Golf C\u00f3 \u0110inh IGNITE Innovate<\/h2><div class=\"star-rating\"><span style=\"width:0%\">Rated <strong class=\"rating\">0<\/strong> out of 5<\/span><\/div>\n<\/a><a href=\"https:\/\/pumagolf.dscgolf.com\/index.php\/product\/ignite-innovate\/\" aria-describedby=\"woocommerce_loop_add_to_cart_link_describedby_12477\" data-quantity=\"1\" class=\"button product_type_variable add_to_cart_button\" data-product_id=\"12477\" data-product_sku=\"379209\" aria-label=\"Select options for &ldquo;Gi\u00e0y Golf C\u00f3 \u0110inh IGNITE Innovate&rdquo;\" rel=\"nofollow\">Select options<\/a>\t<span id=\"woocommerce_loop_add_to_cart_link_describedby_12477\" class=\"screen-reader-text\">\n\t\tThis product has multiple variants. The options may be chosen on the product page\t<\/span>\n<\/li>\n<li class=\"desktop-align-left tablet-align-left mobile-align-left product type-product post-10007 status-publish instock product_cat-alphacat-nitro product_cat-disc product_cat-men product_cat-shoes product_cat-spikeless product_tag-alphacat-nitro product_tag-disc product_tag-shoes product_tag-spikeless has-post-thumbnail shipping-taxable purchasable product-type-variable has-default-attributes woo-variation-gallery-product\">\n\t<a href=\"https:\/\/pumagolf.dscgolf.com\/index.php\/product\/alphacat-nitro-disc\/\" class=\"woocommerce-LoopProduct-link woocommerce-loop-product__link\"><img decoding=\"async\" width=\"300\" height=\"300\" src=\"https:\/\/i0.wp.com\/pumagolf.dscgolf.com\/wp-content\/uploads\/2023\/05\/orjubltaxkbaneincrak_750x.webp?resize=300%2C300&amp;ssl=1\" class=\"attachment-woocommerce_thumbnail size-woocommerce_thumbnail\" alt=\"Gi\u00e0y PROADAPT ALPHACAT Nitro Disc\" srcset=\"https:\/\/i0.wp.com\/pumagolf.dscgolf.com\/wp-content\/uploads\/2023\/05\/orjubltaxkbaneincrak_750x.webp?w=750&amp;ssl=1 750w, https:\/\/i0.wp.com\/pumagolf.dscgolf.com\/wp-content\/uploads\/2023\/05\/orjubltaxkbaneincrak_750x.webp?resize=300%2C300&amp;ssl=1 300w, https:\/\/i0.wp.com\/pumagolf.dscgolf.com\/wp-content\/uploads\/2023\/05\/orjubltaxkbaneincrak_750x.webp?resize=150%2C150&amp;ssl=1 150w, https:\/\/i0.wp.com\/pumagolf.dscgolf.com\/wp-content\/uploads\/2023\/05\/orjubltaxkbaneincrak_750x.webp?resize=80%2C80&amp;ssl=1 80w, https:\/\/i0.wp.com\/pumagolf.dscgolf.com\/wp-content\/uploads\/2023\/05\/orjubltaxkbaneincrak_750x.webp?resize=600%2C600&amp;ssl=1 600w, https:\/\/i0.wp.com\/pumagolf.dscgolf.com\/wp-content\/uploads\/2023\/05\/orjubltaxkbaneincrak_750x.webp?resize=100%2C100&amp;ssl=1 100w\" sizes=\"(max-width: 300px) 100vw, 300px\" \/><h2 class=\"woocommerce-loop-product__title\">Gi\u00e0y PROADAPT ALPHACAT Nitro Disc<\/h2><div class=\"star-rating\"><span style=\"width:0%\">Rated <strong class=\"rating\">0<\/strong> out of 5<\/span><\/div>\n<\/a><a href=\"https:\/\/pumagolf.dscgolf.com\/index.php\/product\/alphacat-nitro-disc\/\" aria-describedby=\"woocommerce_loop_add_to_cart_link_describedby_10007\" data-quantity=\"1\" class=\"button product_type_variable add_to_cart_button\" data-product_id=\"10007\" data-product_sku=\"378920\" aria-label=\"Select options for &ldquo;Gi\u00e0y PROADAPT ALPHACAT Nitro Disc&rdquo;\" rel=\"nofollow\">Select options<\/a>\t<span id=\"woocommerce_loop_add_to_cart_link_describedby_10007\" class=\"screen-reader-text\">\n\t\tThis product has multiple variants. The options may be chosen on the product page\t<\/span>\n<\/li>\n<li class=\"desktop-align-left tablet-align-left mobile-align-left product type-product post-8254 status-publish instock product_cat-disc product_cat-ignite-elevate product_cat-men product_cat-shoes product_cat-spikeless product_tag-disc product_tag-elevate product_tag-ignite product_tag-shoes has-post-thumbnail shipping-taxable purchasable product-type-variable has-default-attributes woo-variation-gallery-product\">\n\t<a href=\"https:\/\/pumagolf.dscgolf.com\/index.php\/product\/ignite-elevate-disc\/\" class=\"woocommerce-LoopProduct-link woocommerce-loop-product__link\"><img decoding=\"async\" width=\"300\" height=\"300\" src=\"https:\/\/i0.wp.com\/pumagolf.dscgolf.com\/wp-content\/uploads\/2023\/04\/j6eee9gpeeqwslpan7ra_07412304-db0c-469b-a112-31dd07a06e64_750x-1.webp?resize=300%2C300&amp;ssl=1\" class=\"attachment-woocommerce_thumbnail size-woocommerce_thumbnail\" alt=\"Gi\u00e0y Golf Kh\u00f4ng \u0110inh IGNITE ELEVATE Disc\" srcset=\"https:\/\/i0.wp.com\/pumagolf.dscgolf.com\/wp-content\/uploads\/2023\/04\/j6eee9gpeeqwslpan7ra_07412304-db0c-469b-a112-31dd07a06e64_750x-1.webp?w=750&amp;ssl=1 750w, https:\/\/i0.wp.com\/pumagolf.dscgolf.com\/wp-content\/uploads\/2023\/04\/j6eee9gpeeqwslpan7ra_07412304-db0c-469b-a112-31dd07a06e64_750x-1.webp?resize=300%2C300&amp;ssl=1 300w, https:\/\/i0.wp.com\/pumagolf.dscgolf.com\/wp-content\/uploads\/2023\/04\/j6eee9gpeeqwslpan7ra_07412304-db0c-469b-a112-31dd07a06e64_750x-1.webp?resize=150%2C150&amp;ssl=1 150w, https:\/\/i0.wp.com\/pumagolf.dscgolf.com\/wp-content\/uploads\/2023\/04\/j6eee9gpeeqwslpan7ra_07412304-db0c-469b-a112-31dd07a06e64_750x-1.webp?resize=80%2C80&amp;ssl=1 80w, https:\/\/i0.wp.com\/pumagolf.dscgolf.com\/wp-content\/uploads\/2023\/04\/j6eee9gpeeqwslpan7ra_07412304-db0c-469b-a112-31dd07a06e64_750x-1.webp?resize=600%2C600&amp;ssl=1 600w, https:\/\/i0.wp.com\/pumagolf.dscgolf.com\/wp-content\/uploads\/2023\/04\/j6eee9gpeeqwslpan7ra_07412304-db0c-469b-a112-31dd07a06e64_750x-1.webp?resize=100%2C100&amp;ssl=1 100w\" sizes=\"(max-width: 300px) 100vw, 300px\" \/><h2 class=\"woocommerce-loop-product__title\">Gi\u00e0y Golf Kh\u00f4ng \u0110inh IGNITE ELEVATE Disc<\/h2><div class=\"star-rating\"><span style=\"width:0%\">Rated <strong class=\"rating\">0<\/strong> out of 5<\/span><\/div>\n<\/a><a href=\"https:\/\/pumagolf.dscgolf.com\/index.php\/product\/ignite-elevate-disc\/\" aria-describedby=\"woocommerce_loop_add_to_cart_link_describedby_8254\" data-quantity=\"1\" class=\"button product_type_variable add_to_cart_button\" data-product_id=\"8254\" data-product_sku=\"376080\" aria-label=\"Select options for &ldquo;Gi\u00e0y Golf Kh\u00f4ng \u0110inh IGNITE ELEVATE Disc&rdquo;\" rel=\"nofollow\">Select options<\/a>\t<span id=\"woocommerce_loop_add_to_cart_link_describedby_8254\" class=\"screen-reader-text\">\n\t\tThis product has multiple variants. The options may be chosen on the product page\t<\/span>\n<\/li>\n<li class=\"desktop-align-left tablet-align-left mobile-align-left product type-product post-4778 status-publish last outofstock product_cat-disc product_cat-ignite-fasten8 product_cat-men product_cat-shoes product_cat-spikeless product_tag-fasten8 product_tag-laces product_tag-shoes has-post-thumbnail shipping-taxable purchasable product-type-variable woo-variation-gallery-product\">\n\t<a href=\"https:\/\/pumagolf.dscgolf.com\/index.php\/product\/fasten8-disc\/\" class=\"woocommerce-LoopProduct-link woocommerce-loop-product__link\"><img loading=\"lazy\" decoding=\"async\" width=\"300\" height=\"300\" src=\"https:\/\/i0.wp.com\/pumagolf.dscgolf.com\/wp-content\/uploads\/2022\/08\/194541_01.png?resize=300%2C300&amp;ssl=1\" class=\"attachment-woocommerce_thumbnail size-woocommerce_thumbnail\" alt=\"Gi\u00e0y IGNITE FASTEN8 DISC\" srcset=\"https:\/\/i0.wp.com\/pumagolf.dscgolf.com\/wp-content\/uploads\/2022\/08\/194541_01.png?w=2000&amp;ssl=1 2000w, https:\/\/i0.wp.com\/pumagolf.dscgolf.com\/wp-content\/uploads\/2022\/08\/194541_01.png?resize=300%2C300&amp;ssl=1 300w, https:\/\/i0.wp.com\/pumagolf.dscgolf.com\/wp-content\/uploads\/2022\/08\/194541_01.png?resize=1024%2C1024&amp;ssl=1 1024w, https:\/\/i0.wp.com\/pumagolf.dscgolf.com\/wp-content\/uploads\/2022\/08\/194541_01.png?resize=150%2C150&amp;ssl=1 150w, https:\/\/i0.wp.com\/pumagolf.dscgolf.com\/wp-content\/uploads\/2022\/08\/194541_01.png?resize=768%2C768&amp;ssl=1 768w, https:\/\/i0.wp.com\/pumagolf.dscgolf.com\/wp-content\/uploads\/2022\/08\/194541_01.png?resize=1536%2C1536&amp;ssl=1 1536w, https:\/\/i0.wp.com\/pumagolf.dscgolf.com\/wp-content\/uploads\/2022\/08\/194541_01.png?resize=600%2C600&amp;ssl=1 600w, https:\/\/i0.wp.com\/pumagolf.dscgolf.com\/wp-content\/uploads\/2022\/08\/194541_01.png?resize=100%2C100&amp;ssl=1 100w\" sizes=\"(max-width: 300px) 100vw, 300px\" \/><img data-recalc-dims=\"1\" loading=\"lazy\" decoding=\"async\" width=\"300\" height=\"300\" src=\"https:\/\/i0.wp.com\/pumagolf.dscgolf.com\/wp-content\/uploads\/2022\/08\/194541_01_sv02.png?resize=300%2C300&#038;ssl=1\" class=\"show-on-hover\" alt=\"\" srcset=\"https:\/\/i0.wp.com\/pumagolf.dscgolf.com\/wp-content\/uploads\/2022\/08\/194541_01_sv02.png?resize=300%2C300&amp;ssl=1 300w, https:\/\/i0.wp.com\/pumagolf.dscgolf.com\/wp-content\/uploads\/2022\/08\/194541_01_sv02.png?resize=1024%2C1024&amp;ssl=1 1024w, https:\/\/i0.wp.com\/pumagolf.dscgolf.com\/wp-content\/uploads\/2022\/08\/194541_01_sv02.png?resize=150%2C150&amp;ssl=1 150w, https:\/\/i0.wp.com\/pumagolf.dscgolf.com\/wp-content\/uploads\/2022\/08\/194541_01_sv02.png?resize=768%2C768&amp;ssl=1 768w, https:\/\/i0.wp.com\/pumagolf.dscgolf.com\/wp-content\/uploads\/2022\/08\/194541_01_sv02.png?resize=1536%2C1536&amp;ssl=1 1536w, https:\/\/i0.wp.com\/pumagolf.dscgolf.com\/wp-content\/uploads\/2022\/08\/194541_01_sv02.png?resize=600%2C600&amp;ssl=1 600w, https:\/\/i0.wp.com\/pumagolf.dscgolf.com\/wp-content\/uploads\/2022\/08\/194541_01_sv02.png?resize=100%2C100&amp;ssl=1 100w, https:\/\/i0.wp.com\/pumagolf.dscgolf.com\/wp-content\/uploads\/2022\/08\/194541_01_sv02.png?w=2000&amp;ssl=1 2000w\" sizes=\"(max-width: 300px) 100vw, 300px\" \/><h2 class=\"woocommerce-loop-product__title\">Gi\u00e0y IGNITE FASTEN8 DISC<\/h2><div class=\"star-rating\"><span style=\"width:0%\">Rated <strong class=\"rating\">0<\/strong> out of 5<\/span><\/div>\n\t<span class=\"price\"><span class=\"woocommerce-Price-amount amount\"><bdi><span class=\"woocommerce-Price-currencySymbol\">&#36;<\/span>0.00<\/bdi><\/span><\/span>\n<\/a><a href=\"https:\/\/pumagolf.dscgolf.com\/index.php\/product\/fasten8-disc\/\" aria-describedby=\"woocommerce_loop_add_to_cart_link_describedby_4778\" data-quantity=\"1\" class=\"button product_type_variable\" data-product_id=\"4778\" data-product_sku=\"\" aria-label=\"Select options for &ldquo;Gi\u00e0y IGNITE FASTEN8 DISC&rdquo;\" rel=\"nofollow\">Select options<\/a>\t<span id=\"woocommerce_loop_add_to_cart_link_describedby_4778\" class=\"screen-reader-text\">\n\t\tThis product has multiple variants. The options may be chosen on the product page\t<\/span>\n<\/li>\n<li class=\"desktop-align-left tablet-align-left mobile-align-left product type-product post-4448 status-publish first instock product_cat-alphacat product_cat-disc product_cat-men product_cat-shoes product_cat-spikeless product_tag-alphacat product_tag-disc product_tag-proadapt product_tag-shoes has-post-thumbnail shipping-taxable purchasable product-type-variable has-default-attributes woo-variation-gallery-product\">\n\t<a href=\"https:\/\/pumagolf.dscgolf.com\/index.php\/product\/proadapt-alphacat-disc\/\" class=\"woocommerce-LoopProduct-link woocommerce-loop-product__link\"><img loading=\"lazy\" decoding=\"async\" width=\"300\" height=\"300\" src=\"https:\/\/i0.wp.com\/pumagolf.dscgolf.com\/wp-content\/uploads\/2022\/08\/615b195905c1e7da5084e62893bc826cf1b361d3_750x.webp?resize=300%2C300&amp;ssl=1\" class=\"attachment-woocommerce_thumbnail size-woocommerce_thumbnail\" alt=\"Gi\u00e0y PROADAPT ALPHACAT DISC\" srcset=\"https:\/\/i0.wp.com\/pumagolf.dscgolf.com\/wp-content\/uploads\/2022\/08\/615b195905c1e7da5084e62893bc826cf1b361d3_750x.webp?w=750&amp;ssl=1 750w, https:\/\/i0.wp.com\/pumagolf.dscgolf.com\/wp-content\/uploads\/2022\/08\/615b195905c1e7da5084e62893bc826cf1b361d3_750x.webp?resize=300%2C300&amp;ssl=1 300w, https:\/\/i0.wp.com\/pumagolf.dscgolf.com\/wp-content\/uploads\/2022\/08\/615b195905c1e7da5084e62893bc826cf1b361d3_750x.webp?resize=150%2C150&amp;ssl=1 150w, https:\/\/i0.wp.com\/pumagolf.dscgolf.com\/wp-content\/uploads\/2022\/08\/615b195905c1e7da5084e62893bc826cf1b361d3_750x.webp?resize=80%2C80&amp;ssl=1 80w, https:\/\/i0.wp.com\/pumagolf.dscgolf.com\/wp-content\/uploads\/2022\/08\/615b195905c1e7da5084e62893bc826cf1b361d3_750x.webp?resize=600%2C600&amp;ssl=1 600w, https:\/\/i0.wp.com\/pumagolf.dscgolf.com\/wp-content\/uploads\/2022\/08\/615b195905c1e7da5084e62893bc826cf1b361d3_750x.webp?resize=100%2C100&amp;ssl=1 100w\" sizes=\"(max-width: 300px) 100vw, 300px\" \/><h2 class=\"woocommerce-loop-product__title\">Gi\u00e0y PROADAPT ALPHACAT DISC<\/h2><div class=\"star-rating\"><span style=\"width:0%\">Rated <strong class=\"rating\">0<\/strong> out of 5<\/span><\/div>\n<\/a><a href=\"https:\/\/pumagolf.dscgolf.com\/index.php\/product\/proadapt-alphacat-disc\/\" aria-describedby=\"woocommerce_loop_add_to_cart_link_describedby_4448\" data-quantity=\"1\" class=\"button product_type_variable add_to_cart_button\" data-product_id=\"4448\" data-product_sku=\"\" aria-label=\"Select options for &ldquo;Gi\u00e0y PROADAPT ALPHACAT DISC&rdquo;\" rel=\"nofollow\">Select options<\/a>\t<span id=\"woocommerce_loop_add_to_cart_link_describedby_4448\" class=\"screen-reader-text\">\n\t\tThis product has multiple variants. The options may be chosen on the product page\t<\/span>\n<\/li>\n<li class=\"desktop-align-left tablet-align-left mobile-align-left product type-product post-4304 status-publish instock product_cat-disc product_cat-ignite-articulate product_cat-men product_cat-shoes product_cat-spiked product_tag-articulate product_tag-disc product_tag-ignite product_tag-shoes product_tag-spiked has-post-thumbnail shipping-taxable purchasable product-type-variable has-default-attributes woo-variation-gallery-product\">\n\t<a href=\"https:\/\/pumagolf.dscgolf.com\/index.php\/product\/ignite-articulate-disc\/\" class=\"woocommerce-LoopProduct-link woocommerce-loop-product__link\"><img loading=\"lazy\" decoding=\"async\" width=\"300\" height=\"300\" src=\"https:\/\/i0.wp.com\/pumagolf.dscgolf.com\/wp-content\/uploads\/2022\/08\/5da0a5717ead856d57d5220fcb8383761f842708_750x.webp?resize=300%2C300&amp;ssl=1\" class=\"attachment-woocommerce_thumbnail size-woocommerce_thumbnail\" alt=\"GI\u00c0Y IGNITE ARTICULATE DISC\" srcset=\"https:\/\/i0.wp.com\/pumagolf.dscgolf.com\/wp-content\/uploads\/2022\/08\/5da0a5717ead856d57d5220fcb8383761f842708_750x.webp?w=750&amp;ssl=1 750w, https:\/\/i0.wp.com\/pumagolf.dscgolf.com\/wp-content\/uploads\/2022\/08\/5da0a5717ead856d57d5220fcb8383761f842708_750x.webp?resize=300%2C300&amp;ssl=1 300w, https:\/\/i0.wp.com\/pumagolf.dscgolf.com\/wp-content\/uploads\/2022\/08\/5da0a5717ead856d57d5220fcb8383761f842708_750x.webp?resize=150%2C150&amp;ssl=1 150w, https:\/\/i0.wp.com\/pumagolf.dscgolf.com\/wp-content\/uploads\/2022\/08\/5da0a5717ead856d57d5220fcb8383761f842708_750x.webp?resize=80%2C80&amp;ssl=1 80w, https:\/\/i0.wp.com\/pumagolf.dscgolf.com\/wp-content\/uploads\/2022\/08\/5da0a5717ead856d57d5220fcb8383761f842708_750x.webp?resize=600%2C600&amp;ssl=1 600w, https:\/\/i0.wp.com\/pumagolf.dscgolf.com\/wp-content\/uploads\/2022\/08\/5da0a5717ead856d57d5220fcb8383761f842708_750x.webp?resize=100%2C100&amp;ssl=1 100w\" sizes=\"(max-width: 300px) 100vw, 300px\" \/><h2 class=\"woocommerce-loop-product__title\">GI\u00c0Y IGNITE ARTICULATE DISC<\/h2><div class=\"star-rating\"><span style=\"width:0%\">Rated <strong class=\"rating\">0<\/strong> out of 5<\/span><\/div>\n<\/a><a href=\"https:\/\/pumagolf.dscgolf.com\/index.php\/product\/ignite-articulate-disc\/\" aria-describedby=\"woocommerce_loop_add_to_cart_link_describedby_4304\" data-quantity=\"1\" class=\"button product_type_variable add_to_cart_button\" data-product_id=\"4304\" data-product_sku=\"\" aria-label=\"Select options for &ldquo;GI\u00c0Y IGNITE ARTICULATE DISC&rdquo;\" rel=\"nofollow\">Select options<\/a>\t<span id=\"woocommerce_loop_add_to_cart_link_describedby_4304\" class=\"screen-reader-text\">\n\t\tThis product has multiple variants. The options may be chosen on the product page\t<\/span>\n<\/li>\n<\/ul>\n<\/div>\n<\/div>\n\t\t\t\t\t\t<\/div>\n\t\t\t\t<\/div>\n\t\t\t\t\t<\/div>\n\t\t<\/div>\n\t\t\t\t\t<\/div>\n\t\t<\/section>\n\t\t\t\t<\/div>\n\t\t","protected":false},"excerpt":{"rendered":"<p>Gi\u00e0y Nam Kh\u00f3a DISC<\/p>\n","protected":false},"author":1,"featured_media":0,"parent":0,"menu_order":0,"comment_status":"closed","ping_status":"closed","template":"","meta":{"_uag_custom_page_level_css":"","site-sidebar-layout":"no-sidebar","site-content-layout":"page-builder","ast-global-header-display":"","ast-main-header-display":"","ast-hfb-above-header-display":"","ast-hfb-below-header-display":"","ast-hfb-mobile-header-display":"","site-post-title":"disabled","ast-breadcrumbs-content":"","ast-featured-img":"disabled","footer-sml-layout":"","theme-transparent-header-meta":"","adv-header-id-meta":"","stick-header-meta":"","header-above-stick-meta":"","header-main-stick-meta":"","header-below-stick-meta":"","footnotes":""},"class_list":["post-7037","page","type-page","status-publish","hentry"],"uagb_featured_image_src":{"full":false,"thumbnail":false,"medium":false,"medium_large":false,"large":false,"1536x1536":false,"2048x2048":false,"woocommerce_thumbnail":false,"woocommerce_single":false,"woocommerce_gallery_thumbnail":false},"uagb_author_info":{"display_name":"pumagolfvn","author_link":"https:\/\/pumagolf.dscgolf.com\/index.php\/author\/pumagolfvn\/"},"uagb_comment_info":0,"uagb_excerpt":"Gi\u00e0y Nam Kh\u00f3a DISC","_links":{"self":[{"href":"https:\/\/pumagolf.dscgolf.com\/index.php\/wp-json\/wp\/v2\/pages\/7037","targetHints":{"allow":["GET"]}}],"collection":[{"href":"https:\/\/pumagolf.dscgolf.com\/index.php\/wp-json\/wp\/v2\/pages"}],"about":[{"href":"https:\/\/pumagolf.dscgolf.com\/index.php\/wp-json\/wp\/v2\/types\/page"}],"author":[{"embeddable":true,"href":"https:\/\/pumagolf.dscgolf.com\/index.php\/wp-json\/wp\/v2\/users\/1"}],"replies":[{"embeddable":true,"href":"https:\/\/pumagolf.dscgolf.com\/index.php\/wp-json\/wp\/v2\/comments?post=7037"}],"version-history":[{"count":15,"href":"https:\/\/pumagolf.dscgolf.com\/index.php\/wp-json\/wp\/v2\/pages\/7037\/revisions"}],"predecessor-version":[{"id":14668,"href":"https:\/\/pumagolf.dscgolf.com\/index.php\/wp-json\/wp\/v2\/pages\/7037\/revisions\/14668"}],"wp:attachment":[{"href":"https:\/\/pumagolf.dscgolf.com\/index.php\/wp-json\/wp\/v2\/media?parent=7037"}],"curies":[{"name":"wp","href":"https:\/\/api.w.org\/{rel}","templated":true}]}}